
{"id":3819,"date":"2017-09-06T12:48:37","date_gmt":"2017-09-06T10:48:37","guid":{"rendered":"http:\/\/ld-wp.template-help.com\/woocommerce_prod-11134_v1\/?page_id=3819"},"modified":"2021-02-01T12:34:22","modified_gmt":"2021-02-01T11:34:22","slug":"about","status":"publish","type":"page","link":"https:\/\/www.comercialanma.es\/?page_id=3819","title":{"rendered":"Aviso Legal"},"content":{"rendered":"\t\t<div data-elementor-type=\"wp-post\" data-elementor-id=\"3819\" class=\"elementor elementor-3819\" data-elementor-settings=\"[]\">\n\t\t\t\t\t\t<div class=\"elementor-inner\">\n\t\t\t\t\t\t\t<div class=\"elementor-section-wrap\">\n\t\t\t\t\t\t\t<section class=\"elementor-section elementor-top-section elementor-element elementor-element-7a73fe9 elementor-section-boxed elementor-section-height-default elementor-section-height-default\" data-id=\"7a73fe9\" data-element_type=\"section\">\n\t\t\t\t\t\t<div class=\"elementor-container elementor-column-gap-default\">\n\t\t\t\t\t\t\t<div class=\"elementor-row\">\n\t\t\t\t\t<div class=\"elementor-column elementor-col-100 elementor-top-column elementor-element elementor-element-2a1f9e5\" data-id=\"2a1f9e5\" data-element_type=\"column\">\n\t\t\t<div class=\"elementor-column-wrap elementor-element-populated\">\n\t\t\t\t\t\t\t<div class=\"elementor-widget-wrap\">\n\t\t\t\t\t\t<div class=\"elementor-element elementor-element-6e46544 elementor-widget elementor-widget-heading\" data-id=\"6e46544\" data-element_type=\"widget\" data-widget_type=\"heading.default\">\n\t\t\t\t<div class=\"elementor-widget-container\">\n\t\t\t<h3 class=\"elementor-heading-title elementor-size-default\">Apartado Legal<\/h3>\t\t<\/div>\n\t\t\t\t<\/div>\n\t\t\t\t<div class=\"elementor-element elementor-element-00d5718 elementor-widget elementor-widget-image\" data-id=\"00d5718\" data-element_type=\"widget\" data-widget_type=\"image.default\">\n\t\t\t\t<div class=\"elementor-widget-container\">\n\t\t\t\t\t<div class=\"elementor-image\">\n\t\t\t\t\t\t\t\t\t\t<img width=\"268\" height=\"8\" src=\"https:\/\/i1.wp.com\/www.comercialanma.es\/wp-content\/uploads\/2017\/09\/title-lines.png?fit=268%2C8&amp;ssl=1\" class=\"attachment-large size-large\" alt=\"\" loading=\"lazy\" srcset=\"https:\/\/i1.wp.com\/www.comercialanma.es\/wp-content\/uploads\/2017\/09\/title-lines.png?w=268&amp;ssl=1 268w, https:\/\/i1.wp.com\/www.comercialanma.es\/wp-content\/uploads\/2017\/09\/title-lines.png?resize=260%2C8&amp;ssl=1 260w\" sizes=\"(max-width: 268px) 100vw, 268px\" \/>\t\t\t\t\t\t\t\t\t\t\t<\/div>\n\t\t\t\t<\/div>\n\t\t\t\t<\/div>\n\t\t\t\t\t\t<\/div>\n\t\t\t\t\t<\/div>\n\t\t<\/div>\n\t\t\t\t\t\t\t\t<\/div>\n\t\t\t\t\t<\/div>\n\t\t<\/section>\n\t\t\t\t<section class=\"elementor-section elementor-top-section elementor-element elementor-element-qocouvq elementor-section-boxed elementor-section-height-default elementor-section-height-default\" data-id=\"qocouvq\" data-element_type=\"section\" data-settings=\"{&quot;background_background&quot;:&quot;classic&quot;}\">\n\t\t\t\t\t\t<div class=\"elementor-container elementor-column-gap-default\">\n\t\t\t\t\t\t\t<div class=\"elementor-row\">\n\t\t\t\t\t<div class=\"elementor-column elementor-col-33 elementor-top-column elementor-element elementor-element-bqzlsel\" data-id=\"bqzlsel\" data-element_type=\"column\">\n\t\t\t<div class=\"elementor-column-wrap elementor-element-populated\">\n\t\t\t\t\t\t\t<div class=\"elementor-widget-wrap\">\n\t\t\t\t\t\t<div class=\"elementor-element elementor-element-gubddvy elementor-position-top elementor-vertical-align-top elementor-widget elementor-widget-image-box\" data-id=\"gubddvy\" data-element_type=\"widget\" data-widget_type=\"image-box.default\">\n\t\t\t\t<div class=\"elementor-widget-container\">\n\t\t\t<div class=\"elementor-image-box-wrapper\"><figure class=\"elementor-image-box-img\"><a href=\"https:\/\/www.comercialanma.es\/?page_id=3819\"><img width=\"64\" height=\"64\" src=\"https:\/\/i1.wp.com\/www.comercialanma.es\/wp-content\/uploads\/2021\/02\/apartado-legal.png?fit=64%2C64&amp;ssl=1\" class=\"elementor-animation-wobble-horizontal attachment-full size-full\" alt=\"\" loading=\"lazy\" \/><\/a><\/figure><div class=\"elementor-image-box-content\"><h3 class=\"elementor-image-box-title\"><a href=\"https:\/\/www.comercialanma.es\/?page_id=3819\">Aviso Legal<\/a><\/h3><p class=\"elementor-image-box-description\">\n<\/p><\/div><\/div>\t\t<\/div>\n\t\t\t\t<\/div>\n\t\t\t\t\t\t<\/div>\n\t\t\t\t\t<\/div>\n\t\t<\/div>\n\t\t\t\t<div class=\"elementor-column elementor-col-33 elementor-top-column elementor-element elementor-element-ipypzwl\" data-id=\"ipypzwl\" data-element_type=\"column\">\n\t\t\t<div class=\"elementor-column-wrap elementor-element-populated\">\n\t\t\t\t\t\t\t<div class=\"elementor-widget-wrap\">\n\t\t\t\t\t\t<div class=\"elementor-element elementor-element-cbwbdkj elementor-position-top elementor-vertical-align-top elementor-widget elementor-widget-image-box\" data-id=\"cbwbdkj\" data-element_type=\"widget\" data-widget_type=\"image-box.default\">\n\t\t\t\t<div class=\"elementor-widget-container\">\n\t\t\t<div class=\"elementor-image-box-wrapper\"><figure class=\"elementor-image-box-img\"><a href=\"https:\/\/www.comercialanma.es\/?page_id=15060\"><img width=\"64\" height=\"64\" src=\"https:\/\/i1.wp.com\/www.comercialanma.es\/wp-content\/uploads\/2021\/02\/legal.png?fit=64%2C64&amp;ssl=1\" class=\"elementor-animation-wobble-vertical attachment-full size-full\" alt=\"\" loading=\"lazy\" \/><\/a><\/figure><div class=\"elementor-image-box-content\"><h3 class=\"elementor-image-box-title\"><a href=\"https:\/\/www.comercialanma.es\/?page_id=15060\">Pol\u00edtica de Privacidad<\/a><\/h3><\/div><\/div>\t\t<\/div>\n\t\t\t\t<\/div>\n\t\t\t\t\t\t<\/div>\n\t\t\t\t\t<\/div>\n\t\t<\/div>\n\t\t\t\t<div class=\"elementor-column elementor-col-33 elementor-top-column elementor-element elementor-element-zvdzqcm\" data-id=\"zvdzqcm\" data-element_type=\"column\">\n\t\t\t<div class=\"elementor-column-wrap elementor-element-populated\">\n\t\t\t\t\t\t\t<div class=\"elementor-widget-wrap\">\n\t\t\t\t\t\t<div class=\"elementor-element elementor-element-zuatsew elementor-position-top elementor-vertical-align-top elementor-widget elementor-widget-image-box\" data-id=\"zuatsew\" data-element_type=\"widget\" data-widget_type=\"image-box.default\">\n\t\t\t\t<div class=\"elementor-widget-container\">\n\t\t\t<div class=\"elementor-image-box-wrapper\"><figure class=\"elementor-image-box-img\"><a href=\"https:\/\/www.comercialanma.es\/?page_id=15068\"><img width=\"64\" height=\"64\" src=\"https:\/\/i1.wp.com\/www.comercialanma.es\/wp-content\/uploads\/2021\/02\/cookies.png?fit=64%2C64&amp;ssl=1\" class=\"elementor-animation-pulse attachment-full size-full\" alt=\"\" loading=\"lazy\" \/><\/a><\/figure><div class=\"elementor-image-box-content\"><h3 class=\"elementor-image-box-title\"><a href=\"https:\/\/www.comercialanma.es\/?page_id=15068\">Pol\u00edtica de Cookies<\/a><\/h3><\/div><\/div>\t\t<\/div>\n\t\t\t\t<\/div>\n\t\t\t\t\t\t<\/div>\n\t\t\t\t\t<\/div>\n\t\t<\/div>\n\t\t\t\t\t\t\t\t<\/div>\n\t\t\t\t\t<\/div>\n\t\t<\/section>\n\t\t\t\t<section class=\"elementor-section elementor-top-section elementor-element elementor-element-ssmmqte elementor-section-boxed elementor-section-height-default elementor-section-height-default\" data-id=\"ssmmqte\" data-element_type=\"section\">\n\t\t\t\t\t\t<div class=\"elementor-container elementor-column-gap-default\">\n\t\t\t\t\t\t\t<div class=\"elementor-row\">\n\t\t\t\t\t<div class=\"elementor-column elementor-col-100 elementor-top-column elementor-element elementor-element-nvhtuvu\" data-id=\"nvhtuvu\" data-element_type=\"column\">\n\t\t\t<div class=\"elementor-column-wrap elementor-element-populated\">\n\t\t\t\t\t\t\t<div class=\"elementor-widget-wrap\">\n\t\t\t\t\t\t<div class=\"elementor-element elementor-element-uvuzrkx elementor-widget elementor-widget-heading\" data-id=\"uvuzrkx\" data-element_type=\"widget\" data-widget_type=\"heading.default\">\n\t\t\t\t<div class=\"elementor-widget-container\">\n\t\t\t<h3 class=\"elementor-heading-title elementor-size-default\">Aviso Legal <\/h3>\t\t<\/div>\n\t\t\t\t<\/div>\n\t\t\t\t<div class=\"elementor-element elementor-element-m7hr3ax elementor-widget elementor-widget-image\" data-id=\"m7hr3ax\" data-element_type=\"widget\" data-widget_type=\"image.default\">\n\t\t\t\t<div class=\"elementor-widget-container\">\n\t\t\t\t\t<div class=\"elementor-image\">\n\t\t\t\t\t\t\t\t\t\t<img width=\"268\" height=\"8\" src=\"https:\/\/i1.wp.com\/www.comercialanma.es\/wp-content\/uploads\/2017\/09\/title-lines.png?fit=268%2C8&amp;ssl=1\" class=\"attachment-large size-large\" alt=\"\" loading=\"lazy\" srcset=\"https:\/\/i1.wp.com\/www.comercialanma.es\/wp-content\/uploads\/2017\/09\/title-lines.png?w=268&amp;ssl=1 268w, https:\/\/i1.wp.com\/www.comercialanma.es\/wp-content\/uploads\/2017\/09\/title-lines.png?resize=260%2C8&amp;ssl=1 260w\" sizes=\"(max-width: 268px) 100vw, 268px\" \/>\t\t\t\t\t\t\t\t\t\t\t<\/div>\n\t\t\t\t<\/div>\n\t\t\t\t<\/div>\n\t\t\t\t<div class=\"elementor-element elementor-element-qfavjah elementor-widget elementor-widget-spacer\" data-id=\"qfavjah\" data-element_type=\"widget\" data-widget_type=\"spacer.default\">\n\t\t\t\t<div class=\"elementor-widget-container\">\n\t\t\t\t\t<div class=\"elementor-spacer\">\n\t\t\t<div class=\"elementor-spacer-inner\"><\/div>\n\t\t<\/div>\n\t\t\t\t<\/div>\n\t\t\t\t<\/div>\n\t\t\t\t<div class=\"elementor-element elementor-element-mruadff elementor-widget elementor-widget-text-editor\" data-id=\"mruadff\" data-element_type=\"widget\" data-widget_type=\"text-editor.default\">\n\t\t\t\t<div class=\"elementor-widget-container\">\n\t\t\t\t\t<div class=\"elementor-text-editor elementor-clearfix\"><ol><li><strong><u>INFORMACI\u00d3N CORPORATIVA<\/u><\/strong><\/li><\/ol><p>En cumplimiento de la Ley 34\/2002, de 11 de julio, de servicios de la sociedad de la informaci\u00f3n y de comercio electr\u00f3nico, <strong>COMERCIAL DE HOSTELERIA ANMA S.A.<\/strong> le informa que es titular de los sitios web: <strong>www.comercialanma.es, <\/strong>de acuerdo con la exigencia del art\u00edculo 10 de la mencionada Ley, y notifica los siguientes datos: con NIF\/CIF: <strong>A08922825. <\/strong>Registro Mercantil de <strong>BARCELONA. <\/strong>Tomo: <strong>25138<\/strong>. Folio: <strong>187, S8,<\/strong> Hoja: <strong>B-11659<\/strong>, y domicilio social: <strong>C\/ THOMAS EDISON, 8,<\/strong> C\u00f3digo Postal: <strong>08430<\/strong>. Localidad: <strong>LA ROCA DEL VALL\u00c8S<\/strong>. Provincia: <strong>BARCELONA<\/strong>. La direcci\u00f3n de correo electr\u00f3nico de contacto con la empresa es: <u>anma@comercialanma.es<\/u> \u00a0<\/p><ol start=\"2\"><li><strong><u>USUARIO Y R\u00c9GIMEN DE RESPONSABILIDADES<\/u><\/strong><\/li><\/ol><p>\u00a0<\/p><p>La navegaci\u00f3n por acceso o uso de la p\u00e1gina web\u00a0 y todos los subdominios y directorios incluidos bajo la misma, as\u00ed como los servicios o contenidos que a trav\u00e9s de \u00e9l se puedan obtener y todos los portales de dominio propio bajo titularidad de <strong>COMERCIAL DE HOSTELERIA ANMA S.A.<\/strong>, otorga la Condici\u00f3n de <strong>Usuario<\/strong>, por la que se aceptan, al navegar por la p\u00e1gina <strong>COMERCIAL DE HOSTELERIA ANMA S.A.<\/strong>, todas las condiciones de uso que se establecen aqu\u00ed sin perjudicar la aplicaci\u00f3n de la correspondiente normativa de obligado cumplimiento legal seg\u00fan el caso.<\/p><p>\u00a0<\/p><p>Por eso, si las consideraciones detalladas en este aviso legal no son de su conformidad, rogamos no haga uso del portal, ya que cualquier uso que haga del mismo o los servicios y contenidos en \u00e9l incluidos implicar\u00e1 la aceptaci\u00f3n de los t\u00e9rminos legales recogidos en este texto.<\/p><p>La p\u00e1gina web de <strong>COMERCIAL DE HOSTELERIA ANMA S.A.<\/strong> proporciona gran diversidad de informaci\u00f3n, servicios y datos. El usuario asume su responsabilidad en el uso correcto de los sitios web. Esta responsabilidad se extender\u00e1 a: La veracidad y licitud de las informaciones aportadas por el usuario en los formularios emitidos por <strong>COMERCIAL DE HOSTELERIA ANMA S.A.<\/strong> para acceder a determinados contenidos o servicios ofrecidos por la web.<\/p><p>El uso de la informaci\u00f3n, servicios y datos ofrecidos por <strong>COMERCIAL DE HOSTELERIA ANMA S.A.<\/strong> no ir\u00e1n contra las disposiciones de estas condiciones, la Ley, la moral, las buenas costumbres o el orden p\u00fablico o que, en otro caso, puedan suponer lesi\u00f3n de los derechos de terceros o del funcionamiento de los sitios web. A tal efecto, el Usuario se abstendr\u00e1 de utilizar cualquiera de los contenidos con fines o efectos il\u00edcitos, prohibidos en este texto, lesivos de los derechos e intereses de terceros, o que de cualquier forma puedan da\u00f1ar, inutilizar, sobrecargar, deteriorar o impedir la normal utilizaci\u00f3n de los contenidos, otros Usuarios o de cualquier usuario de Internet (hardware y software).<\/p><p>Los usuarios responder\u00e1n de los da\u00f1os y perjuicios de toda naturaleza que la empresa propietaria de la web pueda sufrir, directa o indirectamente, como consecuencia de incumplimiento de cualquiera de las obligaciones derivadas del uso de la Web y de esta pol\u00edtica de privacidad.<\/p><p>En particular, ya t\u00edtulo meramente indicativo y no exhaustivo, el Usuario se compromete a no transmitir, difundir o poner a disposici\u00f3n de terceros informaciones, datos, contenidos, mensajes, gr\u00e1ficos, dibujos, archivos de sonido y\/o imagen, fotograf\u00edas de la web.<\/p><\/div>\n\t\t\t\t<\/div>\n\t\t\t\t<\/div>\n\t\t\t\t\t\t<\/div>\n\t\t\t\t\t<\/div>\n\t\t<\/div>\n\t\t\t\t\t\t\t\t<\/div>\n\t\t\t\t\t<\/div>\n\t\t<\/section>\n\t\t\t\t\t\t<\/div>\n\t\t\t\t\t\t<\/div>\n\t\t\t\t\t<\/div>\n\t\t","protected":false},"excerpt":{"rendered":"<p>Apartado Legal Aviso Legal Pol\u00edtica de Privacidad Pol\u00edtica de Cookies Aviso Legal INFORMACI\u00d3N CORPORATIVA En cumplimiento de la Ley 34\/2002, de 11 de julio, de servicios de la sociedad de la informaci\u00f3n y de comercio electr\u00f3nico, COMERCIAL DE HOSTELERIA ANMA S.A. le informa que es titular de los sitios web: www.comercialanma.es, de acuerdo con la &hellip;<\/p>\n","protected":false},"author":1,"featured_media":0,"parent":0,"menu_order":0,"comment_status":"closed","ping_status":"closed","template":"","meta":{"spay_email":""},"yoast_head":"<!-- This site is optimized with the Yoast SEO plugin v15.9 - https:\/\/yoast.com\/wordpress\/plugins\/seo\/ -->\n<title>Aviso Legal - Comercial de Hosteleria Anma<\/title>\n<meta name=\"robots\" content=\"index, follow, max-snippet:-1, max-image-preview:large, max-video-preview:-1\" \/>\n<link rel=\"canonical\" href=\"https:\/\/www.comercialanma.es\/?page_id=3819\" \/>\n<meta property=\"og:locale\" content=\"es_ES\" \/>\n<meta property=\"og:type\" content=\"article\" \/>\n<meta property=\"og:title\" content=\"Aviso Legal - Comercial de Hosteleria Anma\" \/>\n<meta property=\"og:description\" content=\"Apartado Legal Aviso Legal Pol\u00edtica de Privacidad Pol\u00edtica de Cookies Aviso Legal INFORMACI\u00d3N CORPORATIVA En cumplimiento de la Ley 34\/2002, de 11 de julio, de servicios de la sociedad de la informaci\u00f3n y de comercio electr\u00f3nico, COMERCIAL DE HOSTELERIA ANMA S.A. le informa que es titular de los sitios web: www.comercialanma.es, de acuerdo con la &hellip;\" \/>\n<meta property=\"og:url\" content=\"https:\/\/www.comercialanma.es\/?page_id=3819\" \/>\n<meta property=\"og:site_name\" content=\"Comercial de Hosteleria Anma\" \/>\n<meta property=\"article:publisher\" content=\"https:\/\/www.facebook.com\/AnmaHosteleria\" \/>\n<meta property=\"article:modified_time\" content=\"2021-02-01T11:34:22+00:00\" \/>\n<meta property=\"og:image\" content=\"https:\/\/www.comercialanma.es\/wp-content\/uploads\/2017\/09\/title-lines.png\" \/>\n<meta name=\"twitter:card\" content=\"summary_large_image\" \/>\n<meta name=\"twitter:label1\" content=\"Tiempo de lectura\">\n\t<meta name=\"twitter:data1\" content=\"3 minutos\">\n<script type=\"application\/ld+json\" class=\"yoast-schema-graph\">{\"@context\":\"https:\/\/schema.org\",\"@graph\":[{\"@type\":\"Organization\",\"@id\":\"https:\/\/www.comercialanma.es\/#organization\",\"name\":\"Comercial Anma\",\"url\":\"https:\/\/www.comercialanma.es\/\",\"sameAs\":[\"https:\/\/www.facebook.com\/AnmaHosteleria\",\"https:\/\/www.instagram.com\/anmahosteleria\/?hl=es\",\"https:\/\/www.youtube.com\/channel\/UCT2nmn08Ntks0hmpZPnDgCA\"],\"logo\":{\"@type\":\"ImageObject\",\"@id\":\"https:\/\/www.comercialanma.es\/#logo\",\"inLanguage\":\"es\",\"url\":\"https:\/\/i2.wp.com\/www.comercialanma.es\/wp-content\/uploads\/2019\/06\/logo-anma-color.png?fit=247%2C101&ssl=1\",\"width\":247,\"height\":101,\"caption\":\"Comercial Anma\"},\"image\":{\"@id\":\"https:\/\/www.comercialanma.es\/#logo\"}},{\"@type\":\"WebSite\",\"@id\":\"https:\/\/www.comercialanma.es\/#website\",\"url\":\"https:\/\/www.comercialanma.es\/\",\"name\":\"Comercial de Hosteleria Anma\",\"description\":\"\",\"publisher\":{\"@id\":\"https:\/\/www.comercialanma.es\/#organization\"},\"potentialAction\":[{\"@type\":\"SearchAction\",\"target\":\"https:\/\/www.comercialanma.es\/?s={search_term_string}\",\"query-input\":\"required name=search_term_string\"}],\"inLanguage\":\"es\"},{\"@type\":\"ImageObject\",\"@id\":\"https:\/\/www.comercialanma.es\/?page_id=3819#primaryimage\",\"inLanguage\":\"es\",\"url\":\"https:\/\/i1.wp.com\/www.comercialanma.es\/wp-content\/uploads\/2017\/09\/title-lines.png?fit=268%2C8&ssl=1\",\"width\":268,\"height\":8},{\"@type\":\"WebPage\",\"@id\":\"https:\/\/www.comercialanma.es\/?page_id=3819#webpage\",\"url\":\"https:\/\/www.comercialanma.es\/?page_id=3819\",\"name\":\"Aviso Legal - Comercial de Hosteleria Anma\",\"isPartOf\":{\"@id\":\"https:\/\/www.comercialanma.es\/#website\"},\"primaryImageOfPage\":{\"@id\":\"https:\/\/www.comercialanma.es\/?page_id=3819#primaryimage\"},\"datePublished\":\"2017-09-06T10:48:37+00:00\",\"dateModified\":\"2021-02-01T11:34:22+00:00\",\"breadcrumb\":{\"@id\":\"https:\/\/www.comercialanma.es\/?page_id=3819#breadcrumb\"},\"inLanguage\":\"es\",\"potentialAction\":[{\"@type\":\"ReadAction\",\"target\":[\"https:\/\/www.comercialanma.es\/?page_id=3819\"]}]},{\"@type\":\"BreadcrumbList\",\"@id\":\"https:\/\/www.comercialanma.es\/?page_id=3819#breadcrumb\",\"itemListElement\":[{\"@type\":\"ListItem\",\"position\":1,\"item\":{\"@type\":\"WebPage\",\"@id\":\"https:\/\/www.comercialanma.es\/\",\"url\":\"https:\/\/www.comercialanma.es\/\",\"name\":\"Portada\"}},{\"@type\":\"ListItem\",\"position\":2,\"item\":{\"@type\":\"WebPage\",\"@id\":\"https:\/\/www.comercialanma.es\/?page_id=3819\",\"url\":\"https:\/\/www.comercialanma.es\/?page_id=3819\",\"name\":\"Aviso Legal\"}}]}]}<\/script>\n<!-- \/ Yoast SEO plugin. -->","_links":{"self":[{"href":"https:\/\/www.comercialanma.es\/index.php?rest_route=\/wp\/v2\/pages\/3819"}],"collection":[{"href":"https:\/\/www.comercialanma.es\/index.php?rest_route=\/wp\/v2\/pages"}],"about":[{"href":"https:\/\/www.comercialanma.es\/index.php?rest_route=\/wp\/v2\/types\/page"}],"author":[{"embeddable":true,"href":"https:\/\/www.comercialanma.es\/index.php?rest_route=\/wp\/v2\/users\/1"}],"replies":[{"embeddable":true,"href":"https:\/\/www.comercialanma.es\/index.php?rest_route=%2Fwp%2Fv2%2Fcomments&post=3819"}],"version-history":[{"count":17,"href":"https:\/\/www.comercialanma.es\/index.php?rest_route=\/wp\/v2\/pages\/3819\/revisions"}],"predecessor-version":[{"id":15074,"href":"https:\/\/www.comercialanma.es\/index.php?rest_route=\/wp\/v2\/pages\/3819\/revisions\/15074"}],"wp:attachment":[{"href":"https:\/\/www.comercialanma.es\/index.php?rest_route=%2Fwp%2Fv2%2Fmedia&parent=3819"}],"curies":[{"name":"wp","href":"https:\/\/api.w.org\/{rel}","templated":true}]}}