
{"id":10012,"date":"2019-08-28T09:08:42","date_gmt":"2019-08-28T07:08:42","guid":{"rendered":"http:\/\/www.comercialanma.es\/?post_type=product&#038;p=10012"},"modified":"2019-08-28T09:28:36","modified_gmt":"2019-08-28T07:28:36","slug":"cava-gran-claustro-brut-nature-75cl","status":"publish","type":"product","link":"https:\/\/www.comercialanma.es\/?product=cava-gran-claustro-brut-nature-75cl","title":{"rendered":"Cava Gran Claustro Brut Nature 75cl."},"content":{"rendered":"<h3>D.O.:<\/h3>\n<ul>\n<li>Cava<\/li>\n<\/ul>\n<h3>Variedad:<\/h3>\n<ul>\n<li>Chardonnay, Xarel\u00b7lo, Pinot Noir.<\/li>\n<\/ul>\n<h3>Nota de cata:<\/h3>\n<div id=\"tabs_content_container\">\n<div id=\"tab_cata_2010\" class=\"tab_content catas_review_container\">\n<div id=\"tab_cata_2011\" class=\"tab_content catas_review_container\">\n<ul>\n<li class=\"sp catas_review col-xs-12 nopadding\"><span class=\"cata_title\">Cata a la vista<\/span> <span class=\"cata_content\">P\u00e1lido color amarillo con tonalidades verdosas. Limpio y brillante, presenta finas burbujas.<\/span><\/li>\n<li class=\"sp catas_review col-xs-12 nopadding\"><span class=\"cata_title\">Cata en nariz<\/span> <span class=\"cata_content\">Abundante fruta madura y matices de la crianza.<\/span><\/li>\n<li class=\"sp catas_review col-xs-12 nopadding\"><span class=\"cata_title\">Cata en boca<\/span> <span class=\"cata_content\">Seco y afrutado, se muestra suave y equilibrado. Largo y amplio.<\/span><\/li>\n<li class=\"sp catas_review col-xs-12 nopadding\">Graduaci\u00f3n: 12% vol.<\/li>\n<\/ul>\n<\/div>\n<\/div>\n<\/div>\n","protected":false},"excerpt":{"rendered":"<p>Gran Claustro Brut Nature Reserva es un cava de Castillo de Perelada.<\/p>\n<div>\n<div>En 1959, con motivo de la visita a Espa\u00f1a de D. Eisenhower, presidente de los Estados Unidos, Castillo de Perelada recibi\u00f3 el encargo de seleccionar un cava para la cena de recepci\u00f3n.<\/div>\n<\/div>\n<div>Eligieron una peque\u00f1a reserva propia que result\u00f3 ser un rotundo \u00e9xito.<\/div>\n<div>De ese \u00e9xito naci\u00f3 Gran Claustro.<\/div>\n<div><\/div>\n","protected":false},"featured_media":10013,"template":"","meta":{"spay_email":""},"yoast_head":"<!-- This site is optimized with the Yoast SEO plugin v15.9 - https:\/\/yoast.com\/wordpress\/plugins\/seo\/ -->\n<title>Cava Gran Claustro Brut Nature 75cl. - Comercial de Hosteleria Anma<\/title>\n<meta name=\"robots\" content=\"index, follow, max-snippet:-1, max-image-preview:large, max-video-preview:-1\" \/>\n<link rel=\"canonical\" href=\"https:\/\/www.comercialanma.es\/?product=cava-gran-claustro-brut-nature-75cl\" \/>\n<meta property=\"og:locale\" content=\"es_ES\" \/>\n<meta property=\"og:type\" content=\"article\" \/>\n<meta property=\"og:title\" content=\"Cava Gran Claustro Brut Nature 75cl. - Comercial de Hosteleria Anma\" \/>\n<meta property=\"og:description\" content=\"Gran Claustro Brut Nature Reserva es un cava de Castillo de Perelada.  En 1959, con motivo de la visita a Espa\u00f1a de D. Eisenhower, presidente de los Estados Unidos, Castillo de Perelada recibi\u00f3 el encargo de seleccionar un cava para la cena de recepci\u00f3n.  Eligieron una peque\u00f1a reserva propia que result\u00f3 ser un rotundo \u00e9xito. De ese \u00e9xito naci\u00f3 Gran Claustro.\" \/>\n<meta property=\"og:url\" content=\"https:\/\/www.comercialanma.es\/?product=cava-gran-claustro-brut-nature-75cl\" \/>\n<meta property=\"og:site_name\" content=\"Comercial de Hosteleria Anma\" \/>\n<meta property=\"article:publisher\" content=\"https:\/\/www.facebook.com\/AnmaHosteleria\" \/>\n<meta property=\"article:modified_time\" content=\"2019-08-28T07:28:36+00:00\" \/>\n<meta property=\"og:image\" content=\"https:\/\/i0.wp.com\/www.comercialanma.es\/wp-content\/uploads\/2019\/08\/Gran-Claustro-Brut-Nature.jpg?fit=1200%2C1200&#038;ssl=1\" \/>\n\t<meta property=\"og:image:width\" content=\"1200\" \/>\n\t<meta property=\"og:image:height\" content=\"1200\" \/>\n<meta name=\"twitter:card\" content=\"summary_large_image\" \/>\n<script type=\"application\/ld+json\" class=\"yoast-schema-graph\">{\"@context\":\"https:\/\/schema.org\",\"@graph\":[{\"@type\":\"Organization\",\"@id\":\"https:\/\/www.comercialanma.es\/#organization\",\"name\":\"Comercial Anma\",\"url\":\"https:\/\/www.comercialanma.es\/\",\"sameAs\":[\"https:\/\/www.facebook.com\/AnmaHosteleria\",\"https:\/\/www.instagram.com\/anmahosteleria\/?hl=es\",\"https:\/\/www.youtube.com\/channel\/UCT2nmn08Ntks0hmpZPnDgCA\"],\"logo\":{\"@type\":\"ImageObject\",\"@id\":\"https:\/\/www.comercialanma.es\/#logo\",\"inLanguage\":\"es\",\"url\":\"https:\/\/i2.wp.com\/www.comercialanma.es\/wp-content\/uploads\/2019\/06\/logo-anma-color.png?fit=247%2C101&ssl=1\",\"width\":247,\"height\":101,\"caption\":\"Comercial Anma\"},\"image\":{\"@id\":\"https:\/\/www.comercialanma.es\/#logo\"}},{\"@type\":\"WebSite\",\"@id\":\"https:\/\/www.comercialanma.es\/#website\",\"url\":\"https:\/\/www.comercialanma.es\/\",\"name\":\"Comercial de Hosteleria Anma\",\"description\":\"\",\"publisher\":{\"@id\":\"https:\/\/www.comercialanma.es\/#organization\"},\"potentialAction\":[{\"@type\":\"SearchAction\",\"target\":\"https:\/\/www.comercialanma.es\/?s={search_term_string}\",\"query-input\":\"required name=search_term_string\"}],\"inLanguage\":\"es\"},{\"@type\":\"ImageObject\",\"@id\":\"https:\/\/www.comercialanma.es\/?product=cava-gran-claustro-brut-nature-75cl#primaryimage\",\"inLanguage\":\"es\",\"url\":\"https:\/\/i0.wp.com\/www.comercialanma.es\/wp-content\/uploads\/2019\/08\/Gran-Claustro-Brut-Nature.jpg?fit=1200%2C1200&ssl=1\",\"width\":1200,\"height\":1200},{\"@type\":\"WebPage\",\"@id\":\"https:\/\/www.comercialanma.es\/?product=cava-gran-claustro-brut-nature-75cl#webpage\",\"url\":\"https:\/\/www.comercialanma.es\/?product=cava-gran-claustro-brut-nature-75cl\",\"name\":\"Cava Gran Claustro Brut Nature 75cl. - Comercial de Hosteleria Anma\",\"isPartOf\":{\"@id\":\"https:\/\/www.comercialanma.es\/#website\"},\"primaryImageOfPage\":{\"@id\":\"https:\/\/www.comercialanma.es\/?product=cava-gran-claustro-brut-nature-75cl#primaryimage\"},\"datePublished\":\"2019-08-28T07:08:42+00:00\",\"dateModified\":\"2019-08-28T07:28:36+00:00\",\"breadcrumb\":{\"@id\":\"https:\/\/www.comercialanma.es\/?product=cava-gran-claustro-brut-nature-75cl#breadcrumb\"},\"inLanguage\":\"es\",\"potentialAction\":[{\"@type\":\"ReadAction\",\"target\":[\"https:\/\/www.comercialanma.es\/?product=cava-gran-claustro-brut-nature-75cl\"]}]},{\"@type\":\"BreadcrumbList\",\"@id\":\"https:\/\/www.comercialanma.es\/?product=cava-gran-claustro-brut-nature-75cl#breadcrumb\",\"itemListElement\":[{\"@type\":\"ListItem\",\"position\":1,\"item\":{\"@type\":\"WebPage\",\"@id\":\"https:\/\/www.comercialanma.es\/\",\"url\":\"https:\/\/www.comercialanma.es\/\",\"name\":\"Portada\"}},{\"@type\":\"ListItem\",\"position\":2,\"item\":{\"@type\":\"WebPage\",\"@id\":\"https:\/\/www.comercialanma.es\/?page_id=3963\",\"url\":\"https:\/\/www.comercialanma.es\/?page_id=3963\",\"name\":\"Cat\\u00e1logo de Productos\"}},{\"@type\":\"ListItem\",\"position\":3,\"item\":{\"@type\":\"WebPage\",\"@id\":\"https:\/\/www.comercialanma.es\/?product=cava-gran-claustro-brut-nature-75cl\",\"url\":\"https:\/\/www.comercialanma.es\/?product=cava-gran-claustro-brut-nature-75cl\",\"name\":\"Cava Gran Claustro Brut Nature 75cl.\"}}]}]}<\/script>\n<!-- \/ Yoast SEO plugin. -->","_links":{"self":[{"href":"https:\/\/www.comercialanma.es\/index.php?rest_route=\/wp\/v2\/product\/10012"}],"collection":[{"href":"https:\/\/www.comercialanma.es\/index.php?rest_route=\/wp\/v2\/product"}],"about":[{"href":"https:\/\/www.comercialanma.es\/index.php?rest_route=\/wp\/v2\/types\/product"}],"version-history":[{"count":2,"href":"https:\/\/www.comercialanma.es\/index.php?rest_route=\/wp\/v2\/product\/10012\/revisions"}],"predecessor-version":[{"id":10022,"href":"https:\/\/www.comercialanma.es\/index.php?rest_route=\/wp\/v2\/product\/10012\/revisions\/10022"}],"wp:featuredmedia":[{"embeddable":true,"href":"https:\/\/www.comercialanma.es\/index.php?rest_route=\/wp\/v2\/media\/10013"}],"wp:attachment":[{"href":"https:\/\/www.comercialanma.es\/index.php?rest_route=%2Fwp%2Fv2%2Fmedia&parent=10012"}],"curies":[{"name":"wp","href":"https:\/\/api.w.org\/{rel}","templated":true}]}}