
{"id":10032,"date":"2019-08-28T09:43:15","date_gmt":"2019-08-28T07:43:15","guid":{"rendered":"http:\/\/www.comercialanma.es\/?post_type=product&#038;p=10032"},"modified":"2024-08-08T12:42:08","modified_gmt":"2024-08-08T10:42:08","slug":"gramona-enoteca-brut-nature-estuche-75cl","status":"publish","type":"product","link":"https:\/\/www.comercialanma.es\/?product=gramona-enoteca-brut-nature-estuche-75cl","title":{"rendered":"Gramona Enoteca Brut Nature Estuche 75cl."},"content":{"rendered":"<h3>D.O.:<\/h3>\n<ul>\n<li>Corpinnat<\/li>\n<\/ul>\n<h3>Variedad:<\/h3>\n<ul>\n<li>Macabeo, Xarel\u00b7lo.<\/li>\n<\/ul>\n<h3>Nota de cata:<\/h3>\n<ul>\n<li><span class=\"cata_content\">En nariz destaca la fruta blanca escarchada, notas de miel y membrillo, ligeramente floral y con un toque c\u00edtrico. Los aromas de la larga crianza (15 a\u00f1os en rima) tambi\u00e9n son protagonistas, notas de boller\u00eda, frutos secos tostados, tofee y cacao. <\/span><\/li>\n<li><span class=\"cata_content\">En boca es majestuoso, con volumen y una burbuja muy fina. <\/span><\/li>\n<li><span class=\"cata_content\">Final seco, largo y sorprendentemente fresco.<\/span><\/li>\n<li>Graduaci\u00f3n: 12,5% vol.<\/li>\n<\/ul>\n","protected":false},"excerpt":{"rendered":"<p><span lang=\"es\"><span title=\"\">Gramona Enoteca Brut Nature\u00a0es un espumoso elaborado por Gramona en la localidad de Sant Sadurn\u00ed d&#8217;Anoia, amparado bajo Corpinnat.<\/span><\/span><\/p>\n<p>Se trata de un espumoso muy especial. Especial por el largo envejecimiento al que se le somete. Son 12 largos a\u00f1os los que pasa afin\u00e1ndose en reposo en el coraz\u00f3n de la bodega, convirti\u00e9ndose as\u00ed en el espumoso con mayor tiempo de crianza que podemos encontrar en el mercado.<\/p>\n<p>Gramona Enoteca Brut Nature\u00a0est\u00e1 elaborado con uvas de las variedades Xarel\u00b7lo y Macabeo procedentes de Finca La Plana, una peque\u00f1a finca de 5 hect\u00e1reas con suelos de arcilla y arena sobre roca calc\u00e1rea. La familia Gramona lleva 150 a\u00f1os trabajando esta finca, reconvertida ahora a la agricultura biodin\u00e1mica.<\/p>\n","protected":false},"featured_media":23917,"template":"","meta":{"spay_email":""},"yoast_head":"<!-- This site is optimized with the Yoast SEO plugin v15.9 - https:\/\/yoast.com\/wordpress\/plugins\/seo\/ -->\n<title>Gramona Enoteca Brut Nature Estuche 75cl. - Comercial de Hosteleria Anma<\/title>\n<meta name=\"robots\" content=\"index, follow, max-snippet:-1, max-image-preview:large, max-video-preview:-1\" \/>\n<link rel=\"canonical\" href=\"https:\/\/www.comercialanma.es\/?product=gramona-enoteca-brut-nature-estuche-75cl\" \/>\n<meta property=\"og:locale\" content=\"es_ES\" \/>\n<meta property=\"og:type\" content=\"article\" \/>\n<meta property=\"og:title\" content=\"Gramona Enoteca Brut Nature Estuche 75cl. - Comercial de Hosteleria Anma\" \/>\n<meta property=\"og:description\" content=\"Gramona Enoteca Brut Nature\u00a0es un espumoso elaborado por Gramona en la localidad de Sant Sadurn\u00ed d&#039;Anoia, amparado bajo Corpinnat.  Se trata de un espumoso muy especial. Especial por el largo envejecimiento al que se le somete. Son 12 largos a\u00f1os los que pasa afin\u00e1ndose en reposo en el coraz\u00f3n de la bodega, convirti\u00e9ndose as\u00ed en el espumoso con mayor tiempo de crianza que podemos encontrar en el mercado.  Gramona Enoteca Brut Nature\u00a0est\u00e1 elaborado con uvas de las variedades Xarel\u00b7lo y Macabeo procedentes de Finca La Plana, una peque\u00f1a finca de 5 hect\u00e1reas con suelos de arcilla y arena sobre roca calc\u00e1rea. La familia Gramona lleva 150 a\u00f1os trabajando esta finca, reconvertida ahora a la agricultura biodin\u00e1mica.\" \/>\n<meta property=\"og:url\" content=\"https:\/\/www.comercialanma.es\/?product=gramona-enoteca-brut-nature-estuche-75cl\" \/>\n<meta property=\"og:site_name\" content=\"Comercial de Hosteleria Anma\" \/>\n<meta property=\"article:publisher\" content=\"https:\/\/www.facebook.com\/AnmaHosteleria\" \/>\n<meta property=\"article:modified_time\" content=\"2024-08-08T10:42:08+00:00\" \/>\n<meta property=\"og:image\" content=\"https:\/\/i1.wp.com\/www.comercialanma.es\/wp-content\/uploads\/2019\/08\/GRAMONA-ENOTECA-ESTUCHE.jpg?fit=1080%2C1080&#038;ssl=1\" \/>\n\t<meta property=\"og:image:width\" content=\"1080\" \/>\n\t<meta property=\"og:image:height\" content=\"1080\" \/>\n<meta name=\"twitter:card\" content=\"summary_large_image\" \/>\n<script type=\"application\/ld+json\" class=\"yoast-schema-graph\">{\"@context\":\"https:\/\/schema.org\",\"@graph\":[{\"@type\":\"Organization\",\"@id\":\"https:\/\/www.comercialanma.es\/#organization\",\"name\":\"Comercial Anma\",\"url\":\"https:\/\/www.comercialanma.es\/\",\"sameAs\":[\"https:\/\/www.facebook.com\/AnmaHosteleria\",\"https:\/\/www.instagram.com\/anmahosteleria\/?hl=es\",\"https:\/\/www.youtube.com\/channel\/UCT2nmn08Ntks0hmpZPnDgCA\"],\"logo\":{\"@type\":\"ImageObject\",\"@id\":\"https:\/\/www.comercialanma.es\/#logo\",\"inLanguage\":\"es\",\"url\":\"https:\/\/i2.wp.com\/www.comercialanma.es\/wp-content\/uploads\/2019\/06\/logo-anma-color.png?fit=247%2C101&ssl=1\",\"width\":247,\"height\":101,\"caption\":\"Comercial Anma\"},\"image\":{\"@id\":\"https:\/\/www.comercialanma.es\/#logo\"}},{\"@type\":\"WebSite\",\"@id\":\"https:\/\/www.comercialanma.es\/#website\",\"url\":\"https:\/\/www.comercialanma.es\/\",\"name\":\"Comercial de Hosteleria Anma\",\"description\":\"\",\"publisher\":{\"@id\":\"https:\/\/www.comercialanma.es\/#organization\"},\"potentialAction\":[{\"@type\":\"SearchAction\",\"target\":\"https:\/\/www.comercialanma.es\/?s={search_term_string}\",\"query-input\":\"required name=search_term_string\"}],\"inLanguage\":\"es\"},{\"@type\":\"ImageObject\",\"@id\":\"https:\/\/www.comercialanma.es\/?product=gramona-enoteca-brut-nature-estuche-75cl#primaryimage\",\"inLanguage\":\"es\",\"url\":\"https:\/\/i1.wp.com\/www.comercialanma.es\/wp-content\/uploads\/2019\/08\/GRAMONA-ENOTECA-ESTUCHE.jpg?fit=1080%2C1080&ssl=1\",\"width\":1080,\"height\":1080},{\"@type\":\"WebPage\",\"@id\":\"https:\/\/www.comercialanma.es\/?product=gramona-enoteca-brut-nature-estuche-75cl#webpage\",\"url\":\"https:\/\/www.comercialanma.es\/?product=gramona-enoteca-brut-nature-estuche-75cl\",\"name\":\"Gramona Enoteca Brut Nature Estuche 75cl. - Comercial de Hosteleria Anma\",\"isPartOf\":{\"@id\":\"https:\/\/www.comercialanma.es\/#website\"},\"primaryImageOfPage\":{\"@id\":\"https:\/\/www.comercialanma.es\/?product=gramona-enoteca-brut-nature-estuche-75cl#primaryimage\"},\"datePublished\":\"2019-08-28T07:43:15+00:00\",\"dateModified\":\"2024-08-08T10:42:08+00:00\",\"breadcrumb\":{\"@id\":\"https:\/\/www.comercialanma.es\/?product=gramona-enoteca-brut-nature-estuche-75cl#breadcrumb\"},\"inLanguage\":\"es\",\"potentialAction\":[{\"@type\":\"ReadAction\",\"target\":[\"https:\/\/www.comercialanma.es\/?product=gramona-enoteca-brut-nature-estuche-75cl\"]}]},{\"@type\":\"BreadcrumbList\",\"@id\":\"https:\/\/www.comercialanma.es\/?product=gramona-enoteca-brut-nature-estuche-75cl#breadcrumb\",\"itemListElement\":[{\"@type\":\"ListItem\",\"position\":1,\"item\":{\"@type\":\"WebPage\",\"@id\":\"https:\/\/www.comercialanma.es\/\",\"url\":\"https:\/\/www.comercialanma.es\/\",\"name\":\"Portada\"}},{\"@type\":\"ListItem\",\"position\":2,\"item\":{\"@type\":\"WebPage\",\"@id\":\"https:\/\/www.comercialanma.es\/?page_id=3963\",\"url\":\"https:\/\/www.comercialanma.es\/?page_id=3963\",\"name\":\"Cat\\u00e1logo de Productos\"}},{\"@type\":\"ListItem\",\"position\":3,\"item\":{\"@type\":\"WebPage\",\"@id\":\"https:\/\/www.comercialanma.es\/?product=gramona-enoteca-brut-nature-estuche-75cl\",\"url\":\"https:\/\/www.comercialanma.es\/?product=gramona-enoteca-brut-nature-estuche-75cl\",\"name\":\"Gramona Enoteca Brut Nature Estuche 75cl.\"}}]}]}<\/script>\n<!-- \/ Yoast SEO plugin. -->","_links":{"self":[{"href":"https:\/\/www.comercialanma.es\/index.php?rest_route=\/wp\/v2\/product\/10032"}],"collection":[{"href":"https:\/\/www.comercialanma.es\/index.php?rest_route=\/wp\/v2\/product"}],"about":[{"href":"https:\/\/www.comercialanma.es\/index.php?rest_route=\/wp\/v2\/types\/product"}],"version-history":[{"count":3,"href":"https:\/\/www.comercialanma.es\/index.php?rest_route=\/wp\/v2\/product\/10032\/revisions"}],"predecessor-version":[{"id":20037,"href":"https:\/\/www.comercialanma.es\/index.php?rest_route=\/wp\/v2\/product\/10032\/revisions\/20037"}],"wp:featuredmedia":[{"embeddable":true,"href":"https:\/\/www.comercialanma.es\/index.php?rest_route=\/wp\/v2\/media\/23917"}],"wp:attachment":[{"href":"https:\/\/www.comercialanma.es\/index.php?rest_route=%2Fwp%2Fv2%2Fmedia&parent=10032"}],"curies":[{"name":"wp","href":"https:\/\/api.w.org\/{rel}","templated":true}]}}