
{"id":10048,"date":"2019-08-28T10:49:44","date_gmt":"2019-08-28T08:49:44","guid":{"rendered":"http:\/\/www.comercialanma.es\/?post_type=product&#038;p=10048"},"modified":"2021-12-13T17:55:13","modified_gmt":"2021-12-13T16:55:13","slug":"gramona-gran-cuvee-de-postre-75cl","status":"publish","type":"product","link":"https:\/\/www.comercialanma.es\/?product=gramona-gran-cuvee-de-postre-75cl","title":{"rendered":"Gramona Gran Cuv\u00e9e de Postre 75cl."},"content":{"rendered":"<h3>D.O.:<\/h3>\n<ul>\n<li>Corpinnat<\/li>\n<\/ul>\n<h3>Variedad:<\/h3>\n<ul>\n<li>Macabeo, Xarel\u00b7lo, Parellada.<\/li>\n<\/ul>\n<h3>Nota de cata:<\/h3>\n<ul>\n<li><span class=\"cata_content\">En nariz destacan los aromas a fruta blanca en compota, orejones y membrillo con un fondo ajerezado que proviene de las soleras el licor de esxpedici\u00f3n. <\/span><\/li>\n<li><span class=\"cata_content\">En boca es amplio, de fina burbuja y muy largo.<\/span><\/li>\n<li>Graduaci\u00f3n: 11,5% vol.<\/li>\n<\/ul>\n","protected":false},"excerpt":{"rendered":"<p>Este espumoso, que es ideal para acompa\u00f1ar los postres de la forma m\u00e1s exquisita, es uno de los \u00fanicos dulces que se elaboran con vinos de primeras criados como grandes reservas. Esto permite a los amantes del dulce no tener que sufrir excesos de acidez o carb\u00f3nico y disfrutar la suavidad de un cava elegante. \u00danico espumoso Gran Reserva del mercado en esta categor\u00eda, no compite en gu\u00edas o concursos por su escasa distribuci\u00f3n.<\/p>\n","protected":false},"featured_media":10049,"template":"","meta":{"spay_email":""},"yoast_head":"<!-- This site is optimized with the Yoast SEO plugin v15.9 - https:\/\/yoast.com\/wordpress\/plugins\/seo\/ -->\n<title>Gramona Gran Cuv\u00e9e de Postre 75cl. - Comercial de Hosteleria Anma<\/title>\n<meta name=\"robots\" content=\"index, follow, max-snippet:-1, max-image-preview:large, max-video-preview:-1\" \/>\n<link rel=\"canonical\" href=\"https:\/\/www.comercialanma.es\/?product=gramona-gran-cuvee-de-postre-75cl\" \/>\n<meta property=\"og:locale\" content=\"es_ES\" \/>\n<meta property=\"og:type\" content=\"article\" \/>\n<meta property=\"og:title\" content=\"Gramona Gran Cuv\u00e9e de Postre 75cl. - Comercial de Hosteleria Anma\" \/>\n<meta property=\"og:description\" content=\"Este espumoso, que es ideal para acompa\u00f1ar los postres de la forma m\u00e1s exquisita, es uno de los \u00fanicos dulces que se elaboran con vinos de primeras criados como grandes reservas. Esto permite a los amantes del dulce no tener que sufrir excesos de acidez o carb\u00f3nico y disfrutar la suavidad de un cava elegante. \u00danico espumoso Gran Reserva del mercado en esta categor\u00eda, no compite en gu\u00edas o concursos por su escasa distribuci\u00f3n.\" \/>\n<meta property=\"og:url\" content=\"https:\/\/www.comercialanma.es\/?product=gramona-gran-cuvee-de-postre-75cl\" \/>\n<meta property=\"og:site_name\" content=\"Comercial de Hosteleria Anma\" \/>\n<meta property=\"article:publisher\" content=\"https:\/\/www.facebook.com\/AnmaHosteleria\" \/>\n<meta property=\"article:modified_time\" content=\"2021-12-13T16:55:13+00:00\" \/>\n<meta property=\"og:image\" content=\"https:\/\/i1.wp.com\/www.comercialanma.es\/wp-content\/uploads\/2019\/08\/Gramona-Gran-Cuvee-Postre.jpg?fit=1200%2C1200&#038;ssl=1\" \/>\n\t<meta property=\"og:image:width\" content=\"1200\" \/>\n\t<meta property=\"og:image:height\" content=\"1200\" \/>\n<meta name=\"twitter:card\" content=\"summary_large_image\" \/>\n<script type=\"application\/ld+json\" class=\"yoast-schema-graph\">{\"@context\":\"https:\/\/schema.org\",\"@graph\":[{\"@type\":\"Organization\",\"@id\":\"https:\/\/www.comercialanma.es\/#organization\",\"name\":\"Comercial Anma\",\"url\":\"https:\/\/www.comercialanma.es\/\",\"sameAs\":[\"https:\/\/www.facebook.com\/AnmaHosteleria\",\"https:\/\/www.instagram.com\/anmahosteleria\/?hl=es\",\"https:\/\/www.youtube.com\/channel\/UCT2nmn08Ntks0hmpZPnDgCA\"],\"logo\":{\"@type\":\"ImageObject\",\"@id\":\"https:\/\/www.comercialanma.es\/#logo\",\"inLanguage\":\"es\",\"url\":\"https:\/\/i2.wp.com\/www.comercialanma.es\/wp-content\/uploads\/2019\/06\/logo-anma-color.png?fit=247%2C101&ssl=1\",\"width\":247,\"height\":101,\"caption\":\"Comercial Anma\"},\"image\":{\"@id\":\"https:\/\/www.comercialanma.es\/#logo\"}},{\"@type\":\"WebSite\",\"@id\":\"https:\/\/www.comercialanma.es\/#website\",\"url\":\"https:\/\/www.comercialanma.es\/\",\"name\":\"Comercial de Hosteleria Anma\",\"description\":\"\",\"publisher\":{\"@id\":\"https:\/\/www.comercialanma.es\/#organization\"},\"potentialAction\":[{\"@type\":\"SearchAction\",\"target\":\"https:\/\/www.comercialanma.es\/?s={search_term_string}\",\"query-input\":\"required name=search_term_string\"}],\"inLanguage\":\"es\"},{\"@type\":\"ImageObject\",\"@id\":\"https:\/\/www.comercialanma.es\/?product=gramona-gran-cuvee-de-postre-75cl#primaryimage\",\"inLanguage\":\"es\",\"url\":\"https:\/\/i1.wp.com\/www.comercialanma.es\/wp-content\/uploads\/2019\/08\/Gramona-Gran-Cuvee-Postre.jpg?fit=1200%2C1200&ssl=1\",\"width\":1200,\"height\":1200},{\"@type\":\"WebPage\",\"@id\":\"https:\/\/www.comercialanma.es\/?product=gramona-gran-cuvee-de-postre-75cl#webpage\",\"url\":\"https:\/\/www.comercialanma.es\/?product=gramona-gran-cuvee-de-postre-75cl\",\"name\":\"Gramona Gran Cuv\\u00e9e de Postre 75cl. - Comercial de Hosteleria Anma\",\"isPartOf\":{\"@id\":\"https:\/\/www.comercialanma.es\/#website\"},\"primaryImageOfPage\":{\"@id\":\"https:\/\/www.comercialanma.es\/?product=gramona-gran-cuvee-de-postre-75cl#primaryimage\"},\"datePublished\":\"2019-08-28T08:49:44+00:00\",\"dateModified\":\"2021-12-13T16:55:13+00:00\",\"breadcrumb\":{\"@id\":\"https:\/\/www.comercialanma.es\/?product=gramona-gran-cuvee-de-postre-75cl#breadcrumb\"},\"inLanguage\":\"es\",\"potentialAction\":[{\"@type\":\"ReadAction\",\"target\":[\"https:\/\/www.comercialanma.es\/?product=gramona-gran-cuvee-de-postre-75cl\"]}]},{\"@type\":\"BreadcrumbList\",\"@id\":\"https:\/\/www.comercialanma.es\/?product=gramona-gran-cuvee-de-postre-75cl#breadcrumb\",\"itemListElement\":[{\"@type\":\"ListItem\",\"position\":1,\"item\":{\"@type\":\"WebPage\",\"@id\":\"https:\/\/www.comercialanma.es\/\",\"url\":\"https:\/\/www.comercialanma.es\/\",\"name\":\"Portada\"}},{\"@type\":\"ListItem\",\"position\":2,\"item\":{\"@type\":\"WebPage\",\"@id\":\"https:\/\/www.comercialanma.es\/?page_id=3963\",\"url\":\"https:\/\/www.comercialanma.es\/?page_id=3963\",\"name\":\"Cat\\u00e1logo de Productos\"}},{\"@type\":\"ListItem\",\"position\":3,\"item\":{\"@type\":\"WebPage\",\"@id\":\"https:\/\/www.comercialanma.es\/?product=gramona-gran-cuvee-de-postre-75cl\",\"url\":\"https:\/\/www.comercialanma.es\/?product=gramona-gran-cuvee-de-postre-75cl\",\"name\":\"Gramona Gran Cuv\\u00e9e de Postre 75cl.\"}}]}]}<\/script>\n<!-- \/ Yoast SEO plugin. -->","_links":{"self":[{"href":"https:\/\/www.comercialanma.es\/index.php?rest_route=\/wp\/v2\/product\/10048"}],"collection":[{"href":"https:\/\/www.comercialanma.es\/index.php?rest_route=\/wp\/v2\/product"}],"about":[{"href":"https:\/\/www.comercialanma.es\/index.php?rest_route=\/wp\/v2\/types\/product"}],"version-history":[{"count":2,"href":"https:\/\/www.comercialanma.es\/index.php?rest_route=\/wp\/v2\/product\/10048\/revisions"}],"predecessor-version":[{"id":20035,"href":"https:\/\/www.comercialanma.es\/index.php?rest_route=\/wp\/v2\/product\/10048\/revisions\/20035"}],"wp:featuredmedia":[{"embeddable":true,"href":"https:\/\/www.comercialanma.es\/index.php?rest_route=\/wp\/v2\/media\/10049"}],"wp:attachment":[{"href":"https:\/\/www.comercialanma.es\/index.php?rest_route=%2Fwp%2Fv2%2Fmedia&parent=10048"}],"curies":[{"name":"wp","href":"https:\/\/api.w.org\/{rel}","templated":true}]}}