
{"id":10089,"date":"2019-08-28T12:50:51","date_gmt":"2019-08-28T10:50:51","guid":{"rendered":"http:\/\/www.comercialanma.es\/?post_type=product&#038;p=10089"},"modified":"2023-09-15T15:19:07","modified_gmt":"2023-09-15T13:19:07","slug":"marques-de-monistrol-reserva-brut-nature","status":"publish","type":"product","link":"https:\/\/www.comercialanma.es\/?product=marques-de-monistrol-reserva-brut-nature","title":{"rendered":"Marqu\u00e9s de Monistrol Reserva Brut Nature 75cl."},"content":{"rendered":"<h3>D.O.:<\/h3>\n<ul>\n<li>Cava<\/li>\n<\/ul>\n<h3>Variedad:<\/h3>\n<ul>\n<li>Xarel\u00b7lo, Chardonnay, Macabeo, Parellada.<\/li>\n<\/ul>\n<h3>Nota de cata:<\/h3>\n<ul>\n<li>Color amarillo pajizo brillante.<\/li>\n<li>Nariz compleja con matices afrutados y c\u00edtricos.<\/li>\n<li>Burbuja fina y persistente que se muestra suave en el paladar.<\/li>\n<li>Boca rica amplia y larga con un persistente postgusto.<\/li>\n<li>Graduaci\u00f3n: 12% vol.<\/li>\n<\/ul>\n","protected":false},"excerpt":{"rendered":"<p>Uno de los principales productores de vino, habi\u00e9ndose establecido en la finca San Sadurni d\u2019Anoia en 1882, en el coraz\u00f3n del Pened\u00e8s, a 40 km al suroeste de Barcelona. Desde entonces, la calidad ha sido sin\u00f3nimo de producci\u00f3n de algunos de los mejores vinos de Espa\u00f1a. Desde 1882 nuestros vinos se elaboran siguiendo el m\u00e9todo tradicional. Cada a\u00f1o nuestros vinos ganan premios internacionales por su excelente calidad.<\/p>\n","protected":false},"featured_media":22510,"template":"","meta":{"spay_email":""},"yoast_head":"<!-- This site is optimized with the Yoast SEO plugin v15.9 - https:\/\/yoast.com\/wordpress\/plugins\/seo\/ -->\n<title>Marqu\u00e9s de Monistrol Reserva Brut Nature 75cl. - Comercial de Hosteleria Anma<\/title>\n<meta name=\"description\" content=\"Marqu\u00e9s de Monistrol Reserva | Brut Nature | 75cl. | Uno de los principales productores de vino, en la finca San Sadurni d\u2019Anoia en 1882.\" \/>\n<meta name=\"robots\" content=\"index, follow, max-snippet:-1, max-image-preview:large, max-video-preview:-1\" \/>\n<link rel=\"canonical\" href=\"https:\/\/www.comercialanma.es\/?product=marques-de-monistrol-reserva-brut-nature\" \/>\n<meta property=\"og:locale\" content=\"es_ES\" \/>\n<meta property=\"og:type\" content=\"article\" \/>\n<meta property=\"og:title\" content=\"Marqu\u00e9s de Monistrol Reserva Brut Nature 75cl. - Comercial de Hosteleria Anma\" \/>\n<meta property=\"og:description\" content=\"Marqu\u00e9s de Monistrol Reserva | Brut Nature | 75cl. | Uno de los principales productores de vino, en la finca San Sadurni d\u2019Anoia en 1882.\" \/>\n<meta property=\"og:url\" content=\"https:\/\/www.comercialanma.es\/?product=marques-de-monistrol-reserva-brut-nature\" \/>\n<meta property=\"og:site_name\" content=\"Comercial de Hosteleria Anma\" \/>\n<meta property=\"article:publisher\" content=\"https:\/\/www.facebook.com\/AnmaHosteleria\" \/>\n<meta property=\"article:modified_time\" content=\"2023-09-15T13:19:07+00:00\" \/>\n<meta property=\"og:image\" content=\"https:\/\/i0.wp.com\/www.comercialanma.es\/wp-content\/uploads\/2019\/08\/CAVA-MONISTROL-RESERVA-BRUT-NATURE.jpg?fit=1080%2C1080&#038;ssl=1\" \/>\n\t<meta property=\"og:image:width\" content=\"1080\" \/>\n\t<meta property=\"og:image:height\" content=\"1080\" \/>\n<meta name=\"twitter:card\" content=\"summary_large_image\" \/>\n<script type=\"application\/ld+json\" class=\"yoast-schema-graph\">{\"@context\":\"https:\/\/schema.org\",\"@graph\":[{\"@type\":\"Organization\",\"@id\":\"https:\/\/www.comercialanma.es\/#organization\",\"name\":\"Comercial Anma\",\"url\":\"https:\/\/www.comercialanma.es\/\",\"sameAs\":[\"https:\/\/www.facebook.com\/AnmaHosteleria\",\"https:\/\/www.instagram.com\/anmahosteleria\/?hl=es\",\"https:\/\/www.youtube.com\/channel\/UCT2nmn08Ntks0hmpZPnDgCA\"],\"logo\":{\"@type\":\"ImageObject\",\"@id\":\"https:\/\/www.comercialanma.es\/#logo\",\"inLanguage\":\"es\",\"url\":\"https:\/\/i2.wp.com\/www.comercialanma.es\/wp-content\/uploads\/2019\/06\/logo-anma-color.png?fit=247%2C101&ssl=1\",\"width\":247,\"height\":101,\"caption\":\"Comercial Anma\"},\"image\":{\"@id\":\"https:\/\/www.comercialanma.es\/#logo\"}},{\"@type\":\"WebSite\",\"@id\":\"https:\/\/www.comercialanma.es\/#website\",\"url\":\"https:\/\/www.comercialanma.es\/\",\"name\":\"Comercial de Hosteleria Anma\",\"description\":\"\",\"publisher\":{\"@id\":\"https:\/\/www.comercialanma.es\/#organization\"},\"potentialAction\":[{\"@type\":\"SearchAction\",\"target\":\"https:\/\/www.comercialanma.es\/?s={search_term_string}\",\"query-input\":\"required name=search_term_string\"}],\"inLanguage\":\"es\"},{\"@type\":\"ImageObject\",\"@id\":\"https:\/\/www.comercialanma.es\/?product=marques-de-monistrol-reserva-brut-nature#primaryimage\",\"inLanguage\":\"es\",\"url\":\"https:\/\/i0.wp.com\/www.comercialanma.es\/wp-content\/uploads\/2019\/08\/CAVA-MONISTROL-RESERVA-BRUT-NATURE.jpg?fit=1080%2C1080&ssl=1\",\"width\":1080,\"height\":1080},{\"@type\":\"WebPage\",\"@id\":\"https:\/\/www.comercialanma.es\/?product=marques-de-monistrol-reserva-brut-nature#webpage\",\"url\":\"https:\/\/www.comercialanma.es\/?product=marques-de-monistrol-reserva-brut-nature\",\"name\":\"Marqu\\u00e9s de Monistrol Reserva Brut Nature 75cl. - Comercial de Hosteleria Anma\",\"isPartOf\":{\"@id\":\"https:\/\/www.comercialanma.es\/#website\"},\"primaryImageOfPage\":{\"@id\":\"https:\/\/www.comercialanma.es\/?product=marques-de-monistrol-reserva-brut-nature#primaryimage\"},\"datePublished\":\"2019-08-28T10:50:51+00:00\",\"dateModified\":\"2023-09-15T13:19:07+00:00\",\"description\":\"Marqu\\u00e9s de Monistrol Reserva | Brut Nature | 75cl. | Uno de los principales productores de vino, en la finca San Sadurni d\\u2019Anoia en 1882.\",\"breadcrumb\":{\"@id\":\"https:\/\/www.comercialanma.es\/?product=marques-de-monistrol-reserva-brut-nature#breadcrumb\"},\"inLanguage\":\"es\",\"potentialAction\":[{\"@type\":\"ReadAction\",\"target\":[\"https:\/\/www.comercialanma.es\/?product=marques-de-monistrol-reserva-brut-nature\"]}]},{\"@type\":\"BreadcrumbList\",\"@id\":\"https:\/\/www.comercialanma.es\/?product=marques-de-monistrol-reserva-brut-nature#breadcrumb\",\"itemListElement\":[{\"@type\":\"ListItem\",\"position\":1,\"item\":{\"@type\":\"WebPage\",\"@id\":\"https:\/\/www.comercialanma.es\/\",\"url\":\"https:\/\/www.comercialanma.es\/\",\"name\":\"Portada\"}},{\"@type\":\"ListItem\",\"position\":2,\"item\":{\"@type\":\"WebPage\",\"@id\":\"https:\/\/www.comercialanma.es\/?page_id=3963\",\"url\":\"https:\/\/www.comercialanma.es\/?page_id=3963\",\"name\":\"Cat\\u00e1logo de Productos\"}},{\"@type\":\"ListItem\",\"position\":3,\"item\":{\"@type\":\"WebPage\",\"@id\":\"https:\/\/www.comercialanma.es\/?product=marques-de-monistrol-reserva-brut-nature\",\"url\":\"https:\/\/www.comercialanma.es\/?product=marques-de-monistrol-reserva-brut-nature\",\"name\":\"Marqu\\u00e9s de Monistrol Reserva Brut Nature 75cl.\"}}]}]}<\/script>\n<!-- \/ Yoast SEO plugin. -->","_links":{"self":[{"href":"https:\/\/www.comercialanma.es\/index.php?rest_route=\/wp\/v2\/product\/10089"}],"collection":[{"href":"https:\/\/www.comercialanma.es\/index.php?rest_route=\/wp\/v2\/product"}],"about":[{"href":"https:\/\/www.comercialanma.es\/index.php?rest_route=\/wp\/v2\/types\/product"}],"version-history":[{"count":3,"href":"https:\/\/www.comercialanma.es\/index.php?rest_route=\/wp\/v2\/product\/10089\/revisions"}],"predecessor-version":[{"id":22501,"href":"https:\/\/www.comercialanma.es\/index.php?rest_route=\/wp\/v2\/product\/10089\/revisions\/22501"}],"wp:featuredmedia":[{"embeddable":true,"href":"https:\/\/www.comercialanma.es\/index.php?rest_route=\/wp\/v2\/media\/22510"}],"wp:attachment":[{"href":"https:\/\/www.comercialanma.es\/index.php?rest_route=%2Fwp%2Fv2%2Fmedia&parent=10089"}],"curies":[{"name":"wp","href":"https:\/\/api.w.org\/{rel}","templated":true}]}}