
{"id":10096,"date":"2019-08-28T15:22:42","date_gmt":"2019-08-28T13:22:42","guid":{"rendered":"http:\/\/www.comercialanma.es\/?post_type=product&#038;p=10096"},"modified":"2024-01-12T09:45:56","modified_gmt":"2024-01-12T08:45:56","slug":"cava-mm-gran-reserva-brut-seleccion-especial-75cl","status":"publish","type":"product","link":"https:\/\/www.comercialanma.es\/?product=cava-mm-gran-reserva-brut-seleccion-especial-75cl","title":{"rendered":"Monistrol Brut Selecci\u00f3n Especial 75cl."},"content":{"rendered":"<h3>D.O.:<\/h3>\n<ul>\n<li>Cava<\/li>\n<\/ul>\n<h3>Variedad:<\/h3>\n<ul>\n<li>Xarel\u00b7lo, Macabeo, Parellada.<\/li>\n<\/ul>\n<h3>Nota de cata:<\/h3>\n<ul>\n<li>De color amarillo p\u00e1lido y ligeramente pajizo, es un cava muy equilibrado, con gran balance y finos aromas procedentes de su envejecimiento en botella. Se caracteriza por su post-gusto duradero y burbujeante altamente refrescante en su temperatura de consumo ideal.<\/li>\n<li>Graduaci\u00f3n: 12% vol.<\/li>\n<\/ul>\n","protected":false},"excerpt":{"rendered":"<p><span lang=\"es\"><span title=\"\">Este cava se elabora con uvas seleccionadas a mano de vi\u00f1as de 40 a\u00f1os.<\/span> <span title=\"\">Es el Cava m\u00e1s reciente lanzado por Marqu\u00e9s de la Concordia.<\/span> <span title=\"\">Ha envejecido durante 38 meses en bodegas fr\u00edas situadas a 30 metros bajo el nivel del suelo.<\/span><\/span><\/p>\n","protected":false},"featured_media":23324,"template":"","meta":{"spay_email":""},"yoast_head":"<!-- This site is optimized with the Yoast SEO plugin v15.9 - https:\/\/yoast.com\/wordpress\/plugins\/seo\/ -->\n<title>Monistrol Brut Selecci\u00f3n Especial 75cl. - Comercial de Hosteleria Anma<\/title>\n<meta name=\"robots\" content=\"index, follow, max-snippet:-1, max-image-preview:large, max-video-preview:-1\" \/>\n<link rel=\"canonical\" href=\"https:\/\/www.comercialanma.es\/?product=cava-mm-gran-reserva-brut-seleccion-especial-75cl\" \/>\n<meta property=\"og:locale\" content=\"es_ES\" \/>\n<meta property=\"og:type\" content=\"article\" \/>\n<meta property=\"og:title\" content=\"Monistrol Brut Selecci\u00f3n Especial 75cl. - Comercial de Hosteleria Anma\" \/>\n<meta property=\"og:description\" content=\"Este cava se elabora con uvas seleccionadas a mano de vi\u00f1as de 40 a\u00f1os. Es el Cava m\u00e1s reciente lanzado por Marqu\u00e9s de la Concordia. Ha envejecido durante 38 meses en bodegas fr\u00edas situadas a 30 metros bajo el nivel del suelo.\" \/>\n<meta property=\"og:url\" content=\"https:\/\/www.comercialanma.es\/?product=cava-mm-gran-reserva-brut-seleccion-especial-75cl\" \/>\n<meta property=\"og:site_name\" content=\"Comercial de Hosteleria Anma\" \/>\n<meta property=\"article:publisher\" content=\"https:\/\/www.facebook.com\/AnmaHosteleria\" \/>\n<meta property=\"article:modified_time\" content=\"2024-01-12T08:45:56+00:00\" \/>\n<meta property=\"og:image\" content=\"https:\/\/i0.wp.com\/www.comercialanma.es\/wp-content\/uploads\/2019\/08\/Cava-monistrol-organico.jpg?fit=1080%2C1080&#038;ssl=1\" \/>\n\t<meta property=\"og:image:width\" content=\"1080\" \/>\n\t<meta property=\"og:image:height\" content=\"1080\" \/>\n<meta name=\"twitter:card\" content=\"summary_large_image\" \/>\n<meta name=\"twitter:label1\" content=\"Tiempo de lectura\">\n\t<meta name=\"twitter:data1\" content=\"1 minuto\">\n<script type=\"application\/ld+json\" class=\"yoast-schema-graph\">{\"@context\":\"https:\/\/schema.org\",\"@graph\":[{\"@type\":\"Organization\",\"@id\":\"https:\/\/www.comercialanma.es\/#organization\",\"name\":\"Comercial Anma\",\"url\":\"https:\/\/www.comercialanma.es\/\",\"sameAs\":[\"https:\/\/www.facebook.com\/AnmaHosteleria\",\"https:\/\/www.instagram.com\/anmahosteleria\/?hl=es\",\"https:\/\/www.youtube.com\/channel\/UCT2nmn08Ntks0hmpZPnDgCA\"],\"logo\":{\"@type\":\"ImageObject\",\"@id\":\"https:\/\/www.comercialanma.es\/#logo\",\"inLanguage\":\"es\",\"url\":\"https:\/\/i2.wp.com\/www.comercialanma.es\/wp-content\/uploads\/2019\/06\/logo-anma-color.png?fit=247%2C101&ssl=1\",\"width\":247,\"height\":101,\"caption\":\"Comercial Anma\"},\"image\":{\"@id\":\"https:\/\/www.comercialanma.es\/#logo\"}},{\"@type\":\"WebSite\",\"@id\":\"https:\/\/www.comercialanma.es\/#website\",\"url\":\"https:\/\/www.comercialanma.es\/\",\"name\":\"Comercial de Hosteleria Anma\",\"description\":\"\",\"publisher\":{\"@id\":\"https:\/\/www.comercialanma.es\/#organization\"},\"potentialAction\":[{\"@type\":\"SearchAction\",\"target\":\"https:\/\/www.comercialanma.es\/?s={search_term_string}\",\"query-input\":\"required name=search_term_string\"}],\"inLanguage\":\"es\"},{\"@type\":\"ImageObject\",\"@id\":\"https:\/\/www.comercialanma.es\/?product=cava-mm-gran-reserva-brut-seleccion-especial-75cl#primaryimage\",\"inLanguage\":\"es\",\"url\":\"https:\/\/i0.wp.com\/www.comercialanma.es\/wp-content\/uploads\/2019\/08\/Cava-monistrol-organico.jpg?fit=1080%2C1080&ssl=1\",\"width\":1080,\"height\":1080},{\"@type\":\"WebPage\",\"@id\":\"https:\/\/www.comercialanma.es\/?product=cava-mm-gran-reserva-brut-seleccion-especial-75cl#webpage\",\"url\":\"https:\/\/www.comercialanma.es\/?product=cava-mm-gran-reserva-brut-seleccion-especial-75cl\",\"name\":\"Monistrol Brut Selecci\\u00f3n Especial 75cl. - Comercial de Hosteleria Anma\",\"isPartOf\":{\"@id\":\"https:\/\/www.comercialanma.es\/#website\"},\"primaryImageOfPage\":{\"@id\":\"https:\/\/www.comercialanma.es\/?product=cava-mm-gran-reserva-brut-seleccion-especial-75cl#primaryimage\"},\"datePublished\":\"2019-08-28T13:22:42+00:00\",\"dateModified\":\"2024-01-12T08:45:56+00:00\",\"breadcrumb\":{\"@id\":\"https:\/\/www.comercialanma.es\/?product=cava-mm-gran-reserva-brut-seleccion-especial-75cl#breadcrumb\"},\"inLanguage\":\"es\",\"potentialAction\":[{\"@type\":\"ReadAction\",\"target\":[\"https:\/\/www.comercialanma.es\/?product=cava-mm-gran-reserva-brut-seleccion-especial-75cl\"]}]},{\"@type\":\"BreadcrumbList\",\"@id\":\"https:\/\/www.comercialanma.es\/?product=cava-mm-gran-reserva-brut-seleccion-especial-75cl#breadcrumb\",\"itemListElement\":[{\"@type\":\"ListItem\",\"position\":1,\"item\":{\"@type\":\"WebPage\",\"@id\":\"https:\/\/www.comercialanma.es\/\",\"url\":\"https:\/\/www.comercialanma.es\/\",\"name\":\"Portada\"}},{\"@type\":\"ListItem\",\"position\":2,\"item\":{\"@type\":\"WebPage\",\"@id\":\"https:\/\/www.comercialanma.es\/?page_id=3963\",\"url\":\"https:\/\/www.comercialanma.es\/?page_id=3963\",\"name\":\"Cat\\u00e1logo de Productos\"}},{\"@type\":\"ListItem\",\"position\":3,\"item\":{\"@type\":\"WebPage\",\"@id\":\"https:\/\/www.comercialanma.es\/?product=cava-mm-gran-reserva-brut-seleccion-especial-75cl\",\"url\":\"https:\/\/www.comercialanma.es\/?product=cava-mm-gran-reserva-brut-seleccion-especial-75cl\",\"name\":\"Monistrol Brut Selecci\\u00f3n Especial 75cl.\"}}]}]}<\/script>\n<!-- \/ Yoast SEO plugin. -->","_links":{"self":[{"href":"https:\/\/www.comercialanma.es\/index.php?rest_route=\/wp\/v2\/product\/10096"}],"collection":[{"href":"https:\/\/www.comercialanma.es\/index.php?rest_route=\/wp\/v2\/product"}],"about":[{"href":"https:\/\/www.comercialanma.es\/index.php?rest_route=\/wp\/v2\/types\/product"}],"version-history":[{"count":6,"href":"https:\/\/www.comercialanma.es\/index.php?rest_route=\/wp\/v2\/product\/10096\/revisions"}],"predecessor-version":[{"id":23021,"href":"https:\/\/www.comercialanma.es\/index.php?rest_route=\/wp\/v2\/product\/10096\/revisions\/23021"}],"wp:featuredmedia":[{"embeddable":true,"href":"https:\/\/www.comercialanma.es\/index.php?rest_route=\/wp\/v2\/media\/23324"}],"wp:attachment":[{"href":"https:\/\/www.comercialanma.es\/index.php?rest_route=%2Fwp%2Fv2%2Fmedia&parent=10096"}],"curies":[{"name":"wp","href":"https:\/\/api.w.org\/{rel}","templated":true}]}}