
{"id":10124,"date":"2019-08-29T12:19:37","date_gmt":"2019-08-29T10:19:37","guid":{"rendered":"http:\/\/www.comercialanma.es\/?post_type=product&#038;p=10124"},"modified":"2024-10-08T11:54:31","modified_gmt":"2024-10-08T09:54:31","slug":"torello-finca-can-marti-brut-gran-reserva-75cl","status":"publish","type":"product","link":"https:\/\/www.comercialanma.es\/?product=torello-finca-can-marti-brut-gran-reserva-75cl","title":{"rendered":"Torell\u00f3 Finca Can Mart\u00ed Brut Gran Reserva 75cl."},"content":{"rendered":"<h3>D.O.:<\/h3>\n<ul>\n<li>Corpinnat.<\/li>\n<\/ul>\n<h3>Variedad:<\/h3>\n<ul>\n<li>Macabeo, Xarel\u00b7lo, Perellada, Chardonnay.<\/li>\n<\/ul>\n<h3>Nota de cata:<\/h3>\n<ul>\n<li>A la vista presenta un color amarillo pajizo con reflejos dorados. Su burbuja es fina y persistente con un desprendimiento constante.<\/li>\n<li>En nariz es intenso y complejo, con notas de fruta tropical, pi\u00f1a, pera y pasteler\u00eda fina.<\/li>\n<li>En boca es estructurado, untuoso y equilibrado, con una buena acidez y notas de fruta madura.<\/li>\n<li>Graduaci\u00f3n: 11,5% vol.<\/li>\n<\/ul>\n","protected":false},"excerpt":{"rendered":"<p>Torell\u00f3 Finca Can Mart\u00ed Brut Gran Reserva es un espumoso elaborado por la bodega Torell\u00f3 en el municipio de Gelida (Barcelona), Corpinnat.<\/p>\n<p>Torell\u00f3 es una bodega familiar que tiene su origen en el a\u00f1o 1951, cuando Francesc Torell\u00f3 i Casanovas decide reorientar la trayectoria agr\u00edcola familiar y empezar a elaborar vinos y espumosos embotellados.<\/p>\n","protected":false},"featured_media":23966,"template":"","meta":{"spay_email":""},"yoast_head":"<!-- This site is optimized with the Yoast SEO plugin v15.9 - https:\/\/yoast.com\/wordpress\/plugins\/seo\/ -->\n<title>Torell\u00f3 Finca Can Mart\u00ed Brut Gran Reserva 75cl. - Comercial de Hosteleria Anma<\/title>\n<meta name=\"robots\" content=\"index, follow, max-snippet:-1, max-image-preview:large, max-video-preview:-1\" \/>\n<link rel=\"canonical\" href=\"https:\/\/www.comercialanma.es\/?product=torello-finca-can-marti-brut-gran-reserva-75cl\" \/>\n<meta property=\"og:locale\" content=\"es_ES\" \/>\n<meta property=\"og:type\" content=\"article\" \/>\n<meta property=\"og:title\" content=\"Torell\u00f3 Finca Can Mart\u00ed Brut Gran Reserva 75cl. - Comercial de Hosteleria Anma\" \/>\n<meta property=\"og:description\" content=\"Torell\u00f3 Finca Can Mart\u00ed Brut Gran Reserva es un espumoso elaborado por la bodega Torell\u00f3 en el municipio de Gelida (Barcelona), Corpinnat.  Torell\u00f3 es una bodega familiar que tiene su origen en el a\u00f1o 1951, cuando Francesc Torell\u00f3 i Casanovas decide reorientar la trayectoria agr\u00edcola familiar y empezar a elaborar vinos y espumosos embotellados.\" \/>\n<meta property=\"og:url\" content=\"https:\/\/www.comercialanma.es\/?product=torello-finca-can-marti-brut-gran-reserva-75cl\" \/>\n<meta property=\"og:site_name\" content=\"Comercial de Hosteleria Anma\" \/>\n<meta property=\"article:publisher\" content=\"https:\/\/www.facebook.com\/AnmaHosteleria\" \/>\n<meta property=\"article:modified_time\" content=\"2024-10-08T09:54:31+00:00\" \/>\n<meta property=\"og:image\" content=\"https:\/\/i2.wp.com\/www.comercialanma.es\/wp-content\/uploads\/2019\/08\/FINCA-CAN-MARTI-TORELLO.jpg?fit=1080%2C1080&#038;ssl=1\" \/>\n\t<meta property=\"og:image:width\" content=\"1080\" \/>\n\t<meta property=\"og:image:height\" content=\"1080\" \/>\n<meta name=\"twitter:card\" content=\"summary_large_image\" \/>\n<script type=\"application\/ld+json\" class=\"yoast-schema-graph\">{\"@context\":\"https:\/\/schema.org\",\"@graph\":[{\"@type\":\"Organization\",\"@id\":\"https:\/\/www.comercialanma.es\/#organization\",\"name\":\"Comercial Anma\",\"url\":\"https:\/\/www.comercialanma.es\/\",\"sameAs\":[\"https:\/\/www.facebook.com\/AnmaHosteleria\",\"https:\/\/www.instagram.com\/anmahosteleria\/?hl=es\",\"https:\/\/www.youtube.com\/channel\/UCT2nmn08Ntks0hmpZPnDgCA\"],\"logo\":{\"@type\":\"ImageObject\",\"@id\":\"https:\/\/www.comercialanma.es\/#logo\",\"inLanguage\":\"es\",\"url\":\"https:\/\/i2.wp.com\/www.comercialanma.es\/wp-content\/uploads\/2019\/06\/logo-anma-color.png?fit=247%2C101&ssl=1\",\"width\":247,\"height\":101,\"caption\":\"Comercial Anma\"},\"image\":{\"@id\":\"https:\/\/www.comercialanma.es\/#logo\"}},{\"@type\":\"WebSite\",\"@id\":\"https:\/\/www.comercialanma.es\/#website\",\"url\":\"https:\/\/www.comercialanma.es\/\",\"name\":\"Comercial de Hosteleria Anma\",\"description\":\"\",\"publisher\":{\"@id\":\"https:\/\/www.comercialanma.es\/#organization\"},\"potentialAction\":[{\"@type\":\"SearchAction\",\"target\":\"https:\/\/www.comercialanma.es\/?s={search_term_string}\",\"query-input\":\"required name=search_term_string\"}],\"inLanguage\":\"es\"},{\"@type\":\"ImageObject\",\"@id\":\"https:\/\/www.comercialanma.es\/?product=torello-finca-can-marti-brut-gran-reserva-75cl#primaryimage\",\"inLanguage\":\"es\",\"url\":\"https:\/\/i2.wp.com\/www.comercialanma.es\/wp-content\/uploads\/2019\/08\/FINCA-CAN-MARTI-TORELLO.jpg?fit=1080%2C1080&ssl=1\",\"width\":1080,\"height\":1080},{\"@type\":\"WebPage\",\"@id\":\"https:\/\/www.comercialanma.es\/?product=torello-finca-can-marti-brut-gran-reserva-75cl#webpage\",\"url\":\"https:\/\/www.comercialanma.es\/?product=torello-finca-can-marti-brut-gran-reserva-75cl\",\"name\":\"Torell\\u00f3 Finca Can Mart\\u00ed Brut Gran Reserva 75cl. - Comercial de Hosteleria Anma\",\"isPartOf\":{\"@id\":\"https:\/\/www.comercialanma.es\/#website\"},\"primaryImageOfPage\":{\"@id\":\"https:\/\/www.comercialanma.es\/?product=torello-finca-can-marti-brut-gran-reserva-75cl#primaryimage\"},\"datePublished\":\"2019-08-29T10:19:37+00:00\",\"dateModified\":\"2024-10-08T09:54:31+00:00\",\"breadcrumb\":{\"@id\":\"https:\/\/www.comercialanma.es\/?product=torello-finca-can-marti-brut-gran-reserva-75cl#breadcrumb\"},\"inLanguage\":\"es\",\"potentialAction\":[{\"@type\":\"ReadAction\",\"target\":[\"https:\/\/www.comercialanma.es\/?product=torello-finca-can-marti-brut-gran-reserva-75cl\"]}]},{\"@type\":\"BreadcrumbList\",\"@id\":\"https:\/\/www.comercialanma.es\/?product=torello-finca-can-marti-brut-gran-reserva-75cl#breadcrumb\",\"itemListElement\":[{\"@type\":\"ListItem\",\"position\":1,\"item\":{\"@type\":\"WebPage\",\"@id\":\"https:\/\/www.comercialanma.es\/\",\"url\":\"https:\/\/www.comercialanma.es\/\",\"name\":\"Portada\"}},{\"@type\":\"ListItem\",\"position\":2,\"item\":{\"@type\":\"WebPage\",\"@id\":\"https:\/\/www.comercialanma.es\/?page_id=3963\",\"url\":\"https:\/\/www.comercialanma.es\/?page_id=3963\",\"name\":\"Cat\\u00e1logo de Productos\"}},{\"@type\":\"ListItem\",\"position\":3,\"item\":{\"@type\":\"WebPage\",\"@id\":\"https:\/\/www.comercialanma.es\/?product=torello-finca-can-marti-brut-gran-reserva-75cl\",\"url\":\"https:\/\/www.comercialanma.es\/?product=torello-finca-can-marti-brut-gran-reserva-75cl\",\"name\":\"Torell\\u00f3 Finca Can Mart\\u00ed Brut Gran Reserva 75cl.\"}}]}]}<\/script>\n<!-- \/ Yoast SEO plugin. -->","_links":{"self":[{"href":"https:\/\/www.comercialanma.es\/index.php?rest_route=\/wp\/v2\/product\/10124"}],"collection":[{"href":"https:\/\/www.comercialanma.es\/index.php?rest_route=\/wp\/v2\/product"}],"about":[{"href":"https:\/\/www.comercialanma.es\/index.php?rest_route=\/wp\/v2\/types\/product"}],"version-history":[{"count":3,"href":"https:\/\/www.comercialanma.es\/index.php?rest_route=\/wp\/v2\/product\/10124\/revisions"}],"predecessor-version":[{"id":15276,"href":"https:\/\/www.comercialanma.es\/index.php?rest_route=\/wp\/v2\/product\/10124\/revisions\/15276"}],"wp:featuredmedia":[{"embeddable":true,"href":"https:\/\/www.comercialanma.es\/index.php?rest_route=\/wp\/v2\/media\/23966"}],"wp:attachment":[{"href":"https:\/\/www.comercialanma.es\/index.php?rest_route=%2Fwp%2Fv2%2Fmedia&parent=10124"}],"curies":[{"name":"wp","href":"https:\/\/api.w.org\/{rel}","templated":true}]}}