
{"id":10144,"date":"2019-08-29T15:06:21","date_gmt":"2019-08-29T13:06:21","guid":{"rendered":"http:\/\/www.comercialanma.es\/?post_type=product&#038;p=10144"},"modified":"2023-01-25T10:52:02","modified_gmt":"2023-01-25T09:52:02","slug":"milesime-gran-reserva","status":"publish","type":"product","link":"https:\/\/www.comercialanma.es\/?product=milesime-gran-reserva","title":{"rendered":"Juve &#038; Camps Gran Reserva Brut Milesim\u00e9 75cl."},"content":{"rendered":"<h3>D.O.:<\/h3>\n<ul>\n<li>Cava<\/li>\n<\/ul>\n<h3>Variedad:<\/h3>\n<ul>\n<li>100% Chardonnay.<\/li>\n<\/ul>\n<h3>Nota de cata:<\/h3>\n<div class=\"field field-type-text field-field-vista\">\n<ul>\n<li class=\"field-label\"><strong>En Vista:<\/strong>\u00a0Atractivo color dorado<\/li>\n<li class=\"field-label\"><strong>En Nariz:<\/strong>\u00a0Notas a frutas blancas\u00a0como melocot\u00f3n y mel\u00f3n, acompa\u00f1ado de notras c\u00edtricas de pomelo y un fondo de miel<\/li>\n<li class=\"field-label\"><strong>En Boca:<\/strong>\u00a0Cremoso, nos recuerda las frutas y notas de la fase olfativa<\/li>\n<li class=\"field-label\"><strong>Para Acompa\u00f1ar:<\/strong>\u00a0Armoniza perfectamente con\u00a0ternera blanca con salsa de bourbon, tabla de ahumados, cal\u00e7ots con romescu , burritos de pollo<\/li>\n<\/ul>\n<\/div>\n<ul>\n<li><strong>Graduaci\u00f3n:<\/strong> 12,3% vol.<\/li>\n<\/ul>\n","protected":false},"excerpt":{"rendered":"<p>La expresi\u00f3n m\u00e1s singular y elegante de nuestro terroir<\/p>\n<div title=\"Page 1\">\n<div>\n<div>\n<div>\n<p>Milesime\u0301 Chardonnay es fruto de la seleccio\u0301n de las mejores uvas de Can Rius, bayas completas y maduras, expresivas y vivaces, con estructura suficiente para hacer crecer al vino durante la crianza en botella y ganar en complejidad y matices durante su sosegado reposo en nuestras cavas, que se alarga hasta los 36 meses.<\/p>\n<\/div>\n<\/div>\n<\/div>\n<\/div>\n","protected":false},"featured_media":22053,"template":"","meta":{"spay_email":""},"yoast_head":"<!-- This site is optimized with the Yoast SEO plugin v15.9 - https:\/\/yoast.com\/wordpress\/plugins\/seo\/ -->\n<title>Juve &amp; Camps Gran Reserva Brut Milesim\u00e9 75cl. - Comercial de Hosteleria Anma<\/title>\n<meta name=\"description\" content=\"Juve &amp; Camps Gran Reserva Milesim\u00e9 | 75cl.| Milesime\u0301 Chardonnay es fruto de la seleccio\u0301n de las mejores uvas de Can Rius.\" \/>\n<meta name=\"robots\" content=\"index, follow, max-snippet:-1, max-image-preview:large, max-video-preview:-1\" \/>\n<link rel=\"canonical\" href=\"https:\/\/www.comercialanma.es\/?product=milesime-gran-reserva\" \/>\n<meta property=\"og:locale\" content=\"es_ES\" \/>\n<meta property=\"og:type\" content=\"article\" \/>\n<meta property=\"og:title\" content=\"Juve &amp; Camps Gran Reserva Brut Milesim\u00e9 75cl. - Comercial de Hosteleria Anma\" \/>\n<meta property=\"og:description\" content=\"Juve &amp; Camps Gran Reserva Milesim\u00e9 | 75cl.| Milesime\u0301 Chardonnay es fruto de la seleccio\u0301n de las mejores uvas de Can Rius.\" \/>\n<meta property=\"og:url\" content=\"https:\/\/www.comercialanma.es\/?product=milesime-gran-reserva\" \/>\n<meta property=\"og:site_name\" content=\"Comercial de Hosteleria Anma\" \/>\n<meta property=\"article:publisher\" content=\"https:\/\/www.facebook.com\/AnmaHosteleria\" \/>\n<meta property=\"article:modified_time\" content=\"2023-01-25T09:52:02+00:00\" \/>\n<meta property=\"og:image\" content=\"https:\/\/i1.wp.com\/www.comercialanma.es\/wp-content\/uploads\/2019\/08\/juve-Camps-milesime-gran-reserva-can-rius.jpg?fit=1080%2C1080&#038;ssl=1\" \/>\n\t<meta property=\"og:image:width\" content=\"1080\" \/>\n\t<meta property=\"og:image:height\" content=\"1080\" \/>\n<meta name=\"twitter:card\" content=\"summary_large_image\" \/>\n<meta name=\"twitter:label1\" content=\"Tiempo de lectura\">\n\t<meta name=\"twitter:data1\" content=\"1 minuto\">\n<script type=\"application\/ld+json\" class=\"yoast-schema-graph\">{\"@context\":\"https:\/\/schema.org\",\"@graph\":[{\"@type\":\"Organization\",\"@id\":\"https:\/\/www.comercialanma.es\/#organization\",\"name\":\"Comercial Anma\",\"url\":\"https:\/\/www.comercialanma.es\/\",\"sameAs\":[\"https:\/\/www.facebook.com\/AnmaHosteleria\",\"https:\/\/www.instagram.com\/anmahosteleria\/?hl=es\",\"https:\/\/www.youtube.com\/channel\/UCT2nmn08Ntks0hmpZPnDgCA\"],\"logo\":{\"@type\":\"ImageObject\",\"@id\":\"https:\/\/www.comercialanma.es\/#logo\",\"inLanguage\":\"es\",\"url\":\"https:\/\/i2.wp.com\/www.comercialanma.es\/wp-content\/uploads\/2019\/06\/logo-anma-color.png?fit=247%2C101&ssl=1\",\"width\":247,\"height\":101,\"caption\":\"Comercial Anma\"},\"image\":{\"@id\":\"https:\/\/www.comercialanma.es\/#logo\"}},{\"@type\":\"WebSite\",\"@id\":\"https:\/\/www.comercialanma.es\/#website\",\"url\":\"https:\/\/www.comercialanma.es\/\",\"name\":\"Comercial de Hosteleria Anma\",\"description\":\"\",\"publisher\":{\"@id\":\"https:\/\/www.comercialanma.es\/#organization\"},\"potentialAction\":[{\"@type\":\"SearchAction\",\"target\":\"https:\/\/www.comercialanma.es\/?s={search_term_string}\",\"query-input\":\"required name=search_term_string\"}],\"inLanguage\":\"es\"},{\"@type\":\"ImageObject\",\"@id\":\"https:\/\/www.comercialanma.es\/?product=milesime-gran-reserva#primaryimage\",\"inLanguage\":\"es\",\"url\":\"https:\/\/i1.wp.com\/www.comercialanma.es\/wp-content\/uploads\/2019\/08\/juve-Camps-milesime-gran-reserva-can-rius.jpg?fit=1080%2C1080&ssl=1\",\"width\":1080,\"height\":1080},{\"@type\":\"WebPage\",\"@id\":\"https:\/\/www.comercialanma.es\/?product=milesime-gran-reserva#webpage\",\"url\":\"https:\/\/www.comercialanma.es\/?product=milesime-gran-reserva\",\"name\":\"Juve & Camps Gran Reserva Brut Milesim\\u00e9 75cl. - Comercial de Hosteleria Anma\",\"isPartOf\":{\"@id\":\"https:\/\/www.comercialanma.es\/#website\"},\"primaryImageOfPage\":{\"@id\":\"https:\/\/www.comercialanma.es\/?product=milesime-gran-reserva#primaryimage\"},\"datePublished\":\"2019-08-29T13:06:21+00:00\",\"dateModified\":\"2023-01-25T09:52:02+00:00\",\"description\":\"Juve & Camps Gran Reserva Milesim\\u00e9 | 75cl.| Milesime\\u0301 Chardonnay es fruto de la seleccio\\u0301n de las mejores uvas de Can Rius.\",\"breadcrumb\":{\"@id\":\"https:\/\/www.comercialanma.es\/?product=milesime-gran-reserva#breadcrumb\"},\"inLanguage\":\"es\",\"potentialAction\":[{\"@type\":\"ReadAction\",\"target\":[\"https:\/\/www.comercialanma.es\/?product=milesime-gran-reserva\"]}]},{\"@type\":\"BreadcrumbList\",\"@id\":\"https:\/\/www.comercialanma.es\/?product=milesime-gran-reserva#breadcrumb\",\"itemListElement\":[{\"@type\":\"ListItem\",\"position\":1,\"item\":{\"@type\":\"WebPage\",\"@id\":\"https:\/\/www.comercialanma.es\/\",\"url\":\"https:\/\/www.comercialanma.es\/\",\"name\":\"Portada\"}},{\"@type\":\"ListItem\",\"position\":2,\"item\":{\"@type\":\"WebPage\",\"@id\":\"https:\/\/www.comercialanma.es\/?page_id=3963\",\"url\":\"https:\/\/www.comercialanma.es\/?page_id=3963\",\"name\":\"Cat\\u00e1logo de Productos\"}},{\"@type\":\"ListItem\",\"position\":3,\"item\":{\"@type\":\"WebPage\",\"@id\":\"https:\/\/www.comercialanma.es\/?product=milesime-gran-reserva\",\"url\":\"https:\/\/www.comercialanma.es\/?product=milesime-gran-reserva\",\"name\":\"Juve &#038; Camps Gran Reserva Brut Milesim\\u00e9 75cl.\"}}]}]}<\/script>\n<!-- \/ Yoast SEO plugin. -->","_links":{"self":[{"href":"https:\/\/www.comercialanma.es\/index.php?rest_route=\/wp\/v2\/product\/10144"}],"collection":[{"href":"https:\/\/www.comercialanma.es\/index.php?rest_route=\/wp\/v2\/product"}],"about":[{"href":"https:\/\/www.comercialanma.es\/index.php?rest_route=\/wp\/v2\/types\/product"}],"version-history":[{"count":4,"href":"https:\/\/www.comercialanma.es\/index.php?rest_route=\/wp\/v2\/product\/10144\/revisions"}],"predecessor-version":[{"id":22054,"href":"https:\/\/www.comercialanma.es\/index.php?rest_route=\/wp\/v2\/product\/10144\/revisions\/22054"}],"wp:featuredmedia":[{"embeddable":true,"href":"https:\/\/www.comercialanma.es\/index.php?rest_route=\/wp\/v2\/media\/22053"}],"wp:attachment":[{"href":"https:\/\/www.comercialanma.es\/index.php?rest_route=%2Fwp%2Fv2%2Fmedia&parent=10144"}],"curies":[{"name":"wp","href":"https:\/\/api.w.org\/{rel}","templated":true}]}}