
{"id":10183,"date":"2019-08-29T17:52:28","date_gmt":"2019-08-29T15:52:28","guid":{"rendered":"http:\/\/www.comercialanma.es\/?post_type=product&#038;p=10183"},"modified":"2021-02-04T11:10:35","modified_gmt":"2021-02-04T10:10:35","slug":"agusti-torello-mata-gran-reserva-brut-nature-75cl-2","status":"publish","type":"product","link":"https:\/\/www.comercialanma.es\/?product=agusti-torello-mata-gran-reserva-brut-nature-75cl-2","title":{"rendered":"Agust\u00ed Torell\u00f3 Mata Reserva Brut Nature 75cl."},"content":{"rendered":"<h3>D.O.:<\/h3>\n<ul>\n<li>Cava<\/li>\n<\/ul>\n<h3>Variedad:<\/h3>\n<ul>\n<li>Macabeo, Xarel\u00b7lo, Perellada.<\/li>\n<\/ul>\n<h3>Nota de cata:<\/h3>\n<div id=\"tab_cata_2010\">\n<div>\n<ul>\n<li>Vista: Amarillo pajizo p\u00e1lido con reflejos verdosos.<\/li>\n<li>Nariz: Recuerdos de manzana, notas de caramelo y un fondo de hierbas frescas y toques bals\u00e1micos mentolados.<\/li>\n<li>Boca: Elegante y equilibrado, frutal y fresco, con notas de manzana madura y alm\u00edbares. Carb\u00f3nico muy bien integrado, con excelente equilibrio az\u00facar-acidez. Post-gusto largo y delicado.\n<div><\/div>\n<\/li>\n<li>\n<div>Graduaci\u00f3n: 11,5% vol.<\/div>\n<\/li>\n<\/ul>\n<\/div>\n<\/div>\n","protected":false},"excerpt":{"rendered":"<p>Un cava para todas las horas del d\u00eda. Esta es la esencia del Brut Reserva de Agust\u00ed Torell\u00f3 Mata, un cava cl\u00e1sico, fresco y suave que sigue la misma filosof\u00eda marca de la casa: trabajar con las variedades aut\u00f3ctonas y largas crianzas hasta lograr un cava fino y armonioso.<\/p>\n","protected":false},"featured_media":10151,"template":"","meta":{"spay_email":""},"yoast_head":"<!-- This site is optimized with the Yoast SEO plugin v15.9 - https:\/\/yoast.com\/wordpress\/plugins\/seo\/ -->\n<title>Agust\u00ed Torell\u00f3 Mata Reserva Brut Nature 75cl. - Comercial de Hosteleria Anma<\/title>\n<meta name=\"robots\" content=\"index, follow, max-snippet:-1, max-image-preview:large, max-video-preview:-1\" \/>\n<link rel=\"canonical\" href=\"https:\/\/www.comercialanma.es\/?product=agusti-torello-mata-gran-reserva-brut-nature-75cl-2\" \/>\n<meta property=\"og:locale\" content=\"es_ES\" \/>\n<meta property=\"og:type\" content=\"article\" \/>\n<meta property=\"og:title\" content=\"Agust\u00ed Torell\u00f3 Mata Reserva Brut Nature 75cl. - Comercial de Hosteleria Anma\" \/>\n<meta property=\"og:description\" content=\"Un cava para todas las horas del d\u00eda. Esta es la esencia del Brut Reserva de Agust\u00ed Torell\u00f3 Mata, un cava cl\u00e1sico, fresco y suave que sigue la misma filosof\u00eda marca de la casa: trabajar con las variedades aut\u00f3ctonas y largas crianzas hasta lograr un cava fino y armonioso.\" \/>\n<meta property=\"og:url\" content=\"https:\/\/www.comercialanma.es\/?product=agusti-torello-mata-gran-reserva-brut-nature-75cl-2\" \/>\n<meta property=\"og:site_name\" content=\"Comercial de Hosteleria Anma\" \/>\n<meta property=\"article:publisher\" content=\"https:\/\/www.facebook.com\/AnmaHosteleria\" \/>\n<meta property=\"article:modified_time\" content=\"2021-02-04T10:10:35+00:00\" \/>\n<meta property=\"og:image\" content=\"https:\/\/i0.wp.com\/www.comercialanma.es\/wp-content\/uploads\/2019\/08\/Agusti-Torello-Mata-Brut-Nature.jpg?fit=1200%2C1200&#038;ssl=1\" \/>\n\t<meta property=\"og:image:width\" content=\"1200\" \/>\n\t<meta property=\"og:image:height\" content=\"1200\" \/>\n<meta name=\"twitter:card\" content=\"summary_large_image\" \/>\n<script type=\"application\/ld+json\" class=\"yoast-schema-graph\">{\"@context\":\"https:\/\/schema.org\",\"@graph\":[{\"@type\":\"Organization\",\"@id\":\"https:\/\/www.comercialanma.es\/#organization\",\"name\":\"Comercial Anma\",\"url\":\"https:\/\/www.comercialanma.es\/\",\"sameAs\":[\"https:\/\/www.facebook.com\/AnmaHosteleria\",\"https:\/\/www.instagram.com\/anmahosteleria\/?hl=es\",\"https:\/\/www.youtube.com\/channel\/UCT2nmn08Ntks0hmpZPnDgCA\"],\"logo\":{\"@type\":\"ImageObject\",\"@id\":\"https:\/\/www.comercialanma.es\/#logo\",\"inLanguage\":\"es\",\"url\":\"https:\/\/i2.wp.com\/www.comercialanma.es\/wp-content\/uploads\/2019\/06\/logo-anma-color.png?fit=247%2C101&ssl=1\",\"width\":247,\"height\":101,\"caption\":\"Comercial Anma\"},\"image\":{\"@id\":\"https:\/\/www.comercialanma.es\/#logo\"}},{\"@type\":\"WebSite\",\"@id\":\"https:\/\/www.comercialanma.es\/#website\",\"url\":\"https:\/\/www.comercialanma.es\/\",\"name\":\"Comercial de Hosteleria Anma\",\"description\":\"\",\"publisher\":{\"@id\":\"https:\/\/www.comercialanma.es\/#organization\"},\"potentialAction\":[{\"@type\":\"SearchAction\",\"target\":\"https:\/\/www.comercialanma.es\/?s={search_term_string}\",\"query-input\":\"required name=search_term_string\"}],\"inLanguage\":\"es\"},{\"@type\":\"ImageObject\",\"@id\":\"https:\/\/www.comercialanma.es\/?product=agusti-torello-mata-gran-reserva-brut-nature-75cl-2#primaryimage\",\"inLanguage\":\"es\",\"url\":\"https:\/\/i0.wp.com\/www.comercialanma.es\/wp-content\/uploads\/2019\/08\/Agusti-Torello-Mata-Brut-Nature.jpg?fit=1200%2C1200&ssl=1\",\"width\":1200,\"height\":1200},{\"@type\":\"WebPage\",\"@id\":\"https:\/\/www.comercialanma.es\/?product=agusti-torello-mata-gran-reserva-brut-nature-75cl-2#webpage\",\"url\":\"https:\/\/www.comercialanma.es\/?product=agusti-torello-mata-gran-reserva-brut-nature-75cl-2\",\"name\":\"Agust\\u00ed Torell\\u00f3 Mata Reserva Brut Nature 75cl. - Comercial de Hosteleria Anma\",\"isPartOf\":{\"@id\":\"https:\/\/www.comercialanma.es\/#website\"},\"primaryImageOfPage\":{\"@id\":\"https:\/\/www.comercialanma.es\/?product=agusti-torello-mata-gran-reserva-brut-nature-75cl-2#primaryimage\"},\"datePublished\":\"2019-08-29T15:52:28+00:00\",\"dateModified\":\"2021-02-04T10:10:35+00:00\",\"breadcrumb\":{\"@id\":\"https:\/\/www.comercialanma.es\/?product=agusti-torello-mata-gran-reserva-brut-nature-75cl-2#breadcrumb\"},\"inLanguage\":\"es\",\"potentialAction\":[{\"@type\":\"ReadAction\",\"target\":[\"https:\/\/www.comercialanma.es\/?product=agusti-torello-mata-gran-reserva-brut-nature-75cl-2\"]}]},{\"@type\":\"BreadcrumbList\",\"@id\":\"https:\/\/www.comercialanma.es\/?product=agusti-torello-mata-gran-reserva-brut-nature-75cl-2#breadcrumb\",\"itemListElement\":[{\"@type\":\"ListItem\",\"position\":1,\"item\":{\"@type\":\"WebPage\",\"@id\":\"https:\/\/www.comercialanma.es\/\",\"url\":\"https:\/\/www.comercialanma.es\/\",\"name\":\"Portada\"}},{\"@type\":\"ListItem\",\"position\":2,\"item\":{\"@type\":\"WebPage\",\"@id\":\"https:\/\/www.comercialanma.es\/?page_id=3963\",\"url\":\"https:\/\/www.comercialanma.es\/?page_id=3963\",\"name\":\"Cat\\u00e1logo de Productos\"}},{\"@type\":\"ListItem\",\"position\":3,\"item\":{\"@type\":\"WebPage\",\"@id\":\"https:\/\/www.comercialanma.es\/?product=agusti-torello-mata-gran-reserva-brut-nature-75cl-2\",\"url\":\"https:\/\/www.comercialanma.es\/?product=agusti-torello-mata-gran-reserva-brut-nature-75cl-2\",\"name\":\"Agust\\u00ed Torell\\u00f3 Mata Reserva Brut Nature 75cl.\"}}]}]}<\/script>\n<!-- \/ Yoast SEO plugin. -->","_links":{"self":[{"href":"https:\/\/www.comercialanma.es\/index.php?rest_route=\/wp\/v2\/product\/10183"}],"collection":[{"href":"https:\/\/www.comercialanma.es\/index.php?rest_route=\/wp\/v2\/product"}],"about":[{"href":"https:\/\/www.comercialanma.es\/index.php?rest_route=\/wp\/v2\/types\/product"}],"version-history":[{"count":3,"href":"https:\/\/www.comercialanma.es\/index.php?rest_route=\/wp\/v2\/product\/10183\/revisions"}],"predecessor-version":[{"id":15272,"href":"https:\/\/www.comercialanma.es\/index.php?rest_route=\/wp\/v2\/product\/10183\/revisions\/15272"}],"wp:featuredmedia":[{"embeddable":true,"href":"https:\/\/www.comercialanma.es\/index.php?rest_route=\/wp\/v2\/media\/10151"}],"wp:attachment":[{"href":"https:\/\/www.comercialanma.es\/index.php?rest_route=%2Fwp%2Fv2%2Fmedia&parent=10183"}],"curies":[{"name":"wp","href":"https:\/\/api.w.org\/{rel}","templated":true}]}}