
{"id":10188,"date":"2019-08-30T08:30:33","date_gmt":"2019-08-30T06:30:33","guid":{"rendered":"http:\/\/www.comercialanma.es\/?post_type=product&#038;p=10188"},"modified":"2021-12-13T17:48:36","modified_gmt":"2021-12-13T16:48:36","slug":"3-lustros","status":"publish","type":"product","link":"https:\/\/www.comercialanma.es\/?product=3-lustros","title":{"rendered":"Gramona Brut Nature III Lustros Estuchado 75cl."},"content":{"rendered":"<h3>D.O.:<\/h3>\n<ul>\n<li>Corpinnat<\/li>\n<\/ul>\n<h3>Variedad:<\/h3>\n<ul>\n<li>Macabeo, Xarel\u00b7lo.<\/li>\n<\/ul>\n<h3>Nota de cata:<\/h3>\n<div id=\"description\">\n<div class=\"description-container\">\n<ul>\n<li class=\"content\">Vista: Color pajizo de ribetes dorados.<\/li>\n<li class=\"content\">Nariz: Buena intensidad y gran expresividad en nariz. Fruta de hueso madura &#8211; melocot\u00f3n, albaricoque- manzanas. Hierbas mediterr\u00e1neas &#8211; romero, tomillo &#8211; Flores ajadas, champi\u00f1\u00f3n, musgo. Pronunciadas notas de crianza, frutos secos &#8211; avellanas, nueces &#8211; corteza de pan tostado, caf\u00e9 y notas especiadas.<\/li>\n<li>Boca: En boca entrada contundente, de gran estructura a su paso por el paladar. Burbujas fin\u00edsimas que se funden en el vino dejando una textura aterciopelada. Gran frescura y verticalidad, con un final de boca de sensaciones minerales.<\/li>\n<li>Graduaci\u00f3n: 12% vol.<\/li>\n<\/ul>\n<\/div>\n<\/div>\n","protected":false},"excerpt":{"rendered":"<p>Gramona III Lustros Gran Reserva Brut Nature\u00a0es un\u00a0espumoso de Corpinnat\u00a0elaborado por la bodega\u00a0Gramona\u00a0que se encuentra en\u00a0Sant Sadurn\u00ed d&#8217;Anoia. Se trata de una bodega familiar que lleva dedic\u00e1ndose a la elaboraci\u00f3n de vinos y espumosos m\u00e1s de 120 a\u00f1os.<\/p>\n","protected":false},"featured_media":20023,"template":"","meta":{"spay_email":""},"yoast_head":"<!-- This site is optimized with the Yoast SEO plugin v15.9 - https:\/\/yoast.com\/wordpress\/plugins\/seo\/ -->\n<title>Gramona Brut Nature III Lustros Estuchado 75cl. - Comercial de Hosteleria Anma<\/title>\n<meta name=\"description\" content=\"Gramona Brut Nature III Lustros Estuchado | 75cl. | Se trata de un vino plenamente gastron\u00f3mico. Estructura, cremosidad y frescura.\" \/>\n<meta name=\"robots\" content=\"index, follow, max-snippet:-1, max-image-preview:large, max-video-preview:-1\" \/>\n<link rel=\"canonical\" href=\"https:\/\/www.comercialanma.es\/?product=3-lustros\" \/>\n<meta property=\"og:locale\" content=\"es_ES\" \/>\n<meta property=\"og:type\" content=\"article\" \/>\n<meta property=\"og:title\" content=\"Gramona Brut Nature III Lustros Estuchado 75cl. - Comercial de Hosteleria Anma\" \/>\n<meta property=\"og:description\" content=\"Gramona Brut Nature III Lustros Estuchado | 75cl. | Se trata de un vino plenamente gastron\u00f3mico. Estructura, cremosidad y frescura.\" \/>\n<meta property=\"og:url\" content=\"https:\/\/www.comercialanma.es\/?product=3-lustros\" \/>\n<meta property=\"og:site_name\" content=\"Comercial de Hosteleria Anma\" \/>\n<meta property=\"article:publisher\" content=\"https:\/\/www.facebook.com\/AnmaHosteleria\" \/>\n<meta property=\"article:modified_time\" content=\"2021-12-13T16:48:36+00:00\" \/>\n<meta property=\"og:image\" content=\"https:\/\/i1.wp.com\/www.comercialanma.es\/wp-content\/uploads\/2019\/08\/Gramona-III-lustros-caja.jpg?fit=1080%2C1080&#038;ssl=1\" \/>\n\t<meta property=\"og:image:width\" content=\"1080\" \/>\n\t<meta property=\"og:image:height\" content=\"1080\" \/>\n<meta name=\"twitter:card\" content=\"summary_large_image\" \/>\n<meta name=\"twitter:label1\" content=\"Tiempo de lectura\">\n\t<meta name=\"twitter:data1\" content=\"1 minuto\">\n<script type=\"application\/ld+json\" class=\"yoast-schema-graph\">{\"@context\":\"https:\/\/schema.org\",\"@graph\":[{\"@type\":\"Organization\",\"@id\":\"https:\/\/www.comercialanma.es\/#organization\",\"name\":\"Comercial Anma\",\"url\":\"https:\/\/www.comercialanma.es\/\",\"sameAs\":[\"https:\/\/www.facebook.com\/AnmaHosteleria\",\"https:\/\/www.instagram.com\/anmahosteleria\/?hl=es\",\"https:\/\/www.youtube.com\/channel\/UCT2nmn08Ntks0hmpZPnDgCA\"],\"logo\":{\"@type\":\"ImageObject\",\"@id\":\"https:\/\/www.comercialanma.es\/#logo\",\"inLanguage\":\"es\",\"url\":\"https:\/\/i2.wp.com\/www.comercialanma.es\/wp-content\/uploads\/2019\/06\/logo-anma-color.png?fit=247%2C101&ssl=1\",\"width\":247,\"height\":101,\"caption\":\"Comercial Anma\"},\"image\":{\"@id\":\"https:\/\/www.comercialanma.es\/#logo\"}},{\"@type\":\"WebSite\",\"@id\":\"https:\/\/www.comercialanma.es\/#website\",\"url\":\"https:\/\/www.comercialanma.es\/\",\"name\":\"Comercial de Hosteleria Anma\",\"description\":\"\",\"publisher\":{\"@id\":\"https:\/\/www.comercialanma.es\/#organization\"},\"potentialAction\":[{\"@type\":\"SearchAction\",\"target\":\"https:\/\/www.comercialanma.es\/?s={search_term_string}\",\"query-input\":\"required name=search_term_string\"}],\"inLanguage\":\"es\"},{\"@type\":\"ImageObject\",\"@id\":\"https:\/\/www.comercialanma.es\/?product=3-lustros#primaryimage\",\"inLanguage\":\"es\",\"url\":\"https:\/\/i1.wp.com\/www.comercialanma.es\/wp-content\/uploads\/2019\/08\/Gramona-III-lustros-caja.jpg?fit=1080%2C1080&ssl=1\",\"width\":1080,\"height\":1080},{\"@type\":\"WebPage\",\"@id\":\"https:\/\/www.comercialanma.es\/?product=3-lustros#webpage\",\"url\":\"https:\/\/www.comercialanma.es\/?product=3-lustros\",\"name\":\"Gramona Brut Nature III Lustros Estuchado 75cl. - Comercial de Hosteleria Anma\",\"isPartOf\":{\"@id\":\"https:\/\/www.comercialanma.es\/#website\"},\"primaryImageOfPage\":{\"@id\":\"https:\/\/www.comercialanma.es\/?product=3-lustros#primaryimage\"},\"datePublished\":\"2019-08-30T06:30:33+00:00\",\"dateModified\":\"2021-12-13T16:48:36+00:00\",\"description\":\"Gramona Brut Nature III Lustros Estuchado | 75cl. | Se trata de un vino plenamente gastron\\u00f3mico. Estructura, cremosidad y frescura.\",\"breadcrumb\":{\"@id\":\"https:\/\/www.comercialanma.es\/?product=3-lustros#breadcrumb\"},\"inLanguage\":\"es\",\"potentialAction\":[{\"@type\":\"ReadAction\",\"target\":[\"https:\/\/www.comercialanma.es\/?product=3-lustros\"]}]},{\"@type\":\"BreadcrumbList\",\"@id\":\"https:\/\/www.comercialanma.es\/?product=3-lustros#breadcrumb\",\"itemListElement\":[{\"@type\":\"ListItem\",\"position\":1,\"item\":{\"@type\":\"WebPage\",\"@id\":\"https:\/\/www.comercialanma.es\/\",\"url\":\"https:\/\/www.comercialanma.es\/\",\"name\":\"Portada\"}},{\"@type\":\"ListItem\",\"position\":2,\"item\":{\"@type\":\"WebPage\",\"@id\":\"https:\/\/www.comercialanma.es\/?page_id=3963\",\"url\":\"https:\/\/www.comercialanma.es\/?page_id=3963\",\"name\":\"Cat\\u00e1logo de Productos\"}},{\"@type\":\"ListItem\",\"position\":3,\"item\":{\"@type\":\"WebPage\",\"@id\":\"https:\/\/www.comercialanma.es\/?product=3-lustros\",\"url\":\"https:\/\/www.comercialanma.es\/?product=3-lustros\",\"name\":\"Gramona Brut Nature III Lustros Estuchado 75cl.\"}}]}]}<\/script>\n<!-- \/ Yoast SEO plugin. -->","_links":{"self":[{"href":"https:\/\/www.comercialanma.es\/index.php?rest_route=\/wp\/v2\/product\/10188"}],"collection":[{"href":"https:\/\/www.comercialanma.es\/index.php?rest_route=\/wp\/v2\/product"}],"about":[{"href":"https:\/\/www.comercialanma.es\/index.php?rest_route=\/wp\/v2\/types\/product"}],"version-history":[{"count":4,"href":"https:\/\/www.comercialanma.es\/index.php?rest_route=\/wp\/v2\/product\/10188\/revisions"}],"predecessor-version":[{"id":20025,"href":"https:\/\/www.comercialanma.es\/index.php?rest_route=\/wp\/v2\/product\/10188\/revisions\/20025"}],"wp:featuredmedia":[{"embeddable":true,"href":"https:\/\/www.comercialanma.es\/index.php?rest_route=\/wp\/v2\/media\/20023"}],"wp:attachment":[{"href":"https:\/\/www.comercialanma.es\/index.php?rest_route=%2Fwp%2Fv2%2Fmedia&parent=10188"}],"curies":[{"name":"wp","href":"https:\/\/api.w.org\/{rel}","templated":true}]}}