
{"id":10202,"date":"2019-08-30T09:10:42","date_gmt":"2019-08-30T07:10:42","guid":{"rendered":"http:\/\/www.comercialanma.es\/?post_type=product&#038;p=10202"},"modified":"2022-07-27T17:47:32","modified_gmt":"2022-07-27T15:47:32","slug":"gramona-imperial-brut-magnum-15l","status":"publish","type":"product","link":"https:\/\/www.comercialanma.es\/?product=gramona-imperial-brut-magnum-15l","title":{"rendered":"Gramona Imperial Brut Magnum 1,5L."},"content":{"rendered":"<h3>D.O.:<\/h3>\n<ul>\n<li>Corpinnat<\/li>\n<\/ul>\n<h3>Variedad:<\/h3>\n<ul>\n<li>Macabeo, Xarel\u00b7lo, Chardonnay.<\/li>\n<\/ul>\n<h3>Nota de cata:<\/h3>\n<ul>\n<li class=\"content\">Vista: Amarillo p\u00e1lido reflejos pajizos.<\/li>\n<li class=\"content\">Nariz: Intenso, destaca la fruta blanca madura, manzana, melocot\u00f3n de vi\u00f1a. Notas c\u00edtricas de piel del lim\u00f3n. Tonos anisados, hinojo, Recuerdos de trigo. Mantequilla, brioche. La oxigenaci\u00f3n potencia los aromas maduros tarta de manzana, mazap\u00e1n, yema tostada.<\/li>\n<li>Boca: Notable entrada en boca, amplio a su paso, vivaz y refrescante, de burbujas finas y cremosas. Notas de compota de la fruta madura y panader\u00eda. Un cava que a\u00f1o tras a\u00f1o demuestra su personalidad y finura.<\/li>\n<li>Graduaci\u00f3n: 12% vol.<\/li>\n<\/ul>\n","protected":false},"excerpt":{"rendered":"<p>Gramona Imperial Gran Reserva Brut es un espumoso elaborado por la bodega Gramona de Corpinnat. La bodega se encuentra en Sant Sadurn\u00ed d&#8217;Anoia (Barcelona).<\/p>\n","protected":false},"featured_media":21762,"template":"","meta":{"spay_email":""},"yoast_head":"<!-- This site is optimized with the Yoast SEO plugin v15.9 - https:\/\/yoast.com\/wordpress\/plugins\/seo\/ -->\n<title>Gramona Imperial Brut Magnum 1,5L. - Comercial de Hosteleria Anma<\/title>\n<meta name=\"robots\" content=\"index, follow, max-snippet:-1, max-image-preview:large, max-video-preview:-1\" \/>\n<link rel=\"canonical\" href=\"https:\/\/www.comercialanma.es\/?product=gramona-imperial-brut-magnum-15l\" \/>\n<meta property=\"og:locale\" content=\"es_ES\" \/>\n<meta property=\"og:type\" content=\"article\" \/>\n<meta property=\"og:title\" content=\"Gramona Imperial Brut Magnum 1,5L. - Comercial de Hosteleria Anma\" \/>\n<meta property=\"og:description\" content=\"Gramona Imperial Gran Reserva Brut es un espumoso elaborado por la bodega Gramona de Corpinnat. La bodega se encuentra en Sant Sadurn\u00ed d&#039;Anoia (Barcelona).\" \/>\n<meta property=\"og:url\" content=\"https:\/\/www.comercialanma.es\/?product=gramona-imperial-brut-magnum-15l\" \/>\n<meta property=\"og:site_name\" content=\"Comercial de Hosteleria Anma\" \/>\n<meta property=\"article:publisher\" content=\"https:\/\/www.facebook.com\/AnmaHosteleria\" \/>\n<meta property=\"article:modified_time\" content=\"2022-07-27T15:47:32+00:00\" \/>\n<meta property=\"og:image\" content=\"https:\/\/i1.wp.com\/www.comercialanma.es\/wp-content\/uploads\/2019\/08\/gramona-imperial-magnum.jpg?fit=1080%2C1080&#038;ssl=1\" \/>\n\t<meta property=\"og:image:width\" content=\"1080\" \/>\n\t<meta property=\"og:image:height\" content=\"1080\" \/>\n<meta name=\"twitter:card\" content=\"summary_large_image\" \/>\n<meta name=\"twitter:label1\" content=\"Tiempo de lectura\">\n\t<meta name=\"twitter:data1\" content=\"1 minuto\">\n<script type=\"application\/ld+json\" class=\"yoast-schema-graph\">{\"@context\":\"https:\/\/schema.org\",\"@graph\":[{\"@type\":\"Organization\",\"@id\":\"https:\/\/www.comercialanma.es\/#organization\",\"name\":\"Comercial Anma\",\"url\":\"https:\/\/www.comercialanma.es\/\",\"sameAs\":[\"https:\/\/www.facebook.com\/AnmaHosteleria\",\"https:\/\/www.instagram.com\/anmahosteleria\/?hl=es\",\"https:\/\/www.youtube.com\/channel\/UCT2nmn08Ntks0hmpZPnDgCA\"],\"logo\":{\"@type\":\"ImageObject\",\"@id\":\"https:\/\/www.comercialanma.es\/#logo\",\"inLanguage\":\"es\",\"url\":\"https:\/\/i2.wp.com\/www.comercialanma.es\/wp-content\/uploads\/2019\/06\/logo-anma-color.png?fit=247%2C101&ssl=1\",\"width\":247,\"height\":101,\"caption\":\"Comercial Anma\"},\"image\":{\"@id\":\"https:\/\/www.comercialanma.es\/#logo\"}},{\"@type\":\"WebSite\",\"@id\":\"https:\/\/www.comercialanma.es\/#website\",\"url\":\"https:\/\/www.comercialanma.es\/\",\"name\":\"Comercial de Hosteleria Anma\",\"description\":\"\",\"publisher\":{\"@id\":\"https:\/\/www.comercialanma.es\/#organization\"},\"potentialAction\":[{\"@type\":\"SearchAction\",\"target\":\"https:\/\/www.comercialanma.es\/?s={search_term_string}\",\"query-input\":\"required name=search_term_string\"}],\"inLanguage\":\"es\"},{\"@type\":\"ImageObject\",\"@id\":\"https:\/\/www.comercialanma.es\/?product=gramona-imperial-brut-magnum-15l#primaryimage\",\"inLanguage\":\"es\",\"url\":\"https:\/\/i1.wp.com\/www.comercialanma.es\/wp-content\/uploads\/2019\/08\/gramona-imperial-magnum.jpg?fit=1080%2C1080&ssl=1\",\"width\":1080,\"height\":1080},{\"@type\":\"WebPage\",\"@id\":\"https:\/\/www.comercialanma.es\/?product=gramona-imperial-brut-magnum-15l#webpage\",\"url\":\"https:\/\/www.comercialanma.es\/?product=gramona-imperial-brut-magnum-15l\",\"name\":\"Gramona Imperial Brut Magnum 1,5L. - Comercial de Hosteleria Anma\",\"isPartOf\":{\"@id\":\"https:\/\/www.comercialanma.es\/#website\"},\"primaryImageOfPage\":{\"@id\":\"https:\/\/www.comercialanma.es\/?product=gramona-imperial-brut-magnum-15l#primaryimage\"},\"datePublished\":\"2019-08-30T07:10:42+00:00\",\"dateModified\":\"2022-07-27T15:47:32+00:00\",\"breadcrumb\":{\"@id\":\"https:\/\/www.comercialanma.es\/?product=gramona-imperial-brut-magnum-15l#breadcrumb\"},\"inLanguage\":\"es\",\"potentialAction\":[{\"@type\":\"ReadAction\",\"target\":[\"https:\/\/www.comercialanma.es\/?product=gramona-imperial-brut-magnum-15l\"]}]},{\"@type\":\"BreadcrumbList\",\"@id\":\"https:\/\/www.comercialanma.es\/?product=gramona-imperial-brut-magnum-15l#breadcrumb\",\"itemListElement\":[{\"@type\":\"ListItem\",\"position\":1,\"item\":{\"@type\":\"WebPage\",\"@id\":\"https:\/\/www.comercialanma.es\/\",\"url\":\"https:\/\/www.comercialanma.es\/\",\"name\":\"Portada\"}},{\"@type\":\"ListItem\",\"position\":2,\"item\":{\"@type\":\"WebPage\",\"@id\":\"https:\/\/www.comercialanma.es\/?page_id=3963\",\"url\":\"https:\/\/www.comercialanma.es\/?page_id=3963\",\"name\":\"Cat\\u00e1logo de Productos\"}},{\"@type\":\"ListItem\",\"position\":3,\"item\":{\"@type\":\"WebPage\",\"@id\":\"https:\/\/www.comercialanma.es\/?product=gramona-imperial-brut-magnum-15l\",\"url\":\"https:\/\/www.comercialanma.es\/?product=gramona-imperial-brut-magnum-15l\",\"name\":\"Gramona Imperial Brut Magnum 1,5L.\"}}]}]}<\/script>\n<!-- \/ Yoast SEO plugin. -->","_links":{"self":[{"href":"https:\/\/www.comercialanma.es\/index.php?rest_route=\/wp\/v2\/product\/10202"}],"collection":[{"href":"https:\/\/www.comercialanma.es\/index.php?rest_route=\/wp\/v2\/product"}],"about":[{"href":"https:\/\/www.comercialanma.es\/index.php?rest_route=\/wp\/v2\/types\/product"}],"version-history":[{"count":3,"href":"https:\/\/www.comercialanma.es\/index.php?rest_route=\/wp\/v2\/product\/10202\/revisions"}],"predecessor-version":[{"id":20030,"href":"https:\/\/www.comercialanma.es\/index.php?rest_route=\/wp\/v2\/product\/10202\/revisions\/20030"}],"wp:featuredmedia":[{"embeddable":true,"href":"https:\/\/www.comercialanma.es\/index.php?rest_route=\/wp\/v2\/media\/21762"}],"wp:attachment":[{"href":"https:\/\/www.comercialanma.es\/index.php?rest_route=%2Fwp%2Fv2%2Fmedia&parent=10202"}],"curies":[{"name":"wp","href":"https:\/\/api.w.org\/{rel}","templated":true}]}}