
{"id":10207,"date":"2019-08-30T09:16:37","date_gmt":"2019-08-30T07:16:37","guid":{"rendered":"http:\/\/www.comercialanma.es\/?post_type=product&#038;p=10207"},"modified":"2021-12-13T17:52:13","modified_gmt":"2021-12-13T16:52:13","slug":"gramona-argent-brut-reserva-estuche-75cl","status":"publish","type":"product","link":"https:\/\/www.comercialanma.es\/?product=gramona-argent-brut-reserva-estuche-75cl","title":{"rendered":"Gramona Argent Brut Reserva Estuche 75cl."},"content":{"rendered":"<h3>D.O.:<\/h3>\n<ul>\n<li>Corpinnat<\/li>\n<\/ul>\n<h3>Variedad:<\/h3>\n<ul>\n<li>Chardonnay.<\/li>\n<\/ul>\n<h3>Nota de cata:<\/h3>\n<div id=\"description\">\n<div class=\"description-container\">\n<ul>\n<li class=\"content\">De color amarillo p\u00e1lido con reflejos dorados y destellos verdosos.<\/li>\n<li class=\"content\">Arom\u00e1ticamente, este cava brut Gramona Argent, es elegante y muy sutil, donde la fruta blanca bien madura, como peras, lichis y pulpa de albaricoques est\u00e1n en un baile constante con notas florales, c\u00edtricos frescos, recuerdos de boller\u00eda fina y sutiles toques herb\u00e1ceos<\/li>\n<li>Su entrada en boca es fresca y muy agradable. con un paso voluminoso, cremosos y amplio. Con una acidez viva y un carb\u00f3nico perfectamente integrado de tacto aterciopelado.<\/li>\n<li>Graduaci\u00f3n: 11,5% vol.<\/li>\n<\/ul>\n<\/div>\n<\/div>\n","protected":false},"excerpt":{"rendered":"<p>Gramona fue fundada en el a\u00f1o 1881 en Sant Sadurn\u00ed d&#8217;Anoia, el epicentro de la D.O. Cava. Despu\u00e9s de m\u00e1s de 130 a\u00f1os de experiencia elaborando tanto cavas como vinos, actualmente se encuentra al mando del negocio la quinta generaci\u00f3n, que sigue manteniendo la tradici\u00f3n familiar y la filosof\u00eda a partir de la cual han enfocado el trabajo en la bodega a lo largo de los a\u00f1os.<\/p>\n","protected":false},"featured_media":10208,"template":"","meta":{"spay_email":""},"yoast_head":"<!-- This site is optimized with the Yoast SEO plugin v15.9 - https:\/\/yoast.com\/wordpress\/plugins\/seo\/ -->\n<title>Gramona Argent Brut Reserva Estuche 75cl. - Comercial de Hosteleria Anma<\/title>\n<meta name=\"robots\" content=\"index, follow, max-snippet:-1, max-image-preview:large, max-video-preview:-1\" \/>\n<link rel=\"canonical\" href=\"https:\/\/www.comercialanma.es\/?product=gramona-argent-brut-reserva-estuche-75cl\" \/>\n<meta property=\"og:locale\" content=\"es_ES\" \/>\n<meta property=\"og:type\" content=\"article\" \/>\n<meta property=\"og:title\" content=\"Gramona Argent Brut Reserva Estuche 75cl. - Comercial de Hosteleria Anma\" \/>\n<meta property=\"og:description\" content=\"Gramona fue fundada en el a\u00f1o 1881 en Sant Sadurn\u00ed d&#039;Anoia, el epicentro de la D.O. Cava. Despu\u00e9s de m\u00e1s de 130 a\u00f1os de experiencia elaborando tanto cavas como vinos, actualmente se encuentra al mando del negocio la quinta generaci\u00f3n, que sigue manteniendo la tradici\u00f3n familiar y la filosof\u00eda a partir de la cual han enfocado el trabajo en la bodega a lo largo de los a\u00f1os.\" \/>\n<meta property=\"og:url\" content=\"https:\/\/www.comercialanma.es\/?product=gramona-argent-brut-reserva-estuche-75cl\" \/>\n<meta property=\"og:site_name\" content=\"Comercial de Hosteleria Anma\" \/>\n<meta property=\"article:publisher\" content=\"https:\/\/www.facebook.com\/AnmaHosteleria\" \/>\n<meta property=\"article:modified_time\" content=\"2021-12-13T16:52:13+00:00\" \/>\n<meta property=\"og:image\" content=\"https:\/\/i1.wp.com\/www.comercialanma.es\/wp-content\/uploads\/2019\/08\/Gramona-Argent-Brut-Reserva.jpg?fit=1200%2C1200&#038;ssl=1\" \/>\n\t<meta property=\"og:image:width\" content=\"1200\" \/>\n\t<meta property=\"og:image:height\" content=\"1200\" \/>\n<meta name=\"twitter:card\" content=\"summary_large_image\" \/>\n<script type=\"application\/ld+json\" class=\"yoast-schema-graph\">{\"@context\":\"https:\/\/schema.org\",\"@graph\":[{\"@type\":\"Organization\",\"@id\":\"https:\/\/www.comercialanma.es\/#organization\",\"name\":\"Comercial Anma\",\"url\":\"https:\/\/www.comercialanma.es\/\",\"sameAs\":[\"https:\/\/www.facebook.com\/AnmaHosteleria\",\"https:\/\/www.instagram.com\/anmahosteleria\/?hl=es\",\"https:\/\/www.youtube.com\/channel\/UCT2nmn08Ntks0hmpZPnDgCA\"],\"logo\":{\"@type\":\"ImageObject\",\"@id\":\"https:\/\/www.comercialanma.es\/#logo\",\"inLanguage\":\"es\",\"url\":\"https:\/\/i2.wp.com\/www.comercialanma.es\/wp-content\/uploads\/2019\/06\/logo-anma-color.png?fit=247%2C101&ssl=1\",\"width\":247,\"height\":101,\"caption\":\"Comercial Anma\"},\"image\":{\"@id\":\"https:\/\/www.comercialanma.es\/#logo\"}},{\"@type\":\"WebSite\",\"@id\":\"https:\/\/www.comercialanma.es\/#website\",\"url\":\"https:\/\/www.comercialanma.es\/\",\"name\":\"Comercial de Hosteleria Anma\",\"description\":\"\",\"publisher\":{\"@id\":\"https:\/\/www.comercialanma.es\/#organization\"},\"potentialAction\":[{\"@type\":\"SearchAction\",\"target\":\"https:\/\/www.comercialanma.es\/?s={search_term_string}\",\"query-input\":\"required name=search_term_string\"}],\"inLanguage\":\"es\"},{\"@type\":\"ImageObject\",\"@id\":\"https:\/\/www.comercialanma.es\/?product=gramona-argent-brut-reserva-estuche-75cl#primaryimage\",\"inLanguage\":\"es\",\"url\":\"https:\/\/i1.wp.com\/www.comercialanma.es\/wp-content\/uploads\/2019\/08\/Gramona-Argent-Brut-Reserva.jpg?fit=1200%2C1200&ssl=1\",\"width\":1200,\"height\":1200},{\"@type\":\"WebPage\",\"@id\":\"https:\/\/www.comercialanma.es\/?product=gramona-argent-brut-reserva-estuche-75cl#webpage\",\"url\":\"https:\/\/www.comercialanma.es\/?product=gramona-argent-brut-reserva-estuche-75cl\",\"name\":\"Gramona Argent Brut Reserva Estuche 75cl. - Comercial de Hosteleria Anma\",\"isPartOf\":{\"@id\":\"https:\/\/www.comercialanma.es\/#website\"},\"primaryImageOfPage\":{\"@id\":\"https:\/\/www.comercialanma.es\/?product=gramona-argent-brut-reserva-estuche-75cl#primaryimage\"},\"datePublished\":\"2019-08-30T07:16:37+00:00\",\"dateModified\":\"2021-12-13T16:52:13+00:00\",\"breadcrumb\":{\"@id\":\"https:\/\/www.comercialanma.es\/?product=gramona-argent-brut-reserva-estuche-75cl#breadcrumb\"},\"inLanguage\":\"es\",\"potentialAction\":[{\"@type\":\"ReadAction\",\"target\":[\"https:\/\/www.comercialanma.es\/?product=gramona-argent-brut-reserva-estuche-75cl\"]}]},{\"@type\":\"BreadcrumbList\",\"@id\":\"https:\/\/www.comercialanma.es\/?product=gramona-argent-brut-reserva-estuche-75cl#breadcrumb\",\"itemListElement\":[{\"@type\":\"ListItem\",\"position\":1,\"item\":{\"@type\":\"WebPage\",\"@id\":\"https:\/\/www.comercialanma.es\/\",\"url\":\"https:\/\/www.comercialanma.es\/\",\"name\":\"Portada\"}},{\"@type\":\"ListItem\",\"position\":2,\"item\":{\"@type\":\"WebPage\",\"@id\":\"https:\/\/www.comercialanma.es\/?page_id=3963\",\"url\":\"https:\/\/www.comercialanma.es\/?page_id=3963\",\"name\":\"Cat\\u00e1logo de Productos\"}},{\"@type\":\"ListItem\",\"position\":3,\"item\":{\"@type\":\"WebPage\",\"@id\":\"https:\/\/www.comercialanma.es\/?product=gramona-argent-brut-reserva-estuche-75cl\",\"url\":\"https:\/\/www.comercialanma.es\/?product=gramona-argent-brut-reserva-estuche-75cl\",\"name\":\"Gramona Argent Brut Reserva Estuche 75cl.\"}}]}]}<\/script>\n<!-- \/ Yoast SEO plugin. -->","_links":{"self":[{"href":"https:\/\/www.comercialanma.es\/index.php?rest_route=\/wp\/v2\/product\/10207"}],"collection":[{"href":"https:\/\/www.comercialanma.es\/index.php?rest_route=\/wp\/v2\/product"}],"about":[{"href":"https:\/\/www.comercialanma.es\/index.php?rest_route=\/wp\/v2\/types\/product"}],"version-history":[{"count":4,"href":"https:\/\/www.comercialanma.es\/index.php?rest_route=\/wp\/v2\/product\/10207\/revisions"}],"predecessor-version":[{"id":20028,"href":"https:\/\/www.comercialanma.es\/index.php?rest_route=\/wp\/v2\/product\/10207\/revisions\/20028"}],"wp:featuredmedia":[{"embeddable":true,"href":"https:\/\/www.comercialanma.es\/index.php?rest_route=\/wp\/v2\/media\/10208"}],"wp:attachment":[{"href":"https:\/\/www.comercialanma.es\/index.php?rest_route=%2Fwp%2Fv2%2Fmedia&parent=10207"}],"curies":[{"name":"wp","href":"https:\/\/api.w.org\/{rel}","templated":true}]}}