
{"id":10219,"date":"2019-08-30T09:52:19","date_gmt":"2019-08-30T07:52:19","guid":{"rendered":"http:\/\/www.comercialanma.es\/?post_type=product&#038;p=10219"},"modified":"2021-12-13T17:51:13","modified_gmt":"2021-12-13T16:51:13","slug":"gramona-argent-rose-75cl","status":"publish","type":"product","link":"https:\/\/www.comercialanma.es\/?product=gramona-argent-rose-75cl","title":{"rendered":"Gramona Argent Ros\u00e9 75cl."},"content":{"rendered":"<h3>D.O.:<\/h3>\n<ul>\n<li>Corpinnat<\/li>\n<\/ul>\n<h3>Variedad:<\/h3>\n<ul>\n<li>Pinot Noir.<\/li>\n<\/ul>\n<h3>Nota de cata:<\/h3>\n<ul>\n<li>Vista: sorprende su color casi pajizo de tenues reflejos piel de cebolla.<\/li>\n<li>Nariz: Un perfil fuera de lo com\u00fan, que va desde la sutileza a la complejidad. Evidente espectro florar \u2013 amapolas, rosas rojas frescas\u2013 . Frutos rojos \u2013 fresillas silvestres, ar\u00e1ndanos, grosellas &#8211; . Las notas de la crianza se funden en forma de crema pastelera, mantequilla y hojaldres. Una nota de tiza se fija en el fondo del conjunto.<\/li>\n<li>Boca: Entrada muy fresca, a su paso adquiere entidad, fina estructura frutal vertical. Carb\u00f3nico plenamente integrado, crujiente, que se funde con una vivaz y sostenida acidez.<\/li>\n<li>Graduaci\u00f3n: 12% vol.<\/li>\n<\/ul>\n","protected":false},"excerpt":{"rendered":"<p>Gramona Argent Ros\u00e9 es un cava rosado brut nature gran reserva de la D.O. Cava elaborado por la bodega Gramona. Se trata de un monovarietal de la uva Pinot Noir.<\/p>\n<p>Se realiza un laborioso trabajo en la b\u00fasqueda de racimos que hayan logrado un punto de maduraci\u00f3n \u00f3ptima y posteriormente se inicia la cosecha de forma manual.<\/p>\n","protected":false},"featured_media":10220,"template":"","meta":{"spay_email":""},"yoast_head":"<!-- This site is optimized with the Yoast SEO plugin v15.9 - https:\/\/yoast.com\/wordpress\/plugins\/seo\/ -->\n<title>Gramona Argent Ros\u00e9 75cl. - Comercial de Hosteleria Anma<\/title>\n<meta name=\"robots\" content=\"index, follow, max-snippet:-1, max-image-preview:large, max-video-preview:-1\" \/>\n<link rel=\"canonical\" href=\"https:\/\/www.comercialanma.es\/?product=gramona-argent-rose-75cl\" \/>\n<meta property=\"og:locale\" content=\"es_ES\" \/>\n<meta property=\"og:type\" content=\"article\" \/>\n<meta property=\"og:title\" content=\"Gramona Argent Ros\u00e9 75cl. - Comercial de Hosteleria Anma\" \/>\n<meta property=\"og:description\" content=\"Gramona Argent Ros\u00e9 es un cava rosado brut nature gran reserva de la D.O. Cava elaborado por la bodega Gramona. Se trata de un monovarietal de la uva Pinot Noir.  Se realiza un laborioso trabajo en la b\u00fasqueda de racimos que hayan logrado un punto de maduraci\u00f3n \u00f3ptima y posteriormente se inicia la cosecha de forma manual.\" \/>\n<meta property=\"og:url\" content=\"https:\/\/www.comercialanma.es\/?product=gramona-argent-rose-75cl\" \/>\n<meta property=\"og:site_name\" content=\"Comercial de Hosteleria Anma\" \/>\n<meta property=\"article:publisher\" content=\"https:\/\/www.facebook.com\/AnmaHosteleria\" \/>\n<meta property=\"article:modified_time\" content=\"2021-12-13T16:51:13+00:00\" \/>\n<meta property=\"og:image\" content=\"https:\/\/i2.wp.com\/www.comercialanma.es\/wp-content\/uploads\/2019\/08\/Gramona-Argent-Rose.jpg?fit=1200%2C1200&#038;ssl=1\" \/>\n\t<meta property=\"og:image:width\" content=\"1200\" \/>\n\t<meta property=\"og:image:height\" content=\"1200\" \/>\n<meta name=\"twitter:card\" content=\"summary_large_image\" \/>\n<meta name=\"twitter:label1\" content=\"Tiempo de lectura\">\n\t<meta name=\"twitter:data1\" content=\"1 minuto\">\n<script type=\"application\/ld+json\" class=\"yoast-schema-graph\">{\"@context\":\"https:\/\/schema.org\",\"@graph\":[{\"@type\":\"Organization\",\"@id\":\"https:\/\/www.comercialanma.es\/#organization\",\"name\":\"Comercial Anma\",\"url\":\"https:\/\/www.comercialanma.es\/\",\"sameAs\":[\"https:\/\/www.facebook.com\/AnmaHosteleria\",\"https:\/\/www.instagram.com\/anmahosteleria\/?hl=es\",\"https:\/\/www.youtube.com\/channel\/UCT2nmn08Ntks0hmpZPnDgCA\"],\"logo\":{\"@type\":\"ImageObject\",\"@id\":\"https:\/\/www.comercialanma.es\/#logo\",\"inLanguage\":\"es\",\"url\":\"https:\/\/i2.wp.com\/www.comercialanma.es\/wp-content\/uploads\/2019\/06\/logo-anma-color.png?fit=247%2C101&ssl=1\",\"width\":247,\"height\":101,\"caption\":\"Comercial Anma\"},\"image\":{\"@id\":\"https:\/\/www.comercialanma.es\/#logo\"}},{\"@type\":\"WebSite\",\"@id\":\"https:\/\/www.comercialanma.es\/#website\",\"url\":\"https:\/\/www.comercialanma.es\/\",\"name\":\"Comercial de Hosteleria Anma\",\"description\":\"\",\"publisher\":{\"@id\":\"https:\/\/www.comercialanma.es\/#organization\"},\"potentialAction\":[{\"@type\":\"SearchAction\",\"target\":\"https:\/\/www.comercialanma.es\/?s={search_term_string}\",\"query-input\":\"required name=search_term_string\"}],\"inLanguage\":\"es\"},{\"@type\":\"ImageObject\",\"@id\":\"https:\/\/www.comercialanma.es\/?product=gramona-argent-rose-75cl#primaryimage\",\"inLanguage\":\"es\",\"url\":\"https:\/\/i2.wp.com\/www.comercialanma.es\/wp-content\/uploads\/2019\/08\/Gramona-Argent-Rose.jpg?fit=1200%2C1200&ssl=1\",\"width\":1200,\"height\":1200},{\"@type\":\"WebPage\",\"@id\":\"https:\/\/www.comercialanma.es\/?product=gramona-argent-rose-75cl#webpage\",\"url\":\"https:\/\/www.comercialanma.es\/?product=gramona-argent-rose-75cl\",\"name\":\"Gramona Argent Ros\\u00e9 75cl. - Comercial de Hosteleria Anma\",\"isPartOf\":{\"@id\":\"https:\/\/www.comercialanma.es\/#website\"},\"primaryImageOfPage\":{\"@id\":\"https:\/\/www.comercialanma.es\/?product=gramona-argent-rose-75cl#primaryimage\"},\"datePublished\":\"2019-08-30T07:52:19+00:00\",\"dateModified\":\"2021-12-13T16:51:13+00:00\",\"breadcrumb\":{\"@id\":\"https:\/\/www.comercialanma.es\/?product=gramona-argent-rose-75cl#breadcrumb\"},\"inLanguage\":\"es\",\"potentialAction\":[{\"@type\":\"ReadAction\",\"target\":[\"https:\/\/www.comercialanma.es\/?product=gramona-argent-rose-75cl\"]}]},{\"@type\":\"BreadcrumbList\",\"@id\":\"https:\/\/www.comercialanma.es\/?product=gramona-argent-rose-75cl#breadcrumb\",\"itemListElement\":[{\"@type\":\"ListItem\",\"position\":1,\"item\":{\"@type\":\"WebPage\",\"@id\":\"https:\/\/www.comercialanma.es\/\",\"url\":\"https:\/\/www.comercialanma.es\/\",\"name\":\"Portada\"}},{\"@type\":\"ListItem\",\"position\":2,\"item\":{\"@type\":\"WebPage\",\"@id\":\"https:\/\/www.comercialanma.es\/?page_id=3963\",\"url\":\"https:\/\/www.comercialanma.es\/?page_id=3963\",\"name\":\"Cat\\u00e1logo de Productos\"}},{\"@type\":\"ListItem\",\"position\":3,\"item\":{\"@type\":\"WebPage\",\"@id\":\"https:\/\/www.comercialanma.es\/?product=gramona-argent-rose-75cl\",\"url\":\"https:\/\/www.comercialanma.es\/?product=gramona-argent-rose-75cl\",\"name\":\"Gramona Argent Ros\\u00e9 75cl.\"}}]}]}<\/script>\n<!-- \/ Yoast SEO plugin. -->","_links":{"self":[{"href":"https:\/\/www.comercialanma.es\/index.php?rest_route=\/wp\/v2\/product\/10219"}],"collection":[{"href":"https:\/\/www.comercialanma.es\/index.php?rest_route=\/wp\/v2\/product"}],"about":[{"href":"https:\/\/www.comercialanma.es\/index.php?rest_route=\/wp\/v2\/types\/product"}],"version-history":[{"count":3,"href":"https:\/\/www.comercialanma.es\/index.php?rest_route=\/wp\/v2\/product\/10219\/revisions"}],"predecessor-version":[{"id":20026,"href":"https:\/\/www.comercialanma.es\/index.php?rest_route=\/wp\/v2\/product\/10219\/revisions\/20026"}],"wp:featuredmedia":[{"embeddable":true,"href":"https:\/\/www.comercialanma.es\/index.php?rest_route=\/wp\/v2\/media\/10220"}],"wp:attachment":[{"href":"https:\/\/www.comercialanma.es\/index.php?rest_route=%2Fwp%2Fv2%2Fmedia&parent=10219"}],"curies":[{"name":"wp","href":"https:\/\/api.w.org\/{rel}","templated":true}]}}