
{"id":10274,"date":"2019-08-30T16:00:08","date_gmt":"2019-08-30T14:00:08","guid":{"rendered":"http:\/\/www.comercialanma.es\/?post_type=product&#038;p=10274"},"modified":"2022-11-03T16:58:29","modified_gmt":"2022-11-03T15:58:29","slug":"vino-juve-camps-aurora-despiells-rose-magnum-15l","status":"publish","type":"product","link":"https:\/\/www.comercialanma.es\/?product=vino-juve-camps-aurora-despiells-rose-magnum-15l","title":{"rendered":"Aurora D\u00b4Espiells Ros\u00e9 Magnum 1,5L."},"content":{"rendered":"<h3>D.O.:<\/h3>\n<ul>\n<li>Pened\u00e9s<\/li>\n<\/ul>\n<h3>Variedades de uva:<\/h3>\n<ul>\n<li>Pinot Noir, Xarel\u00b7lo.<\/li>\n<\/ul>\n<h3>Graduaci\u00f3n:<\/h3>\n<ul>\n<li>Graduaci\u00f3n: 12,5% vol.<\/li>\n<\/ul>\n<h3>Nota de cata:<\/h3>\n<ul>\n<li>Elaborado con las variedades Pinot Noir i Xarel\u00b7lo, Aurora\u00a0d\u2019Espiells\u00a0Rose\u0301 muestra un bonito color rosa muy pa\u0301lido, con tonalidades anaranjadas.<\/li>\n<li>Su aroma sutil, complejo y sugerente evoca notas de frutas rojas y negras (grosellas y frambuesas) con un fondo floral.<\/li>\n<li>Su paladar es sedoso, opulento y muy afrutado, con una viva acidez que le otorga gran intensidad y frescura. Es un vino atractivo en nariz y largo en boca, que deja un grato recuerdo de sensaciones de fruta. Es ni\u0301tido y brillante, fresco, elegante, ligero y moderno.<\/li>\n<\/ul>\n","protected":false},"excerpt":{"rendered":"<p>Vino elaborado con uvas de las variedades Pinot Noir, Xarel\u2022lo y Syrah de nuestros vi\u00f1edos de Espiells. Tras una minuciosa selecci\u00f3n en el vi\u00f1edo, las uvas se trasladaron a la bodega donde se obtuvo un mosto claro mediante un suave prensado directo de la uva.<\/p>\n<p>Vino de un elegante y tenue color rosa. Delicado y seductor, su suave color recuerda las tonalidades de la salida del sol durante los primeros instantes de la aurora. Su aroma, sutil, complejo y sugerente, nos evoca claras notas de frutillas rojas y negras (grosellas y frambuesas) y un fondo floral. Un aroma realmente atractivo que invita a disfrutarlo.<\/p>\n","protected":false},"featured_media":10267,"template":"","meta":{"spay_email":""},"yoast_head":"<!-- This site is optimized with the Yoast SEO plugin v15.9 - https:\/\/yoast.com\/wordpress\/plugins\/seo\/ -->\n<title>Aurora D\u00b4Espiells Ros\u00e9 Magnum 1,5L. - Comercial de Hosteleria Anma<\/title>\n<meta name=\"robots\" content=\"index, follow, max-snippet:-1, max-image-preview:large, max-video-preview:-1\" \/>\n<link rel=\"canonical\" href=\"https:\/\/www.comercialanma.es\/?product=vino-juve-camps-aurora-despiells-rose-magnum-15l\" \/>\n<meta property=\"og:locale\" content=\"es_ES\" \/>\n<meta property=\"og:type\" content=\"article\" \/>\n<meta property=\"og:title\" content=\"Aurora D\u00b4Espiells Ros\u00e9 Magnum 1,5L. - Comercial de Hosteleria Anma\" \/>\n<meta property=\"og:description\" content=\"Vino elaborado con uvas de las variedades Pinot Noir, Xarel\u2022lo y Syrah de nuestros vi\u00f1edos de Espiells. Tras una minuciosa selecci\u00f3n en el vi\u00f1edo, las uvas se trasladaron a la bodega donde se obtuvo un mosto claro mediante un suave prensado directo de la uva.  Vino de un elegante y tenue color rosa. Delicado y seductor, su suave color recuerda las tonalidades de la salida del sol durante los primeros instantes de la aurora. Su aroma, sutil, complejo y sugerente, nos evoca claras notas de frutillas rojas y negras (grosellas y frambuesas) y un fondo floral. Un aroma realmente atractivo que invita a disfrutarlo.\" \/>\n<meta property=\"og:url\" content=\"https:\/\/www.comercialanma.es\/?product=vino-juve-camps-aurora-despiells-rose-magnum-15l\" \/>\n<meta property=\"og:site_name\" content=\"Comercial de Hosteleria Anma\" \/>\n<meta property=\"article:publisher\" content=\"https:\/\/www.facebook.com\/AnmaHosteleria\" \/>\n<meta property=\"article:modified_time\" content=\"2022-11-03T15:58:29+00:00\" \/>\n<meta property=\"og:image\" content=\"https:\/\/i0.wp.com\/www.comercialanma.es\/wp-content\/uploads\/2019\/08\/Aurora-Espiells.jpg?fit=1200%2C1200&#038;ssl=1\" \/>\n\t<meta property=\"og:image:width\" content=\"1200\" \/>\n\t<meta property=\"og:image:height\" content=\"1200\" \/>\n<meta name=\"twitter:card\" content=\"summary_large_image\" \/>\n<meta name=\"twitter:label1\" content=\"Tiempo de lectura\">\n\t<meta name=\"twitter:data1\" content=\"1 minuto\">\n<script type=\"application\/ld+json\" class=\"yoast-schema-graph\">{\"@context\":\"https:\/\/schema.org\",\"@graph\":[{\"@type\":\"Organization\",\"@id\":\"https:\/\/www.comercialanma.es\/#organization\",\"name\":\"Comercial Anma\",\"url\":\"https:\/\/www.comercialanma.es\/\",\"sameAs\":[\"https:\/\/www.facebook.com\/AnmaHosteleria\",\"https:\/\/www.instagram.com\/anmahosteleria\/?hl=es\",\"https:\/\/www.youtube.com\/channel\/UCT2nmn08Ntks0hmpZPnDgCA\"],\"logo\":{\"@type\":\"ImageObject\",\"@id\":\"https:\/\/www.comercialanma.es\/#logo\",\"inLanguage\":\"es\",\"url\":\"https:\/\/i2.wp.com\/www.comercialanma.es\/wp-content\/uploads\/2019\/06\/logo-anma-color.png?fit=247%2C101&ssl=1\",\"width\":247,\"height\":101,\"caption\":\"Comercial Anma\"},\"image\":{\"@id\":\"https:\/\/www.comercialanma.es\/#logo\"}},{\"@type\":\"WebSite\",\"@id\":\"https:\/\/www.comercialanma.es\/#website\",\"url\":\"https:\/\/www.comercialanma.es\/\",\"name\":\"Comercial de Hosteleria Anma\",\"description\":\"\",\"publisher\":{\"@id\":\"https:\/\/www.comercialanma.es\/#organization\"},\"potentialAction\":[{\"@type\":\"SearchAction\",\"target\":\"https:\/\/www.comercialanma.es\/?s={search_term_string}\",\"query-input\":\"required name=search_term_string\"}],\"inLanguage\":\"es\"},{\"@type\":\"ImageObject\",\"@id\":\"https:\/\/www.comercialanma.es\/?product=vino-juve-camps-aurora-despiells-rose-magnum-15l#primaryimage\",\"inLanguage\":\"es\",\"url\":\"https:\/\/i0.wp.com\/www.comercialanma.es\/wp-content\/uploads\/2019\/08\/Aurora-Espiells.jpg?fit=1200%2C1200&ssl=1\",\"width\":1200,\"height\":1200},{\"@type\":\"WebPage\",\"@id\":\"https:\/\/www.comercialanma.es\/?product=vino-juve-camps-aurora-despiells-rose-magnum-15l#webpage\",\"url\":\"https:\/\/www.comercialanma.es\/?product=vino-juve-camps-aurora-despiells-rose-magnum-15l\",\"name\":\"Aurora D\\u00b4Espiells Ros\\u00e9 Magnum 1,5L. - Comercial de Hosteleria Anma\",\"isPartOf\":{\"@id\":\"https:\/\/www.comercialanma.es\/#website\"},\"primaryImageOfPage\":{\"@id\":\"https:\/\/www.comercialanma.es\/?product=vino-juve-camps-aurora-despiells-rose-magnum-15l#primaryimage\"},\"datePublished\":\"2019-08-30T14:00:08+00:00\",\"dateModified\":\"2022-11-03T15:58:29+00:00\",\"breadcrumb\":{\"@id\":\"https:\/\/www.comercialanma.es\/?product=vino-juve-camps-aurora-despiells-rose-magnum-15l#breadcrumb\"},\"inLanguage\":\"es\",\"potentialAction\":[{\"@type\":\"ReadAction\",\"target\":[\"https:\/\/www.comercialanma.es\/?product=vino-juve-camps-aurora-despiells-rose-magnum-15l\"]}]},{\"@type\":\"BreadcrumbList\",\"@id\":\"https:\/\/www.comercialanma.es\/?product=vino-juve-camps-aurora-despiells-rose-magnum-15l#breadcrumb\",\"itemListElement\":[{\"@type\":\"ListItem\",\"position\":1,\"item\":{\"@type\":\"WebPage\",\"@id\":\"https:\/\/www.comercialanma.es\/\",\"url\":\"https:\/\/www.comercialanma.es\/\",\"name\":\"Portada\"}},{\"@type\":\"ListItem\",\"position\":2,\"item\":{\"@type\":\"WebPage\",\"@id\":\"https:\/\/www.comercialanma.es\/?page_id=3963\",\"url\":\"https:\/\/www.comercialanma.es\/?page_id=3963\",\"name\":\"Cat\\u00e1logo de Productos\"}},{\"@type\":\"ListItem\",\"position\":3,\"item\":{\"@type\":\"WebPage\",\"@id\":\"https:\/\/www.comercialanma.es\/?product=vino-juve-camps-aurora-despiells-rose-magnum-15l\",\"url\":\"https:\/\/www.comercialanma.es\/?product=vino-juve-camps-aurora-despiells-rose-magnum-15l\",\"name\":\"Aurora D\\u00b4Espiells Ros\\u00e9 Magnum 1,5L.\"}}]}]}<\/script>\n<!-- \/ Yoast SEO plugin. -->","_links":{"self":[{"href":"https:\/\/www.comercialanma.es\/index.php?rest_route=\/wp\/v2\/product\/10274"}],"collection":[{"href":"https:\/\/www.comercialanma.es\/index.php?rest_route=\/wp\/v2\/product"}],"about":[{"href":"https:\/\/www.comercialanma.es\/index.php?rest_route=\/wp\/v2\/types\/product"}],"version-history":[{"count":3,"href":"https:\/\/www.comercialanma.es\/index.php?rest_route=\/wp\/v2\/product\/10274\/revisions"}],"predecessor-version":[{"id":21890,"href":"https:\/\/www.comercialanma.es\/index.php?rest_route=\/wp\/v2\/product\/10274\/revisions\/21890"}],"wp:featuredmedia":[{"embeddable":true,"href":"https:\/\/www.comercialanma.es\/index.php?rest_route=\/wp\/v2\/media\/10267"}],"wp:attachment":[{"href":"https:\/\/www.comercialanma.es\/index.php?rest_route=%2Fwp%2Fv2%2Fmedia&parent=10274"}],"curies":[{"name":"wp","href":"https:\/\/api.w.org\/{rel}","templated":true}]}}