
{"id":10356,"date":"2019-09-02T12:32:58","date_gmt":"2019-09-02T10:32:58","guid":{"rendered":"http:\/\/www.comercialanma.es\/?post_type=product&#038;p=10356"},"modified":"2025-10-30T12:34:33","modified_gmt":"2025-10-30T11:34:33","slug":"vino-juve-camps-ermita-despiells-blanco-75cl","status":"publish","type":"product","link":"https:\/\/www.comercialanma.es\/?product=vino-juve-camps-ermita-despiells-blanco-75cl","title":{"rendered":"Ermita D\u00b4Espiells blanco 75cl."},"content":{"rendered":"<h3>D.O.:<\/h3>\n<ul>\n<li>Pened\u00e9s<\/li>\n<\/ul>\n<h3>Variedades de uva:<\/h3>\n<ul>\n<li>\n<p class=\"p1\">Macabeu, Xarel\u00b7lo, Parellada, Chardonnay, Viognier.<\/p>\n<\/li>\n<\/ul>\n<h3>Graduaci\u00f3n:<\/h3>\n<ul>\n<li>Graduaci\u00f3n: 11,5% vol.<\/li>\n<\/ul>\n<h3>Nota de cata:<\/h3>\n<div id=\"tab_cata_2014\" class=\"tab_content catas_review_container\">\n<ul>\n<li class=\"sp catas_review col-xs-12 nopadding\">De pa\u0301lido color amarillo pajizo con reflejos verdes, es limpio y brillante.\u00a0Se distingue por sus aromas francos de fresca fruta blanca (pera y manzana), sobre un sutil fondo floral (flores blancas), un toque ci\u0301trico (limo\u0301n) y de hierbas arom\u00e1ticas.<\/li>\n<li class=\"sp catas_review col-xs-12 nopadding\">Se percibe equilibrado, con una acidez fresca que aporta vivacidad.<\/li>\n<li class=\"sp catas_review col-xs-12 nopadding\">Su textura es suave y delicada, dejando una sensacio\u0301n ligera y agradable.<\/li>\n<li class=\"sp catas_review col-xs-12 nopadding\">El final es limpio, persistente y evoca sutileza.<\/li>\n<\/ul>\n<\/div>\n","protected":false},"excerpt":{"rendered":"<p><img loading=\"lazy\" class=\"alignnone wp-image-11065\" src=\"http:\/\/www.comercialanma.es\/wp-content\/uploads\/2019\/10\/simbolo-producto-ecologico.jpg\" alt=\"\" width=\"35\" height=\"23\" \/><\/p>\n<p><strong>Ermita d&#8217;Espiells<\/strong> es un vino blanco de la <strong>D.O.Pened\u00e8s <\/strong>elaborado por <strong>Juv\u00e9 y Camps<\/strong>. La bodega se encuentra en <strong>Sant Sadurn\u00ed d&#8217;Anoia<\/strong> (<strong>Barcelona<\/strong>).<\/p>\n<p>Ermita d&#8217;Espiells es un coupage de las variedades aut\u00f3ctonas del Pened\u00e8s Macabeo, Xarel\u00b7lo, Parellada, complementadas con un peque\u00f1o porcentaje de Chardonnay. Todas las uvas provienen de las fincas de la bodega La Cuscona y Mediona.<\/p>\n<p>Para su elaboraci\u00f3n se realiz\u00f3 una vinificaci\u00f3n tradicional con una fermentaci\u00f3n a temperatura controlada en dep\u00f3sitos de acero inoxidable. Posteriormente Ermita d&#8217;Espiells pas\u00f3 una crianza de 9 meses en la misma botella.<\/p>\n","protected":false},"featured_media":14256,"template":"","meta":{"spay_email":""},"yoast_head":"<!-- This site is optimized with the Yoast SEO plugin v15.9 - https:\/\/yoast.com\/wordpress\/plugins\/seo\/ -->\n<title>Ermita D\u00b4Espiells blanco 75cl. - Comercial de Hosteleria Anma<\/title>\n<meta name=\"robots\" content=\"index, follow, max-snippet:-1, max-image-preview:large, max-video-preview:-1\" \/>\n<link rel=\"canonical\" href=\"https:\/\/www.comercialanma.es\/?product=vino-juve-camps-ermita-despiells-blanco-75cl\" \/>\n<meta property=\"og:locale\" content=\"es_ES\" \/>\n<meta property=\"og:type\" content=\"article\" \/>\n<meta property=\"og:title\" content=\"Ermita D\u00b4Espiells blanco 75cl. - Comercial de Hosteleria Anma\" \/>\n<meta property=\"og:description\" content=\"Ermita d&#039;Espiells es un vino blanco de la D.O.Pened\u00e8s elaborado por Juv\u00e9 y Camps. La bodega se encuentra en Sant Sadurn\u00ed d&#039;Anoia (Barcelona).  Ermita d&#039;Espiells es un coupage de las variedades aut\u00f3ctonas del Pened\u00e8s Macabeo, Xarel\u00b7lo, Parellada, complementadas con un peque\u00f1o porcentaje de Chardonnay. Todas las uvas provienen de las fincas de la bodega La Cuscona y Mediona.  Para su elaboraci\u00f3n se realiz\u00f3 una vinificaci\u00f3n tradicional con una fermentaci\u00f3n a temperatura controlada en dep\u00f3sitos de acero inoxidable. Posteriormente Ermita d&#039;Espiells pas\u00f3 una crianza de 9 meses en la misma botella.\" \/>\n<meta property=\"og:url\" content=\"https:\/\/www.comercialanma.es\/?product=vino-juve-camps-ermita-despiells-blanco-75cl\" \/>\n<meta property=\"og:site_name\" content=\"Comercial de Hosteleria Anma\" \/>\n<meta property=\"article:publisher\" content=\"https:\/\/www.facebook.com\/AnmaHosteleria\" \/>\n<meta property=\"article:modified_time\" content=\"2025-10-30T11:34:33+00:00\" \/>\n<meta property=\"og:image\" content=\"https:\/\/i1.wp.com\/www.comercialanma.es\/wp-content\/uploads\/2019\/09\/Ermita-espiells-blanco.jpg?fit=1080%2C1080&#038;ssl=1\" \/>\n\t<meta property=\"og:image:width\" content=\"1080\" \/>\n\t<meta property=\"og:image:height\" content=\"1080\" \/>\n<meta name=\"twitter:card\" content=\"summary_large_image\" \/>\n<meta name=\"twitter:label1\" content=\"Tiempo de lectura\">\n\t<meta name=\"twitter:data1\" content=\"1 minuto\">\n<script type=\"application\/ld+json\" class=\"yoast-schema-graph\">{\"@context\":\"https:\/\/schema.org\",\"@graph\":[{\"@type\":\"Organization\",\"@id\":\"https:\/\/www.comercialanma.es\/#organization\",\"name\":\"Comercial Anma\",\"url\":\"https:\/\/www.comercialanma.es\/\",\"sameAs\":[\"https:\/\/www.facebook.com\/AnmaHosteleria\",\"https:\/\/www.instagram.com\/anmahosteleria\/?hl=es\",\"https:\/\/www.youtube.com\/channel\/UCT2nmn08Ntks0hmpZPnDgCA\"],\"logo\":{\"@type\":\"ImageObject\",\"@id\":\"https:\/\/www.comercialanma.es\/#logo\",\"inLanguage\":\"es\",\"url\":\"https:\/\/i2.wp.com\/www.comercialanma.es\/wp-content\/uploads\/2019\/06\/logo-anma-color.png?fit=247%2C101&ssl=1\",\"width\":247,\"height\":101,\"caption\":\"Comercial Anma\"},\"image\":{\"@id\":\"https:\/\/www.comercialanma.es\/#logo\"}},{\"@type\":\"WebSite\",\"@id\":\"https:\/\/www.comercialanma.es\/#website\",\"url\":\"https:\/\/www.comercialanma.es\/\",\"name\":\"Comercial de Hosteleria Anma\",\"description\":\"\",\"publisher\":{\"@id\":\"https:\/\/www.comercialanma.es\/#organization\"},\"potentialAction\":[{\"@type\":\"SearchAction\",\"target\":\"https:\/\/www.comercialanma.es\/?s={search_term_string}\",\"query-input\":\"required name=search_term_string\"}],\"inLanguage\":\"es\"},{\"@type\":\"ImageObject\",\"@id\":\"https:\/\/www.comercialanma.es\/?product=vino-juve-camps-ermita-despiells-blanco-75cl#primaryimage\",\"inLanguage\":\"es\",\"url\":\"https:\/\/i1.wp.com\/www.comercialanma.es\/wp-content\/uploads\/2019\/09\/Ermita-espiells-blanco.jpg?fit=1080%2C1080&ssl=1\",\"width\":1080,\"height\":1080},{\"@type\":\"WebPage\",\"@id\":\"https:\/\/www.comercialanma.es\/?product=vino-juve-camps-ermita-despiells-blanco-75cl#webpage\",\"url\":\"https:\/\/www.comercialanma.es\/?product=vino-juve-camps-ermita-despiells-blanco-75cl\",\"name\":\"Ermita D\\u00b4Espiells blanco 75cl. - Comercial de Hosteleria Anma\",\"isPartOf\":{\"@id\":\"https:\/\/www.comercialanma.es\/#website\"},\"primaryImageOfPage\":{\"@id\":\"https:\/\/www.comercialanma.es\/?product=vino-juve-camps-ermita-despiells-blanco-75cl#primaryimage\"},\"datePublished\":\"2019-09-02T10:32:58+00:00\",\"dateModified\":\"2025-10-30T11:34:33+00:00\",\"breadcrumb\":{\"@id\":\"https:\/\/www.comercialanma.es\/?product=vino-juve-camps-ermita-despiells-blanco-75cl#breadcrumb\"},\"inLanguage\":\"es\",\"potentialAction\":[{\"@type\":\"ReadAction\",\"target\":[\"https:\/\/www.comercialanma.es\/?product=vino-juve-camps-ermita-despiells-blanco-75cl\"]}]},{\"@type\":\"BreadcrumbList\",\"@id\":\"https:\/\/www.comercialanma.es\/?product=vino-juve-camps-ermita-despiells-blanco-75cl#breadcrumb\",\"itemListElement\":[{\"@type\":\"ListItem\",\"position\":1,\"item\":{\"@type\":\"WebPage\",\"@id\":\"https:\/\/www.comercialanma.es\/\",\"url\":\"https:\/\/www.comercialanma.es\/\",\"name\":\"Portada\"}},{\"@type\":\"ListItem\",\"position\":2,\"item\":{\"@type\":\"WebPage\",\"@id\":\"https:\/\/www.comercialanma.es\/?page_id=3963\",\"url\":\"https:\/\/www.comercialanma.es\/?page_id=3963\",\"name\":\"Cat\\u00e1logo de Productos\"}},{\"@type\":\"ListItem\",\"position\":3,\"item\":{\"@type\":\"WebPage\",\"@id\":\"https:\/\/www.comercialanma.es\/?product=vino-juve-camps-ermita-despiells-blanco-75cl\",\"url\":\"https:\/\/www.comercialanma.es\/?product=vino-juve-camps-ermita-despiells-blanco-75cl\",\"name\":\"Ermita D\\u00b4Espiells blanco 75cl.\"}}]}]}<\/script>\n<!-- \/ Yoast SEO plugin. -->","_links":{"self":[{"href":"https:\/\/www.comercialanma.es\/index.php?rest_route=\/wp\/v2\/product\/10356"}],"collection":[{"href":"https:\/\/www.comercialanma.es\/index.php?rest_route=\/wp\/v2\/product"}],"about":[{"href":"https:\/\/www.comercialanma.es\/index.php?rest_route=\/wp\/v2\/types\/product"}],"version-history":[{"count":6,"href":"https:\/\/www.comercialanma.es\/index.php?rest_route=\/wp\/v2\/product\/10356\/revisions"}],"predecessor-version":[{"id":24485,"href":"https:\/\/www.comercialanma.es\/index.php?rest_route=\/wp\/v2\/product\/10356\/revisions\/24485"}],"wp:featuredmedia":[{"embeddable":true,"href":"https:\/\/www.comercialanma.es\/index.php?rest_route=\/wp\/v2\/media\/14256"}],"wp:attachment":[{"href":"https:\/\/www.comercialanma.es\/index.php?rest_route=%2Fwp%2Fv2%2Fmedia&parent=10356"}],"curies":[{"name":"wp","href":"https:\/\/api.w.org\/{rel}","templated":true}]}}