
{"id":10363,"date":"2019-09-02T12:50:07","date_gmt":"2019-09-02T10:50:07","guid":{"rendered":"http:\/\/www.comercialanma.es\/?post_type=product&#038;p=10363"},"modified":"2025-04-30T12:31:54","modified_gmt":"2025-04-30T10:31:54","slug":"vino-juve-camps-gregal-despiells-75cl","status":"publish","type":"product","link":"https:\/\/www.comercialanma.es\/?product=vino-juve-camps-gregal-despiells-75cl","title":{"rendered":"Gregal D\u00b4Espiells 75cl."},"content":{"rendered":"<h3>D.O.:<\/h3>\n<ul>\n<li>Pened\u00e9s<\/li>\n<\/ul>\n<h3>Variedades de uva:<\/h3>\n<ul>\n<li>Moscatel de Alejandr\u00eda Gew\u00fcrztraminer<\/li>\n<\/ul>\n<h3>Graduaci\u00f3n:<\/h3>\n<ul>\n<li>Graduaci\u00f3n: 11% vol.<\/li>\n<\/ul>\n<h3>Nota de cata:<\/h3>\n<div class=\"row notacata nomargin\">\n<div class=\"notacata-container\">\n<div id=\"tabs_content_container\">\n<div id=\"tab_cata_2014\" class=\"tab_content catas_review_container\">\n<ul>\n<li class=\"sp catas_review col-xs-12 nopadding\">De color amarillo pajizo y de aspecto li\u0301mpido y brillante, Gregal es seductor.<\/li>\n<li class=\"sp catas_review col-xs-12 nopadding\">Ofrece una nariz llena de matices, con intensos recuerdos de flores blancas, hierbas aroma\u0301ticas y ci\u0301tricos, coronados por un sensual y varietal aroma a perfume de rosas. Tambie\u0301n insinu\u0301a notas tropicales, como las que recuerdan a los lichis.<\/li>\n<li class=\"sp catas_review col-xs-12 nopadding\">En el paso por boca se muestra equilibrado y untuoso, con una generosa acidez que compensa las sensaciones golosas que aporta la fruta. La textura, suave y sedosa, y una gran persistencia, completan su perfil. Es un blanco joven, fresco y enamoradizo.<\/li>\n<\/ul>\n<\/div>\n<\/div>\n<\/div>\n<\/div>\n<p>&nbsp;<\/p>\n","protected":false},"excerpt":{"rendered":"<p><img loading=\"lazy\" class=\"alignnone wp-image-11065\" src=\"http:\/\/www.comercialanma.es\/wp-content\/uploads\/2019\/10\/simbolo-producto-ecologico.jpg\" alt=\"\" width=\"35\" height=\"23\" \/><\/p>\n<p>Gregal d&#8217;Espiells es un vino blanco de la D.O. Pened\u00e9s elaborado por la bodega Juv\u00e9 &amp; Camps. Este vino es un coupage de las variedades Muscat (79%), Gew\u00fcrztraminer (14%) y Malvas\u00eda (7%).<\/p>\n<p>La uva que Gregal d&#8217;Espiells utiliza procede de dos fincas propias: Vi\u00f1a Espiells y Can Massana.<\/p>\n<p>Tras los correspondientes procesos de vendimia, realizados siguiendo la metodolog\u00eda tradicional, la uva de Gregal d&#8217;Espiells se transporta r\u00e1pidamente hasta la bodega.<\/p>\n","protected":false},"featured_media":24235,"template":"","meta":{"spay_email":""},"yoast_head":"<!-- This site is optimized with the Yoast SEO plugin v15.9 - https:\/\/yoast.com\/wordpress\/plugins\/seo\/ -->\n<title>Gregal D\u00b4Espiells 75cl. - Comercial de Hosteleria Anma<\/title>\n<meta name=\"robots\" content=\"index, follow, max-snippet:-1, max-image-preview:large, max-video-preview:-1\" \/>\n<link rel=\"canonical\" href=\"https:\/\/www.comercialanma.es\/?product=vino-juve-camps-gregal-despiells-75cl\" \/>\n<meta property=\"og:locale\" content=\"es_ES\" \/>\n<meta property=\"og:type\" content=\"article\" \/>\n<meta property=\"og:title\" content=\"Gregal D\u00b4Espiells 75cl. - Comercial de Hosteleria Anma\" \/>\n<meta property=\"og:description\" content=\"Gregal d&#039;Espiells es un vino blanco de la D.O. Pened\u00e9s elaborado por la bodega Juv\u00e9 &amp; Camps. Este vino es un coupage de las variedades Muscat (79%), Gew\u00fcrztraminer (14%) y Malvas\u00eda (7%).  La uva que Gregal d&#039;Espiells utiliza procede de dos fincas propias: Vi\u00f1a Espiells y Can Massana.  Tras los correspondientes procesos de vendimia, realizados siguiendo la metodolog\u00eda tradicional, la uva de Gregal d&#039;Espiells se transporta r\u00e1pidamente hasta la bodega.\" \/>\n<meta property=\"og:url\" content=\"https:\/\/www.comercialanma.es\/?product=vino-juve-camps-gregal-despiells-75cl\" \/>\n<meta property=\"og:site_name\" content=\"Comercial de Hosteleria Anma\" \/>\n<meta property=\"article:publisher\" content=\"https:\/\/www.facebook.com\/AnmaHosteleria\" \/>\n<meta property=\"article:modified_time\" content=\"2025-04-30T10:31:54+00:00\" \/>\n<meta property=\"og:image\" content=\"https:\/\/i0.wp.com\/www.comercialanma.es\/wp-content\/uploads\/2019\/09\/GREGAL-ESPIELLS-2025.jpg?fit=1080%2C1080&#038;ssl=1\" \/>\n\t<meta property=\"og:image:width\" content=\"1080\" \/>\n\t<meta property=\"og:image:height\" content=\"1080\" \/>\n<meta name=\"twitter:card\" content=\"summary_large_image\" \/>\n<meta name=\"twitter:label1\" content=\"Tiempo de lectura\">\n\t<meta name=\"twitter:data1\" content=\"1 minuto\">\n<script type=\"application\/ld+json\" class=\"yoast-schema-graph\">{\"@context\":\"https:\/\/schema.org\",\"@graph\":[{\"@type\":\"Organization\",\"@id\":\"https:\/\/www.comercialanma.es\/#organization\",\"name\":\"Comercial Anma\",\"url\":\"https:\/\/www.comercialanma.es\/\",\"sameAs\":[\"https:\/\/www.facebook.com\/AnmaHosteleria\",\"https:\/\/www.instagram.com\/anmahosteleria\/?hl=es\",\"https:\/\/www.youtube.com\/channel\/UCT2nmn08Ntks0hmpZPnDgCA\"],\"logo\":{\"@type\":\"ImageObject\",\"@id\":\"https:\/\/www.comercialanma.es\/#logo\",\"inLanguage\":\"es\",\"url\":\"https:\/\/i2.wp.com\/www.comercialanma.es\/wp-content\/uploads\/2019\/06\/logo-anma-color.png?fit=247%2C101&ssl=1\",\"width\":247,\"height\":101,\"caption\":\"Comercial Anma\"},\"image\":{\"@id\":\"https:\/\/www.comercialanma.es\/#logo\"}},{\"@type\":\"WebSite\",\"@id\":\"https:\/\/www.comercialanma.es\/#website\",\"url\":\"https:\/\/www.comercialanma.es\/\",\"name\":\"Comercial de Hosteleria Anma\",\"description\":\"\",\"publisher\":{\"@id\":\"https:\/\/www.comercialanma.es\/#organization\"},\"potentialAction\":[{\"@type\":\"SearchAction\",\"target\":\"https:\/\/www.comercialanma.es\/?s={search_term_string}\",\"query-input\":\"required name=search_term_string\"}],\"inLanguage\":\"es\"},{\"@type\":\"ImageObject\",\"@id\":\"https:\/\/www.comercialanma.es\/?product=vino-juve-camps-gregal-despiells-75cl#primaryimage\",\"inLanguage\":\"es\",\"url\":\"https:\/\/i0.wp.com\/www.comercialanma.es\/wp-content\/uploads\/2019\/09\/GREGAL-ESPIELLS-2025.jpg?fit=1080%2C1080&ssl=1\",\"width\":1080,\"height\":1080},{\"@type\":\"WebPage\",\"@id\":\"https:\/\/www.comercialanma.es\/?product=vino-juve-camps-gregal-despiells-75cl#webpage\",\"url\":\"https:\/\/www.comercialanma.es\/?product=vino-juve-camps-gregal-despiells-75cl\",\"name\":\"Gregal D\\u00b4Espiells 75cl. - Comercial de Hosteleria Anma\",\"isPartOf\":{\"@id\":\"https:\/\/www.comercialanma.es\/#website\"},\"primaryImageOfPage\":{\"@id\":\"https:\/\/www.comercialanma.es\/?product=vino-juve-camps-gregal-despiells-75cl#primaryimage\"},\"datePublished\":\"2019-09-02T10:50:07+00:00\",\"dateModified\":\"2025-04-30T10:31:54+00:00\",\"breadcrumb\":{\"@id\":\"https:\/\/www.comercialanma.es\/?product=vino-juve-camps-gregal-despiells-75cl#breadcrumb\"},\"inLanguage\":\"es\",\"potentialAction\":[{\"@type\":\"ReadAction\",\"target\":[\"https:\/\/www.comercialanma.es\/?product=vino-juve-camps-gregal-despiells-75cl\"]}]},{\"@type\":\"BreadcrumbList\",\"@id\":\"https:\/\/www.comercialanma.es\/?product=vino-juve-camps-gregal-despiells-75cl#breadcrumb\",\"itemListElement\":[{\"@type\":\"ListItem\",\"position\":1,\"item\":{\"@type\":\"WebPage\",\"@id\":\"https:\/\/www.comercialanma.es\/\",\"url\":\"https:\/\/www.comercialanma.es\/\",\"name\":\"Portada\"}},{\"@type\":\"ListItem\",\"position\":2,\"item\":{\"@type\":\"WebPage\",\"@id\":\"https:\/\/www.comercialanma.es\/?page_id=3963\",\"url\":\"https:\/\/www.comercialanma.es\/?page_id=3963\",\"name\":\"Cat\\u00e1logo de Productos\"}},{\"@type\":\"ListItem\",\"position\":3,\"item\":{\"@type\":\"WebPage\",\"@id\":\"https:\/\/www.comercialanma.es\/?product=vino-juve-camps-gregal-despiells-75cl\",\"url\":\"https:\/\/www.comercialanma.es\/?product=vino-juve-camps-gregal-despiells-75cl\",\"name\":\"Gregal D\\u00b4Espiells 75cl.\"}}]}]}<\/script>\n<!-- \/ Yoast SEO plugin. -->","_links":{"self":[{"href":"https:\/\/www.comercialanma.es\/index.php?rest_route=\/wp\/v2\/product\/10363"}],"collection":[{"href":"https:\/\/www.comercialanma.es\/index.php?rest_route=\/wp\/v2\/product"}],"about":[{"href":"https:\/\/www.comercialanma.es\/index.php?rest_route=\/wp\/v2\/types\/product"}],"version-history":[{"count":6,"href":"https:\/\/www.comercialanma.es\/index.php?rest_route=\/wp\/v2\/product\/10363\/revisions"}],"predecessor-version":[{"id":21886,"href":"https:\/\/www.comercialanma.es\/index.php?rest_route=\/wp\/v2\/product\/10363\/revisions\/21886"}],"wp:featuredmedia":[{"embeddable":true,"href":"https:\/\/www.comercialanma.es\/index.php?rest_route=\/wp\/v2\/media\/24235"}],"wp:attachment":[{"href":"https:\/\/www.comercialanma.es\/index.php?rest_route=%2Fwp%2Fv2%2Fmedia&parent=10363"}],"curies":[{"name":"wp","href":"https:\/\/api.w.org\/{rel}","templated":true}]}}