
{"id":10379,"date":"2019-09-02T15:57:35","date_gmt":"2019-09-02T13:57:35","guid":{"rendered":"http:\/\/www.comercialanma.es\/?post_type=product&#038;p=10379"},"modified":"2019-09-03T16:20:52","modified_gmt":"2019-09-03T14:20:52","slug":"vino-torres-san-valentin-blanco-75cl","status":"publish","type":"product","link":"https:\/\/www.comercialanma.es\/?product=vino-torres-san-valentin-blanco-75cl","title":{"rendered":"Vino Torres San Valent\u00edn Blanco 75cl."},"content":{"rendered":"<h3>D.O.:<\/h3>\n<ul>\n<li>Catalu\u00f1a<\/li>\n<\/ul>\n<h3>Variedades de uva:<\/h3>\n<ul>\n<li>Parellada.<\/li>\n<\/ul>\n<h3>Graduaci\u00f3n:<\/h3>\n<ul>\n<li>Graduaci\u00f3n: 10,5% vol.<\/li>\n<\/ul>\n<h3>Nota de cata:<\/h3>\n<div id=\"tab_cata_2014\">\n<ul>\n<li>Cata a la vista: Amarillo claro, brillante y trasl\u00facido.<\/li>\n<li>Cata en nariz: Intensos aromas florales y de frutas ex\u00f3ticas. Sutiles toques de la crianza en barrica.<\/li>\n<li>Cata en boca: Fresco y \u00e1cido, de retrogusto largo.<\/li>\n<\/ul>\n<\/div>\n","protected":false},"excerpt":{"rendered":"<div id=\"tab_cata_2014\" class=\"tab_content catas_review_container\">\n<div class=\"sp catas_review col-xs-12 nopadding\"><strong>San Valent\u00edn <\/strong>es un vino blanco de la <strong>D.O. Catalunya <\/strong>elaborado por <strong>Torres<\/strong>, una bodega que fue fundada en 1870 por Sr. Jaime Torres Vendrell. Tras el bombardeo de la Guerra Civil, en 1940, se tuvo que reconstruir la bodega ya que qued\u00f3 muy da\u00f1ada. Miguel Torres Carb\u00f3, la tercera generaci\u00f3n de la familia, fue el encargado de dicha reconstrucci\u00f3n.<br \/>\nEste vino fue creado por Miguel Torres Carb\u00f3 especialmente para su esposa Margarita Riera el d\u00eda de San Valent\u00edn, como una muestra de su amo<span class=\"cata_content\">r. <\/span><\/div>\n<\/div>\n","protected":false},"featured_media":10380,"template":"","meta":{"spay_email":""},"yoast_head":"<!-- This site is optimized with the Yoast SEO plugin v15.9 - https:\/\/yoast.com\/wordpress\/plugins\/seo\/ -->\n<title>Vino Torres San Valent\u00edn Blanco 75cl. - Comercial de Hosteleria Anma<\/title>\n<meta name=\"robots\" content=\"index, follow, max-snippet:-1, max-image-preview:large, max-video-preview:-1\" \/>\n<link rel=\"canonical\" href=\"https:\/\/www.comercialanma.es\/?product=vino-torres-san-valentin-blanco-75cl\" \/>\n<meta property=\"og:locale\" content=\"es_ES\" \/>\n<meta property=\"og:type\" content=\"article\" \/>\n<meta property=\"og:title\" content=\"Vino Torres San Valent\u00edn Blanco 75cl. - Comercial de Hosteleria Anma\" \/>\n<meta property=\"og:description\" content=\"San Valent\u00edn es un vino blanco de la D.O. Catalunya elaborado por Torres, una bodega que fue fundada en 1870 por Sr. Jaime Torres Vendrell. Tras el bombardeo de la Guerra Civil, en 1940, se tuvo que reconstruir la bodega ya que qued\u00f3 muy da\u00f1ada. Miguel Torres Carb\u00f3, la tercera generaci\u00f3n de la familia, fue el encargado de dicha reconstrucci\u00f3n. Este vino fue creado por Miguel Torres Carb\u00f3 especialmente para su esposa Margarita Riera el d\u00eda de San Valent\u00edn, como una muestra de su amor.\" \/>\n<meta property=\"og:url\" content=\"https:\/\/www.comercialanma.es\/?product=vino-torres-san-valentin-blanco-75cl\" \/>\n<meta property=\"og:site_name\" content=\"Comercial de Hosteleria Anma\" \/>\n<meta property=\"article:publisher\" content=\"https:\/\/www.facebook.com\/AnmaHosteleria\" \/>\n<meta property=\"article:modified_time\" content=\"2019-09-03T14:20:52+00:00\" \/>\n<meta property=\"og:image\" content=\"https:\/\/i0.wp.com\/www.comercialanma.es\/wp-content\/uploads\/2019\/09\/San-Valentin-Blanco.jpg?fit=1200%2C1200&#038;ssl=1\" \/>\n\t<meta property=\"og:image:width\" content=\"1200\" \/>\n\t<meta property=\"og:image:height\" content=\"1200\" \/>\n<meta name=\"twitter:card\" content=\"summary_large_image\" \/>\n<script type=\"application\/ld+json\" class=\"yoast-schema-graph\">{\"@context\":\"https:\/\/schema.org\",\"@graph\":[{\"@type\":\"Organization\",\"@id\":\"https:\/\/www.comercialanma.es\/#organization\",\"name\":\"Comercial Anma\",\"url\":\"https:\/\/www.comercialanma.es\/\",\"sameAs\":[\"https:\/\/www.facebook.com\/AnmaHosteleria\",\"https:\/\/www.instagram.com\/anmahosteleria\/?hl=es\",\"https:\/\/www.youtube.com\/channel\/UCT2nmn08Ntks0hmpZPnDgCA\"],\"logo\":{\"@type\":\"ImageObject\",\"@id\":\"https:\/\/www.comercialanma.es\/#logo\",\"inLanguage\":\"es\",\"url\":\"https:\/\/i2.wp.com\/www.comercialanma.es\/wp-content\/uploads\/2019\/06\/logo-anma-color.png?fit=247%2C101&ssl=1\",\"width\":247,\"height\":101,\"caption\":\"Comercial Anma\"},\"image\":{\"@id\":\"https:\/\/www.comercialanma.es\/#logo\"}},{\"@type\":\"WebSite\",\"@id\":\"https:\/\/www.comercialanma.es\/#website\",\"url\":\"https:\/\/www.comercialanma.es\/\",\"name\":\"Comercial de Hosteleria Anma\",\"description\":\"\",\"publisher\":{\"@id\":\"https:\/\/www.comercialanma.es\/#organization\"},\"potentialAction\":[{\"@type\":\"SearchAction\",\"target\":\"https:\/\/www.comercialanma.es\/?s={search_term_string}\",\"query-input\":\"required name=search_term_string\"}],\"inLanguage\":\"es\"},{\"@type\":\"ImageObject\",\"@id\":\"https:\/\/www.comercialanma.es\/?product=vino-torres-san-valentin-blanco-75cl#primaryimage\",\"inLanguage\":\"es\",\"url\":\"https:\/\/i0.wp.com\/www.comercialanma.es\/wp-content\/uploads\/2019\/09\/San-Valentin-Blanco.jpg?fit=1200%2C1200&ssl=1\",\"width\":1200,\"height\":1200},{\"@type\":\"WebPage\",\"@id\":\"https:\/\/www.comercialanma.es\/?product=vino-torres-san-valentin-blanco-75cl#webpage\",\"url\":\"https:\/\/www.comercialanma.es\/?product=vino-torres-san-valentin-blanco-75cl\",\"name\":\"Vino Torres San Valent\\u00edn Blanco 75cl. - Comercial de Hosteleria Anma\",\"isPartOf\":{\"@id\":\"https:\/\/www.comercialanma.es\/#website\"},\"primaryImageOfPage\":{\"@id\":\"https:\/\/www.comercialanma.es\/?product=vino-torres-san-valentin-blanco-75cl#primaryimage\"},\"datePublished\":\"2019-09-02T13:57:35+00:00\",\"dateModified\":\"2019-09-03T14:20:52+00:00\",\"breadcrumb\":{\"@id\":\"https:\/\/www.comercialanma.es\/?product=vino-torres-san-valentin-blanco-75cl#breadcrumb\"},\"inLanguage\":\"es\",\"potentialAction\":[{\"@type\":\"ReadAction\",\"target\":[\"https:\/\/www.comercialanma.es\/?product=vino-torres-san-valentin-blanco-75cl\"]}]},{\"@type\":\"BreadcrumbList\",\"@id\":\"https:\/\/www.comercialanma.es\/?product=vino-torres-san-valentin-blanco-75cl#breadcrumb\",\"itemListElement\":[{\"@type\":\"ListItem\",\"position\":1,\"item\":{\"@type\":\"WebPage\",\"@id\":\"https:\/\/www.comercialanma.es\/\",\"url\":\"https:\/\/www.comercialanma.es\/\",\"name\":\"Portada\"}},{\"@type\":\"ListItem\",\"position\":2,\"item\":{\"@type\":\"WebPage\",\"@id\":\"https:\/\/www.comercialanma.es\/?page_id=3963\",\"url\":\"https:\/\/www.comercialanma.es\/?page_id=3963\",\"name\":\"Cat\\u00e1logo de Productos\"}},{\"@type\":\"ListItem\",\"position\":3,\"item\":{\"@type\":\"WebPage\",\"@id\":\"https:\/\/www.comercialanma.es\/?product=vino-torres-san-valentin-blanco-75cl\",\"url\":\"https:\/\/www.comercialanma.es\/?product=vino-torres-san-valentin-blanco-75cl\",\"name\":\"Vino Torres San Valent\\u00edn Blanco 75cl.\"}}]}]}<\/script>\n<!-- \/ Yoast SEO plugin. -->","_links":{"self":[{"href":"https:\/\/www.comercialanma.es\/index.php?rest_route=\/wp\/v2\/product\/10379"}],"collection":[{"href":"https:\/\/www.comercialanma.es\/index.php?rest_route=\/wp\/v2\/product"}],"about":[{"href":"https:\/\/www.comercialanma.es\/index.php?rest_route=\/wp\/v2\/types\/product"}],"version-history":[{"count":1,"href":"https:\/\/www.comercialanma.es\/index.php?rest_route=\/wp\/v2\/product\/10379\/revisions"}],"predecessor-version":[{"id":10381,"href":"https:\/\/www.comercialanma.es\/index.php?rest_route=\/wp\/v2\/product\/10379\/revisions\/10381"}],"wp:featuredmedia":[{"embeddable":true,"href":"https:\/\/www.comercialanma.es\/index.php?rest_route=\/wp\/v2\/media\/10380"}],"wp:attachment":[{"href":"https:\/\/www.comercialanma.es\/index.php?rest_route=%2Fwp%2Fv2%2Fmedia&parent=10379"}],"curies":[{"name":"wp","href":"https:\/\/api.w.org\/{rel}","templated":true}]}}