
{"id":10430,"date":"2019-09-02T17:46:26","date_gmt":"2019-09-02T15:46:26","guid":{"rendered":"http:\/\/www.comercialanma.es\/?post_type=product&#038;p=10430"},"modified":"2025-09-24T17:57:02","modified_gmt":"2025-09-24T15:57:02","slug":"vino-aessir-expresion-blanco-75cl","status":"publish","type":"product","link":"https:\/\/www.comercialanma.es\/?product=vino-aessir-expresion-blanco-75cl","title":{"rendered":"Vino Aessir Expresion Blanco 75cl."},"content":{"rendered":"<h3>D.O.:<\/h3>\n<ul>\n<li>Terra Alta.<\/li>\n<\/ul>\n<h3>Variedades de uva:<\/h3>\n<ul>\n<li>Garnacha Blanca.<\/li>\n<\/ul>\n<h3>Graduaci\u00f3n:<\/h3>\n<ul>\n<li>Graduaci\u00f3n: 14% vol.<\/li>\n<\/ul>\n<h3>Nota de cata:<\/h3>\n<ul>\n<li><span lang=\"es\"><span title=\"\">El vestido es amarillo pajizo, l\u00edmpido y denso.<\/span><\/span><\/li>\n<li><span lang=\"es\"> <span title=\"\">En nariz, notas florales, fruta blanca madura, c\u00edtricos con una ralladura de lim\u00f3n.<\/span> <span title=\"\">La madera es presente pero discreta.<\/span><\/span><\/li>\n<li><span lang=\"es\"><span title=\"\">En boca es elegante, equilibrado, denso con un final largo.<\/span><\/span><\/li>\n<\/ul>\n","protected":false},"excerpt":{"rendered":"<p>Vino joven del Pened\u00e8s.<\/p>\n<div class=\"text-wrap tlid-copy-target\">\n<div class=\"result-shield-container tlid-copy-target\" tabindex=\"0\">\n<p><span class=\"tlid-translation translation\" lang=\"es\"><span class=\"\" title=\"\">Bodegas Aessir naci\u00f3 con la ayuda de la familia Carb\u00f3 de Sant Sadurn\u00ed d&#8217;Anoia, el centro neur\u00e1lgico del cava catal\u00e1n.<\/span> <span class=\"\" title=\"\">Los Carb\u00f3 elaboran vinos espumosos desde 1929 y se han ganado una reputaci\u00f3n internacional.<\/span><\/span><\/p>\n<p><span title=\"\">Aessir elabora vinos excepcionales: en el coraz\u00f3n del DOP Terra Alta, en Gandesa, cultivan Garnacha blanca a casi quinientos metros sobre el nivel del mar.<\/span> <span title=\"\">Aqu\u00ed es donde las 4 hect\u00e1reas de vi\u00f1as viejas de esta variedad de uva aut\u00f3ctona evolucionan en un suelo de arcilla y piedra caliza.<\/span><\/p>\n<\/div>\n<\/div>\n<div class=\"tlid-result-transliteration-container result-transliteration-container transliteration-container\">\n<div class=\"tlid-transliteration-content transliteration-content full\"><\/div>\n<\/div>\n","protected":false},"featured_media":24439,"template":"","meta":{"spay_email":""},"yoast_head":"<!-- This site is optimized with the Yoast SEO plugin v15.9 - https:\/\/yoast.com\/wordpress\/plugins\/seo\/ -->\n<title>Vino Aessir Expresion Blanco 75cl. - Comercial de Hosteleria Anma<\/title>\n<meta name=\"robots\" content=\"index, follow, max-snippet:-1, max-image-preview:large, max-video-preview:-1\" \/>\n<link rel=\"canonical\" href=\"https:\/\/www.comercialanma.es\/?product=vino-aessir-expresion-blanco-75cl\" \/>\n<meta property=\"og:locale\" content=\"es_ES\" \/>\n<meta property=\"og:type\" content=\"article\" \/>\n<meta property=\"og:title\" content=\"Vino Aessir Expresion Blanco 75cl. - Comercial de Hosteleria Anma\" \/>\n<meta property=\"og:description\" content=\"Vino joven del Pened\u00e8s.    Bodegas Aessir naci\u00f3 con la ayuda de la familia Carb\u00f3 de Sant Sadurn\u00ed d&#039;Anoia, el centro neur\u00e1lgico del cava catal\u00e1n. Los Carb\u00f3 elaboran vinos espumosos desde 1929 y se han ganado una reputaci\u00f3n internacional.  Aessir elabora vinos excepcionales: en el coraz\u00f3n del DOP Terra Alta, en Gandesa, cultivan Garnacha blanca a casi quinientos metros sobre el nivel del mar. Aqu\u00ed es donde las 4 hect\u00e1reas de vi\u00f1as viejas de esta variedad de uva aut\u00f3ctona evolucionan en un suelo de arcilla y piedra caliza.\" \/>\n<meta property=\"og:url\" content=\"https:\/\/www.comercialanma.es\/?product=vino-aessir-expresion-blanco-75cl\" \/>\n<meta property=\"og:site_name\" content=\"Comercial de Hosteleria Anma\" \/>\n<meta property=\"article:publisher\" content=\"https:\/\/www.facebook.com\/AnmaHosteleria\" \/>\n<meta property=\"article:modified_time\" content=\"2025-09-24T15:57:02+00:00\" \/>\n<meta property=\"og:image\" content=\"https:\/\/i1.wp.com\/www.comercialanma.es\/wp-content\/uploads\/2019\/09\/AESSIR-EXPRESION-2025.jpg?fit=1080%2C1080&#038;ssl=1\" \/>\n\t<meta property=\"og:image:width\" content=\"1080\" \/>\n\t<meta property=\"og:image:height\" content=\"1080\" \/>\n<meta name=\"twitter:card\" content=\"summary_large_image\" \/>\n<script type=\"application\/ld+json\" class=\"yoast-schema-graph\">{\"@context\":\"https:\/\/schema.org\",\"@graph\":[{\"@type\":\"Organization\",\"@id\":\"https:\/\/www.comercialanma.es\/#organization\",\"name\":\"Comercial Anma\",\"url\":\"https:\/\/www.comercialanma.es\/\",\"sameAs\":[\"https:\/\/www.facebook.com\/AnmaHosteleria\",\"https:\/\/www.instagram.com\/anmahosteleria\/?hl=es\",\"https:\/\/www.youtube.com\/channel\/UCT2nmn08Ntks0hmpZPnDgCA\"],\"logo\":{\"@type\":\"ImageObject\",\"@id\":\"https:\/\/www.comercialanma.es\/#logo\",\"inLanguage\":\"es\",\"url\":\"https:\/\/i2.wp.com\/www.comercialanma.es\/wp-content\/uploads\/2019\/06\/logo-anma-color.png?fit=247%2C101&ssl=1\",\"width\":247,\"height\":101,\"caption\":\"Comercial Anma\"},\"image\":{\"@id\":\"https:\/\/www.comercialanma.es\/#logo\"}},{\"@type\":\"WebSite\",\"@id\":\"https:\/\/www.comercialanma.es\/#website\",\"url\":\"https:\/\/www.comercialanma.es\/\",\"name\":\"Comercial de Hosteleria Anma\",\"description\":\"\",\"publisher\":{\"@id\":\"https:\/\/www.comercialanma.es\/#organization\"},\"potentialAction\":[{\"@type\":\"SearchAction\",\"target\":\"https:\/\/www.comercialanma.es\/?s={search_term_string}\",\"query-input\":\"required name=search_term_string\"}],\"inLanguage\":\"es\"},{\"@type\":\"ImageObject\",\"@id\":\"https:\/\/www.comercialanma.es\/?product=vino-aessir-expresion-blanco-75cl#primaryimage\",\"inLanguage\":\"es\",\"url\":\"https:\/\/i1.wp.com\/www.comercialanma.es\/wp-content\/uploads\/2019\/09\/AESSIR-EXPRESION-2025.jpg?fit=1080%2C1080&ssl=1\",\"width\":1080,\"height\":1080},{\"@type\":\"WebPage\",\"@id\":\"https:\/\/www.comercialanma.es\/?product=vino-aessir-expresion-blanco-75cl#webpage\",\"url\":\"https:\/\/www.comercialanma.es\/?product=vino-aessir-expresion-blanco-75cl\",\"name\":\"Vino Aessir Expresion Blanco 75cl. - Comercial de Hosteleria Anma\",\"isPartOf\":{\"@id\":\"https:\/\/www.comercialanma.es\/#website\"},\"primaryImageOfPage\":{\"@id\":\"https:\/\/www.comercialanma.es\/?product=vino-aessir-expresion-blanco-75cl#primaryimage\"},\"datePublished\":\"2019-09-02T15:46:26+00:00\",\"dateModified\":\"2025-09-24T15:57:02+00:00\",\"breadcrumb\":{\"@id\":\"https:\/\/www.comercialanma.es\/?product=vino-aessir-expresion-blanco-75cl#breadcrumb\"},\"inLanguage\":\"es\",\"potentialAction\":[{\"@type\":\"ReadAction\",\"target\":[\"https:\/\/www.comercialanma.es\/?product=vino-aessir-expresion-blanco-75cl\"]}]},{\"@type\":\"BreadcrumbList\",\"@id\":\"https:\/\/www.comercialanma.es\/?product=vino-aessir-expresion-blanco-75cl#breadcrumb\",\"itemListElement\":[{\"@type\":\"ListItem\",\"position\":1,\"item\":{\"@type\":\"WebPage\",\"@id\":\"https:\/\/www.comercialanma.es\/\",\"url\":\"https:\/\/www.comercialanma.es\/\",\"name\":\"Portada\"}},{\"@type\":\"ListItem\",\"position\":2,\"item\":{\"@type\":\"WebPage\",\"@id\":\"https:\/\/www.comercialanma.es\/?page_id=3963\",\"url\":\"https:\/\/www.comercialanma.es\/?page_id=3963\",\"name\":\"Cat\\u00e1logo de Productos\"}},{\"@type\":\"ListItem\",\"position\":3,\"item\":{\"@type\":\"WebPage\",\"@id\":\"https:\/\/www.comercialanma.es\/?product=vino-aessir-expresion-blanco-75cl\",\"url\":\"https:\/\/www.comercialanma.es\/?product=vino-aessir-expresion-blanco-75cl\",\"name\":\"Vino Aessir Expresion Blanco 75cl.\"}}]}]}<\/script>\n<!-- \/ Yoast SEO plugin. -->","_links":{"self":[{"href":"https:\/\/www.comercialanma.es\/index.php?rest_route=\/wp\/v2\/product\/10430"}],"collection":[{"href":"https:\/\/www.comercialanma.es\/index.php?rest_route=\/wp\/v2\/product"}],"about":[{"href":"https:\/\/www.comercialanma.es\/index.php?rest_route=\/wp\/v2\/types\/product"}],"version-history":[{"count":3,"href":"https:\/\/www.comercialanma.es\/index.php?rest_route=\/wp\/v2\/product\/10430\/revisions"}],"predecessor-version":[{"id":14868,"href":"https:\/\/www.comercialanma.es\/index.php?rest_route=\/wp\/v2\/product\/10430\/revisions\/14868"}],"wp:featuredmedia":[{"embeddable":true,"href":"https:\/\/www.comercialanma.es\/index.php?rest_route=\/wp\/v2\/media\/24439"}],"wp:attachment":[{"href":"https:\/\/www.comercialanma.es\/index.php?rest_route=%2Fwp%2Fv2%2Fmedia&parent=10430"}],"curies":[{"name":"wp","href":"https:\/\/api.w.org\/{rel}","templated":true}]}}