
{"id":10434,"date":"2019-09-02T17:57:27","date_gmt":"2019-09-02T15:57:27","guid":{"rendered":"http:\/\/www.comercialanma.es\/?post_type=product&#038;p=10434"},"modified":"2019-09-03T16:17:17","modified_gmt":"2019-09-03T14:17:17","slug":"vino-blanc-pescador-premium-75cl","status":"publish","type":"product","link":"https:\/\/www.comercialanma.es\/?product=vino-blanc-pescador-premium-75cl","title":{"rendered":"Vino Blanc Pescador Premium 75cl."},"content":{"rendered":"<h3>D.O.:<\/h3>\n<ul>\n<li>Empord\u00e0.<\/li>\n<\/ul>\n<h3>Variedades de uva:<\/h3>\n<ul>\n<li>Chardonnay,\u00a0 Xarel\u00b7lo.<\/li>\n<\/ul>\n<h3>Graduaci\u00f3n:<\/h3>\n<ul>\n<li>Graduaci\u00f3n: 12,5% vol.<\/li>\n<\/ul>\n<h3>Nota de cata:<\/h3>\n<ul>\n<li>Blanc Pescador Premium tiene un intenso aroma fresco a pl\u00e1tano y manzana con ciertas notas de vainilla.<\/li>\n<li>En boca es voluminoso y tiene una acidez arm\u00f3nica gracias a su aguja. Su final es agradable un tanto herb\u00e1ceo.<\/li>\n<\/ul>\n","protected":false},"excerpt":{"rendered":"<p>Blanc Pescador Premium es un vino de aguja de Xarel\u00b7lo y Chardonnay de la DO Empord\u00e1 elaborado por la bodega Castillo de Peralada.<\/p>\n<p>La bodega Castillo de Perelada fue fundada en 1976, aunque el castillo fue adquirido por la familia Suqu\u00e9 Mateu ya en el a\u00f1o 1923. Instalada en el mismo castillo recoge una tradici\u00f3n de elaboraci\u00f3n vin\u00edcola que se remonta hasta la Edad Media. Castillo de Perelada es una bodega que elabora una l\u00ednea amplia y completa de vinos.<\/p>\n","protected":false},"featured_media":10435,"template":"","meta":{"spay_email":""},"yoast_head":"<!-- This site is optimized with the Yoast SEO plugin v15.9 - https:\/\/yoast.com\/wordpress\/plugins\/seo\/ -->\n<title>Vino Blanc Pescador Premium 75cl. - Comercial de Hosteleria Anma<\/title>\n<meta name=\"robots\" content=\"index, follow, max-snippet:-1, max-image-preview:large, max-video-preview:-1\" \/>\n<link rel=\"canonical\" href=\"https:\/\/www.comercialanma.es\/?product=vino-blanc-pescador-premium-75cl\" \/>\n<meta property=\"og:locale\" content=\"es_ES\" \/>\n<meta property=\"og:type\" content=\"article\" \/>\n<meta property=\"og:title\" content=\"Vino Blanc Pescador Premium 75cl. - Comercial de Hosteleria Anma\" \/>\n<meta property=\"og:description\" content=\"Blanc Pescador Premium es un vino de aguja de Xarel\u00b7lo y Chardonnay de la DO Empord\u00e1 elaborado por la bodega Castillo de Peralada.  La bodega Castillo de Perelada fue fundada en 1976, aunque el castillo fue adquirido por la familia Suqu\u00e9 Mateu ya en el a\u00f1o 1923. Instalada en el mismo castillo recoge una tradici\u00f3n de elaboraci\u00f3n vin\u00edcola que se remonta hasta la Edad Media. Castillo de Perelada es una bodega que elabora una l\u00ednea amplia y completa de vinos.\" \/>\n<meta property=\"og:url\" content=\"https:\/\/www.comercialanma.es\/?product=vino-blanc-pescador-premium-75cl\" \/>\n<meta property=\"og:site_name\" content=\"Comercial de Hosteleria Anma\" \/>\n<meta property=\"article:publisher\" content=\"https:\/\/www.facebook.com\/AnmaHosteleria\" \/>\n<meta property=\"article:modified_time\" content=\"2019-09-03T14:17:17+00:00\" \/>\n<meta property=\"og:image\" content=\"https:\/\/i0.wp.com\/www.comercialanma.es\/wp-content\/uploads\/2019\/09\/Blanc-Pescador-Premium.jpg?fit=1200%2C1200&#038;ssl=1\" \/>\n\t<meta property=\"og:image:width\" content=\"1200\" \/>\n\t<meta property=\"og:image:height\" content=\"1200\" \/>\n<meta name=\"twitter:card\" content=\"summary_large_image\" \/>\n<script type=\"application\/ld+json\" class=\"yoast-schema-graph\">{\"@context\":\"https:\/\/schema.org\",\"@graph\":[{\"@type\":\"Organization\",\"@id\":\"https:\/\/www.comercialanma.es\/#organization\",\"name\":\"Comercial Anma\",\"url\":\"https:\/\/www.comercialanma.es\/\",\"sameAs\":[\"https:\/\/www.facebook.com\/AnmaHosteleria\",\"https:\/\/www.instagram.com\/anmahosteleria\/?hl=es\",\"https:\/\/www.youtube.com\/channel\/UCT2nmn08Ntks0hmpZPnDgCA\"],\"logo\":{\"@type\":\"ImageObject\",\"@id\":\"https:\/\/www.comercialanma.es\/#logo\",\"inLanguage\":\"es\",\"url\":\"https:\/\/i2.wp.com\/www.comercialanma.es\/wp-content\/uploads\/2019\/06\/logo-anma-color.png?fit=247%2C101&ssl=1\",\"width\":247,\"height\":101,\"caption\":\"Comercial Anma\"},\"image\":{\"@id\":\"https:\/\/www.comercialanma.es\/#logo\"}},{\"@type\":\"WebSite\",\"@id\":\"https:\/\/www.comercialanma.es\/#website\",\"url\":\"https:\/\/www.comercialanma.es\/\",\"name\":\"Comercial de Hosteleria Anma\",\"description\":\"\",\"publisher\":{\"@id\":\"https:\/\/www.comercialanma.es\/#organization\"},\"potentialAction\":[{\"@type\":\"SearchAction\",\"target\":\"https:\/\/www.comercialanma.es\/?s={search_term_string}\",\"query-input\":\"required name=search_term_string\"}],\"inLanguage\":\"es\"},{\"@type\":\"ImageObject\",\"@id\":\"https:\/\/www.comercialanma.es\/?product=vino-blanc-pescador-premium-75cl#primaryimage\",\"inLanguage\":\"es\",\"url\":\"https:\/\/i0.wp.com\/www.comercialanma.es\/wp-content\/uploads\/2019\/09\/Blanc-Pescador-Premium.jpg?fit=1200%2C1200&ssl=1\",\"width\":1200,\"height\":1200},{\"@type\":\"WebPage\",\"@id\":\"https:\/\/www.comercialanma.es\/?product=vino-blanc-pescador-premium-75cl#webpage\",\"url\":\"https:\/\/www.comercialanma.es\/?product=vino-blanc-pescador-premium-75cl\",\"name\":\"Vino Blanc Pescador Premium 75cl. - Comercial de Hosteleria Anma\",\"isPartOf\":{\"@id\":\"https:\/\/www.comercialanma.es\/#website\"},\"primaryImageOfPage\":{\"@id\":\"https:\/\/www.comercialanma.es\/?product=vino-blanc-pescador-premium-75cl#primaryimage\"},\"datePublished\":\"2019-09-02T15:57:27+00:00\",\"dateModified\":\"2019-09-03T14:17:17+00:00\",\"breadcrumb\":{\"@id\":\"https:\/\/www.comercialanma.es\/?product=vino-blanc-pescador-premium-75cl#breadcrumb\"},\"inLanguage\":\"es\",\"potentialAction\":[{\"@type\":\"ReadAction\",\"target\":[\"https:\/\/www.comercialanma.es\/?product=vino-blanc-pescador-premium-75cl\"]}]},{\"@type\":\"BreadcrumbList\",\"@id\":\"https:\/\/www.comercialanma.es\/?product=vino-blanc-pescador-premium-75cl#breadcrumb\",\"itemListElement\":[{\"@type\":\"ListItem\",\"position\":1,\"item\":{\"@type\":\"WebPage\",\"@id\":\"https:\/\/www.comercialanma.es\/\",\"url\":\"https:\/\/www.comercialanma.es\/\",\"name\":\"Portada\"}},{\"@type\":\"ListItem\",\"position\":2,\"item\":{\"@type\":\"WebPage\",\"@id\":\"https:\/\/www.comercialanma.es\/?page_id=3963\",\"url\":\"https:\/\/www.comercialanma.es\/?page_id=3963\",\"name\":\"Cat\\u00e1logo de Productos\"}},{\"@type\":\"ListItem\",\"position\":3,\"item\":{\"@type\":\"WebPage\",\"@id\":\"https:\/\/www.comercialanma.es\/?product=vino-blanc-pescador-premium-75cl\",\"url\":\"https:\/\/www.comercialanma.es\/?product=vino-blanc-pescador-premium-75cl\",\"name\":\"Vino Blanc Pescador Premium 75cl.\"}}]}]}<\/script>\n<!-- \/ Yoast SEO plugin. -->","_links":{"self":[{"href":"https:\/\/www.comercialanma.es\/index.php?rest_route=\/wp\/v2\/product\/10434"}],"collection":[{"href":"https:\/\/www.comercialanma.es\/index.php?rest_route=\/wp\/v2\/product"}],"about":[{"href":"https:\/\/www.comercialanma.es\/index.php?rest_route=\/wp\/v2\/types\/product"}],"version-history":[{"count":1,"href":"https:\/\/www.comercialanma.es\/index.php?rest_route=\/wp\/v2\/product\/10434\/revisions"}],"predecessor-version":[{"id":10436,"href":"https:\/\/www.comercialanma.es\/index.php?rest_route=\/wp\/v2\/product\/10434\/revisions\/10436"}],"wp:featuredmedia":[{"embeddable":true,"href":"https:\/\/www.comercialanma.es\/index.php?rest_route=\/wp\/v2\/media\/10435"}],"wp:attachment":[{"href":"https:\/\/www.comercialanma.es\/index.php?rest_route=%2Fwp%2Fv2%2Fmedia&parent=10434"}],"curies":[{"name":"wp","href":"https:\/\/api.w.org\/{rel}","templated":true}]}}