
{"id":10458,"date":"2019-09-03T10:48:33","date_gmt":"2019-09-03T08:48:33","guid":{"rendered":"http:\/\/www.comercialanma.es\/?post_type=product&#038;p=10458"},"modified":"2023-08-30T10:53:37","modified_gmt":"2023-08-30T08:53:37","slug":"vino-jean-leon-vina-gigi-chardonnay-75cl","status":"publish","type":"product","link":"https:\/\/www.comercialanma.es\/?product=vino-jean-leon-vina-gigi-chardonnay-75cl","title":{"rendered":"Vino Jean Leon Vi\u00f1a Gigi Chardonnay 75cl."},"content":{"rendered":"<h3>D.O.:<\/h3>\n<ul>\n<li>Pened\u00e9s<\/li>\n<\/ul>\n<h3>Variedades de uva:<\/h3>\n<ul>\n<li>Chardonnay.<\/li>\n<\/ul>\n<h3>Graduaci\u00f3n:<\/h3>\n<ul>\n<li>Graduaci\u00f3n: 13,5% vol.<\/li>\n<\/ul>\n<h3>Nota de cata:<\/h3>\n<div id=\"tab_cata_2013\" class=\"tab_content catas_review_container\">\n<ul>\n<li class=\"sp catas_review col-xs-12 nopadding\">Visualmente es brillante con un color dorado p\u00e1lido.<\/li>\n<li class=\"sp catas_review col-xs-12 nopadding\"><span class=\"cata_title\">Cata en nariz<\/span> <span class=\"cata_content\">De alta intensidad. Notas l\u00e1cticas y aromas de fruta tropical sumados a toques tostados y especiados de la barrica.<\/span><\/li>\n<li class=\"sp catas_review col-xs-12 nopadding\">En boca tiene una entrada voluptuosa y su equilibrada acidez hace que el vino sea fresco y persistente.<\/li>\n<\/ul>\n<\/div>\n","protected":false},"excerpt":{"rendered":"<p>Vinya Gigi es un vino blanco de la D.O. Pened\u00e8s elaborado por Jean Leon. Este vino es un monovarietal de Chardonnay.<\/p>\n<p>Vinya Gigi nace a partir de uvas procedentes de una vi\u00f1a que lleva el nombre Gigi en honor a la hija del fundador de la bodega, Jean Leon.<\/p>\n<p>Vinya Gigi pasa por un periodo de fermentaci\u00f3n y posteriormente envejece durante alrededor de medio a\u00f1o en barricas de roble franc\u00e9s con sus l\u00edas.<\/p>\n","protected":false},"featured_media":22451,"template":"","meta":{"spay_email":""},"yoast_head":"<!-- This site is optimized with the Yoast SEO plugin v15.9 - https:\/\/yoast.com\/wordpress\/plugins\/seo\/ -->\n<title>Vino Jean Leon Vi\u00f1a Gigi Chardonnay 75cl. - Comercial de Hosteleria Anma<\/title>\n<meta name=\"robots\" content=\"index, follow, max-snippet:-1, max-image-preview:large, max-video-preview:-1\" \/>\n<link rel=\"canonical\" href=\"https:\/\/www.comercialanma.es\/?product=vino-jean-leon-vina-gigi-chardonnay-75cl\" \/>\n<meta property=\"og:locale\" content=\"es_ES\" \/>\n<meta property=\"og:type\" content=\"article\" \/>\n<meta property=\"og:title\" content=\"Vino Jean Leon Vi\u00f1a Gigi Chardonnay 75cl. - Comercial de Hosteleria Anma\" \/>\n<meta property=\"og:description\" content=\"Vinya Gigi es un vino blanco de la D.O. Pened\u00e8s elaborado por Jean Leon. Este vino es un monovarietal de Chardonnay.  Vinya Gigi nace a partir de uvas procedentes de una vi\u00f1a que lleva el nombre Gigi en honor a la hija del fundador de la bodega, Jean Leon.  Vinya Gigi pasa por un periodo de fermentaci\u00f3n y posteriormente envejece durante alrededor de medio a\u00f1o en barricas de roble franc\u00e9s con sus l\u00edas.\" \/>\n<meta property=\"og:url\" content=\"https:\/\/www.comercialanma.es\/?product=vino-jean-leon-vina-gigi-chardonnay-75cl\" \/>\n<meta property=\"og:site_name\" content=\"Comercial de Hosteleria Anma\" \/>\n<meta property=\"article:publisher\" content=\"https:\/\/www.facebook.com\/AnmaHosteleria\" \/>\n<meta property=\"article:modified_time\" content=\"2023-08-30T08:53:37+00:00\" \/>\n<meta property=\"og:image\" content=\"https:\/\/i1.wp.com\/www.comercialanma.es\/wp-content\/uploads\/2019\/09\/JEAN-LEON-VIN\u0303A-GIGI-23.jpg?fit=1080%2C1080&#038;ssl=1\" \/>\n\t<meta property=\"og:image:width\" content=\"1080\" \/>\n\t<meta property=\"og:image:height\" content=\"1080\" \/>\n<meta name=\"twitter:card\" content=\"summary_large_image\" \/>\n<meta name=\"twitter:label1\" content=\"Tiempo de lectura\">\n\t<meta name=\"twitter:data1\" content=\"1 minuto\">\n<script type=\"application\/ld+json\" class=\"yoast-schema-graph\">{\"@context\":\"https:\/\/schema.org\",\"@graph\":[{\"@type\":\"Organization\",\"@id\":\"https:\/\/www.comercialanma.es\/#organization\",\"name\":\"Comercial Anma\",\"url\":\"https:\/\/www.comercialanma.es\/\",\"sameAs\":[\"https:\/\/www.facebook.com\/AnmaHosteleria\",\"https:\/\/www.instagram.com\/anmahosteleria\/?hl=es\",\"https:\/\/www.youtube.com\/channel\/UCT2nmn08Ntks0hmpZPnDgCA\"],\"logo\":{\"@type\":\"ImageObject\",\"@id\":\"https:\/\/www.comercialanma.es\/#logo\",\"inLanguage\":\"es\",\"url\":\"https:\/\/i2.wp.com\/www.comercialanma.es\/wp-content\/uploads\/2019\/06\/logo-anma-color.png?fit=247%2C101&ssl=1\",\"width\":247,\"height\":101,\"caption\":\"Comercial Anma\"},\"image\":{\"@id\":\"https:\/\/www.comercialanma.es\/#logo\"}},{\"@type\":\"WebSite\",\"@id\":\"https:\/\/www.comercialanma.es\/#website\",\"url\":\"https:\/\/www.comercialanma.es\/\",\"name\":\"Comercial de Hosteleria Anma\",\"description\":\"\",\"publisher\":{\"@id\":\"https:\/\/www.comercialanma.es\/#organization\"},\"potentialAction\":[{\"@type\":\"SearchAction\",\"target\":\"https:\/\/www.comercialanma.es\/?s={search_term_string}\",\"query-input\":\"required name=search_term_string\"}],\"inLanguage\":\"es\"},{\"@type\":\"ImageObject\",\"@id\":\"https:\/\/www.comercialanma.es\/?product=vino-jean-leon-vina-gigi-chardonnay-75cl#primaryimage\",\"inLanguage\":\"es\",\"url\":\"https:\/\/i1.wp.com\/www.comercialanma.es\/wp-content\/uploads\/2019\/09\/JEAN-LEON-VIN\\u0303A-GIGI-23.jpg?fit=1080%2C1080&ssl=1\",\"width\":1080,\"height\":1080},{\"@type\":\"WebPage\",\"@id\":\"https:\/\/www.comercialanma.es\/?product=vino-jean-leon-vina-gigi-chardonnay-75cl#webpage\",\"url\":\"https:\/\/www.comercialanma.es\/?product=vino-jean-leon-vina-gigi-chardonnay-75cl\",\"name\":\"Vino Jean Leon Vi\\u00f1a Gigi Chardonnay 75cl. - Comercial de Hosteleria Anma\",\"isPartOf\":{\"@id\":\"https:\/\/www.comercialanma.es\/#website\"},\"primaryImageOfPage\":{\"@id\":\"https:\/\/www.comercialanma.es\/?product=vino-jean-leon-vina-gigi-chardonnay-75cl#primaryimage\"},\"datePublished\":\"2019-09-03T08:48:33+00:00\",\"dateModified\":\"2023-08-30T08:53:37+00:00\",\"breadcrumb\":{\"@id\":\"https:\/\/www.comercialanma.es\/?product=vino-jean-leon-vina-gigi-chardonnay-75cl#breadcrumb\"},\"inLanguage\":\"es\",\"potentialAction\":[{\"@type\":\"ReadAction\",\"target\":[\"https:\/\/www.comercialanma.es\/?product=vino-jean-leon-vina-gigi-chardonnay-75cl\"]}]},{\"@type\":\"BreadcrumbList\",\"@id\":\"https:\/\/www.comercialanma.es\/?product=vino-jean-leon-vina-gigi-chardonnay-75cl#breadcrumb\",\"itemListElement\":[{\"@type\":\"ListItem\",\"position\":1,\"item\":{\"@type\":\"WebPage\",\"@id\":\"https:\/\/www.comercialanma.es\/\",\"url\":\"https:\/\/www.comercialanma.es\/\",\"name\":\"Portada\"}},{\"@type\":\"ListItem\",\"position\":2,\"item\":{\"@type\":\"WebPage\",\"@id\":\"https:\/\/www.comercialanma.es\/?page_id=3963\",\"url\":\"https:\/\/www.comercialanma.es\/?page_id=3963\",\"name\":\"Cat\\u00e1logo de Productos\"}},{\"@type\":\"ListItem\",\"position\":3,\"item\":{\"@type\":\"WebPage\",\"@id\":\"https:\/\/www.comercialanma.es\/?product=vino-jean-leon-vina-gigi-chardonnay-75cl\",\"url\":\"https:\/\/www.comercialanma.es\/?product=vino-jean-leon-vina-gigi-chardonnay-75cl\",\"name\":\"Vino Jean Leon Vi\\u00f1a Gigi Chardonnay 75cl.\"}}]}]}<\/script>\n<!-- \/ Yoast SEO plugin. -->","_links":{"self":[{"href":"https:\/\/www.comercialanma.es\/index.php?rest_route=\/wp\/v2\/product\/10458"}],"collection":[{"href":"https:\/\/www.comercialanma.es\/index.php?rest_route=\/wp\/v2\/product"}],"about":[{"href":"https:\/\/www.comercialanma.es\/index.php?rest_route=\/wp\/v2\/types\/product"}],"version-history":[{"count":3,"href":"https:\/\/www.comercialanma.es\/index.php?rest_route=\/wp\/v2\/product\/10458\/revisions"}],"predecessor-version":[{"id":22453,"href":"https:\/\/www.comercialanma.es\/index.php?rest_route=\/wp\/v2\/product\/10458\/revisions\/22453"}],"wp:featuredmedia":[{"embeddable":true,"href":"https:\/\/www.comercialanma.es\/index.php?rest_route=\/wp\/v2\/media\/22451"}],"wp:attachment":[{"href":"https:\/\/www.comercialanma.es\/index.php?rest_route=%2Fwp%2Fv2%2Fmedia&parent=10458"}],"curies":[{"name":"wp","href":"https:\/\/api.w.org\/{rel}","templated":true}]}}