
{"id":10477,"date":"2019-09-03T11:46:36","date_gmt":"2019-09-03T09:46:36","guid":{"rendered":"http:\/\/www.comercialanma.es\/?post_type=product&#038;p=10477"},"modified":"2019-09-03T16:13:18","modified_gmt":"2019-09-03T14:13:18","slug":"vino-gramona-mas-escorpi-blanco-75cl","status":"publish","type":"product","link":"https:\/\/www.comercialanma.es\/?product=vino-gramona-mas-escorpi-blanco-75cl","title":{"rendered":"Vino Gramona Mas Escorp\u00ed Blanco 75cl."},"content":{"rendered":"<h3>D.O.:<\/h3>\n<ul>\n<li>Pened\u00e9s<\/li>\n<\/ul>\n<h3>Variedades de uva:<\/h3>\n<ul>\n<li>Chardonnay.<\/li>\n<\/ul>\n<h3>Graduaci\u00f3n:<\/h3>\n<ul>\n<li>Graduaci\u00f3n: 11,5% vol.<\/li>\n<\/ul>\n<h3>Nota de cata:<\/h3>\n<div class=\"row notacata nomargin\">\n<div class=\"notacata-container\">\n<div id=\"tabs_content_container\">\n<div id=\"tab_cata_2017\" class=\"tab_content catas_review_container\">\n<ul>\n<li class=\"gen catas_review col-xs-12 nopadding\"><span class=\"cata_content\">Gramona Mas Escorp\u00ed es un vino blanco perfilado, amplio y profundo. <\/span><\/li>\n<li class=\"gen catas_review col-xs-12 nopadding\"><span class=\"cata_content\">A\u00f1ada c\u00e1lida que proporciona m\u00e1s carga frutal, con aromas a fruta blanca de hueso madura y notas de flores mediterr\u00e1neas.<\/span><\/li>\n<li class=\"gen catas_review col-xs-12 nopadding\"><span class=\"cata_content\"> En boca muestra volumen y amplitud con un final muy largo.<\/span><\/li>\n<\/ul>\n<\/div>\n<\/div>\n<\/div>\n<\/div>\n","protected":false},"excerpt":{"rendered":"<p>Gramona Mas Escorp\u00ed\u00a0es un vino blanco de la\u00a0D.O. Pened\u00e9s\u00a0elaborado por la bodega\u00a0Gramona\u00a0que se encuentra en\u00a0Sant Sadurn\u00ed d&#8217;Anoia. Se trata de una bodega familiar que lleva dedic\u00e1ndose a la elaboraci\u00f3n de vinos y cavas m\u00e1s de 120 a\u00f1os.<\/p>\n<p>El clima de Sant Sadurni es t\u00edpicamente mediterr\u00e1neo, de veranos secos y calurosos e inviernos secos. El vi\u00f1edo esta principalmente plantado sobre suelo franco arcilloso y reconvirti\u00e9ndolo hacia una viticultura respetuosa bajo los preceptos de la biodin\u00e1mica.<\/p>\n","protected":false},"featured_media":10478,"template":"","meta":{"spay_email":""},"yoast_head":"<!-- This site is optimized with the Yoast SEO plugin v15.9 - https:\/\/yoast.com\/wordpress\/plugins\/seo\/ -->\n<title>Vino Gramona Mas Escorp\u00ed Blanco 75cl. - Comercial de Hosteleria Anma<\/title>\n<meta name=\"robots\" content=\"index, follow, max-snippet:-1, max-image-preview:large, max-video-preview:-1\" \/>\n<link rel=\"canonical\" href=\"https:\/\/www.comercialanma.es\/?product=vino-gramona-mas-escorpi-blanco-75cl\" \/>\n<meta property=\"og:locale\" content=\"es_ES\" \/>\n<meta property=\"og:type\" content=\"article\" \/>\n<meta property=\"og:title\" content=\"Vino Gramona Mas Escorp\u00ed Blanco 75cl. - Comercial de Hosteleria Anma\" \/>\n<meta property=\"og:description\" content=\"Gramona Mas Escorp\u00ed\u00a0es un vino blanco de la\u00a0D.O. Pened\u00e9s\u00a0elaborado por la bodega\u00a0Gramona\u00a0que se encuentra en\u00a0Sant Sadurn\u00ed d&#039;Anoia. Se trata de una bodega familiar que lleva dedic\u00e1ndose a la elaboraci\u00f3n de vinos y cavas m\u00e1s de 120 a\u00f1os.  El clima de Sant Sadurni es t\u00edpicamente mediterr\u00e1neo, de veranos secos y calurosos e inviernos secos. El vi\u00f1edo esta principalmente plantado sobre suelo franco arcilloso y reconvirti\u00e9ndolo hacia una viticultura respetuosa bajo los preceptos de la biodin\u00e1mica.\" \/>\n<meta property=\"og:url\" content=\"https:\/\/www.comercialanma.es\/?product=vino-gramona-mas-escorpi-blanco-75cl\" \/>\n<meta property=\"og:site_name\" content=\"Comercial de Hosteleria Anma\" \/>\n<meta property=\"article:publisher\" content=\"https:\/\/www.facebook.com\/AnmaHosteleria\" \/>\n<meta property=\"article:modified_time\" content=\"2019-09-03T14:13:18+00:00\" \/>\n<meta property=\"og:image\" content=\"https:\/\/i2.wp.com\/www.comercialanma.es\/wp-content\/uploads\/2019\/09\/Mas-Escorpi.jpg?fit=1200%2C1200&#038;ssl=1\" \/>\n\t<meta property=\"og:image:width\" content=\"1200\" \/>\n\t<meta property=\"og:image:height\" content=\"1200\" \/>\n<meta name=\"twitter:card\" content=\"summary_large_image\" \/>\n<script type=\"application\/ld+json\" class=\"yoast-schema-graph\">{\"@context\":\"https:\/\/schema.org\",\"@graph\":[{\"@type\":\"Organization\",\"@id\":\"https:\/\/www.comercialanma.es\/#organization\",\"name\":\"Comercial Anma\",\"url\":\"https:\/\/www.comercialanma.es\/\",\"sameAs\":[\"https:\/\/www.facebook.com\/AnmaHosteleria\",\"https:\/\/www.instagram.com\/anmahosteleria\/?hl=es\",\"https:\/\/www.youtube.com\/channel\/UCT2nmn08Ntks0hmpZPnDgCA\"],\"logo\":{\"@type\":\"ImageObject\",\"@id\":\"https:\/\/www.comercialanma.es\/#logo\",\"inLanguage\":\"es\",\"url\":\"https:\/\/i2.wp.com\/www.comercialanma.es\/wp-content\/uploads\/2019\/06\/logo-anma-color.png?fit=247%2C101&ssl=1\",\"width\":247,\"height\":101,\"caption\":\"Comercial Anma\"},\"image\":{\"@id\":\"https:\/\/www.comercialanma.es\/#logo\"}},{\"@type\":\"WebSite\",\"@id\":\"https:\/\/www.comercialanma.es\/#website\",\"url\":\"https:\/\/www.comercialanma.es\/\",\"name\":\"Comercial de Hosteleria Anma\",\"description\":\"\",\"publisher\":{\"@id\":\"https:\/\/www.comercialanma.es\/#organization\"},\"potentialAction\":[{\"@type\":\"SearchAction\",\"target\":\"https:\/\/www.comercialanma.es\/?s={search_term_string}\",\"query-input\":\"required name=search_term_string\"}],\"inLanguage\":\"es\"},{\"@type\":\"ImageObject\",\"@id\":\"https:\/\/www.comercialanma.es\/?product=vino-gramona-mas-escorpi-blanco-75cl#primaryimage\",\"inLanguage\":\"es\",\"url\":\"https:\/\/i2.wp.com\/www.comercialanma.es\/wp-content\/uploads\/2019\/09\/Mas-Escorpi.jpg?fit=1200%2C1200&ssl=1\",\"width\":1200,\"height\":1200},{\"@type\":\"WebPage\",\"@id\":\"https:\/\/www.comercialanma.es\/?product=vino-gramona-mas-escorpi-blanco-75cl#webpage\",\"url\":\"https:\/\/www.comercialanma.es\/?product=vino-gramona-mas-escorpi-blanco-75cl\",\"name\":\"Vino Gramona Mas Escorp\\u00ed Blanco 75cl. - Comercial de Hosteleria Anma\",\"isPartOf\":{\"@id\":\"https:\/\/www.comercialanma.es\/#website\"},\"primaryImageOfPage\":{\"@id\":\"https:\/\/www.comercialanma.es\/?product=vino-gramona-mas-escorpi-blanco-75cl#primaryimage\"},\"datePublished\":\"2019-09-03T09:46:36+00:00\",\"dateModified\":\"2019-09-03T14:13:18+00:00\",\"breadcrumb\":{\"@id\":\"https:\/\/www.comercialanma.es\/?product=vino-gramona-mas-escorpi-blanco-75cl#breadcrumb\"},\"inLanguage\":\"es\",\"potentialAction\":[{\"@type\":\"ReadAction\",\"target\":[\"https:\/\/www.comercialanma.es\/?product=vino-gramona-mas-escorpi-blanco-75cl\"]}]},{\"@type\":\"BreadcrumbList\",\"@id\":\"https:\/\/www.comercialanma.es\/?product=vino-gramona-mas-escorpi-blanco-75cl#breadcrumb\",\"itemListElement\":[{\"@type\":\"ListItem\",\"position\":1,\"item\":{\"@type\":\"WebPage\",\"@id\":\"https:\/\/www.comercialanma.es\/\",\"url\":\"https:\/\/www.comercialanma.es\/\",\"name\":\"Portada\"}},{\"@type\":\"ListItem\",\"position\":2,\"item\":{\"@type\":\"WebPage\",\"@id\":\"https:\/\/www.comercialanma.es\/?page_id=3963\",\"url\":\"https:\/\/www.comercialanma.es\/?page_id=3963\",\"name\":\"Cat\\u00e1logo de Productos\"}},{\"@type\":\"ListItem\",\"position\":3,\"item\":{\"@type\":\"WebPage\",\"@id\":\"https:\/\/www.comercialanma.es\/?product=vino-gramona-mas-escorpi-blanco-75cl\",\"url\":\"https:\/\/www.comercialanma.es\/?product=vino-gramona-mas-escorpi-blanco-75cl\",\"name\":\"Vino Gramona Mas Escorp\\u00ed Blanco 75cl.\"}}]}]}<\/script>\n<!-- \/ Yoast SEO plugin. -->","_links":{"self":[{"href":"https:\/\/www.comercialanma.es\/index.php?rest_route=\/wp\/v2\/product\/10477"}],"collection":[{"href":"https:\/\/www.comercialanma.es\/index.php?rest_route=\/wp\/v2\/product"}],"about":[{"href":"https:\/\/www.comercialanma.es\/index.php?rest_route=\/wp\/v2\/types\/product"}],"version-history":[{"count":1,"href":"https:\/\/www.comercialanma.es\/index.php?rest_route=\/wp\/v2\/product\/10477\/revisions"}],"predecessor-version":[{"id":10479,"href":"https:\/\/www.comercialanma.es\/index.php?rest_route=\/wp\/v2\/product\/10477\/revisions\/10479"}],"wp:featuredmedia":[{"embeddable":true,"href":"https:\/\/www.comercialanma.es\/index.php?rest_route=\/wp\/v2\/media\/10478"}],"wp:attachment":[{"href":"https:\/\/www.comercialanma.es\/index.php?rest_route=%2Fwp%2Fv2%2Fmedia&parent=10477"}],"curies":[{"name":"wp","href":"https:\/\/api.w.org\/{rel}","templated":true}]}}