
{"id":10500,"date":"2019-09-03T12:41:32","date_gmt":"2019-09-03T10:41:32","guid":{"rendered":"http:\/\/www.comercialanma.es\/?post_type=product&#038;p=10500"},"modified":"2021-04-07T12:06:39","modified_gmt":"2021-04-07T10:06:39","slug":"vino-juve-camps-casa-vella-despiells-75cl","status":"publish","type":"product","link":"https:\/\/www.comercialanma.es\/?product=vino-juve-camps-casa-vella-despiells-75cl","title":{"rendered":"Casa Vella D\u00b4Espiells 75cl."},"content":{"rendered":"<h3>D.O.:<\/h3>\n<ul>\n<li>Pened\u00e9s<\/li>\n<\/ul>\n<h3>Variedades de uva:<\/h3>\n<ul>\n<li>Cabernet Sauvignon, Merlot.<\/li>\n<\/ul>\n<h3>Graduaci\u00f3n:<\/h3>\n<ul>\n<li>Graduaci\u00f3n: 13,5% vol.<\/li>\n<\/ul>\n<h3>Nota de cata:<\/h3>\n<ul>\n<li><span class=\"cata_title\">Cata a la vista<\/span> <span class=\"cata_content\">Color picota de capa alta. <\/span><\/li>\n<li><span class=\"cata_title\">Cata en nariz<\/span> <span class=\"cata_content\">Buena intensidad, aromas de fruta roja madura, con notas especiadas y dulces. Fondo mineral y ahumado. <\/span><\/li>\n<li><span class=\"cata_title\">Cata en boca<\/span> <span class=\"cata_content\">Muy carnoso y sabroso, de paso fresco y agradable. Taninos maduros y buena acidez. Final largo y persistente. <\/span><\/li>\n<\/ul>\n","protected":false},"excerpt":{"rendered":"<p>Casa Vella d&#8217;Espiells es un vino tinto elaborado en la D.O. Pened\u00e9s por la bodega Juv\u00e9 &amp; Camps. La bodega se ubica en San Sadurn\u00ed d&#8217;Anoia, pueblo del Alt Pened\u00e8s (Barcelona)<\/p>\n<p>Casa Vella d&#8217;Espiells est\u00e1 elaborado a partir de las variedades Cabernet Sauvignon (85%) y Merlot (15%).<br \/>\nLa uva procede de vi\u00f1edos de m\u00e1s de 20 a\u00f1os, de la Finca Mediona, ubicada en las tierras altas del Alt Pened\u00e8s, donde el vi\u00f1edo crece por encima de los 650 metros de altitud.<\/p>\n","protected":false},"featured_media":12636,"template":"","meta":{"spay_email":""},"yoast_head":"<!-- This site is optimized with the Yoast SEO plugin v15.9 - https:\/\/yoast.com\/wordpress\/plugins\/seo\/ -->\n<title>Casa Vella D\u00b4Espiells 75cl. - Comercial de Hosteleria Anma<\/title>\n<meta name=\"robots\" content=\"index, follow, max-snippet:-1, max-image-preview:large, max-video-preview:-1\" \/>\n<link rel=\"canonical\" href=\"https:\/\/www.comercialanma.es\/?product=vino-juve-camps-casa-vella-despiells-75cl\" \/>\n<meta property=\"og:locale\" content=\"es_ES\" \/>\n<meta property=\"og:type\" content=\"article\" \/>\n<meta property=\"og:title\" content=\"Casa Vella D\u00b4Espiells 75cl. - Comercial de Hosteleria Anma\" \/>\n<meta property=\"og:description\" content=\"Casa Vella d&#039;Espiells es un vino tinto elaborado en la D.O. Pened\u00e9s por la bodega Juv\u00e9 &amp; Camps. La bodega se ubica en San Sadurn\u00ed d&#039;Anoia, pueblo del Alt Pened\u00e8s (Barcelona)  Casa Vella d&#039;Espiells est\u00e1 elaborado a partir de las variedades Cabernet Sauvignon (85%) y Merlot (15%). La uva procede de vi\u00f1edos de m\u00e1s de 20 a\u00f1os, de la Finca Mediona, ubicada en las tierras altas del Alt Pened\u00e8s, donde el vi\u00f1edo crece por encima de los 650 metros de altitud.\" \/>\n<meta property=\"og:url\" content=\"https:\/\/www.comercialanma.es\/?product=vino-juve-camps-casa-vella-despiells-75cl\" \/>\n<meta property=\"og:site_name\" content=\"Comercial de Hosteleria Anma\" \/>\n<meta property=\"article:publisher\" content=\"https:\/\/www.facebook.com\/AnmaHosteleria\" \/>\n<meta property=\"article:modified_time\" content=\"2021-04-07T10:06:39+00:00\" \/>\n<meta property=\"og:image\" content=\"https:\/\/i1.wp.com\/www.comercialanma.es\/wp-content\/uploads\/2019\/09\/Casa-Vella-Espilles.jpg?fit=1080%2C1080&#038;ssl=1\" \/>\n\t<meta property=\"og:image:width\" content=\"1080\" \/>\n\t<meta property=\"og:image:height\" content=\"1080\" \/>\n<meta name=\"twitter:card\" content=\"summary_large_image\" \/>\n<script type=\"application\/ld+json\" class=\"yoast-schema-graph\">{\"@context\":\"https:\/\/schema.org\",\"@graph\":[{\"@type\":\"Organization\",\"@id\":\"https:\/\/www.comercialanma.es\/#organization\",\"name\":\"Comercial Anma\",\"url\":\"https:\/\/www.comercialanma.es\/\",\"sameAs\":[\"https:\/\/www.facebook.com\/AnmaHosteleria\",\"https:\/\/www.instagram.com\/anmahosteleria\/?hl=es\",\"https:\/\/www.youtube.com\/channel\/UCT2nmn08Ntks0hmpZPnDgCA\"],\"logo\":{\"@type\":\"ImageObject\",\"@id\":\"https:\/\/www.comercialanma.es\/#logo\",\"inLanguage\":\"es\",\"url\":\"https:\/\/i2.wp.com\/www.comercialanma.es\/wp-content\/uploads\/2019\/06\/logo-anma-color.png?fit=247%2C101&ssl=1\",\"width\":247,\"height\":101,\"caption\":\"Comercial Anma\"},\"image\":{\"@id\":\"https:\/\/www.comercialanma.es\/#logo\"}},{\"@type\":\"WebSite\",\"@id\":\"https:\/\/www.comercialanma.es\/#website\",\"url\":\"https:\/\/www.comercialanma.es\/\",\"name\":\"Comercial de Hosteleria Anma\",\"description\":\"\",\"publisher\":{\"@id\":\"https:\/\/www.comercialanma.es\/#organization\"},\"potentialAction\":[{\"@type\":\"SearchAction\",\"target\":\"https:\/\/www.comercialanma.es\/?s={search_term_string}\",\"query-input\":\"required name=search_term_string\"}],\"inLanguage\":\"es\"},{\"@type\":\"ImageObject\",\"@id\":\"https:\/\/www.comercialanma.es\/?product=vino-juve-camps-casa-vella-despiells-75cl#primaryimage\",\"inLanguage\":\"es\",\"url\":\"https:\/\/i1.wp.com\/www.comercialanma.es\/wp-content\/uploads\/2019\/09\/Casa-Vella-Espilles.jpg?fit=1080%2C1080&ssl=1\",\"width\":1080,\"height\":1080},{\"@type\":\"WebPage\",\"@id\":\"https:\/\/www.comercialanma.es\/?product=vino-juve-camps-casa-vella-despiells-75cl#webpage\",\"url\":\"https:\/\/www.comercialanma.es\/?product=vino-juve-camps-casa-vella-despiells-75cl\",\"name\":\"Casa Vella D\\u00b4Espiells 75cl. - Comercial de Hosteleria Anma\",\"isPartOf\":{\"@id\":\"https:\/\/www.comercialanma.es\/#website\"},\"primaryImageOfPage\":{\"@id\":\"https:\/\/www.comercialanma.es\/?product=vino-juve-camps-casa-vella-despiells-75cl#primaryimage\"},\"datePublished\":\"2019-09-03T10:41:32+00:00\",\"dateModified\":\"2021-04-07T10:06:39+00:00\",\"breadcrumb\":{\"@id\":\"https:\/\/www.comercialanma.es\/?product=vino-juve-camps-casa-vella-despiells-75cl#breadcrumb\"},\"inLanguage\":\"es\",\"potentialAction\":[{\"@type\":\"ReadAction\",\"target\":[\"https:\/\/www.comercialanma.es\/?product=vino-juve-camps-casa-vella-despiells-75cl\"]}]},{\"@type\":\"BreadcrumbList\",\"@id\":\"https:\/\/www.comercialanma.es\/?product=vino-juve-camps-casa-vella-despiells-75cl#breadcrumb\",\"itemListElement\":[{\"@type\":\"ListItem\",\"position\":1,\"item\":{\"@type\":\"WebPage\",\"@id\":\"https:\/\/www.comercialanma.es\/\",\"url\":\"https:\/\/www.comercialanma.es\/\",\"name\":\"Portada\"}},{\"@type\":\"ListItem\",\"position\":2,\"item\":{\"@type\":\"WebPage\",\"@id\":\"https:\/\/www.comercialanma.es\/?page_id=3963\",\"url\":\"https:\/\/www.comercialanma.es\/?page_id=3963\",\"name\":\"Cat\\u00e1logo de Productos\"}},{\"@type\":\"ListItem\",\"position\":3,\"item\":{\"@type\":\"WebPage\",\"@id\":\"https:\/\/www.comercialanma.es\/?product=vino-juve-camps-casa-vella-despiells-75cl\",\"url\":\"https:\/\/www.comercialanma.es\/?product=vino-juve-camps-casa-vella-despiells-75cl\",\"name\":\"Casa Vella D\\u00b4Espiells 75cl.\"}}]}]}<\/script>\n<!-- \/ Yoast SEO plugin. -->","_links":{"self":[{"href":"https:\/\/www.comercialanma.es\/index.php?rest_route=\/wp\/v2\/product\/10500"}],"collection":[{"href":"https:\/\/www.comercialanma.es\/index.php?rest_route=\/wp\/v2\/product"}],"about":[{"href":"https:\/\/www.comercialanma.es\/index.php?rest_route=\/wp\/v2\/types\/product"}],"version-history":[{"count":2,"href":"https:\/\/www.comercialanma.es\/index.php?rest_route=\/wp\/v2\/product\/10500\/revisions"}],"predecessor-version":[{"id":16191,"href":"https:\/\/www.comercialanma.es\/index.php?rest_route=\/wp\/v2\/product\/10500\/revisions\/16191"}],"wp:featuredmedia":[{"embeddable":true,"href":"https:\/\/www.comercialanma.es\/index.php?rest_route=\/wp\/v2\/media\/12636"}],"wp:attachment":[{"href":"https:\/\/www.comercialanma.es\/index.php?rest_route=%2Fwp%2Fv2%2Fmedia&parent=10500"}],"curies":[{"name":"wp","href":"https:\/\/api.w.org\/{rel}","templated":true}]}}