
{"id":10515,"date":"2019-09-03T15:19:35","date_gmt":"2019-09-03T13:19:35","guid":{"rendered":"http:\/\/www.comercialanma.es\/?post_type=product&#038;p=10515"},"modified":"2019-09-03T16:08:03","modified_gmt":"2019-09-03T14:08:03","slug":"vino-gramona-vi-de-glass-xarel%c2%b7lo-375cl","status":"publish","type":"product","link":"https:\/\/www.comercialanma.es\/?product=vino-gramona-vi-de-glass-xarel%c2%b7lo-375cl","title":{"rendered":"Vino Gramona Vi de Glass Xarel\u00b7lo 37,5cl."},"content":{"rendered":"<h3>D.O.:<\/h3>\n<ul>\n<li>Pened\u00e9s<\/li>\n<\/ul>\n<h3>Variedades de uva:<\/h3>\n<ul>\n<li>Xarel\u00b7lo.<\/li>\n<\/ul>\n<h3>Graduaci\u00f3n:<\/h3>\n<ul>\n<li>Graduaci\u00f3n: 9,5% vol.<\/li>\n<\/ul>\n<h3>Nota de cata:<\/h3>\n<ul>\n<li>Vista: Pajizo de ribetes verdosos brillantes NarizSutil al inicio. Con la oxigenaci\u00f3n torna en una mayor expresividad.<\/li>\n<li>Notas florales, recuerdos c\u00edtricos lima, piel de pomelo, frutas ex\u00f3ticas pi\u00f1a y mango maduros, uva de mesa, melocot\u00f3n de vi\u00f1a, miel de acacia.<\/li>\n<li>BocaEntrada amable, paso untuoso y glic\u00e9rico, final de sostenida acidez que aporta viveza y frescura.<\/li>\n<\/ul>\n","protected":false},"excerpt":{"rendered":"<p>Gramona Gra a Gra es un vino dulce elaborado por Gramona en Sant Sadurn\u00ed d\u2019Anoia, D.O.Pened\u00e8s.<\/p>\n<p>Gramona fue fundada en el a\u00f1o 1881 en Sant Sadurn\u00ed d&#8217;Anoia, el epicentro de la D.O. Cava. Despu\u00e9s de m\u00e1s de 130 a\u00f1os de experiencia elaborando tanto cavas como vinos, actualmente se encuentra al mando del negocio la quinta generaci\u00f3n, que sigue manteniendo la tradici\u00f3n familiar y la filosof\u00eda a partir de la cual han enfocado el trabajo en la bodega a lo largo de los a\u00f1os.<\/p>\n<p>En estos \u00faltimos a\u00f1os Gramona ha ido evolucionando en la forma de tratar su vi\u00f1edo, pasando por la agricultura ecol\u00f3gica y la biodin\u00e1mica, consiguiendo as\u00ed el m\u00e1ximo equilibrio de la vi\u00f1a con su entorno, llenando de car\u00e1cter y singularidad todos sus vinos.<\/p>\n","protected":false},"featured_media":10516,"template":"","meta":{"spay_email":""},"yoast_head":"<!-- This site is optimized with the Yoast SEO plugin v15.9 - https:\/\/yoast.com\/wordpress\/plugins\/seo\/ -->\n<title>Vino Gramona Vi de Glass Xarel\u00b7lo 37,5cl. - Comercial de Hosteleria Anma<\/title>\n<meta name=\"robots\" content=\"index, follow, max-snippet:-1, max-image-preview:large, max-video-preview:-1\" \/>\n<link rel=\"canonical\" href=\"https:\/\/www.comercialanma.es\/?product=vino-gramona-vi-de-glass-xarel\u00b7lo-375cl\" \/>\n<meta property=\"og:locale\" content=\"es_ES\" \/>\n<meta property=\"og:type\" content=\"article\" \/>\n<meta property=\"og:title\" content=\"Vino Gramona Vi de Glass Xarel\u00b7lo 37,5cl. - Comercial de Hosteleria Anma\" \/>\n<meta property=\"og:description\" content=\"Gramona Gra a Gra es un vino dulce elaborado por Gramona en Sant Sadurn\u00ed d\u2019Anoia, D.O.Pened\u00e8s.  Gramona fue fundada en el a\u00f1o 1881 en Sant Sadurn\u00ed d&#039;Anoia, el epicentro de la D.O. Cava. Despu\u00e9s de m\u00e1s de 130 a\u00f1os de experiencia elaborando tanto cavas como vinos, actualmente se encuentra al mando del negocio la quinta generaci\u00f3n, que sigue manteniendo la tradici\u00f3n familiar y la filosof\u00eda a partir de la cual han enfocado el trabajo en la bodega a lo largo de los a\u00f1os.  En estos \u00faltimos a\u00f1os Gramona ha ido evolucionando en la forma de tratar su vi\u00f1edo, pasando por la agricultura ecol\u00f3gica y la biodin\u00e1mica, consiguiendo as\u00ed el m\u00e1ximo equilibrio de la vi\u00f1a con su entorno, llenando de car\u00e1cter y singularidad todos sus vinos.\" \/>\n<meta property=\"og:url\" content=\"https:\/\/www.comercialanma.es\/?product=vino-gramona-vi-de-glass-xarel\u00b7lo-375cl\" \/>\n<meta property=\"og:site_name\" content=\"Comercial de Hosteleria Anma\" \/>\n<meta property=\"article:publisher\" content=\"https:\/\/www.facebook.com\/AnmaHosteleria\" \/>\n<meta property=\"article:modified_time\" content=\"2019-09-03T14:08:03+00:00\" \/>\n<meta property=\"og:image\" content=\"https:\/\/i0.wp.com\/www.comercialanma.es\/wp-content\/uploads\/2019\/09\/Vi-de-Galss-Xarelo.jpg?fit=1200%2C1200&#038;ssl=1\" \/>\n\t<meta property=\"og:image:width\" content=\"1200\" \/>\n\t<meta property=\"og:image:height\" content=\"1200\" \/>\n<meta name=\"twitter:card\" content=\"summary_large_image\" \/>\n<script type=\"application\/ld+json\" class=\"yoast-schema-graph\">{\"@context\":\"https:\/\/schema.org\",\"@graph\":[{\"@type\":\"Organization\",\"@id\":\"https:\/\/www.comercialanma.es\/#organization\",\"name\":\"Comercial Anma\",\"url\":\"https:\/\/www.comercialanma.es\/\",\"sameAs\":[\"https:\/\/www.facebook.com\/AnmaHosteleria\",\"https:\/\/www.instagram.com\/anmahosteleria\/?hl=es\",\"https:\/\/www.youtube.com\/channel\/UCT2nmn08Ntks0hmpZPnDgCA\"],\"logo\":{\"@type\":\"ImageObject\",\"@id\":\"https:\/\/www.comercialanma.es\/#logo\",\"inLanguage\":\"es\",\"url\":\"https:\/\/i2.wp.com\/www.comercialanma.es\/wp-content\/uploads\/2019\/06\/logo-anma-color.png?fit=247%2C101&ssl=1\",\"width\":247,\"height\":101,\"caption\":\"Comercial Anma\"},\"image\":{\"@id\":\"https:\/\/www.comercialanma.es\/#logo\"}},{\"@type\":\"WebSite\",\"@id\":\"https:\/\/www.comercialanma.es\/#website\",\"url\":\"https:\/\/www.comercialanma.es\/\",\"name\":\"Comercial de Hosteleria Anma\",\"description\":\"\",\"publisher\":{\"@id\":\"https:\/\/www.comercialanma.es\/#organization\"},\"potentialAction\":[{\"@type\":\"SearchAction\",\"target\":\"https:\/\/www.comercialanma.es\/?s={search_term_string}\",\"query-input\":\"required name=search_term_string\"}],\"inLanguage\":\"es\"},{\"@type\":\"ImageObject\",\"@id\":\"https:\/\/www.comercialanma.es\/?product=vino-gramona-vi-de-glass-xarel%c2%b7lo-375cl#primaryimage\",\"inLanguage\":\"es\",\"url\":\"https:\/\/i0.wp.com\/www.comercialanma.es\/wp-content\/uploads\/2019\/09\/Vi-de-Galss-Xarelo.jpg?fit=1200%2C1200&ssl=1\",\"width\":1200,\"height\":1200},{\"@type\":\"WebPage\",\"@id\":\"https:\/\/www.comercialanma.es\/?product=vino-gramona-vi-de-glass-xarel%c2%b7lo-375cl#webpage\",\"url\":\"https:\/\/www.comercialanma.es\/?product=vino-gramona-vi-de-glass-xarel%c2%b7lo-375cl\",\"name\":\"Vino Gramona Vi de Glass Xarel\\u00b7lo 37,5cl. - Comercial de Hosteleria Anma\",\"isPartOf\":{\"@id\":\"https:\/\/www.comercialanma.es\/#website\"},\"primaryImageOfPage\":{\"@id\":\"https:\/\/www.comercialanma.es\/?product=vino-gramona-vi-de-glass-xarel%c2%b7lo-375cl#primaryimage\"},\"datePublished\":\"2019-09-03T13:19:35+00:00\",\"dateModified\":\"2019-09-03T14:08:03+00:00\",\"breadcrumb\":{\"@id\":\"https:\/\/www.comercialanma.es\/?product=vino-gramona-vi-de-glass-xarel%c2%b7lo-375cl#breadcrumb\"},\"inLanguage\":\"es\",\"potentialAction\":[{\"@type\":\"ReadAction\",\"target\":[\"https:\/\/www.comercialanma.es\/?product=vino-gramona-vi-de-glass-xarel%c2%b7lo-375cl\"]}]},{\"@type\":\"BreadcrumbList\",\"@id\":\"https:\/\/www.comercialanma.es\/?product=vino-gramona-vi-de-glass-xarel%c2%b7lo-375cl#breadcrumb\",\"itemListElement\":[{\"@type\":\"ListItem\",\"position\":1,\"item\":{\"@type\":\"WebPage\",\"@id\":\"https:\/\/www.comercialanma.es\/\",\"url\":\"https:\/\/www.comercialanma.es\/\",\"name\":\"Portada\"}},{\"@type\":\"ListItem\",\"position\":2,\"item\":{\"@type\":\"WebPage\",\"@id\":\"https:\/\/www.comercialanma.es\/?page_id=3963\",\"url\":\"https:\/\/www.comercialanma.es\/?page_id=3963\",\"name\":\"Cat\\u00e1logo de Productos\"}},{\"@type\":\"ListItem\",\"position\":3,\"item\":{\"@type\":\"WebPage\",\"@id\":\"https:\/\/www.comercialanma.es\/?product=vino-gramona-vi-de-glass-xarel%c2%b7lo-375cl\",\"url\":\"https:\/\/www.comercialanma.es\/?product=vino-gramona-vi-de-glass-xarel%c2%b7lo-375cl\",\"name\":\"Vino Gramona Vi de Glass Xarel\\u00b7lo 37,5cl.\"}}]}]}<\/script>\n<!-- \/ Yoast SEO plugin. -->","_links":{"self":[{"href":"https:\/\/www.comercialanma.es\/index.php?rest_route=\/wp\/v2\/product\/10515"}],"collection":[{"href":"https:\/\/www.comercialanma.es\/index.php?rest_route=\/wp\/v2\/product"}],"about":[{"href":"https:\/\/www.comercialanma.es\/index.php?rest_route=\/wp\/v2\/types\/product"}],"version-history":[{"count":1,"href":"https:\/\/www.comercialanma.es\/index.php?rest_route=\/wp\/v2\/product\/10515\/revisions"}],"predecessor-version":[{"id":10517,"href":"https:\/\/www.comercialanma.es\/index.php?rest_route=\/wp\/v2\/product\/10515\/revisions\/10517"}],"wp:featuredmedia":[{"embeddable":true,"href":"https:\/\/www.comercialanma.es\/index.php?rest_route=\/wp\/v2\/media\/10516"}],"wp:attachment":[{"href":"https:\/\/www.comercialanma.es\/index.php?rest_route=%2Fwp%2Fv2%2Fmedia&parent=10515"}],"curies":[{"name":"wp","href":"https:\/\/api.w.org\/{rel}","templated":true}]}}