
{"id":10543,"date":"2019-09-03T17:45:55","date_gmt":"2019-09-03T15:45:55","guid":{"rendered":"http:\/\/www.comercialanma.es\/?post_type=product&#038;p=10543"},"modified":"2019-09-03T17:53:50","modified_gmt":"2019-09-03T15:53:50","slug":"vino-perelada-cresta-rosa-premium-75cl","status":"publish","type":"product","link":"https:\/\/www.comercialanma.es\/?product=vino-perelada-cresta-rosa-premium-75cl","title":{"rendered":"Vino Perelada Cresta Rosa Premium 75cl."},"content":{"rendered":"<h3>D.O.:<\/h3>\n<ul>\n<li>Empord\u00e0.<\/li>\n<\/ul>\n<h3>Variedades de uva:<\/h3>\n<ul>\n<li>Pinot Noir, Syrah.<\/li>\n<\/ul>\n<h3>Graduaci\u00f3n:<\/h3>\n<ul>\n<li>Graduaci\u00f3n: 12,5% vol.<\/li>\n<\/ul>\n<h3>Nota de cata:<\/h3>\n<ul>\n<li>Color frambuesa con destellos rubies.<\/li>\n<li>Nariz de buena intensidad, recuerdos a golosinas, frutas y flores.<\/li>\n<li>En boca es fresco, con una buena integraci\u00f3n del carb\u00f3nico, acidez adecuada y de recorrido medio, largo. Fina burbuja.<\/li>\n<\/ul>\n","protected":false},"excerpt":{"rendered":"<p>La elaboraci\u00f3n de vino en el Castillo Perelada est\u00e1 documentada ya desde la Edad Media, tal y como lo atestiguan varios documentos y pergaminos de la \u00e9poca que se conservan en la biblioteca. Cuando Miguel Mateu compr\u00f3 este conjunto monumental en 1923 uno de sus principales objetivos fue la revitalizaci\u00f3n de esta tradici\u00f3n vitivin\u00edcola, una tradici\u00f3n que hoy se encuentra m\u00e1s viva que nunca y que ha incorporado la m\u00e1s moderna tecnolog\u00eda para elaborar unos vinos que sacan el m\u00e1ximo partido de los matices de los suelos y vi\u00f1edos del Empord\u00e0.<\/p>\n","protected":false},"featured_media":10545,"template":"","meta":{"spay_email":""},"yoast_head":"<!-- This site is optimized with the Yoast SEO plugin v15.9 - https:\/\/yoast.com\/wordpress\/plugins\/seo\/ -->\n<title>Vino Perelada Cresta Rosa Premium 75cl. - Comercial de Hosteleria Anma<\/title>\n<meta name=\"robots\" content=\"index, follow, max-snippet:-1, max-image-preview:large, max-video-preview:-1\" \/>\n<link rel=\"canonical\" href=\"https:\/\/www.comercialanma.es\/?product=vino-perelada-cresta-rosa-premium-75cl\" \/>\n<meta property=\"og:locale\" content=\"es_ES\" \/>\n<meta property=\"og:type\" content=\"article\" \/>\n<meta property=\"og:title\" content=\"Vino Perelada Cresta Rosa Premium 75cl. - Comercial de Hosteleria Anma\" \/>\n<meta property=\"og:description\" content=\"La elaboraci\u00f3n de vino en el Castillo Perelada est\u00e1 documentada ya desde la Edad Media, tal y como lo atestiguan varios documentos y pergaminos de la \u00e9poca que se conservan en la biblioteca. Cuando Miguel Mateu compr\u00f3 este conjunto monumental en 1923 uno de sus principales objetivos fue la revitalizaci\u00f3n de esta tradici\u00f3n vitivin\u00edcola, una tradici\u00f3n que hoy se encuentra m\u00e1s viva que nunca y que ha incorporado la m\u00e1s moderna tecnolog\u00eda para elaborar unos vinos que sacan el m\u00e1ximo partido de los matices de los suelos y vi\u00f1edos del Empord\u00e0.\" \/>\n<meta property=\"og:url\" content=\"https:\/\/www.comercialanma.es\/?product=vino-perelada-cresta-rosa-premium-75cl\" \/>\n<meta property=\"og:site_name\" content=\"Comercial de Hosteleria Anma\" \/>\n<meta property=\"article:publisher\" content=\"https:\/\/www.facebook.com\/AnmaHosteleria\" \/>\n<meta property=\"article:modified_time\" content=\"2019-09-03T15:53:50+00:00\" \/>\n<meta property=\"og:image\" content=\"https:\/\/i1.wp.com\/www.comercialanma.es\/wp-content\/uploads\/2019\/09\/Cresta-Rosa-Premium.jpg?fit=1200%2C1200&#038;ssl=1\" \/>\n\t<meta property=\"og:image:width\" content=\"1200\" \/>\n\t<meta property=\"og:image:height\" content=\"1200\" \/>\n<meta name=\"twitter:card\" content=\"summary_large_image\" \/>\n<script type=\"application\/ld+json\" class=\"yoast-schema-graph\">{\"@context\":\"https:\/\/schema.org\",\"@graph\":[{\"@type\":\"Organization\",\"@id\":\"https:\/\/www.comercialanma.es\/#organization\",\"name\":\"Comercial Anma\",\"url\":\"https:\/\/www.comercialanma.es\/\",\"sameAs\":[\"https:\/\/www.facebook.com\/AnmaHosteleria\",\"https:\/\/www.instagram.com\/anmahosteleria\/?hl=es\",\"https:\/\/www.youtube.com\/channel\/UCT2nmn08Ntks0hmpZPnDgCA\"],\"logo\":{\"@type\":\"ImageObject\",\"@id\":\"https:\/\/www.comercialanma.es\/#logo\",\"inLanguage\":\"es\",\"url\":\"https:\/\/i2.wp.com\/www.comercialanma.es\/wp-content\/uploads\/2019\/06\/logo-anma-color.png?fit=247%2C101&ssl=1\",\"width\":247,\"height\":101,\"caption\":\"Comercial Anma\"},\"image\":{\"@id\":\"https:\/\/www.comercialanma.es\/#logo\"}},{\"@type\":\"WebSite\",\"@id\":\"https:\/\/www.comercialanma.es\/#website\",\"url\":\"https:\/\/www.comercialanma.es\/\",\"name\":\"Comercial de Hosteleria Anma\",\"description\":\"\",\"publisher\":{\"@id\":\"https:\/\/www.comercialanma.es\/#organization\"},\"potentialAction\":[{\"@type\":\"SearchAction\",\"target\":\"https:\/\/www.comercialanma.es\/?s={search_term_string}\",\"query-input\":\"required name=search_term_string\"}],\"inLanguage\":\"es\"},{\"@type\":\"ImageObject\",\"@id\":\"https:\/\/www.comercialanma.es\/?product=vino-perelada-cresta-rosa-premium-75cl#primaryimage\",\"inLanguage\":\"es\",\"url\":\"https:\/\/i1.wp.com\/www.comercialanma.es\/wp-content\/uploads\/2019\/09\/Cresta-Rosa-Premium.jpg?fit=1200%2C1200&ssl=1\",\"width\":1200,\"height\":1200},{\"@type\":\"WebPage\",\"@id\":\"https:\/\/www.comercialanma.es\/?product=vino-perelada-cresta-rosa-premium-75cl#webpage\",\"url\":\"https:\/\/www.comercialanma.es\/?product=vino-perelada-cresta-rosa-premium-75cl\",\"name\":\"Vino Perelada Cresta Rosa Premium 75cl. - Comercial de Hosteleria Anma\",\"isPartOf\":{\"@id\":\"https:\/\/www.comercialanma.es\/#website\"},\"primaryImageOfPage\":{\"@id\":\"https:\/\/www.comercialanma.es\/?product=vino-perelada-cresta-rosa-premium-75cl#primaryimage\"},\"datePublished\":\"2019-09-03T15:45:55+00:00\",\"dateModified\":\"2019-09-03T15:53:50+00:00\",\"breadcrumb\":{\"@id\":\"https:\/\/www.comercialanma.es\/?product=vino-perelada-cresta-rosa-premium-75cl#breadcrumb\"},\"inLanguage\":\"es\",\"potentialAction\":[{\"@type\":\"ReadAction\",\"target\":[\"https:\/\/www.comercialanma.es\/?product=vino-perelada-cresta-rosa-premium-75cl\"]}]},{\"@type\":\"BreadcrumbList\",\"@id\":\"https:\/\/www.comercialanma.es\/?product=vino-perelada-cresta-rosa-premium-75cl#breadcrumb\",\"itemListElement\":[{\"@type\":\"ListItem\",\"position\":1,\"item\":{\"@type\":\"WebPage\",\"@id\":\"https:\/\/www.comercialanma.es\/\",\"url\":\"https:\/\/www.comercialanma.es\/\",\"name\":\"Portada\"}},{\"@type\":\"ListItem\",\"position\":2,\"item\":{\"@type\":\"WebPage\",\"@id\":\"https:\/\/www.comercialanma.es\/?page_id=3963\",\"url\":\"https:\/\/www.comercialanma.es\/?page_id=3963\",\"name\":\"Cat\\u00e1logo de Productos\"}},{\"@type\":\"ListItem\",\"position\":3,\"item\":{\"@type\":\"WebPage\",\"@id\":\"https:\/\/www.comercialanma.es\/?product=vino-perelada-cresta-rosa-premium-75cl\",\"url\":\"https:\/\/www.comercialanma.es\/?product=vino-perelada-cresta-rosa-premium-75cl\",\"name\":\"Vino Perelada Cresta Rosa Premium 75cl.\"}}]}]}<\/script>\n<!-- \/ Yoast SEO plugin. -->","_links":{"self":[{"href":"https:\/\/www.comercialanma.es\/index.php?rest_route=\/wp\/v2\/product\/10543"}],"collection":[{"href":"https:\/\/www.comercialanma.es\/index.php?rest_route=\/wp\/v2\/product"}],"about":[{"href":"https:\/\/www.comercialanma.es\/index.php?rest_route=\/wp\/v2\/types\/product"}],"version-history":[{"count":1,"href":"https:\/\/www.comercialanma.es\/index.php?rest_route=\/wp\/v2\/product\/10543\/revisions"}],"predecessor-version":[{"id":10546,"href":"https:\/\/www.comercialanma.es\/index.php?rest_route=\/wp\/v2\/product\/10543\/revisions\/10546"}],"wp:featuredmedia":[{"embeddable":true,"href":"https:\/\/www.comercialanma.es\/index.php?rest_route=\/wp\/v2\/media\/10545"}],"wp:attachment":[{"href":"https:\/\/www.comercialanma.es\/index.php?rest_route=%2Fwp%2Fv2%2Fmedia&parent=10543"}],"curies":[{"name":"wp","href":"https:\/\/api.w.org\/{rel}","templated":true}]}}