
{"id":10559,"date":"2019-09-04T09:40:18","date_gmt":"2019-09-04T07:40:18","guid":{"rendered":"http:\/\/www.comercialanma.es\/?post_type=product&#038;p=10559"},"modified":"2025-11-18T12:10:03","modified_gmt":"2025-11-18T11:10:03","slug":"ca-la-mar-rosado","status":"publish","type":"product","link":"https:\/\/www.comercialanma.es\/?product=ca-la-mar-rosado","title":{"rendered":"Ca La Mar Gramona Rosado 75cl."},"content":{"rendered":"<h3>D.O.:<\/h3>\n<ul>\n<li>Pened\u00e9s<\/li>\n<\/ul>\n<h3>Variedades de uva:<\/h3>\n<ul>\n<li>Merlot, Syrah.<\/li>\n<\/ul>\n<h3>Graduaci\u00f3n:<\/h3>\n<ul>\n<li>Graduaci\u00f3n: 12% vol.<\/li>\n<\/ul>\n<h3>Nota de cata:<\/h3>\n<ul>\n<li>Ca La Mar se muestra ancho y goloso en el paladar, con burbujas finas y tonificantes.<\/li>\n<li>Ofrece aromas de frutos rojos maduros con sutiles notas de hinojo que lo hacen un rosado fresco ideal para pasar la sed.<\/li>\n<li>Crea armon\u00edas con los aperitivos m\u00e1s ligeros y tambi\u00e9n con elaboraciones m\u00e1s sabrosas, como arroces, carnes blancas a la plancha y todo tipo de pasta.<\/li>\n<\/ul>\n<p>&nbsp;<\/p>\n","protected":false},"excerpt":{"rendered":"<p><img loading=\"lazy\" class=\"wp-image-11065 alignleft\" src=\"https:\/\/www.comercialanma.es\/wp-content\/uploads\/2019\/10\/simbolo-producto-ecologico.jpg\" alt=\"\" width=\"35\" height=\"23\" \/><\/p>\n<p>&nbsp;<\/p>\n<p>Ca La Mar rosat es portador de los placeres sencillos en la copa. Recuerda la frescura del Mediterr\u00e1neo y satisface la sed. Es un vino refrescante, ligero y de buena bebida, que nos espera despu\u00e9s de un paseo por la playa, al terminar un d\u00eda intenso y para celebrar un reencuentro inesperado. Es una botella perfecta para compartir con quienes, como nosotros, amamos el vino.<\/p>\n","protected":false},"featured_media":21994,"template":"","meta":{"spay_email":""},"yoast_head":"<!-- This site is optimized with the Yoast SEO plugin v15.9 - https:\/\/yoast.com\/wordpress\/plugins\/seo\/ -->\n<title>Ca La Mar Gramona Rosado 75cl. - Comercial de Hosteleria Anma<\/title>\n<meta name=\"description\" content=\"Ca La Mar Gramona Rosado | 75cl.| Recuerda la frescura del Mediterr\u00e1neo y satisface la sed. Es un vino refrescante, ligero y de buena bebida.\" \/>\n<meta name=\"robots\" content=\"index, follow, max-snippet:-1, max-image-preview:large, max-video-preview:-1\" \/>\n<link rel=\"canonical\" href=\"https:\/\/www.comercialanma.es\/?product=ca-la-mar-rosado\" \/>\n<meta property=\"og:locale\" content=\"es_ES\" \/>\n<meta property=\"og:type\" content=\"article\" \/>\n<meta property=\"og:title\" content=\"Ca La Mar Gramona Rosado 75cl. - Comercial de Hosteleria Anma\" \/>\n<meta property=\"og:description\" content=\"Ca La Mar Gramona Rosado | 75cl.| Recuerda la frescura del Mediterr\u00e1neo y satisface la sed. Es un vino refrescante, ligero y de buena bebida.\" \/>\n<meta property=\"og:url\" content=\"https:\/\/www.comercialanma.es\/?product=ca-la-mar-rosado\" \/>\n<meta property=\"og:site_name\" content=\"Comercial de Hosteleria Anma\" \/>\n<meta property=\"article:publisher\" content=\"https:\/\/www.facebook.com\/AnmaHosteleria\" \/>\n<meta property=\"article:modified_time\" content=\"2025-11-18T11:10:03+00:00\" \/>\n<meta property=\"og:image\" content=\"https:\/\/i0.wp.com\/www.comercialanma.es\/wp-content\/uploads\/2019\/09\/Ca-la-mar-rosat-mustillant.jpg?fit=1080%2C1080&#038;ssl=1\" \/>\n\t<meta property=\"og:image:width\" content=\"1080\" \/>\n\t<meta property=\"og:image:height\" content=\"1080\" \/>\n<meta name=\"twitter:card\" content=\"summary_large_image\" \/>\n<meta name=\"twitter:label1\" content=\"Tiempo de lectura\">\n\t<meta name=\"twitter:data1\" content=\"1 minuto\">\n<script type=\"application\/ld+json\" class=\"yoast-schema-graph\">{\"@context\":\"https:\/\/schema.org\",\"@graph\":[{\"@type\":\"Organization\",\"@id\":\"https:\/\/www.comercialanma.es\/#organization\",\"name\":\"Comercial Anma\",\"url\":\"https:\/\/www.comercialanma.es\/\",\"sameAs\":[\"https:\/\/www.facebook.com\/AnmaHosteleria\",\"https:\/\/www.instagram.com\/anmahosteleria\/?hl=es\",\"https:\/\/www.youtube.com\/channel\/UCT2nmn08Ntks0hmpZPnDgCA\"],\"logo\":{\"@type\":\"ImageObject\",\"@id\":\"https:\/\/www.comercialanma.es\/#logo\",\"inLanguage\":\"es\",\"url\":\"https:\/\/i2.wp.com\/www.comercialanma.es\/wp-content\/uploads\/2019\/06\/logo-anma-color.png?fit=247%2C101&ssl=1\",\"width\":247,\"height\":101,\"caption\":\"Comercial Anma\"},\"image\":{\"@id\":\"https:\/\/www.comercialanma.es\/#logo\"}},{\"@type\":\"WebSite\",\"@id\":\"https:\/\/www.comercialanma.es\/#website\",\"url\":\"https:\/\/www.comercialanma.es\/\",\"name\":\"Comercial de Hosteleria Anma\",\"description\":\"\",\"publisher\":{\"@id\":\"https:\/\/www.comercialanma.es\/#organization\"},\"potentialAction\":[{\"@type\":\"SearchAction\",\"target\":\"https:\/\/www.comercialanma.es\/?s={search_term_string}\",\"query-input\":\"required name=search_term_string\"}],\"inLanguage\":\"es\"},{\"@type\":\"ImageObject\",\"@id\":\"https:\/\/www.comercialanma.es\/?product=ca-la-mar-rosado#primaryimage\",\"inLanguage\":\"es\",\"url\":\"https:\/\/i0.wp.com\/www.comercialanma.es\/wp-content\/uploads\/2019\/09\/Ca-la-mar-rosat-mustillant.jpg?fit=1080%2C1080&ssl=1\",\"width\":1080,\"height\":1080},{\"@type\":\"WebPage\",\"@id\":\"https:\/\/www.comercialanma.es\/?product=ca-la-mar-rosado#webpage\",\"url\":\"https:\/\/www.comercialanma.es\/?product=ca-la-mar-rosado\",\"name\":\"Ca La Mar Gramona Rosado 75cl. - Comercial de Hosteleria Anma\",\"isPartOf\":{\"@id\":\"https:\/\/www.comercialanma.es\/#website\"},\"primaryImageOfPage\":{\"@id\":\"https:\/\/www.comercialanma.es\/?product=ca-la-mar-rosado#primaryimage\"},\"datePublished\":\"2019-09-04T07:40:18+00:00\",\"dateModified\":\"2025-11-18T11:10:03+00:00\",\"description\":\"Ca La Mar Gramona Rosado | 75cl.| Recuerda la frescura del Mediterr\\u00e1neo y satisface la sed. Es un vino refrescante, ligero y de buena bebida.\",\"breadcrumb\":{\"@id\":\"https:\/\/www.comercialanma.es\/?product=ca-la-mar-rosado#breadcrumb\"},\"inLanguage\":\"es\",\"potentialAction\":[{\"@type\":\"ReadAction\",\"target\":[\"https:\/\/www.comercialanma.es\/?product=ca-la-mar-rosado\"]}]},{\"@type\":\"BreadcrumbList\",\"@id\":\"https:\/\/www.comercialanma.es\/?product=ca-la-mar-rosado#breadcrumb\",\"itemListElement\":[{\"@type\":\"ListItem\",\"position\":1,\"item\":{\"@type\":\"WebPage\",\"@id\":\"https:\/\/www.comercialanma.es\/\",\"url\":\"https:\/\/www.comercialanma.es\/\",\"name\":\"Portada\"}},{\"@type\":\"ListItem\",\"position\":2,\"item\":{\"@type\":\"WebPage\",\"@id\":\"https:\/\/www.comercialanma.es\/?page_id=3963\",\"url\":\"https:\/\/www.comercialanma.es\/?page_id=3963\",\"name\":\"Cat\\u00e1logo de Productos\"}},{\"@type\":\"ListItem\",\"position\":3,\"item\":{\"@type\":\"WebPage\",\"@id\":\"https:\/\/www.comercialanma.es\/?product=ca-la-mar-rosado\",\"url\":\"https:\/\/www.comercialanma.es\/?product=ca-la-mar-rosado\",\"name\":\"Ca La Mar Gramona Rosado 75cl.\"}}]}]}<\/script>\n<!-- \/ Yoast SEO plugin. -->","_links":{"self":[{"href":"https:\/\/www.comercialanma.es\/index.php?rest_route=\/wp\/v2\/product\/10559"}],"collection":[{"href":"https:\/\/www.comercialanma.es\/index.php?rest_route=\/wp\/v2\/product"}],"about":[{"href":"https:\/\/www.comercialanma.es\/index.php?rest_route=\/wp\/v2\/types\/product"}],"version-history":[{"count":6,"href":"https:\/\/www.comercialanma.es\/index.php?rest_route=\/wp\/v2\/product\/10559\/revisions"}],"predecessor-version":[{"id":24528,"href":"https:\/\/www.comercialanma.es\/index.php?rest_route=\/wp\/v2\/product\/10559\/revisions\/24528"}],"wp:featuredmedia":[{"embeddable":true,"href":"https:\/\/www.comercialanma.es\/index.php?rest_route=\/wp\/v2\/media\/21994"}],"wp:attachment":[{"href":"https:\/\/www.comercialanma.es\/index.php?rest_route=%2Fwp%2Fv2%2Fmedia&parent=10559"}],"curies":[{"name":"wp","href":"https:\/\/api.w.org\/{rel}","templated":true}]}}