
{"id":10702,"date":"2019-10-04T12:03:04","date_gmt":"2019-10-04T10:03:04","guid":{"rendered":"http:\/\/www.comercialanma.es\/?post_type=product&#038;p=10702"},"modified":"2022-11-08T10:06:40","modified_gmt":"2022-11-08T09:06:40","slug":"vino-75cl","status":"publish","type":"product","link":"https:\/\/www.comercialanma.es\/?product=vino-75cl","title":{"rendered":"Vino Salmos de Torres 75cl."},"content":{"rendered":"<h3>D.O.Q:<\/h3>\n<ul>\n<li>Priorat<\/li>\n<\/ul>\n<h3>Variedades de uva:<\/h3>\n<ul>\n<li><span lang=\"es\"><span title=\"\">Cari\u00f1ena,\u00a0 Garnacha Tinta .<\/span><\/span><\/li>\n<\/ul>\n<h3>Graduaci\u00f3n:<\/h3>\n<ul>\n<li>Graduaci\u00f3n: 14,0% vol.<\/li>\n<\/ul>\n<h3>Nota de cata:<\/h3>\n<ul>\n<li>Color rojo oscuro con ribetes violaceos.<\/li>\n<li>Aroma mineral intenso con presencia de frutos negros confitados, notas de cacao, azucar moreno y torrefactos con un toque floral fresco de violeta y tomillo.<\/li>\n<li>Entrada en boca muy suave con taninos dulces que se funden lentamente para culminar en un postgusto elegante y persistente.<\/li>\n<\/ul>\n","protected":false},"excerpt":{"rendered":"<p>Salmos nace de una tierra hermosa y escondida. Los vi\u00f1edos, plantados en escarpadas laderas de esquistos (piedra licorella), est\u00e1n sometidos a fuertes cambios de temperatura entre la noche y el d\u00eda. Y estos azares naturales contribuyen al encanto de este vino. Salmos es un homenaje a los monjes de la valerosa orden cartuja que en el a\u00f1o 1095 llegaron al &#8220;Priorat&#8221; donde cultivaron la vid. En 1835 una multitud violenta destruy\u00f3 el trabajo de una vida y saque\u00f3 la cartuja, sucesos que m\u00e1s tarde culminar\u00edan con la &#8220;Desamortizaci\u00f3n de Mendiz\u00e1bal&#8221;. En el a\u00f1o 1996 la familia Torres inici\u00f3 la plantaci\u00f3n de vi\u00f1edos en laderas de piedra licorella.<\/p>\n","protected":false},"featured_media":21900,"template":"","meta":{"spay_email":""},"yoast_head":"<!-- This site is optimized with the Yoast SEO plugin v15.9 - https:\/\/yoast.com\/wordpress\/plugins\/seo\/ -->\n<title>Vino Salmos de Torres 75cl. - Comercial de Hosteleria Anma<\/title>\n<meta name=\"robots\" content=\"index, follow, max-snippet:-1, max-image-preview:large, max-video-preview:-1\" \/>\n<link rel=\"canonical\" href=\"https:\/\/www.comercialanma.es\/?product=vino-75cl\" \/>\n<meta property=\"og:locale\" content=\"es_ES\" \/>\n<meta property=\"og:type\" content=\"article\" \/>\n<meta property=\"og:title\" content=\"Vino Salmos de Torres 75cl. - Comercial de Hosteleria Anma\" \/>\n<meta property=\"og:description\" content=\"Salmos nace de una tierra hermosa y escondida. Los vi\u00f1edos, plantados en escarpadas laderas de esquistos (piedra licorella), est\u00e1n sometidos a fuertes cambios de temperatura entre la noche y el d\u00eda. Y estos azares naturales contribuyen al encanto de este vino. Salmos es un homenaje a los monjes de la valerosa orden cartuja que en el a\u00f1o 1095 llegaron al &quot;Priorat&quot; donde cultivaron la vid. En 1835 una multitud violenta destruy\u00f3 el trabajo de una vida y saque\u00f3 la cartuja, sucesos que m\u00e1s tarde culminar\u00edan con la &quot;Desamortizaci\u00f3n de Mendiz\u00e1bal&quot;. En el a\u00f1o 1996 la familia Torres inici\u00f3 la plantaci\u00f3n de vi\u00f1edos en laderas de piedra licorella.\" \/>\n<meta property=\"og:url\" content=\"https:\/\/www.comercialanma.es\/?product=vino-75cl\" \/>\n<meta property=\"og:site_name\" content=\"Comercial de Hosteleria Anma\" \/>\n<meta property=\"article:publisher\" content=\"https:\/\/www.facebook.com\/AnmaHosteleria\" \/>\n<meta property=\"article:modified_time\" content=\"2022-11-08T09:06:40+00:00\" \/>\n<meta property=\"og:image\" content=\"https:\/\/i2.wp.com\/www.comercialanma.es\/wp-content\/uploads\/2019\/10\/salmos-torres-22.jpg?fit=1080%2C1080&#038;ssl=1\" \/>\n\t<meta property=\"og:image:width\" content=\"1080\" \/>\n\t<meta property=\"og:image:height\" content=\"1080\" \/>\n<meta name=\"twitter:card\" content=\"summary_large_image\" \/>\n<meta name=\"twitter:label1\" content=\"Tiempo de lectura\">\n\t<meta name=\"twitter:data1\" content=\"1 minuto\">\n<script type=\"application\/ld+json\" class=\"yoast-schema-graph\">{\"@context\":\"https:\/\/schema.org\",\"@graph\":[{\"@type\":\"Organization\",\"@id\":\"https:\/\/www.comercialanma.es\/#organization\",\"name\":\"Comercial Anma\",\"url\":\"https:\/\/www.comercialanma.es\/\",\"sameAs\":[\"https:\/\/www.facebook.com\/AnmaHosteleria\",\"https:\/\/www.instagram.com\/anmahosteleria\/?hl=es\",\"https:\/\/www.youtube.com\/channel\/UCT2nmn08Ntks0hmpZPnDgCA\"],\"logo\":{\"@type\":\"ImageObject\",\"@id\":\"https:\/\/www.comercialanma.es\/#logo\",\"inLanguage\":\"es\",\"url\":\"https:\/\/i2.wp.com\/www.comercialanma.es\/wp-content\/uploads\/2019\/06\/logo-anma-color.png?fit=247%2C101&ssl=1\",\"width\":247,\"height\":101,\"caption\":\"Comercial Anma\"},\"image\":{\"@id\":\"https:\/\/www.comercialanma.es\/#logo\"}},{\"@type\":\"WebSite\",\"@id\":\"https:\/\/www.comercialanma.es\/#website\",\"url\":\"https:\/\/www.comercialanma.es\/\",\"name\":\"Comercial de Hosteleria Anma\",\"description\":\"\",\"publisher\":{\"@id\":\"https:\/\/www.comercialanma.es\/#organization\"},\"potentialAction\":[{\"@type\":\"SearchAction\",\"target\":\"https:\/\/www.comercialanma.es\/?s={search_term_string}\",\"query-input\":\"required name=search_term_string\"}],\"inLanguage\":\"es\"},{\"@type\":\"ImageObject\",\"@id\":\"https:\/\/www.comercialanma.es\/?product=vino-75cl#primaryimage\",\"inLanguage\":\"es\",\"url\":\"https:\/\/i2.wp.com\/www.comercialanma.es\/wp-content\/uploads\/2019\/10\/salmos-torres-22.jpg?fit=1080%2C1080&ssl=1\",\"width\":1080,\"height\":1080},{\"@type\":\"WebPage\",\"@id\":\"https:\/\/www.comercialanma.es\/?product=vino-75cl#webpage\",\"url\":\"https:\/\/www.comercialanma.es\/?product=vino-75cl\",\"name\":\"Vino Salmos de Torres 75cl. - Comercial de Hosteleria Anma\",\"isPartOf\":{\"@id\":\"https:\/\/www.comercialanma.es\/#website\"},\"primaryImageOfPage\":{\"@id\":\"https:\/\/www.comercialanma.es\/?product=vino-75cl#primaryimage\"},\"datePublished\":\"2019-10-04T10:03:04+00:00\",\"dateModified\":\"2022-11-08T09:06:40+00:00\",\"breadcrumb\":{\"@id\":\"https:\/\/www.comercialanma.es\/?product=vino-75cl#breadcrumb\"},\"inLanguage\":\"es\",\"potentialAction\":[{\"@type\":\"ReadAction\",\"target\":[\"https:\/\/www.comercialanma.es\/?product=vino-75cl\"]}]},{\"@type\":\"BreadcrumbList\",\"@id\":\"https:\/\/www.comercialanma.es\/?product=vino-75cl#breadcrumb\",\"itemListElement\":[{\"@type\":\"ListItem\",\"position\":1,\"item\":{\"@type\":\"WebPage\",\"@id\":\"https:\/\/www.comercialanma.es\/\",\"url\":\"https:\/\/www.comercialanma.es\/\",\"name\":\"Portada\"}},{\"@type\":\"ListItem\",\"position\":2,\"item\":{\"@type\":\"WebPage\",\"@id\":\"https:\/\/www.comercialanma.es\/?page_id=3963\",\"url\":\"https:\/\/www.comercialanma.es\/?page_id=3963\",\"name\":\"Cat\\u00e1logo de Productos\"}},{\"@type\":\"ListItem\",\"position\":3,\"item\":{\"@type\":\"WebPage\",\"@id\":\"https:\/\/www.comercialanma.es\/?product=vino-75cl\",\"url\":\"https:\/\/www.comercialanma.es\/?product=vino-75cl\",\"name\":\"Vino Salmos de Torres 75cl.\"}}]}]}<\/script>\n<!-- \/ Yoast SEO plugin. -->","_links":{"self":[{"href":"https:\/\/www.comercialanma.es\/index.php?rest_route=\/wp\/v2\/product\/10702"}],"collection":[{"href":"https:\/\/www.comercialanma.es\/index.php?rest_route=\/wp\/v2\/product"}],"about":[{"href":"https:\/\/www.comercialanma.es\/index.php?rest_route=\/wp\/v2\/types\/product"}],"version-history":[{"count":5,"href":"https:\/\/www.comercialanma.es\/index.php?rest_route=\/wp\/v2\/product\/10702\/revisions"}],"predecessor-version":[{"id":21902,"href":"https:\/\/www.comercialanma.es\/index.php?rest_route=\/wp\/v2\/product\/10702\/revisions\/21902"}],"wp:featuredmedia":[{"embeddable":true,"href":"https:\/\/www.comercialanma.es\/index.php?rest_route=\/wp\/v2\/media\/21900"}],"wp:attachment":[{"href":"https:\/\/www.comercialanma.es\/index.php?rest_route=%2Fwp%2Fv2%2Fmedia&parent=10702"}],"curies":[{"name":"wp","href":"https:\/\/api.w.org\/{rel}","templated":true}]}}