
{"id":10714,"date":"2019-10-04T16:17:12","date_gmt":"2019-10-04T14:17:12","guid":{"rendered":"http:\/\/www.comercialanma.es\/?post_type=product&#038;p=10714"},"modified":"2022-12-14T17:10:46","modified_gmt":"2022-12-14T16:10:46","slug":"vino-joan-sarda-cabernet-sauvignon-75cl","status":"publish","type":"product","link":"https:\/\/www.comercialanma.es\/?product=vino-joan-sarda-cabernet-sauvignon-75cl","title":{"rendered":"Vino Torell\u00f3 Raimonda 75cl."},"content":{"rendered":"<h3>D.O.:<\/h3>\n<ul>\n<li>Pened\u00e8s<\/li>\n<\/ul>\n<h3>Variedades de uva:<\/h3>\n<ul>\n<li><span lang=\"es\"><span title=\"\">\u00a0 Cabernet Sauvignon, Merlot.<br \/>\n<\/span><\/span><\/li>\n<\/ul>\n<h3>Graduaci\u00f3n:<\/h3>\n<ul>\n<li>Graduaci\u00f3n: 13,5% vol.<\/li>\n<\/ul>\n<h3>Nota de cata:<\/h3>\n<ul>\n<li>Vino tinto intenso, de color ciruela y ribete morado, limpio y denso en copa.<\/li>\n<li>En nariz tiene aromas profundos, en un abanico arom\u00e1tico de frutas negras, como moras, ar\u00e1ndanos, grosella negra, acompa\u00f1adas de un agradable perfume a romero. Con sutiles especies como la vainilla y la canela, mezclada con unas t\u00edmidas notas l\u00e1cteas.<\/li>\n<li>En boca, la entrada es amable. Su paso delicado de tanino pulido, deja entrever una acidez todav\u00eda presente, que va de la mano de unas notas herb\u00e1ceas finales. \u00c9stas abren de nuevo el abanico arom\u00e1tico de las frutas negras, acompa\u00f1adas de toques bals\u00e1micos y de la crianza, que aporta recuerdos a tabaco.<\/li>\n<\/ul>\n","protected":false},"excerpt":{"rendered":"<p>Vino tinto elaborado con uvas de las variedades Cabernet Sauvignon y Merlot, por la bodega Torell\u00f3 situada en la regi\u00f3n del Pened\u00e8s, en Gelida (Barcelona).<\/p>\n","protected":false},"featured_media":10717,"template":"","meta":{"spay_email":""},"yoast_head":"<!-- This site is optimized with the Yoast SEO plugin v15.9 - https:\/\/yoast.com\/wordpress\/plugins\/seo\/ -->\n<title>Vino Torell\u00f3 Raimonda 75cl. - Comercial de Hosteleria Anma<\/title>\n<meta name=\"robots\" content=\"index, follow, max-snippet:-1, max-image-preview:large, max-video-preview:-1\" \/>\n<link rel=\"canonical\" href=\"https:\/\/www.comercialanma.es\/?product=vino-joan-sarda-cabernet-sauvignon-75cl\" \/>\n<meta property=\"og:locale\" content=\"es_ES\" \/>\n<meta property=\"og:type\" content=\"article\" \/>\n<meta property=\"og:title\" content=\"Vino Torell\u00f3 Raimonda 75cl. - Comercial de Hosteleria Anma\" \/>\n<meta property=\"og:description\" content=\"Vino tinto elaborado con uvas de las variedades Cabernet Sauvignon y Merlot, por la bodega Torell\u00f3 situada en la regi\u00f3n del Pened\u00e8s, en Gelida (Barcelona).\" \/>\n<meta property=\"og:url\" content=\"https:\/\/www.comercialanma.es\/?product=vino-joan-sarda-cabernet-sauvignon-75cl\" \/>\n<meta property=\"og:site_name\" content=\"Comercial de Hosteleria Anma\" \/>\n<meta property=\"article:publisher\" content=\"https:\/\/www.facebook.com\/AnmaHosteleria\" \/>\n<meta property=\"article:modified_time\" content=\"2022-12-14T16:10:46+00:00\" \/>\n<meta property=\"og:image\" content=\"https:\/\/i1.wp.com\/www.comercialanma.es\/wp-content\/uploads\/2019\/10\/Raimonda.jpg?fit=1200%2C1200&#038;ssl=1\" \/>\n\t<meta property=\"og:image:width\" content=\"1200\" \/>\n\t<meta property=\"og:image:height\" content=\"1200\" \/>\n<meta name=\"twitter:card\" content=\"summary_large_image\" \/>\n<meta name=\"twitter:label1\" content=\"Tiempo de lectura\">\n\t<meta name=\"twitter:data1\" content=\"1 minuto\">\n<script type=\"application\/ld+json\" class=\"yoast-schema-graph\">{\"@context\":\"https:\/\/schema.org\",\"@graph\":[{\"@type\":\"Organization\",\"@id\":\"https:\/\/www.comercialanma.es\/#organization\",\"name\":\"Comercial Anma\",\"url\":\"https:\/\/www.comercialanma.es\/\",\"sameAs\":[\"https:\/\/www.facebook.com\/AnmaHosteleria\",\"https:\/\/www.instagram.com\/anmahosteleria\/?hl=es\",\"https:\/\/www.youtube.com\/channel\/UCT2nmn08Ntks0hmpZPnDgCA\"],\"logo\":{\"@type\":\"ImageObject\",\"@id\":\"https:\/\/www.comercialanma.es\/#logo\",\"inLanguage\":\"es\",\"url\":\"https:\/\/i2.wp.com\/www.comercialanma.es\/wp-content\/uploads\/2019\/06\/logo-anma-color.png?fit=247%2C101&ssl=1\",\"width\":247,\"height\":101,\"caption\":\"Comercial Anma\"},\"image\":{\"@id\":\"https:\/\/www.comercialanma.es\/#logo\"}},{\"@type\":\"WebSite\",\"@id\":\"https:\/\/www.comercialanma.es\/#website\",\"url\":\"https:\/\/www.comercialanma.es\/\",\"name\":\"Comercial de Hosteleria Anma\",\"description\":\"\",\"publisher\":{\"@id\":\"https:\/\/www.comercialanma.es\/#organization\"},\"potentialAction\":[{\"@type\":\"SearchAction\",\"target\":\"https:\/\/www.comercialanma.es\/?s={search_term_string}\",\"query-input\":\"required name=search_term_string\"}],\"inLanguage\":\"es\"},{\"@type\":\"ImageObject\",\"@id\":\"https:\/\/www.comercialanma.es\/?product=vino-joan-sarda-cabernet-sauvignon-75cl#primaryimage\",\"inLanguage\":\"es\",\"url\":\"https:\/\/i1.wp.com\/www.comercialanma.es\/wp-content\/uploads\/2019\/10\/Raimonda.jpg?fit=1200%2C1200&ssl=1\",\"width\":1200,\"height\":1200},{\"@type\":\"WebPage\",\"@id\":\"https:\/\/www.comercialanma.es\/?product=vino-joan-sarda-cabernet-sauvignon-75cl#webpage\",\"url\":\"https:\/\/www.comercialanma.es\/?product=vino-joan-sarda-cabernet-sauvignon-75cl\",\"name\":\"Vino Torell\\u00f3 Raimonda 75cl. - Comercial de Hosteleria Anma\",\"isPartOf\":{\"@id\":\"https:\/\/www.comercialanma.es\/#website\"},\"primaryImageOfPage\":{\"@id\":\"https:\/\/www.comercialanma.es\/?product=vino-joan-sarda-cabernet-sauvignon-75cl#primaryimage\"},\"datePublished\":\"2019-10-04T14:17:12+00:00\",\"dateModified\":\"2022-12-14T16:10:46+00:00\",\"breadcrumb\":{\"@id\":\"https:\/\/www.comercialanma.es\/?product=vino-joan-sarda-cabernet-sauvignon-75cl#breadcrumb\"},\"inLanguage\":\"es\",\"potentialAction\":[{\"@type\":\"ReadAction\",\"target\":[\"https:\/\/www.comercialanma.es\/?product=vino-joan-sarda-cabernet-sauvignon-75cl\"]}]},{\"@type\":\"BreadcrumbList\",\"@id\":\"https:\/\/www.comercialanma.es\/?product=vino-joan-sarda-cabernet-sauvignon-75cl#breadcrumb\",\"itemListElement\":[{\"@type\":\"ListItem\",\"position\":1,\"item\":{\"@type\":\"WebPage\",\"@id\":\"https:\/\/www.comercialanma.es\/\",\"url\":\"https:\/\/www.comercialanma.es\/\",\"name\":\"Portada\"}},{\"@type\":\"ListItem\",\"position\":2,\"item\":{\"@type\":\"WebPage\",\"@id\":\"https:\/\/www.comercialanma.es\/?page_id=3963\",\"url\":\"https:\/\/www.comercialanma.es\/?page_id=3963\",\"name\":\"Cat\\u00e1logo de Productos\"}},{\"@type\":\"ListItem\",\"position\":3,\"item\":{\"@type\":\"WebPage\",\"@id\":\"https:\/\/www.comercialanma.es\/?product=vino-joan-sarda-cabernet-sauvignon-75cl\",\"url\":\"https:\/\/www.comercialanma.es\/?product=vino-joan-sarda-cabernet-sauvignon-75cl\",\"name\":\"Vino Torell\\u00f3 Raimonda 75cl.\"}}]}]}<\/script>\n<!-- \/ Yoast SEO plugin. -->","_links":{"self":[{"href":"https:\/\/www.comercialanma.es\/index.php?rest_route=\/wp\/v2\/product\/10714"}],"collection":[{"href":"https:\/\/www.comercialanma.es\/index.php?rest_route=\/wp\/v2\/product"}],"about":[{"href":"https:\/\/www.comercialanma.es\/index.php?rest_route=\/wp\/v2\/types\/product"}],"version-history":[{"count":5,"href":"https:\/\/www.comercialanma.es\/index.php?rest_route=\/wp\/v2\/product\/10714\/revisions"}],"predecessor-version":[{"id":21969,"href":"https:\/\/www.comercialanma.es\/index.php?rest_route=\/wp\/v2\/product\/10714\/revisions\/21969"}],"wp:featuredmedia":[{"embeddable":true,"href":"https:\/\/www.comercialanma.es\/index.php?rest_route=\/wp\/v2\/media\/10717"}],"wp:attachment":[{"href":"https:\/\/www.comercialanma.es\/index.php?rest_route=%2Fwp%2Fv2%2Fmedia&parent=10714"}],"curies":[{"name":"wp","href":"https:\/\/api.w.org\/{rel}","templated":true}]}}