
{"id":10719,"date":"2019-10-04T17:38:05","date_gmt":"2019-10-04T15:38:05","guid":{"rendered":"http:\/\/www.comercialanma.es\/?post_type=product&#038;p=10719"},"modified":"2019-10-07T09:29:17","modified_gmt":"2019-10-07T07:29:17","slug":"vino-bach-vina-extrisima-75cl","status":"publish","type":"product","link":"https:\/\/www.comercialanma.es\/?product=vino-bach-vina-extrisima-75cl","title":{"rendered":"Vino Bach Vi\u00f1a Extr\u00edsima 75cl."},"content":{"rendered":"<h3>D.O.:<\/h3>\n<ul>\n<li>Catalu\u00f1a<\/li>\n<\/ul>\n<h3>Variedades de uva:<\/h3>\n<ul>\n<li><span lang=\"es\"><span title=\"\">\u00a0 Cabernet Sauvignon, Merlot, Tempranillo.<br \/>\n<\/span><\/span><\/li>\n<\/ul>\n<h3>Graduaci\u00f3n:<\/h3>\n<ul>\n<li>Graduaci\u00f3n: 13,5% vol.<\/li>\n<\/ul>\n<h3>Nota de cata:<\/h3>\n<ul>\n<li>Vista: Color rojo intenso con ribetes azulados. Muy brillante y n\u00edtido.<\/li>\n<li>Nariz: Presenta un amplio abanico de frutos rojos, ciruela, notas bals\u00e1micas, especiadas y toques de cedro.<\/li>\n<li class=\"product_attribute notacata_boca\">Boca: Entrada suave, envolvente, con grato recuerdo a fruta confitada. Equilibrado, c\u00e1lido, con taninos suaves y buena persistencia.<\/li>\n<\/ul>\n","protected":false},"excerpt":{"rendered":"<p>Bach Vi\u00f1a Extr\u00edsima Tinto es un vino semidulce seductor, ideal para los amantes del buen vino. Es delicadamente equilibrado y la elegancia que le aportan sus variedades hace que sea el vino adecuado para todo tipo de comidas.<br \/>\nEl primer vino Bach adquiri\u00f3 el nombre de &#8220;Extr\u00edsimo&#8221; por c\u00f3mo se conoc\u00eda en 1915 al algod\u00f3n de primera calidad procedente de Egipto e India, usado por los primeros due\u00f1os de la bodega Bach, los hermanos Pere y Ramon Bach, en su pasado como mercantes algodoneros.<\/p>\n","protected":false},"featured_media":10720,"template":"","meta":{"spay_email":""},"yoast_head":"<!-- This site is optimized with the Yoast SEO plugin v15.9 - https:\/\/yoast.com\/wordpress\/plugins\/seo\/ -->\n<title>Vino Bach Vi\u00f1a Extr\u00edsima 75cl. - Comercial de Hosteleria Anma<\/title>\n<meta name=\"robots\" content=\"index, follow, max-snippet:-1, max-image-preview:large, max-video-preview:-1\" \/>\n<link rel=\"canonical\" href=\"https:\/\/www.comercialanma.es\/?product=vino-bach-vina-extrisima-75cl\" \/>\n<meta property=\"og:locale\" content=\"es_ES\" \/>\n<meta property=\"og:type\" content=\"article\" \/>\n<meta property=\"og:title\" content=\"Vino Bach Vi\u00f1a Extr\u00edsima 75cl. - Comercial de Hosteleria Anma\" \/>\n<meta property=\"og:description\" content=\"Bach Vi\u00f1a Extr\u00edsima Tinto es un vino semidulce seductor, ideal para los amantes del buen vino. Es delicadamente equilibrado y la elegancia que le aportan sus variedades hace que sea el vino adecuado para todo tipo de comidas. El primer vino Bach adquiri\u00f3 el nombre de &quot;Extr\u00edsimo&quot; por c\u00f3mo se conoc\u00eda en 1915 al algod\u00f3n de primera calidad procedente de Egipto e India, usado por los primeros due\u00f1os de la bodega Bach, los hermanos Pere y Ramon Bach, en su pasado como mercantes algodoneros.\" \/>\n<meta property=\"og:url\" content=\"https:\/\/www.comercialanma.es\/?product=vino-bach-vina-extrisima-75cl\" \/>\n<meta property=\"og:site_name\" content=\"Comercial de Hosteleria Anma\" \/>\n<meta property=\"article:publisher\" content=\"https:\/\/www.facebook.com\/AnmaHosteleria\" \/>\n<meta property=\"article:modified_time\" content=\"2019-10-07T07:29:17+00:00\" \/>\n<meta property=\"og:image\" content=\"https:\/\/i1.wp.com\/www.comercialanma.es\/wp-content\/uploads\/2019\/10\/Bach-Extrissimo-titno.jpg?fit=1200%2C1200&#038;ssl=1\" \/>\n\t<meta property=\"og:image:width\" content=\"1200\" \/>\n\t<meta property=\"og:image:height\" content=\"1200\" \/>\n<meta name=\"twitter:card\" content=\"summary_large_image\" \/>\n<script type=\"application\/ld+json\" class=\"yoast-schema-graph\">{\"@context\":\"https:\/\/schema.org\",\"@graph\":[{\"@type\":\"Organization\",\"@id\":\"https:\/\/www.comercialanma.es\/#organization\",\"name\":\"Comercial Anma\",\"url\":\"https:\/\/www.comercialanma.es\/\",\"sameAs\":[\"https:\/\/www.facebook.com\/AnmaHosteleria\",\"https:\/\/www.instagram.com\/anmahosteleria\/?hl=es\",\"https:\/\/www.youtube.com\/channel\/UCT2nmn08Ntks0hmpZPnDgCA\"],\"logo\":{\"@type\":\"ImageObject\",\"@id\":\"https:\/\/www.comercialanma.es\/#logo\",\"inLanguage\":\"es\",\"url\":\"https:\/\/i2.wp.com\/www.comercialanma.es\/wp-content\/uploads\/2019\/06\/logo-anma-color.png?fit=247%2C101&ssl=1\",\"width\":247,\"height\":101,\"caption\":\"Comercial Anma\"},\"image\":{\"@id\":\"https:\/\/www.comercialanma.es\/#logo\"}},{\"@type\":\"WebSite\",\"@id\":\"https:\/\/www.comercialanma.es\/#website\",\"url\":\"https:\/\/www.comercialanma.es\/\",\"name\":\"Comercial de Hosteleria Anma\",\"description\":\"\",\"publisher\":{\"@id\":\"https:\/\/www.comercialanma.es\/#organization\"},\"potentialAction\":[{\"@type\":\"SearchAction\",\"target\":\"https:\/\/www.comercialanma.es\/?s={search_term_string}\",\"query-input\":\"required name=search_term_string\"}],\"inLanguage\":\"es\"},{\"@type\":\"ImageObject\",\"@id\":\"https:\/\/www.comercialanma.es\/?product=vino-bach-vina-extrisima-75cl#primaryimage\",\"inLanguage\":\"es\",\"url\":\"https:\/\/i1.wp.com\/www.comercialanma.es\/wp-content\/uploads\/2019\/10\/Bach-Extrissimo-titno.jpg?fit=1200%2C1200&ssl=1\",\"width\":1200,\"height\":1200},{\"@type\":\"WebPage\",\"@id\":\"https:\/\/www.comercialanma.es\/?product=vino-bach-vina-extrisima-75cl#webpage\",\"url\":\"https:\/\/www.comercialanma.es\/?product=vino-bach-vina-extrisima-75cl\",\"name\":\"Vino Bach Vi\\u00f1a Extr\\u00edsima 75cl. - Comercial de Hosteleria Anma\",\"isPartOf\":{\"@id\":\"https:\/\/www.comercialanma.es\/#website\"},\"primaryImageOfPage\":{\"@id\":\"https:\/\/www.comercialanma.es\/?product=vino-bach-vina-extrisima-75cl#primaryimage\"},\"datePublished\":\"2019-10-04T15:38:05+00:00\",\"dateModified\":\"2019-10-07T07:29:17+00:00\",\"breadcrumb\":{\"@id\":\"https:\/\/www.comercialanma.es\/?product=vino-bach-vina-extrisima-75cl#breadcrumb\"},\"inLanguage\":\"es\",\"potentialAction\":[{\"@type\":\"ReadAction\",\"target\":[\"https:\/\/www.comercialanma.es\/?product=vino-bach-vina-extrisima-75cl\"]}]},{\"@type\":\"BreadcrumbList\",\"@id\":\"https:\/\/www.comercialanma.es\/?product=vino-bach-vina-extrisima-75cl#breadcrumb\",\"itemListElement\":[{\"@type\":\"ListItem\",\"position\":1,\"item\":{\"@type\":\"WebPage\",\"@id\":\"https:\/\/www.comercialanma.es\/\",\"url\":\"https:\/\/www.comercialanma.es\/\",\"name\":\"Portada\"}},{\"@type\":\"ListItem\",\"position\":2,\"item\":{\"@type\":\"WebPage\",\"@id\":\"https:\/\/www.comercialanma.es\/?page_id=3963\",\"url\":\"https:\/\/www.comercialanma.es\/?page_id=3963\",\"name\":\"Cat\\u00e1logo de Productos\"}},{\"@type\":\"ListItem\",\"position\":3,\"item\":{\"@type\":\"WebPage\",\"@id\":\"https:\/\/www.comercialanma.es\/?product=vino-bach-vina-extrisima-75cl\",\"url\":\"https:\/\/www.comercialanma.es\/?product=vino-bach-vina-extrisima-75cl\",\"name\":\"Vino Bach Vi\\u00f1a Extr\\u00edsima 75cl.\"}}]}]}<\/script>\n<!-- \/ Yoast SEO plugin. -->","_links":{"self":[{"href":"https:\/\/www.comercialanma.es\/index.php?rest_route=\/wp\/v2\/product\/10719"}],"collection":[{"href":"https:\/\/www.comercialanma.es\/index.php?rest_route=\/wp\/v2\/product"}],"about":[{"href":"https:\/\/www.comercialanma.es\/index.php?rest_route=\/wp\/v2\/types\/product"}],"version-history":[{"count":2,"href":"https:\/\/www.comercialanma.es\/index.php?rest_route=\/wp\/v2\/product\/10719\/revisions"}],"predecessor-version":[{"id":10741,"href":"https:\/\/www.comercialanma.es\/index.php?rest_route=\/wp\/v2\/product\/10719\/revisions\/10741"}],"wp:featuredmedia":[{"embeddable":true,"href":"https:\/\/www.comercialanma.es\/index.php?rest_route=\/wp\/v2\/media\/10720"}],"wp:attachment":[{"href":"https:\/\/www.comercialanma.es\/index.php?rest_route=%2Fwp%2Fv2%2Fmedia&parent=10719"}],"curies":[{"name":"wp","href":"https:\/\/api.w.org\/{rel}","templated":true}]}}