
{"id":10799,"date":"2019-10-07T15:22:54","date_gmt":"2019-10-07T13:22:54","guid":{"rendered":"http:\/\/www.comercialanma.es\/?post_type=product&#038;p=10799"},"modified":"2019-10-07T15:27:21","modified_gmt":"2019-10-07T13:27:21","slug":"vino-castell-de-remei-oda-75cl","status":"publish","type":"product","link":"https:\/\/www.comercialanma.es\/?product=vino-castell-de-remei-oda-75cl","title":{"rendered":"Vino Castell de Remei Oda 75cl."},"content":{"rendered":"<h3>D.O.:<\/h3>\n<ul>\n<li>Costers de Segre.<\/li>\n<\/ul>\n<h3>Variedades de uva:<\/h3>\n<ul>\n<li><span lang=\"es\"><span title=\"\"> Cabernet Sauvignon,\u00a0 Tempranillo,\u00a0 Garnacha Tinta,\u00a0 Merlot .<\/span><\/span><\/li>\n<\/ul>\n<h3>Graduaci\u00f3n:<\/h3>\n<ul>\n<li>Graduaci\u00f3n: 14,5% vol.<\/li>\n<\/ul>\n<h3>Nota de cata:<\/h3>\n<div id=\"tab_cata_2012\" class=\"tab_content catas_review_container\">\n<ul>\n<li class=\"sp catas_review col-xs-12 nopadding\"><span class=\"cata_title\">Cata a la vista<\/span> <span class=\"cata_content\">Cereza picota de toques viol\u00e1ceos.<\/span><\/li>\n<li class=\"sp catas_review col-xs-12 nopadding\"><span class=\"cata_title\">Cata en nariz<\/span> <span class=\"cata_content\">De buena entrada, es suave y voluminoso. Combina notas especiadas y tostadas. Presenta buena acidez y tanicidad y un agradable final.<\/span> <span class=\"cata_title\">Cata en boca<\/span> <span class=\"cata_content\">Expresivos toques de fruta roja madura. <\/span><\/li>\n<li class=\"sp catas_review col-xs-12 nopadding\"><span class=\"cata_content\">Notas tostadas y recuerdos florales. Aparecen, con el tiempo, matices especiados, bals\u00e1micos y ahumados.<\/span><\/li>\n<\/ul>\n<\/div>\n","protected":false},"excerpt":{"rendered":"<p>Castell del Remei Oda es un vino tinto de la D.O. Costers del Segre elaborado por Castell del Remei. Se trata de un coupage de las variedades Merlot, Cabernet Sauvignon, Tempranillo y Garnacha.<\/p>\n<p>Los vi\u00f1edos de los cuales proceden las distintas variedades utilizades tienen una media de 20 a\u00f1os de antig\u00fcedad. \u00c9stos crecen con formaci\u00f3 a doble cord\u00f3n y tienen una densidad de entre 2.000 y 3.800 plantas por hect\u00e1rea.<\/p>\n","protected":false},"featured_media":10800,"template":"","meta":{"spay_email":""},"yoast_head":"<!-- This site is optimized with the Yoast SEO plugin v15.9 - https:\/\/yoast.com\/wordpress\/plugins\/seo\/ -->\n<title>Vino Castell de Remei Oda 75cl. - Comercial de Hosteleria Anma<\/title>\n<meta name=\"robots\" content=\"index, follow, max-snippet:-1, max-image-preview:large, max-video-preview:-1\" \/>\n<link rel=\"canonical\" href=\"https:\/\/www.comercialanma.es\/?product=vino-castell-de-remei-oda-75cl\" \/>\n<meta property=\"og:locale\" content=\"es_ES\" \/>\n<meta property=\"og:type\" content=\"article\" \/>\n<meta property=\"og:title\" content=\"Vino Castell de Remei Oda 75cl. - Comercial de Hosteleria Anma\" \/>\n<meta property=\"og:description\" content=\"Castell del Remei Oda es un vino tinto de la D.O. Costers del Segre elaborado por Castell del Remei. Se trata de un coupage de las variedades Merlot, Cabernet Sauvignon, Tempranillo y Garnacha.  Los vi\u00f1edos de los cuales proceden las distintas variedades utilizades tienen una media de 20 a\u00f1os de antig\u00fcedad. \u00c9stos crecen con formaci\u00f3 a doble cord\u00f3n y tienen una densidad de entre 2.000 y 3.800 plantas por hect\u00e1rea.\" \/>\n<meta property=\"og:url\" content=\"https:\/\/www.comercialanma.es\/?product=vino-castell-de-remei-oda-75cl\" \/>\n<meta property=\"og:site_name\" content=\"Comercial de Hosteleria Anma\" \/>\n<meta property=\"article:publisher\" content=\"https:\/\/www.facebook.com\/AnmaHosteleria\" \/>\n<meta property=\"article:modified_time\" content=\"2019-10-07T13:27:21+00:00\" \/>\n<meta property=\"og:image\" content=\"https:\/\/i1.wp.com\/www.comercialanma.es\/wp-content\/uploads\/2019\/10\/Oda.jpg?fit=1200%2C1200&#038;ssl=1\" \/>\n\t<meta property=\"og:image:width\" content=\"1200\" \/>\n\t<meta property=\"og:image:height\" content=\"1200\" \/>\n<meta name=\"twitter:card\" content=\"summary_large_image\" \/>\n<script type=\"application\/ld+json\" class=\"yoast-schema-graph\">{\"@context\":\"https:\/\/schema.org\",\"@graph\":[{\"@type\":\"Organization\",\"@id\":\"https:\/\/www.comercialanma.es\/#organization\",\"name\":\"Comercial Anma\",\"url\":\"https:\/\/www.comercialanma.es\/\",\"sameAs\":[\"https:\/\/www.facebook.com\/AnmaHosteleria\",\"https:\/\/www.instagram.com\/anmahosteleria\/?hl=es\",\"https:\/\/www.youtube.com\/channel\/UCT2nmn08Ntks0hmpZPnDgCA\"],\"logo\":{\"@type\":\"ImageObject\",\"@id\":\"https:\/\/www.comercialanma.es\/#logo\",\"inLanguage\":\"es\",\"url\":\"https:\/\/i2.wp.com\/www.comercialanma.es\/wp-content\/uploads\/2019\/06\/logo-anma-color.png?fit=247%2C101&ssl=1\",\"width\":247,\"height\":101,\"caption\":\"Comercial Anma\"},\"image\":{\"@id\":\"https:\/\/www.comercialanma.es\/#logo\"}},{\"@type\":\"WebSite\",\"@id\":\"https:\/\/www.comercialanma.es\/#website\",\"url\":\"https:\/\/www.comercialanma.es\/\",\"name\":\"Comercial de Hosteleria Anma\",\"description\":\"\",\"publisher\":{\"@id\":\"https:\/\/www.comercialanma.es\/#organization\"},\"potentialAction\":[{\"@type\":\"SearchAction\",\"target\":\"https:\/\/www.comercialanma.es\/?s={search_term_string}\",\"query-input\":\"required name=search_term_string\"}],\"inLanguage\":\"es\"},{\"@type\":\"ImageObject\",\"@id\":\"https:\/\/www.comercialanma.es\/?product=vino-castell-de-remei-oda-75cl#primaryimage\",\"inLanguage\":\"es\",\"url\":\"https:\/\/i1.wp.com\/www.comercialanma.es\/wp-content\/uploads\/2019\/10\/Oda.jpg?fit=1200%2C1200&ssl=1\",\"width\":1200,\"height\":1200},{\"@type\":\"WebPage\",\"@id\":\"https:\/\/www.comercialanma.es\/?product=vino-castell-de-remei-oda-75cl#webpage\",\"url\":\"https:\/\/www.comercialanma.es\/?product=vino-castell-de-remei-oda-75cl\",\"name\":\"Vino Castell de Remei Oda 75cl. - Comercial de Hosteleria Anma\",\"isPartOf\":{\"@id\":\"https:\/\/www.comercialanma.es\/#website\"},\"primaryImageOfPage\":{\"@id\":\"https:\/\/www.comercialanma.es\/?product=vino-castell-de-remei-oda-75cl#primaryimage\"},\"datePublished\":\"2019-10-07T13:22:54+00:00\",\"dateModified\":\"2019-10-07T13:27:21+00:00\",\"breadcrumb\":{\"@id\":\"https:\/\/www.comercialanma.es\/?product=vino-castell-de-remei-oda-75cl#breadcrumb\"},\"inLanguage\":\"es\",\"potentialAction\":[{\"@type\":\"ReadAction\",\"target\":[\"https:\/\/www.comercialanma.es\/?product=vino-castell-de-remei-oda-75cl\"]}]},{\"@type\":\"BreadcrumbList\",\"@id\":\"https:\/\/www.comercialanma.es\/?product=vino-castell-de-remei-oda-75cl#breadcrumb\",\"itemListElement\":[{\"@type\":\"ListItem\",\"position\":1,\"item\":{\"@type\":\"WebPage\",\"@id\":\"https:\/\/www.comercialanma.es\/\",\"url\":\"https:\/\/www.comercialanma.es\/\",\"name\":\"Portada\"}},{\"@type\":\"ListItem\",\"position\":2,\"item\":{\"@type\":\"WebPage\",\"@id\":\"https:\/\/www.comercialanma.es\/?page_id=3963\",\"url\":\"https:\/\/www.comercialanma.es\/?page_id=3963\",\"name\":\"Cat\\u00e1logo de Productos\"}},{\"@type\":\"ListItem\",\"position\":3,\"item\":{\"@type\":\"WebPage\",\"@id\":\"https:\/\/www.comercialanma.es\/?product=vino-castell-de-remei-oda-75cl\",\"url\":\"https:\/\/www.comercialanma.es\/?product=vino-castell-de-remei-oda-75cl\",\"name\":\"Vino Castell de Remei Oda 75cl.\"}}]}]}<\/script>\n<!-- \/ Yoast SEO plugin. -->","_links":{"self":[{"href":"https:\/\/www.comercialanma.es\/index.php?rest_route=\/wp\/v2\/product\/10799"}],"collection":[{"href":"https:\/\/www.comercialanma.es\/index.php?rest_route=\/wp\/v2\/product"}],"about":[{"href":"https:\/\/www.comercialanma.es\/index.php?rest_route=\/wp\/v2\/types\/product"}],"version-history":[{"count":1,"href":"https:\/\/www.comercialanma.es\/index.php?rest_route=\/wp\/v2\/product\/10799\/revisions"}],"predecessor-version":[{"id":10801,"href":"https:\/\/www.comercialanma.es\/index.php?rest_route=\/wp\/v2\/product\/10799\/revisions\/10801"}],"wp:featuredmedia":[{"embeddable":true,"href":"https:\/\/www.comercialanma.es\/index.php?rest_route=\/wp\/v2\/media\/10800"}],"wp:attachment":[{"href":"https:\/\/www.comercialanma.es\/index.php?rest_route=%2Fwp%2Fv2%2Fmedia&parent=10799"}],"curies":[{"name":"wp","href":"https:\/\/api.w.org\/{rel}","templated":true}]}}