
{"id":10842,"date":"2019-10-08T08:46:22","date_gmt":"2019-10-08T06:46:22","guid":{"rendered":"http:\/\/www.comercialanma.es\/?post_type=product&#038;p=10842"},"modified":"2019-10-08T09:00:38","modified_gmt":"2019-10-08T07:00:38","slug":"vino-pinoteamo-blanco-75cl","status":"publish","type":"product","link":"https:\/\/www.comercialanma.es\/?product=vino-pinoteamo-blanco-75cl","title":{"rendered":"Vino Pinoteamo Blanco 75cl."},"content":{"rendered":"<h3>D.O.:<\/h3>\n<ul>\n<li>Pened\u00e8s.<\/li>\n<\/ul>\n<h3>Variedades de uva:<\/h3>\n<ul>\n<li><span lang=\"es\"><span title=\"\"> Pinot Noir, Pinot Blanc. <\/span><\/span><\/li>\n<\/ul>\n<h3>Graduaci\u00f3n:<\/h3>\n<ul>\n<li>Graduaci\u00f3n: 12,0% vol.<\/li>\n<\/ul>\n<h3>Nota de cata:<\/h3>\n<ul>\n<li>De color piel de cebolla con ribete cobrizo.<\/li>\n<li>Fragante y perfumado en nariz, donde destaca la presencia de fruta roja (fresas silvestres, frambuesa), y de melocot\u00f3n, mel\u00f3n y pera de agua. En segundo t\u00e9rmino aparecen notas herbales (heno, eneldo) y toques florales (tilo), para finalizar con dejo ahumado que aporta complejidad.<\/li>\n<li>Entrada en boca amplia y contundente. Gran peso frutal, volumen y textura untuosa. Refrescante acidez final en la que se funde una nota levemente amarga. Larga persistencia.<\/li>\n<\/ul>\n","protected":false},"excerpt":{"rendered":"<div>\n<p>Gramona Pinoteamo es un vino blanco elaborado por Gramona en Sant Sadurn\u00ed d\u2019Anoia, D.O.Pened\u00e8s.<\/p>\n<p>Gramona fue fundada en el a\u00f1o 1881 en Sant Sadurn\u00ed d&#8217;Anoia, el epicentro de la D.O. Cava. Despu\u00e9s de m\u00e1s de 130 a\u00f1os de experiencia elaborando tanto cavas como vinos, actualmente se encuentra al mando del negocio la quinta generaci\u00f3n, que sigue manteniendo la tradici\u00f3n familiar y la filosof\u00eda a partir de la cual han enfocado el trabajo en la bodega a lo largo de los a\u00f1os.<\/p>\n<\/div>\n","protected":false},"featured_media":10843,"template":"","meta":{"spay_email":""},"yoast_head":"<!-- This site is optimized with the Yoast SEO plugin v15.9 - https:\/\/yoast.com\/wordpress\/plugins\/seo\/ -->\n<title>Vino Pinoteamo Blanco 75cl. - Comercial de Hosteleria Anma<\/title>\n<meta name=\"robots\" content=\"index, follow, max-snippet:-1, max-image-preview:large, max-video-preview:-1\" \/>\n<link rel=\"canonical\" href=\"https:\/\/www.comercialanma.es\/?product=vino-pinoteamo-blanco-75cl\" \/>\n<meta property=\"og:locale\" content=\"es_ES\" \/>\n<meta property=\"og:type\" content=\"article\" \/>\n<meta property=\"og:title\" content=\"Vino Pinoteamo Blanco 75cl. - Comercial de Hosteleria Anma\" \/>\n<meta property=\"og:description\" content=\"Gramona Pinoteamo es un vino blanco elaborado por Gramona en Sant Sadurn\u00ed d\u2019Anoia, D.O.Pened\u00e8s.  Gramona fue fundada en el a\u00f1o 1881 en Sant Sadurn\u00ed d&#039;Anoia, el epicentro de la D.O. Cava. Despu\u00e9s de m\u00e1s de 130 a\u00f1os de experiencia elaborando tanto cavas como vinos, actualmente se encuentra al mando del negocio la quinta generaci\u00f3n, que sigue manteniendo la tradici\u00f3n familiar y la filosof\u00eda a partir de la cual han enfocado el trabajo en la bodega a lo largo de los a\u00f1os.\" \/>\n<meta property=\"og:url\" content=\"https:\/\/www.comercialanma.es\/?product=vino-pinoteamo-blanco-75cl\" \/>\n<meta property=\"og:site_name\" content=\"Comercial de Hosteleria Anma\" \/>\n<meta property=\"article:publisher\" content=\"https:\/\/www.facebook.com\/AnmaHosteleria\" \/>\n<meta property=\"article:modified_time\" content=\"2019-10-08T07:00:38+00:00\" \/>\n<meta property=\"og:image\" content=\"https:\/\/i1.wp.com\/www.comercialanma.es\/wp-content\/uploads\/2019\/10\/Pinoteamo.jpg?fit=1080%2C1080&#038;ssl=1\" \/>\n\t<meta property=\"og:image:width\" content=\"1080\" \/>\n\t<meta property=\"og:image:height\" content=\"1080\" \/>\n<meta name=\"twitter:card\" content=\"summary_large_image\" \/>\n<meta name=\"twitter:label1\" content=\"Tiempo de lectura\">\n\t<meta name=\"twitter:data1\" content=\"1 minuto\">\n<script type=\"application\/ld+json\" class=\"yoast-schema-graph\">{\"@context\":\"https:\/\/schema.org\",\"@graph\":[{\"@type\":\"Organization\",\"@id\":\"https:\/\/www.comercialanma.es\/#organization\",\"name\":\"Comercial Anma\",\"url\":\"https:\/\/www.comercialanma.es\/\",\"sameAs\":[\"https:\/\/www.facebook.com\/AnmaHosteleria\",\"https:\/\/www.instagram.com\/anmahosteleria\/?hl=es\",\"https:\/\/www.youtube.com\/channel\/UCT2nmn08Ntks0hmpZPnDgCA\"],\"logo\":{\"@type\":\"ImageObject\",\"@id\":\"https:\/\/www.comercialanma.es\/#logo\",\"inLanguage\":\"es\",\"url\":\"https:\/\/i2.wp.com\/www.comercialanma.es\/wp-content\/uploads\/2019\/06\/logo-anma-color.png?fit=247%2C101&ssl=1\",\"width\":247,\"height\":101,\"caption\":\"Comercial Anma\"},\"image\":{\"@id\":\"https:\/\/www.comercialanma.es\/#logo\"}},{\"@type\":\"WebSite\",\"@id\":\"https:\/\/www.comercialanma.es\/#website\",\"url\":\"https:\/\/www.comercialanma.es\/\",\"name\":\"Comercial de Hosteleria Anma\",\"description\":\"\",\"publisher\":{\"@id\":\"https:\/\/www.comercialanma.es\/#organization\"},\"potentialAction\":[{\"@type\":\"SearchAction\",\"target\":\"https:\/\/www.comercialanma.es\/?s={search_term_string}\",\"query-input\":\"required name=search_term_string\"}],\"inLanguage\":\"es\"},{\"@type\":\"ImageObject\",\"@id\":\"https:\/\/www.comercialanma.es\/?product=vino-pinoteamo-blanco-75cl#primaryimage\",\"inLanguage\":\"es\",\"url\":\"https:\/\/i1.wp.com\/www.comercialanma.es\/wp-content\/uploads\/2019\/10\/Pinoteamo.jpg?fit=1080%2C1080&ssl=1\",\"width\":1080,\"height\":1080},{\"@type\":\"WebPage\",\"@id\":\"https:\/\/www.comercialanma.es\/?product=vino-pinoteamo-blanco-75cl#webpage\",\"url\":\"https:\/\/www.comercialanma.es\/?product=vino-pinoteamo-blanco-75cl\",\"name\":\"Vino Pinoteamo Blanco 75cl. - Comercial de Hosteleria Anma\",\"isPartOf\":{\"@id\":\"https:\/\/www.comercialanma.es\/#website\"},\"primaryImageOfPage\":{\"@id\":\"https:\/\/www.comercialanma.es\/?product=vino-pinoteamo-blanco-75cl#primaryimage\"},\"datePublished\":\"2019-10-08T06:46:22+00:00\",\"dateModified\":\"2019-10-08T07:00:38+00:00\",\"breadcrumb\":{\"@id\":\"https:\/\/www.comercialanma.es\/?product=vino-pinoteamo-blanco-75cl#breadcrumb\"},\"inLanguage\":\"es\",\"potentialAction\":[{\"@type\":\"ReadAction\",\"target\":[\"https:\/\/www.comercialanma.es\/?product=vino-pinoteamo-blanco-75cl\"]}]},{\"@type\":\"BreadcrumbList\",\"@id\":\"https:\/\/www.comercialanma.es\/?product=vino-pinoteamo-blanco-75cl#breadcrumb\",\"itemListElement\":[{\"@type\":\"ListItem\",\"position\":1,\"item\":{\"@type\":\"WebPage\",\"@id\":\"https:\/\/www.comercialanma.es\/\",\"url\":\"https:\/\/www.comercialanma.es\/\",\"name\":\"Portada\"}},{\"@type\":\"ListItem\",\"position\":2,\"item\":{\"@type\":\"WebPage\",\"@id\":\"https:\/\/www.comercialanma.es\/?page_id=3963\",\"url\":\"https:\/\/www.comercialanma.es\/?page_id=3963\",\"name\":\"Cat\\u00e1logo de Productos\"}},{\"@type\":\"ListItem\",\"position\":3,\"item\":{\"@type\":\"WebPage\",\"@id\":\"https:\/\/www.comercialanma.es\/?product=vino-pinoteamo-blanco-75cl\",\"url\":\"https:\/\/www.comercialanma.es\/?product=vino-pinoteamo-blanco-75cl\",\"name\":\"Vino Pinoteamo Blanco 75cl.\"}}]}]}<\/script>\n<!-- \/ Yoast SEO plugin. -->","_links":{"self":[{"href":"https:\/\/www.comercialanma.es\/index.php?rest_route=\/wp\/v2\/product\/10842"}],"collection":[{"href":"https:\/\/www.comercialanma.es\/index.php?rest_route=\/wp\/v2\/product"}],"about":[{"href":"https:\/\/www.comercialanma.es\/index.php?rest_route=\/wp\/v2\/types\/product"}],"version-history":[{"count":1,"href":"https:\/\/www.comercialanma.es\/index.php?rest_route=\/wp\/v2\/product\/10842\/revisions"}],"predecessor-version":[{"id":10844,"href":"https:\/\/www.comercialanma.es\/index.php?rest_route=\/wp\/v2\/product\/10842\/revisions\/10844"}],"wp:featuredmedia":[{"embeddable":true,"href":"https:\/\/www.comercialanma.es\/index.php?rest_route=\/wp\/v2\/media\/10843"}],"wp:attachment":[{"href":"https:\/\/www.comercialanma.es\/index.php?rest_route=%2Fwp%2Fv2%2Fmedia&parent=10842"}],"curies":[{"name":"wp","href":"https:\/\/api.w.org\/{rel}","templated":true}]}}