
{"id":10851,"date":"2019-10-08T09:23:52","date_gmt":"2019-10-08T07:23:52","guid":{"rendered":"http:\/\/www.comercialanma.es\/?post_type=product&#038;p=10851"},"modified":"2020-02-26T10:37:01","modified_gmt":"2020-02-26T09:37:01","slug":"vino-grans-moments-cabernet-sauvignon-carnestoltes-75cl","status":"publish","type":"product","link":"https:\/\/www.comercialanma.es\/?product=vino-grans-moments-cabernet-sauvignon-carnestoltes-75cl","title":{"rendered":"Vino Grans Moments Carnestoltes 75cl."},"content":{"rendered":"<h3>D.O.:<\/h3>\n<ul>\n<li>Pened\u00e8s.<\/li>\n<\/ul>\n<h3>Variedades de uva:<\/h3>\n<ul>\n<li><span lang=\"es\"><span title=\"\"> Cabernet Sauvignon<\/span><\/span><span lang=\"es\"><span title=\"\">.<\/span><\/span><\/li>\n<\/ul>\n<h3>Graduaci\u00f3n:<\/h3>\n<ul>\n<li>Graduaci\u00f3n: 13,0% vol.<\/li>\n<\/ul>\n<h3>Nota de cata:<\/h3>\n<ul>\n<li><span lang=\"es\"><span title=\"\">Vino tinto<\/span> <span title=\"\">joven<\/span> <span title=\"\">monovarietal<\/span><span title=\"\">,<\/span> <span title=\"\">con<\/span> <span title=\"\">una potente<\/span> <span title=\"\">aroma<\/span> <span title=\"\">de peque\u00f1as frutas rojas<\/span> <span title=\"\">el bosque<\/span><span title=\"\">.<\/span> <\/span><\/li>\n<li><span lang=\"es\"><span title=\"\">En boca<\/span> <span title=\"\">es redondo,<\/span> <span title=\"\">untuoso, con<\/span> <span title=\"\">taninos dulces y<\/span> <span title=\"\">un postgusto largo<\/span><span title=\"\">.<\/span><\/span><\/li>\n<\/ul>\n","protected":false},"excerpt":{"rendered":"<p><span class=\"tlid-translation translation\" lang=\"es\"><span title=\"\">Grandes<\/span> <span title=\"\">Momentos<\/span> <span title=\"\">es<\/span> <span title=\"\">la expresi\u00f3n de un<\/span> <span title=\"\">territorio<\/span><span title=\"\">, el respeto<\/span> <span title=\"\">por las<\/span> <span title=\"\">ra\u00edces<\/span><span title=\"\">,<\/span> <span title=\"\">el alma<\/span> <span title=\"\">de una tradici\u00f3n<\/span> <span title=\"\">o<\/span> <span title=\"\">la pasi\u00f3n por<\/span> <span title=\"\">lo<\/span> <span title=\"\">que<\/span> <span title=\"\">se estima<\/span><span title=\"\">.<\/span> <span title=\"\">Al igual que<\/span> <span title=\"\">si habl\u00e1ramos<\/span> <span title=\"\">de vinos<\/span> <span title=\"\">o cavas<\/span><span title=\"\">,<\/span> <span title=\"\">hay fiestas<\/span> <span title=\"\">y momentos<\/span> <span title=\"\">de la catalanidad<\/span> <span title=\"\">que no s\u00f3lo<\/span> <span title=\"\">son una<\/span> <span title=\"\">forma<\/span> <span title=\"\">particular<\/span> <span title=\"\">de vivir<\/span> <span title=\"\">la vida<\/span> <span title=\"\">o<\/span> <span class=\"\" title=\"\">de concebir<\/span> <span title=\"\">el arrebato<\/span> <span title=\"\">sino, sobre todo<\/span><span title=\"\">,<\/span> <span title=\"\">una<\/span> <span class=\"\" title=\"\">arraigada<\/span> <span class=\"\" title=\"\">forma de ser<\/span><\/span>.<\/p>\n","protected":false},"featured_media":10856,"template":"","meta":{"spay_email":""},"yoast_head":"<!-- This site is optimized with the Yoast SEO plugin v15.9 - https:\/\/yoast.com\/wordpress\/plugins\/seo\/ -->\n<title>Vino Grans Moments Carnestoltes 75cl. - Comercial de Hosteleria Anma<\/title>\n<meta name=\"robots\" content=\"index, follow, max-snippet:-1, max-image-preview:large, max-video-preview:-1\" \/>\n<link rel=\"canonical\" href=\"https:\/\/www.comercialanma.es\/?product=vino-grans-moments-cabernet-sauvignon-carnestoltes-75cl\" \/>\n<meta property=\"og:locale\" content=\"es_ES\" \/>\n<meta property=\"og:type\" content=\"article\" \/>\n<meta property=\"og:title\" content=\"Vino Grans Moments Carnestoltes 75cl. - Comercial de Hosteleria Anma\" \/>\n<meta property=\"og:description\" content=\"Grandes Momentos es la expresi\u00f3n de un territorio, el respeto por las ra\u00edces, el alma de una tradici\u00f3n o la pasi\u00f3n por lo que se estima. Al igual que si habl\u00e1ramos de vinos o cavas, hay fiestas y momentos de la catalanidad que no s\u00f3lo son una forma particular de vivir la vida o de concebir el arrebato sino, sobre todo, una arraigada forma de ser.\" \/>\n<meta property=\"og:url\" content=\"https:\/\/www.comercialanma.es\/?product=vino-grans-moments-cabernet-sauvignon-carnestoltes-75cl\" \/>\n<meta property=\"og:site_name\" content=\"Comercial de Hosteleria Anma\" \/>\n<meta property=\"article:publisher\" content=\"https:\/\/www.facebook.com\/AnmaHosteleria\" \/>\n<meta property=\"article:modified_time\" content=\"2020-02-26T09:37:01+00:00\" \/>\n<meta property=\"og:image\" content=\"https:\/\/i2.wp.com\/www.comercialanma.es\/wp-content\/uploads\/2019\/10\/Grans-Moments-Carnestoltes.jpg?fit=1080%2C1080&#038;ssl=1\" \/>\n\t<meta property=\"og:image:width\" content=\"1080\" \/>\n\t<meta property=\"og:image:height\" content=\"1080\" \/>\n<meta name=\"twitter:card\" content=\"summary_large_image\" \/>\n<script type=\"application\/ld+json\" class=\"yoast-schema-graph\">{\"@context\":\"https:\/\/schema.org\",\"@graph\":[{\"@type\":\"Organization\",\"@id\":\"https:\/\/www.comercialanma.es\/#organization\",\"name\":\"Comercial Anma\",\"url\":\"https:\/\/www.comercialanma.es\/\",\"sameAs\":[\"https:\/\/www.facebook.com\/AnmaHosteleria\",\"https:\/\/www.instagram.com\/anmahosteleria\/?hl=es\",\"https:\/\/www.youtube.com\/channel\/UCT2nmn08Ntks0hmpZPnDgCA\"],\"logo\":{\"@type\":\"ImageObject\",\"@id\":\"https:\/\/www.comercialanma.es\/#logo\",\"inLanguage\":\"es\",\"url\":\"https:\/\/i2.wp.com\/www.comercialanma.es\/wp-content\/uploads\/2019\/06\/logo-anma-color.png?fit=247%2C101&ssl=1\",\"width\":247,\"height\":101,\"caption\":\"Comercial Anma\"},\"image\":{\"@id\":\"https:\/\/www.comercialanma.es\/#logo\"}},{\"@type\":\"WebSite\",\"@id\":\"https:\/\/www.comercialanma.es\/#website\",\"url\":\"https:\/\/www.comercialanma.es\/\",\"name\":\"Comercial de Hosteleria Anma\",\"description\":\"\",\"publisher\":{\"@id\":\"https:\/\/www.comercialanma.es\/#organization\"},\"potentialAction\":[{\"@type\":\"SearchAction\",\"target\":\"https:\/\/www.comercialanma.es\/?s={search_term_string}\",\"query-input\":\"required name=search_term_string\"}],\"inLanguage\":\"es\"},{\"@type\":\"ImageObject\",\"@id\":\"https:\/\/www.comercialanma.es\/?product=vino-grans-moments-cabernet-sauvignon-carnestoltes-75cl#primaryimage\",\"inLanguage\":\"es\",\"url\":\"https:\/\/i2.wp.com\/www.comercialanma.es\/wp-content\/uploads\/2019\/10\/Grans-Moments-Carnestoltes.jpg?fit=1080%2C1080&ssl=1\",\"width\":1080,\"height\":1080},{\"@type\":\"WebPage\",\"@id\":\"https:\/\/www.comercialanma.es\/?product=vino-grans-moments-cabernet-sauvignon-carnestoltes-75cl#webpage\",\"url\":\"https:\/\/www.comercialanma.es\/?product=vino-grans-moments-cabernet-sauvignon-carnestoltes-75cl\",\"name\":\"Vino Grans Moments Carnestoltes 75cl. - Comercial de Hosteleria Anma\",\"isPartOf\":{\"@id\":\"https:\/\/www.comercialanma.es\/#website\"},\"primaryImageOfPage\":{\"@id\":\"https:\/\/www.comercialanma.es\/?product=vino-grans-moments-cabernet-sauvignon-carnestoltes-75cl#primaryimage\"},\"datePublished\":\"2019-10-08T07:23:52+00:00\",\"dateModified\":\"2020-02-26T09:37:01+00:00\",\"breadcrumb\":{\"@id\":\"https:\/\/www.comercialanma.es\/?product=vino-grans-moments-cabernet-sauvignon-carnestoltes-75cl#breadcrumb\"},\"inLanguage\":\"es\",\"potentialAction\":[{\"@type\":\"ReadAction\",\"target\":[\"https:\/\/www.comercialanma.es\/?product=vino-grans-moments-cabernet-sauvignon-carnestoltes-75cl\"]}]},{\"@type\":\"BreadcrumbList\",\"@id\":\"https:\/\/www.comercialanma.es\/?product=vino-grans-moments-cabernet-sauvignon-carnestoltes-75cl#breadcrumb\",\"itemListElement\":[{\"@type\":\"ListItem\",\"position\":1,\"item\":{\"@type\":\"WebPage\",\"@id\":\"https:\/\/www.comercialanma.es\/\",\"url\":\"https:\/\/www.comercialanma.es\/\",\"name\":\"Portada\"}},{\"@type\":\"ListItem\",\"position\":2,\"item\":{\"@type\":\"WebPage\",\"@id\":\"https:\/\/www.comercialanma.es\/?page_id=3963\",\"url\":\"https:\/\/www.comercialanma.es\/?page_id=3963\",\"name\":\"Cat\\u00e1logo de Productos\"}},{\"@type\":\"ListItem\",\"position\":3,\"item\":{\"@type\":\"WebPage\",\"@id\":\"https:\/\/www.comercialanma.es\/?product=vino-grans-moments-cabernet-sauvignon-carnestoltes-75cl\",\"url\":\"https:\/\/www.comercialanma.es\/?product=vino-grans-moments-cabernet-sauvignon-carnestoltes-75cl\",\"name\":\"Vino Grans Moments Carnestoltes 75cl.\"}}]}]}<\/script>\n<!-- \/ Yoast SEO plugin. -->","_links":{"self":[{"href":"https:\/\/www.comercialanma.es\/index.php?rest_route=\/wp\/v2\/product\/10851"}],"collection":[{"href":"https:\/\/www.comercialanma.es\/index.php?rest_route=\/wp\/v2\/product"}],"about":[{"href":"https:\/\/www.comercialanma.es\/index.php?rest_route=\/wp\/v2\/types\/product"}],"version-history":[{"count":2,"href":"https:\/\/www.comercialanma.es\/index.php?rest_route=\/wp\/v2\/product\/10851\/revisions"}],"predecessor-version":[{"id":13140,"href":"https:\/\/www.comercialanma.es\/index.php?rest_route=\/wp\/v2\/product\/10851\/revisions\/13140"}],"wp:featuredmedia":[{"embeddable":true,"href":"https:\/\/www.comercialanma.es\/index.php?rest_route=\/wp\/v2\/media\/10856"}],"wp:attachment":[{"href":"https:\/\/www.comercialanma.es\/index.php?rest_route=%2Fwp%2Fv2%2Fmedia&parent=10851"}],"curies":[{"name":"wp","href":"https:\/\/api.w.org\/{rel}","templated":true}]}}