
{"id":10881,"date":"2019-10-08T15:31:05","date_gmt":"2019-10-08T13:31:05","guid":{"rendered":"http:\/\/www.comercialanma.es\/?post_type=product&#038;p=10881"},"modified":"2025-02-04T11:42:50","modified_gmt":"2025-02-04T10:42:50","slug":"vino-les-eres-vi-de-guarda-75cl","status":"publish","type":"product","link":"https:\/\/www.comercialanma.es\/?product=vino-les-eres-vi-de-guarda-75cl","title":{"rendered":"Les Eres Porrera 75cl."},"content":{"rendered":"<h3>D.O.:<\/h3>\n<ul>\n<li>Priorat.<\/li>\n<\/ul>\n<h3>Variedades de uva:<\/h3>\n<ul>\n<li><span lang=\"es\"><span title=\"\">Garnatxa, Carinyena y Caberenet Sauvignon.<\/span><\/span><\/li>\n<\/ul>\n<h3>Graduaci\u00f3n:<\/h3>\n<ul>\n<li>Graduaci\u00f3n: 15,0% vol.<\/li>\n<\/ul>\n<h3>Nota de cata:<\/h3>\n<div>\n<ul>\n<li>Vista: Color cereza con tono granate.<\/li>\n<li>Nariz: Huele a piedra seca y a tierra. Tras la aireaci\u00f3n aparecen notas de especias, regaliz de palo, tinta y alcanfor.<\/li>\n<li>Boca: Las notas de cereza madura y la ciruela seca dejan paso a un tanino imponente que llega acariciado por una textura de seda.<\/li>\n<\/ul>\n<\/div>\n","protected":false},"excerpt":{"rendered":"<p><span lang=\"es\"><span title=\"\">Les Eres es una selecci\u00f3n de las mejores uvas de vi\u00f1as viejas que tenemos en la bodega, envejecidas en las mejores barricas de roble franc\u00e9s, lo que da como resultado todas las cualidades y estructura debido al envejecimiento en barrica, pero tambi\u00e9n conserva las caracter\u00edsticas frutales de las uvas y el car\u00e1cter.<\/span> <span title=\"\">del terroir del Priorat.<\/span> <span title=\"\">Es un vino que durar\u00e1 y mejorar\u00e1 durante al menos diez a\u00f1os, para que pueda almacenarse y disfrutarse a medida que envejece en botella y cualquier aroma de madera retroceda y no interfiera con la explosi\u00f3n de sensaciones de este vino.<\/span><\/span><\/p>\n","protected":false},"featured_media":24040,"template":"","meta":{"spay_email":""},"yoast_head":"<!-- This site is optimized with the Yoast SEO plugin v15.9 - https:\/\/yoast.com\/wordpress\/plugins\/seo\/ -->\n<title>Les Eres Porrera 75cl. - Comercial de Hosteleria Anma<\/title>\n<meta name=\"robots\" content=\"index, follow, max-snippet:-1, max-image-preview:large, max-video-preview:-1\" \/>\n<link rel=\"canonical\" href=\"https:\/\/www.comercialanma.es\/?product=vino-les-eres-vi-de-guarda-75cl\" \/>\n<meta property=\"og:locale\" content=\"es_ES\" \/>\n<meta property=\"og:type\" content=\"article\" \/>\n<meta property=\"og:title\" content=\"Les Eres Porrera 75cl. - Comercial de Hosteleria Anma\" \/>\n<meta property=\"og:description\" content=\"Les Eres es una selecci\u00f3n de las mejores uvas de vi\u00f1as viejas que tenemos en la bodega, envejecidas en las mejores barricas de roble franc\u00e9s, lo que da como resultado todas las cualidades y estructura debido al envejecimiento en barrica, pero tambi\u00e9n conserva las caracter\u00edsticas frutales de las uvas y el car\u00e1cter. del terroir del Priorat. Es un vino que durar\u00e1 y mejorar\u00e1 durante al menos diez a\u00f1os, para que pueda almacenarse y disfrutarse a medida que envejece en botella y cualquier aroma de madera retroceda y no interfiera con la explosi\u00f3n de sensaciones de este vino.\" \/>\n<meta property=\"og:url\" content=\"https:\/\/www.comercialanma.es\/?product=vino-les-eres-vi-de-guarda-75cl\" \/>\n<meta property=\"og:site_name\" content=\"Comercial de Hosteleria Anma\" \/>\n<meta property=\"article:publisher\" content=\"https:\/\/www.facebook.com\/AnmaHosteleria\" \/>\n<meta property=\"article:modified_time\" content=\"2025-02-04T10:42:50+00:00\" \/>\n<meta property=\"og:image\" content=\"https:\/\/i0.wp.com\/www.comercialanma.es\/wp-content\/uploads\/2019\/10\/Les-eres-porrera.jpg?fit=1080%2C1080&#038;ssl=1\" \/>\n\t<meta property=\"og:image:width\" content=\"1080\" \/>\n\t<meta property=\"og:image:height\" content=\"1080\" \/>\n<meta name=\"twitter:card\" content=\"summary_large_image\" \/>\n<script type=\"application\/ld+json\" class=\"yoast-schema-graph\">{\"@context\":\"https:\/\/schema.org\",\"@graph\":[{\"@type\":\"Organization\",\"@id\":\"https:\/\/www.comercialanma.es\/#organization\",\"name\":\"Comercial Anma\",\"url\":\"https:\/\/www.comercialanma.es\/\",\"sameAs\":[\"https:\/\/www.facebook.com\/AnmaHosteleria\",\"https:\/\/www.instagram.com\/anmahosteleria\/?hl=es\",\"https:\/\/www.youtube.com\/channel\/UCT2nmn08Ntks0hmpZPnDgCA\"],\"logo\":{\"@type\":\"ImageObject\",\"@id\":\"https:\/\/www.comercialanma.es\/#logo\",\"inLanguage\":\"es\",\"url\":\"https:\/\/i2.wp.com\/www.comercialanma.es\/wp-content\/uploads\/2019\/06\/logo-anma-color.png?fit=247%2C101&ssl=1\",\"width\":247,\"height\":101,\"caption\":\"Comercial Anma\"},\"image\":{\"@id\":\"https:\/\/www.comercialanma.es\/#logo\"}},{\"@type\":\"WebSite\",\"@id\":\"https:\/\/www.comercialanma.es\/#website\",\"url\":\"https:\/\/www.comercialanma.es\/\",\"name\":\"Comercial de Hosteleria Anma\",\"description\":\"\",\"publisher\":{\"@id\":\"https:\/\/www.comercialanma.es\/#organization\"},\"potentialAction\":[{\"@type\":\"SearchAction\",\"target\":\"https:\/\/www.comercialanma.es\/?s={search_term_string}\",\"query-input\":\"required name=search_term_string\"}],\"inLanguage\":\"es\"},{\"@type\":\"ImageObject\",\"@id\":\"https:\/\/www.comercialanma.es\/?product=vino-les-eres-vi-de-guarda-75cl#primaryimage\",\"inLanguage\":\"es\",\"url\":\"https:\/\/i0.wp.com\/www.comercialanma.es\/wp-content\/uploads\/2019\/10\/Les-eres-porrera.jpg?fit=1080%2C1080&ssl=1\",\"width\":1080,\"height\":1080},{\"@type\":\"WebPage\",\"@id\":\"https:\/\/www.comercialanma.es\/?product=vino-les-eres-vi-de-guarda-75cl#webpage\",\"url\":\"https:\/\/www.comercialanma.es\/?product=vino-les-eres-vi-de-guarda-75cl\",\"name\":\"Les Eres Porrera 75cl. - Comercial de Hosteleria Anma\",\"isPartOf\":{\"@id\":\"https:\/\/www.comercialanma.es\/#website\"},\"primaryImageOfPage\":{\"@id\":\"https:\/\/www.comercialanma.es\/?product=vino-les-eres-vi-de-guarda-75cl#primaryimage\"},\"datePublished\":\"2019-10-08T13:31:05+00:00\",\"dateModified\":\"2025-02-04T10:42:50+00:00\",\"breadcrumb\":{\"@id\":\"https:\/\/www.comercialanma.es\/?product=vino-les-eres-vi-de-guarda-75cl#breadcrumb\"},\"inLanguage\":\"es\",\"potentialAction\":[{\"@type\":\"ReadAction\",\"target\":[\"https:\/\/www.comercialanma.es\/?product=vino-les-eres-vi-de-guarda-75cl\"]}]},{\"@type\":\"BreadcrumbList\",\"@id\":\"https:\/\/www.comercialanma.es\/?product=vino-les-eres-vi-de-guarda-75cl#breadcrumb\",\"itemListElement\":[{\"@type\":\"ListItem\",\"position\":1,\"item\":{\"@type\":\"WebPage\",\"@id\":\"https:\/\/www.comercialanma.es\/\",\"url\":\"https:\/\/www.comercialanma.es\/\",\"name\":\"Portada\"}},{\"@type\":\"ListItem\",\"position\":2,\"item\":{\"@type\":\"WebPage\",\"@id\":\"https:\/\/www.comercialanma.es\/?page_id=3963\",\"url\":\"https:\/\/www.comercialanma.es\/?page_id=3963\",\"name\":\"Cat\\u00e1logo de Productos\"}},{\"@type\":\"ListItem\",\"position\":3,\"item\":{\"@type\":\"WebPage\",\"@id\":\"https:\/\/www.comercialanma.es\/?product=vino-les-eres-vi-de-guarda-75cl\",\"url\":\"https:\/\/www.comercialanma.es\/?product=vino-les-eres-vi-de-guarda-75cl\",\"name\":\"Les Eres Porrera 75cl.\"}}]}]}<\/script>\n<!-- \/ Yoast SEO plugin. -->","_links":{"self":[{"href":"https:\/\/www.comercialanma.es\/index.php?rest_route=\/wp\/v2\/product\/10881"}],"collection":[{"href":"https:\/\/www.comercialanma.es\/index.php?rest_route=\/wp\/v2\/product"}],"about":[{"href":"https:\/\/www.comercialanma.es\/index.php?rest_route=\/wp\/v2\/types\/product"}],"version-history":[{"count":4,"href":"https:\/\/www.comercialanma.es\/index.php?rest_route=\/wp\/v2\/product\/10881\/revisions"}],"predecessor-version":[{"id":24042,"href":"https:\/\/www.comercialanma.es\/index.php?rest_route=\/wp\/v2\/product\/10881\/revisions\/24042"}],"wp:featuredmedia":[{"embeddable":true,"href":"https:\/\/www.comercialanma.es\/index.php?rest_route=\/wp\/v2\/media\/24040"}],"wp:attachment":[{"href":"https:\/\/www.comercialanma.es\/index.php?rest_route=%2Fwp%2Fv2%2Fmedia&parent=10881"}],"curies":[{"name":"wp","href":"https:\/\/api.w.org\/{rel}","templated":true}]}}