
{"id":10947,"date":"2019-10-09T10:31:32","date_gmt":"2019-10-09T08:31:32","guid":{"rendered":"http:\/\/www.comercialanma.es\/?post_type=product&#038;p=10947"},"modified":"2019-10-09T10:43:45","modified_gmt":"2019-10-09T08:43:45","slug":"vino-remelluri-reserva-75cl","status":"publish","type":"product","link":"https:\/\/www.comercialanma.es\/?product=vino-remelluri-reserva-75cl","title":{"rendered":"Vino Remelluri Reserva 75cl."},"content":{"rendered":"<h3>D.O.C:<\/h3>\n<ul>\n<li>Rioja.<\/li>\n<\/ul>\n<h3>Variedades de uva:<\/h3>\n<ul>\n<li>Tempranillo, Garnacha, Graciano <span lang=\"es\"><span title=\"\">.<\/span><\/span><\/li>\n<\/ul>\n<h3>Graduaci\u00f3n:<\/h3>\n<ul>\n<li>Graduaci\u00f3n: 14,2% vol.<\/li>\n<\/ul>\n<h3>Nota de cata:<\/h3>\n<div>\n<ul>\n<li>Vista: Cereza picota con borde granate.<\/li>\n<li>Nariz: Elegante, notas de naranja, fruta roja carnosa, acompa\u00f1adas de notas de vainilla y canela. Fondo mineral.<\/li>\n<li>Boca: Taninos redondos. Cl\u00e1sico y equilibrado. Buena acidez. Recuerdo placentero.<\/li>\n<\/ul>\n<\/div>\n","protected":false},"excerpt":{"rendered":"<p>El Reserva de Remelluri es un\u00a0tinto riojano con todas las se\u00f1as de identidad cl\u00e1sicas\u00a0que lo convierten en una apuesta segura en cualquier mesa.\u00a0Fue el primer vino de Rioja basado en una \u00fanica propiedad vit\u00edcola seg\u00fan el modelo cl\u00e1sico del Medoc bordol\u00e9s. En esta a\u00f1ada la uva consigui\u00f3 muy buena maduraci\u00f3n. El resultado es un vino elegante, sedoso, con buena acidez y taninos de calidad.\u00a0Dar\u00e1 lo mejor de s\u00ed durante los pr\u00f3ximos meses gracias a una prometedora evoluci\u00f3n\u00a0y afinamiento en botella.<\/p>\n","protected":false},"featured_media":10948,"template":"","meta":{"spay_email":""},"yoast_head":"<!-- This site is optimized with the Yoast SEO plugin v15.9 - https:\/\/yoast.com\/wordpress\/plugins\/seo\/ -->\n<title>Vino Remelluri Reserva 75cl. - Comercial de Hosteleria Anma<\/title>\n<meta name=\"robots\" content=\"index, follow, max-snippet:-1, max-image-preview:large, max-video-preview:-1\" \/>\n<link rel=\"canonical\" href=\"https:\/\/www.comercialanma.es\/?product=vino-remelluri-reserva-75cl\" \/>\n<meta property=\"og:locale\" content=\"es_ES\" \/>\n<meta property=\"og:type\" content=\"article\" \/>\n<meta property=\"og:title\" content=\"Vino Remelluri Reserva 75cl. - Comercial de Hosteleria Anma\" \/>\n<meta property=\"og:description\" content=\"El Reserva de Remelluri es un\u00a0tinto riojano con todas las se\u00f1as de identidad cl\u00e1sicas\u00a0que lo convierten en una apuesta segura en cualquier mesa.\u00a0Fue el primer vino de Rioja basado en una \u00fanica propiedad vit\u00edcola seg\u00fan el modelo cl\u00e1sico del Medoc bordol\u00e9s. En esta a\u00f1ada la uva consigui\u00f3 muy buena maduraci\u00f3n. El resultado es un vino elegante, sedoso, con buena acidez y taninos de calidad.\u00a0Dar\u00e1 lo mejor de s\u00ed durante los pr\u00f3ximos meses gracias a una prometedora evoluci\u00f3n\u00a0y afinamiento en botella.\" \/>\n<meta property=\"og:url\" content=\"https:\/\/www.comercialanma.es\/?product=vino-remelluri-reserva-75cl\" \/>\n<meta property=\"og:site_name\" content=\"Comercial de Hosteleria Anma\" \/>\n<meta property=\"article:publisher\" content=\"https:\/\/www.facebook.com\/AnmaHosteleria\" \/>\n<meta property=\"article:modified_time\" content=\"2019-10-09T08:43:45+00:00\" \/>\n<meta property=\"og:image\" content=\"https:\/\/i2.wp.com\/www.comercialanma.es\/wp-content\/uploads\/2019\/10\/Remelluri-reserva.jpg?fit=1200%2C1200&#038;ssl=1\" \/>\n\t<meta property=\"og:image:width\" content=\"1200\" \/>\n\t<meta property=\"og:image:height\" content=\"1200\" \/>\n<meta name=\"twitter:card\" content=\"summary_large_image\" \/>\n<script type=\"application\/ld+json\" class=\"yoast-schema-graph\">{\"@context\":\"https:\/\/schema.org\",\"@graph\":[{\"@type\":\"Organization\",\"@id\":\"https:\/\/www.comercialanma.es\/#organization\",\"name\":\"Comercial Anma\",\"url\":\"https:\/\/www.comercialanma.es\/\",\"sameAs\":[\"https:\/\/www.facebook.com\/AnmaHosteleria\",\"https:\/\/www.instagram.com\/anmahosteleria\/?hl=es\",\"https:\/\/www.youtube.com\/channel\/UCT2nmn08Ntks0hmpZPnDgCA\"],\"logo\":{\"@type\":\"ImageObject\",\"@id\":\"https:\/\/www.comercialanma.es\/#logo\",\"inLanguage\":\"es\",\"url\":\"https:\/\/i2.wp.com\/www.comercialanma.es\/wp-content\/uploads\/2019\/06\/logo-anma-color.png?fit=247%2C101&ssl=1\",\"width\":247,\"height\":101,\"caption\":\"Comercial Anma\"},\"image\":{\"@id\":\"https:\/\/www.comercialanma.es\/#logo\"}},{\"@type\":\"WebSite\",\"@id\":\"https:\/\/www.comercialanma.es\/#website\",\"url\":\"https:\/\/www.comercialanma.es\/\",\"name\":\"Comercial de Hosteleria Anma\",\"description\":\"\",\"publisher\":{\"@id\":\"https:\/\/www.comercialanma.es\/#organization\"},\"potentialAction\":[{\"@type\":\"SearchAction\",\"target\":\"https:\/\/www.comercialanma.es\/?s={search_term_string}\",\"query-input\":\"required name=search_term_string\"}],\"inLanguage\":\"es\"},{\"@type\":\"ImageObject\",\"@id\":\"https:\/\/www.comercialanma.es\/?product=vino-remelluri-reserva-75cl#primaryimage\",\"inLanguage\":\"es\",\"url\":\"https:\/\/i2.wp.com\/www.comercialanma.es\/wp-content\/uploads\/2019\/10\/Remelluri-reserva.jpg?fit=1200%2C1200&ssl=1\",\"width\":1200,\"height\":1200},{\"@type\":\"WebPage\",\"@id\":\"https:\/\/www.comercialanma.es\/?product=vino-remelluri-reserva-75cl#webpage\",\"url\":\"https:\/\/www.comercialanma.es\/?product=vino-remelluri-reserva-75cl\",\"name\":\"Vino Remelluri Reserva 75cl. - Comercial de Hosteleria Anma\",\"isPartOf\":{\"@id\":\"https:\/\/www.comercialanma.es\/#website\"},\"primaryImageOfPage\":{\"@id\":\"https:\/\/www.comercialanma.es\/?product=vino-remelluri-reserva-75cl#primaryimage\"},\"datePublished\":\"2019-10-09T08:31:32+00:00\",\"dateModified\":\"2019-10-09T08:43:45+00:00\",\"breadcrumb\":{\"@id\":\"https:\/\/www.comercialanma.es\/?product=vino-remelluri-reserva-75cl#breadcrumb\"},\"inLanguage\":\"es\",\"potentialAction\":[{\"@type\":\"ReadAction\",\"target\":[\"https:\/\/www.comercialanma.es\/?product=vino-remelluri-reserva-75cl\"]}]},{\"@type\":\"BreadcrumbList\",\"@id\":\"https:\/\/www.comercialanma.es\/?product=vino-remelluri-reserva-75cl#breadcrumb\",\"itemListElement\":[{\"@type\":\"ListItem\",\"position\":1,\"item\":{\"@type\":\"WebPage\",\"@id\":\"https:\/\/www.comercialanma.es\/\",\"url\":\"https:\/\/www.comercialanma.es\/\",\"name\":\"Portada\"}},{\"@type\":\"ListItem\",\"position\":2,\"item\":{\"@type\":\"WebPage\",\"@id\":\"https:\/\/www.comercialanma.es\/?page_id=3963\",\"url\":\"https:\/\/www.comercialanma.es\/?page_id=3963\",\"name\":\"Cat\\u00e1logo de Productos\"}},{\"@type\":\"ListItem\",\"position\":3,\"item\":{\"@type\":\"WebPage\",\"@id\":\"https:\/\/www.comercialanma.es\/?product=vino-remelluri-reserva-75cl\",\"url\":\"https:\/\/www.comercialanma.es\/?product=vino-remelluri-reserva-75cl\",\"name\":\"Vino Remelluri Reserva 75cl.\"}}]}]}<\/script>\n<!-- \/ Yoast SEO plugin. -->","_links":{"self":[{"href":"https:\/\/www.comercialanma.es\/index.php?rest_route=\/wp\/v2\/product\/10947"}],"collection":[{"href":"https:\/\/www.comercialanma.es\/index.php?rest_route=\/wp\/v2\/product"}],"about":[{"href":"https:\/\/www.comercialanma.es\/index.php?rest_route=\/wp\/v2\/types\/product"}],"version-history":[{"count":1,"href":"https:\/\/www.comercialanma.es\/index.php?rest_route=\/wp\/v2\/product\/10947\/revisions"}],"predecessor-version":[{"id":10949,"href":"https:\/\/www.comercialanma.es\/index.php?rest_route=\/wp\/v2\/product\/10947\/revisions\/10949"}],"wp:featuredmedia":[{"embeddable":true,"href":"https:\/\/www.comercialanma.es\/index.php?rest_route=\/wp\/v2\/media\/10948"}],"wp:attachment":[{"href":"https:\/\/www.comercialanma.es\/index.php?rest_route=%2Fwp%2Fv2%2Fmedia&parent=10947"}],"curies":[{"name":"wp","href":"https:\/\/api.w.org\/{rel}","templated":true}]}}