
{"id":10985,"date":"2019-10-09T12:50:04","date_gmt":"2019-10-09T10:50:04","guid":{"rendered":"http:\/\/www.comercialanma.es\/?post_type=product&#038;p=10985"},"modified":"2019-10-09T12:53:29","modified_gmt":"2019-10-09T10:53:29","slug":"ramon-bilbao-crianza-magnum-15l","status":"publish","type":"product","link":"https:\/\/www.comercialanma.es\/?product=ramon-bilbao-crianza-magnum-15l","title":{"rendered":"Vino Ram\u00f3n Bilbao Crianza Magnum 1,5L."},"content":{"rendered":"<div>\n<div>\n<div>\n<div>\n<h3>VENDIMIA Y SELECCI\u00d3N DE RACIMOS<\/h3>\n<p>Vendimia madrugadora tras un invierno fr\u00edo y lluvioso, una primavera fresca y un verano caluroso. Las precipitaciones de septiembre y octubre ayudaron al \u00f3ptimo desarrollo fisiol\u00f3gico y fen\u00f3lico de los racimos.<\/p>\n<\/div>\n<\/div>\n<\/div>\n<\/div>\n<div>\n<div>\n<div>\n<div>\n<h3>ELABORACI\u00d3N Y FERMENTACI\u00d3N<\/h3>\n<p>Tras la separaci\u00f3n de uvas por pagos, la temperatura se controla hasta los 28-29\u00ba. Descubes son r\u00e1pidos, cuando se aprecia que la extracci\u00f3n de color llega a los niveles \u00f3ptimos. Crianza en barricas de roble americano.<\/p>\n<\/div>\n<\/div>\n<\/div>\n<\/div>\n<div>\n<div>\n<div>\n<div>\n<h3>NOTAS DE CATA<\/h3>\n<p>Rojo granate, de capa media, limpio, brillante y densidad de l\u00e1grimas. Intensidad media, con aromas de fruta negra fresca como la mora y la zarzamora, regaliz y notas dulces de nuez moscada, canela, vainilla y boller\u00eda. En paladar es intenso, de acidez y cuerpo medio, con tanino integrado. En retronasal percibimos fruta negra y aromas amaderados.<\/p>\n<\/div>\n<\/div>\n<\/div>\n<\/div>\n<div>\n<div>\n<h3>MARIDAJE<\/h3>\n<p>Este 100 % Tempranillo acompa\u00f1a de forma especial a los platos de embutidos y quesos suaves, carnes blancas como el pollo, los guisos con conejo y los pescados azules. Servir entre los 16\u00baC y 18\u00baC.<\/p>\n<\/div>\n<\/div>\n","protected":false},"excerpt":{"rendered":"<div>\n<ul>\n<li>Vino tinto Crianza. 14 meses en barrica de roble americano.<\/li>\n<li>Variedad: Tempranillo<\/li>\n<li>Denominaci\u00f3n: D.O.Ca. Rioja<\/li>\n<li>Zona de elaboraci\u00f3n:<\/li>\n<li>La RiojaBodega: Ram\u00f3n Bilbao<\/li>\n<li>Capacidad: 1,5L.<\/li>\n<li>Alcohol: 13.5%<\/li>\n<\/ul>\n<\/div>\n<p><span lang=\"es\"><span title=\"\">Si eres un verdadero experto en Vino, en Comercial de Hosteler\u00eda Anma encontrar\u00e1s una gran variedad. Te ayudaremos a tomar la mejor decisi\u00f3n posible.<\/span><\/span><\/p>\n","protected":false},"featured_media":10986,"template":"","meta":{"spay_email":""},"yoast_head":"<!-- This site is optimized with the Yoast SEO plugin v15.9 - https:\/\/yoast.com\/wordpress\/plugins\/seo\/ -->\n<title>Vino Ram\u00f3n Bilbao Crianza Magnum 1,5L. - Comercial de Hosteleria Anma<\/title>\n<meta name=\"robots\" content=\"index, follow, max-snippet:-1, max-image-preview:large, max-video-preview:-1\" \/>\n<link rel=\"canonical\" href=\"https:\/\/www.comercialanma.es\/?product=ramon-bilbao-crianza-magnum-15l\" \/>\n<meta property=\"og:locale\" content=\"es_ES\" \/>\n<meta property=\"og:type\" content=\"article\" \/>\n<meta property=\"og:title\" content=\"Vino Ram\u00f3n Bilbao Crianza Magnum 1,5L. - Comercial de Hosteleria Anma\" \/>\n<meta property=\"og:description\" content=\"Vino tinto Crianza. 14 meses en barrica de roble americano.  Variedad: Tempranillo  Denominaci\u00f3n: D.O.Ca. Rioja  Zona de elaboraci\u00f3n:  La RiojaBodega: Ram\u00f3n Bilbao  Capacidad: 1,5L.  Alcohol: 13.5%   Si eres un verdadero experto en Vino, en Comercial de Hosteler\u00eda Anma encontrar\u00e1s una gran variedad. Te ayudaremos a tomar la mejor decisi\u00f3n posible.\" \/>\n<meta property=\"og:url\" content=\"https:\/\/www.comercialanma.es\/?product=ramon-bilbao-crianza-magnum-15l\" \/>\n<meta property=\"og:site_name\" content=\"Comercial de Hosteleria Anma\" \/>\n<meta property=\"article:publisher\" content=\"https:\/\/www.facebook.com\/AnmaHosteleria\" \/>\n<meta property=\"article:modified_time\" content=\"2019-10-09T10:53:29+00:00\" \/>\n<meta property=\"og:image\" content=\"https:\/\/i0.wp.com\/www.comercialanma.es\/wp-content\/uploads\/2019\/10\/Ramon-Bilbao-crianza-magnum.jpg?fit=1200%2C1200&#038;ssl=1\" \/>\n\t<meta property=\"og:image:width\" content=\"1200\" \/>\n\t<meta property=\"og:image:height\" content=\"1200\" \/>\n<meta name=\"twitter:card\" content=\"summary_large_image\" \/>\n<meta name=\"twitter:label1\" content=\"Tiempo de lectura\">\n\t<meta name=\"twitter:data1\" content=\"1 minuto\">\n<script type=\"application\/ld+json\" class=\"yoast-schema-graph\">{\"@context\":\"https:\/\/schema.org\",\"@graph\":[{\"@type\":\"Organization\",\"@id\":\"https:\/\/www.comercialanma.es\/#organization\",\"name\":\"Comercial Anma\",\"url\":\"https:\/\/www.comercialanma.es\/\",\"sameAs\":[\"https:\/\/www.facebook.com\/AnmaHosteleria\",\"https:\/\/www.instagram.com\/anmahosteleria\/?hl=es\",\"https:\/\/www.youtube.com\/channel\/UCT2nmn08Ntks0hmpZPnDgCA\"],\"logo\":{\"@type\":\"ImageObject\",\"@id\":\"https:\/\/www.comercialanma.es\/#logo\",\"inLanguage\":\"es\",\"url\":\"https:\/\/i2.wp.com\/www.comercialanma.es\/wp-content\/uploads\/2019\/06\/logo-anma-color.png?fit=247%2C101&ssl=1\",\"width\":247,\"height\":101,\"caption\":\"Comercial Anma\"},\"image\":{\"@id\":\"https:\/\/www.comercialanma.es\/#logo\"}},{\"@type\":\"WebSite\",\"@id\":\"https:\/\/www.comercialanma.es\/#website\",\"url\":\"https:\/\/www.comercialanma.es\/\",\"name\":\"Comercial de Hosteleria Anma\",\"description\":\"\",\"publisher\":{\"@id\":\"https:\/\/www.comercialanma.es\/#organization\"},\"potentialAction\":[{\"@type\":\"SearchAction\",\"target\":\"https:\/\/www.comercialanma.es\/?s={search_term_string}\",\"query-input\":\"required name=search_term_string\"}],\"inLanguage\":\"es\"},{\"@type\":\"ImageObject\",\"@id\":\"https:\/\/www.comercialanma.es\/?product=ramon-bilbao-crianza-magnum-15l#primaryimage\",\"inLanguage\":\"es\",\"url\":\"https:\/\/i0.wp.com\/www.comercialanma.es\/wp-content\/uploads\/2019\/10\/Ramon-Bilbao-crianza-magnum.jpg?fit=1200%2C1200&ssl=1\",\"width\":1200,\"height\":1200},{\"@type\":\"WebPage\",\"@id\":\"https:\/\/www.comercialanma.es\/?product=ramon-bilbao-crianza-magnum-15l#webpage\",\"url\":\"https:\/\/www.comercialanma.es\/?product=ramon-bilbao-crianza-magnum-15l\",\"name\":\"Vino Ram\\u00f3n Bilbao Crianza Magnum 1,5L. - Comercial de Hosteleria Anma\",\"isPartOf\":{\"@id\":\"https:\/\/www.comercialanma.es\/#website\"},\"primaryImageOfPage\":{\"@id\":\"https:\/\/www.comercialanma.es\/?product=ramon-bilbao-crianza-magnum-15l#primaryimage\"},\"datePublished\":\"2019-10-09T10:50:04+00:00\",\"dateModified\":\"2019-10-09T10:53:29+00:00\",\"breadcrumb\":{\"@id\":\"https:\/\/www.comercialanma.es\/?product=ramon-bilbao-crianza-magnum-15l#breadcrumb\"},\"inLanguage\":\"es\",\"potentialAction\":[{\"@type\":\"ReadAction\",\"target\":[\"https:\/\/www.comercialanma.es\/?product=ramon-bilbao-crianza-magnum-15l\"]}]},{\"@type\":\"BreadcrumbList\",\"@id\":\"https:\/\/www.comercialanma.es\/?product=ramon-bilbao-crianza-magnum-15l#breadcrumb\",\"itemListElement\":[{\"@type\":\"ListItem\",\"position\":1,\"item\":{\"@type\":\"WebPage\",\"@id\":\"https:\/\/www.comercialanma.es\/\",\"url\":\"https:\/\/www.comercialanma.es\/\",\"name\":\"Portada\"}},{\"@type\":\"ListItem\",\"position\":2,\"item\":{\"@type\":\"WebPage\",\"@id\":\"https:\/\/www.comercialanma.es\/?page_id=3963\",\"url\":\"https:\/\/www.comercialanma.es\/?page_id=3963\",\"name\":\"Cat\\u00e1logo de Productos\"}},{\"@type\":\"ListItem\",\"position\":3,\"item\":{\"@type\":\"WebPage\",\"@id\":\"https:\/\/www.comercialanma.es\/?product=ramon-bilbao-crianza-magnum-15l\",\"url\":\"https:\/\/www.comercialanma.es\/?product=ramon-bilbao-crianza-magnum-15l\",\"name\":\"Vino Ram\\u00f3n Bilbao Crianza Magnum 1,5L.\"}}]}]}<\/script>\n<!-- \/ Yoast SEO plugin. -->","_links":{"self":[{"href":"https:\/\/www.comercialanma.es\/index.php?rest_route=\/wp\/v2\/product\/10985"}],"collection":[{"href":"https:\/\/www.comercialanma.es\/index.php?rest_route=\/wp\/v2\/product"}],"about":[{"href":"https:\/\/www.comercialanma.es\/index.php?rest_route=\/wp\/v2\/types\/product"}],"version-history":[{"count":2,"href":"https:\/\/www.comercialanma.es\/index.php?rest_route=\/wp\/v2\/product\/10985\/revisions"}],"predecessor-version":[{"id":10989,"href":"https:\/\/www.comercialanma.es\/index.php?rest_route=\/wp\/v2\/product\/10985\/revisions\/10989"}],"wp:featuredmedia":[{"embeddable":true,"href":"https:\/\/www.comercialanma.es\/index.php?rest_route=\/wp\/v2\/media\/10986"}],"wp:attachment":[{"href":"https:\/\/www.comercialanma.es\/index.php?rest_route=%2Fwp%2Fv2%2Fmedia&parent=10985"}],"curies":[{"name":"wp","href":"https:\/\/api.w.org\/{rel}","templated":true}]}}