
{"id":10993,"date":"2019-10-09T15:02:12","date_gmt":"2019-10-09T13:02:12","guid":{"rendered":"http:\/\/www.comercialanma.es\/?post_type=product&#038;p=10993"},"modified":"2022-12-19T12:22:14","modified_gmt":"2022-12-19T11:22:14","slug":"vino-ramon-bilbao-edicion-limitada-magnum-15l","status":"publish","type":"product","link":"https:\/\/www.comercialanma.es\/?product=vino-ramon-bilbao-edicion-limitada-magnum-15l","title":{"rendered":"Vino Ram\u00f3n Bilbao Edici\u00f3n Limitada Magnum 1,5L."},"content":{"rendered":"<h3>D.O.C:<\/h3>\n<ul>\n<li>Rioja.<\/li>\n<\/ul>\n<h3>Variedades de uva:<\/h3>\n<ul>\n<li>Tempranillo<span lang=\"es\"><span title=\"\">.<\/span><\/span><\/li>\n<\/ul>\n<h3>Graduaci\u00f3n:<\/h3>\n<ul>\n<li>Graduaci\u00f3n: 14,0% vol.<\/li>\n<\/ul>\n<h3>Nota de cata:<\/h3>\n<ul>\n<li>Vino rojo rub\u00ed, de alta intensidad, limpio, brillante y con presencia de l\u00e1grima.<\/li>\n<li>Notas de uva negra madura y crianza en barricas nobles, con aromas de pimienta negra, clavo y chocolate.<\/li>\n<li>En boca es largo, con peso y presencia del terroir. Compleja retronasal con recuerdos frutales. Vino en evoluci\u00f3n con potencial de longevidad.<\/li>\n<\/ul>\n","protected":false},"excerpt":{"rendered":"<p>Tras la maceraci\u00f3n prefermentativa, la fermentaci\u00f3n se lleva a cabo en tinas de roble franc\u00e9s a 26\u00baC de temperatura. Maceraci\u00f3n posfermentativa durante 7 d\u00edas y crianza en barricas de roble franc\u00e9s. El envejecimiento se completa en nuestro botellero subterr\u00e1neo.<\/p>\n","protected":false},"featured_media":21970,"template":"","meta":{"spay_email":""},"yoast_head":"<!-- This site is optimized with the Yoast SEO plugin v15.9 - https:\/\/yoast.com\/wordpress\/plugins\/seo\/ -->\n<title>Vino Ram\u00f3n Bilbao Edici\u00f3n Limitada Magnum 1,5L. - Comercial de Hosteleria Anma<\/title>\n<meta name=\"robots\" content=\"index, follow, max-snippet:-1, max-image-preview:large, max-video-preview:-1\" \/>\n<link rel=\"canonical\" href=\"https:\/\/www.comercialanma.es\/?product=vino-ramon-bilbao-edicion-limitada-magnum-15l\" \/>\n<meta property=\"og:locale\" content=\"es_ES\" \/>\n<meta property=\"og:type\" content=\"article\" \/>\n<meta property=\"og:title\" content=\"Vino Ram\u00f3n Bilbao Edici\u00f3n Limitada Magnum 1,5L. - Comercial de Hosteleria Anma\" \/>\n<meta property=\"og:description\" content=\"Tras la maceraci\u00f3n prefermentativa, la fermentaci\u00f3n se lleva a cabo en tinas de roble franc\u00e9s a 26\u00baC de temperatura. Maceraci\u00f3n posfermentativa durante 7 d\u00edas y crianza en barricas de roble franc\u00e9s. El envejecimiento se completa en nuestro botellero subterr\u00e1neo.\" \/>\n<meta property=\"og:url\" content=\"https:\/\/www.comercialanma.es\/?product=vino-ramon-bilbao-edicion-limitada-magnum-15l\" \/>\n<meta property=\"og:site_name\" content=\"Comercial de Hosteleria Anma\" \/>\n<meta property=\"article:publisher\" content=\"https:\/\/www.facebook.com\/AnmaHosteleria\" \/>\n<meta property=\"article:modified_time\" content=\"2022-12-19T11:22:14+00:00\" \/>\n<meta property=\"og:image\" content=\"https:\/\/i2.wp.com\/www.comercialanma.es\/wp-content\/uploads\/2019\/10\/BILBAO-EDICION-LIMITADA.jpg?fit=1080%2C1080&#038;ssl=1\" \/>\n\t<meta property=\"og:image:width\" content=\"1080\" \/>\n\t<meta property=\"og:image:height\" content=\"1080\" \/>\n<meta name=\"twitter:card\" content=\"summary_large_image\" \/>\n<script type=\"application\/ld+json\" class=\"yoast-schema-graph\">{\"@context\":\"https:\/\/schema.org\",\"@graph\":[{\"@type\":\"Organization\",\"@id\":\"https:\/\/www.comercialanma.es\/#organization\",\"name\":\"Comercial Anma\",\"url\":\"https:\/\/www.comercialanma.es\/\",\"sameAs\":[\"https:\/\/www.facebook.com\/AnmaHosteleria\",\"https:\/\/www.instagram.com\/anmahosteleria\/?hl=es\",\"https:\/\/www.youtube.com\/channel\/UCT2nmn08Ntks0hmpZPnDgCA\"],\"logo\":{\"@type\":\"ImageObject\",\"@id\":\"https:\/\/www.comercialanma.es\/#logo\",\"inLanguage\":\"es\",\"url\":\"https:\/\/i2.wp.com\/www.comercialanma.es\/wp-content\/uploads\/2019\/06\/logo-anma-color.png?fit=247%2C101&ssl=1\",\"width\":247,\"height\":101,\"caption\":\"Comercial Anma\"},\"image\":{\"@id\":\"https:\/\/www.comercialanma.es\/#logo\"}},{\"@type\":\"WebSite\",\"@id\":\"https:\/\/www.comercialanma.es\/#website\",\"url\":\"https:\/\/www.comercialanma.es\/\",\"name\":\"Comercial de Hosteleria Anma\",\"description\":\"\",\"publisher\":{\"@id\":\"https:\/\/www.comercialanma.es\/#organization\"},\"potentialAction\":[{\"@type\":\"SearchAction\",\"target\":\"https:\/\/www.comercialanma.es\/?s={search_term_string}\",\"query-input\":\"required name=search_term_string\"}],\"inLanguage\":\"es\"},{\"@type\":\"ImageObject\",\"@id\":\"https:\/\/www.comercialanma.es\/?product=vino-ramon-bilbao-edicion-limitada-magnum-15l#primaryimage\",\"inLanguage\":\"es\",\"url\":\"https:\/\/i2.wp.com\/www.comercialanma.es\/wp-content\/uploads\/2019\/10\/BILBAO-EDICION-LIMITADA.jpg?fit=1080%2C1080&ssl=1\",\"width\":1080,\"height\":1080},{\"@type\":\"WebPage\",\"@id\":\"https:\/\/www.comercialanma.es\/?product=vino-ramon-bilbao-edicion-limitada-magnum-15l#webpage\",\"url\":\"https:\/\/www.comercialanma.es\/?product=vino-ramon-bilbao-edicion-limitada-magnum-15l\",\"name\":\"Vino Ram\\u00f3n Bilbao Edici\\u00f3n Limitada Magnum 1,5L. - Comercial de Hosteleria Anma\",\"isPartOf\":{\"@id\":\"https:\/\/www.comercialanma.es\/#website\"},\"primaryImageOfPage\":{\"@id\":\"https:\/\/www.comercialanma.es\/?product=vino-ramon-bilbao-edicion-limitada-magnum-15l#primaryimage\"},\"datePublished\":\"2019-10-09T13:02:12+00:00\",\"dateModified\":\"2022-12-19T11:22:14+00:00\",\"breadcrumb\":{\"@id\":\"https:\/\/www.comercialanma.es\/?product=vino-ramon-bilbao-edicion-limitada-magnum-15l#breadcrumb\"},\"inLanguage\":\"es\",\"potentialAction\":[{\"@type\":\"ReadAction\",\"target\":[\"https:\/\/www.comercialanma.es\/?product=vino-ramon-bilbao-edicion-limitada-magnum-15l\"]}]},{\"@type\":\"BreadcrumbList\",\"@id\":\"https:\/\/www.comercialanma.es\/?product=vino-ramon-bilbao-edicion-limitada-magnum-15l#breadcrumb\",\"itemListElement\":[{\"@type\":\"ListItem\",\"position\":1,\"item\":{\"@type\":\"WebPage\",\"@id\":\"https:\/\/www.comercialanma.es\/\",\"url\":\"https:\/\/www.comercialanma.es\/\",\"name\":\"Portada\"}},{\"@type\":\"ListItem\",\"position\":2,\"item\":{\"@type\":\"WebPage\",\"@id\":\"https:\/\/www.comercialanma.es\/?page_id=3963\",\"url\":\"https:\/\/www.comercialanma.es\/?page_id=3963\",\"name\":\"Cat\\u00e1logo de Productos\"}},{\"@type\":\"ListItem\",\"position\":3,\"item\":{\"@type\":\"WebPage\",\"@id\":\"https:\/\/www.comercialanma.es\/?product=vino-ramon-bilbao-edicion-limitada-magnum-15l\",\"url\":\"https:\/\/www.comercialanma.es\/?product=vino-ramon-bilbao-edicion-limitada-magnum-15l\",\"name\":\"Vino Ram\\u00f3n Bilbao Edici\\u00f3n Limitada Magnum 1,5L.\"}}]}]}<\/script>\n<!-- \/ Yoast SEO plugin. -->","_links":{"self":[{"href":"https:\/\/www.comercialanma.es\/index.php?rest_route=\/wp\/v2\/product\/10993"}],"collection":[{"href":"https:\/\/www.comercialanma.es\/index.php?rest_route=\/wp\/v2\/product"}],"about":[{"href":"https:\/\/www.comercialanma.es\/index.php?rest_route=\/wp\/v2\/types\/product"}],"version-history":[{"count":1,"href":"https:\/\/www.comercialanma.es\/index.php?rest_route=\/wp\/v2\/product\/10993\/revisions"}],"predecessor-version":[{"id":10996,"href":"https:\/\/www.comercialanma.es\/index.php?rest_route=\/wp\/v2\/product\/10993\/revisions\/10996"}],"wp:featuredmedia":[{"embeddable":true,"href":"https:\/\/www.comercialanma.es\/index.php?rest_route=\/wp\/v2\/media\/21970"}],"wp:attachment":[{"href":"https:\/\/www.comercialanma.es\/index.php?rest_route=%2Fwp%2Fv2%2Fmedia&parent=10993"}],"curies":[{"name":"wp","href":"https:\/\/api.w.org\/{rel}","templated":true}]}}