
{"id":11054,"date":"2019-10-10T15:09:32","date_gmt":"2019-10-10T13:09:32","guid":{"rendered":"http:\/\/www.comercialanma.es\/?post_type=product&#038;p=11054"},"modified":"2025-10-01T11:38:48","modified_gmt":"2025-10-01T09:38:48","slug":"vino-lan-d-12-crianza-edicion-especial-magnum-15l","status":"publish","type":"product","link":"https:\/\/www.comercialanma.es\/?product=vino-lan-d-12-crianza-edicion-especial-magnum-15l","title":{"rendered":"Vino Lan D-12 Crianza Edici\u00f3n especial Magnum 1,5L."},"content":{"rendered":"<h3>D.O.:<\/h3>\n<ul>\n<li>Rioja<\/li>\n<\/ul>\n<h3>Variedades de uva:<\/h3>\n<ul>\n<li><span class=\"tlid-translation translation\" lang=\"es\"><span title=\"\">Tempranillo<\/span><\/span><\/li>\n<\/ul>\n<h3>Graduaci\u00f3n:<\/h3>\n<ul>\n<li>Graduaci\u00f3n: 13,5% vol.<\/li>\n<\/ul>\n<h3>Nota de cata:<\/h3>\n<div>\n<ul>\n<li>Vista: Color rojo intenso y brillante con tonalidades granates.<\/li>\n<li>Nariz: Se percibe fruta roja en licor muy intensa como zarzamora, fresa, cereza, envuelta en notas de regaliz, vainilla y cacao. De fondo se perciben ligeras notas bals\u00e1micas.<\/li>\n<li>Boca: En boca tiene muy bien equilibrio. La entrada es muy sedosa y su tacto aterciopelado envuelve toda la boca dejando un agradable posgusto.<\/li>\n<\/ul>\n<\/div>\n","protected":false},"excerpt":{"rendered":"<p><span lang=\"es\"><span title=\"\">Lan D-12\u00a0rinde homenaje a los empleados de LAN sacando a la luz el vino del dep\u00f3sito n\u00famero 12, el que m\u00e1s gusta al equipo. Responde a la tradici\u00f3n riojana de que los bodegueros guarden el mejor dep\u00f3sito\u00a0para consumo propio y de los viticultores. En LAN, las mejores elaboraciones se realizan hist\u00f3ricamente en el dep\u00f3sito n\u00b0 12, de ah\u00ed el nombre de este vino, uno de los m\u00e1s especiales.<\/span><\/span><\/p>\n<p><span class=\"descright\">\u00a0<\/span><\/p>\n","protected":false},"featured_media":24456,"template":"","meta":{"spay_email":""},"yoast_head":"<!-- This site is optimized with the Yoast SEO plugin v15.9 - https:\/\/yoast.com\/wordpress\/plugins\/seo\/ -->\n<title>Vino Lan D-12 Crianza Edici\u00f3n especial Magnum 1,5L. - Comercial de Hosteleria Anma<\/title>\n<meta name=\"robots\" content=\"index, follow, max-snippet:-1, max-image-preview:large, max-video-preview:-1\" \/>\n<link rel=\"canonical\" href=\"https:\/\/www.comercialanma.es\/?product=vino-lan-d-12-crianza-edicion-especial-magnum-15l\" \/>\n<meta property=\"og:locale\" content=\"es_ES\" \/>\n<meta property=\"og:type\" content=\"article\" \/>\n<meta property=\"og:title\" content=\"Vino Lan D-12 Crianza Edici\u00f3n especial Magnum 1,5L. - Comercial de Hosteleria Anma\" \/>\n<meta property=\"og:description\" content=\"Lan D-12\u00a0rinde homenaje a los empleados de LAN sacando a la luz el vino del dep\u00f3sito n\u00famero 12, el que m\u00e1s gusta al equipo. Responde a la tradici\u00f3n riojana de que los bodegueros guarden el mejor dep\u00f3sito\u00a0para consumo propio y de los viticultores. En LAN, las mejores elaboraciones se realizan hist\u00f3ricamente en el dep\u00f3sito n\u00b0 12, de ah\u00ed el nombre de este vino, uno de los m\u00e1s especiales.  \u00a0\" \/>\n<meta property=\"og:url\" content=\"https:\/\/www.comercialanma.es\/?product=vino-lan-d-12-crianza-edicion-especial-magnum-15l\" \/>\n<meta property=\"og:site_name\" content=\"Comercial de Hosteleria Anma\" \/>\n<meta property=\"article:publisher\" content=\"https:\/\/www.facebook.com\/AnmaHosteleria\" \/>\n<meta property=\"article:modified_time\" content=\"2025-10-01T09:38:48+00:00\" \/>\n<meta property=\"og:image\" content=\"https:\/\/i2.wp.com\/www.comercialanma.es\/wp-content\/uploads\/2019\/10\/lan-d-12-crianza-2025.jpg?fit=1080%2C1080&#038;ssl=1\" \/>\n\t<meta property=\"og:image:width\" content=\"1080\" \/>\n\t<meta property=\"og:image:height\" content=\"1080\" \/>\n<meta name=\"twitter:card\" content=\"summary_large_image\" \/>\n<script type=\"application\/ld+json\" class=\"yoast-schema-graph\">{\"@context\":\"https:\/\/schema.org\",\"@graph\":[{\"@type\":\"Organization\",\"@id\":\"https:\/\/www.comercialanma.es\/#organization\",\"name\":\"Comercial Anma\",\"url\":\"https:\/\/www.comercialanma.es\/\",\"sameAs\":[\"https:\/\/www.facebook.com\/AnmaHosteleria\",\"https:\/\/www.instagram.com\/anmahosteleria\/?hl=es\",\"https:\/\/www.youtube.com\/channel\/UCT2nmn08Ntks0hmpZPnDgCA\"],\"logo\":{\"@type\":\"ImageObject\",\"@id\":\"https:\/\/www.comercialanma.es\/#logo\",\"inLanguage\":\"es\",\"url\":\"https:\/\/i2.wp.com\/www.comercialanma.es\/wp-content\/uploads\/2019\/06\/logo-anma-color.png?fit=247%2C101&ssl=1\",\"width\":247,\"height\":101,\"caption\":\"Comercial Anma\"},\"image\":{\"@id\":\"https:\/\/www.comercialanma.es\/#logo\"}},{\"@type\":\"WebSite\",\"@id\":\"https:\/\/www.comercialanma.es\/#website\",\"url\":\"https:\/\/www.comercialanma.es\/\",\"name\":\"Comercial de Hosteleria Anma\",\"description\":\"\",\"publisher\":{\"@id\":\"https:\/\/www.comercialanma.es\/#organization\"},\"potentialAction\":[{\"@type\":\"SearchAction\",\"target\":\"https:\/\/www.comercialanma.es\/?s={search_term_string}\",\"query-input\":\"required name=search_term_string\"}],\"inLanguage\":\"es\"},{\"@type\":\"ImageObject\",\"@id\":\"https:\/\/www.comercialanma.es\/?product=vino-lan-d-12-crianza-edicion-especial-magnum-15l#primaryimage\",\"inLanguage\":\"es\",\"url\":\"https:\/\/i2.wp.com\/www.comercialanma.es\/wp-content\/uploads\/2019\/10\/lan-d-12-crianza-2025.jpg?fit=1080%2C1080&ssl=1\",\"width\":1080,\"height\":1080},{\"@type\":\"WebPage\",\"@id\":\"https:\/\/www.comercialanma.es\/?product=vino-lan-d-12-crianza-edicion-especial-magnum-15l#webpage\",\"url\":\"https:\/\/www.comercialanma.es\/?product=vino-lan-d-12-crianza-edicion-especial-magnum-15l\",\"name\":\"Vino Lan D-12 Crianza Edici\\u00f3n especial Magnum 1,5L. - Comercial de Hosteleria Anma\",\"isPartOf\":{\"@id\":\"https:\/\/www.comercialanma.es\/#website\"},\"primaryImageOfPage\":{\"@id\":\"https:\/\/www.comercialanma.es\/?product=vino-lan-d-12-crianza-edicion-especial-magnum-15l#primaryimage\"},\"datePublished\":\"2019-10-10T13:09:32+00:00\",\"dateModified\":\"2025-10-01T09:38:48+00:00\",\"breadcrumb\":{\"@id\":\"https:\/\/www.comercialanma.es\/?product=vino-lan-d-12-crianza-edicion-especial-magnum-15l#breadcrumb\"},\"inLanguage\":\"es\",\"potentialAction\":[{\"@type\":\"ReadAction\",\"target\":[\"https:\/\/www.comercialanma.es\/?product=vino-lan-d-12-crianza-edicion-especial-magnum-15l\"]}]},{\"@type\":\"BreadcrumbList\",\"@id\":\"https:\/\/www.comercialanma.es\/?product=vino-lan-d-12-crianza-edicion-especial-magnum-15l#breadcrumb\",\"itemListElement\":[{\"@type\":\"ListItem\",\"position\":1,\"item\":{\"@type\":\"WebPage\",\"@id\":\"https:\/\/www.comercialanma.es\/\",\"url\":\"https:\/\/www.comercialanma.es\/\",\"name\":\"Portada\"}},{\"@type\":\"ListItem\",\"position\":2,\"item\":{\"@type\":\"WebPage\",\"@id\":\"https:\/\/www.comercialanma.es\/?page_id=3963\",\"url\":\"https:\/\/www.comercialanma.es\/?page_id=3963\",\"name\":\"Cat\\u00e1logo de Productos\"}},{\"@type\":\"ListItem\",\"position\":3,\"item\":{\"@type\":\"WebPage\",\"@id\":\"https:\/\/www.comercialanma.es\/?product=vino-lan-d-12-crianza-edicion-especial-magnum-15l\",\"url\":\"https:\/\/www.comercialanma.es\/?product=vino-lan-d-12-crianza-edicion-especial-magnum-15l\",\"name\":\"Vino Lan D-12 Crianza Edici\\u00f3n especial Magnum 1,5L.\"}}]}]}<\/script>\n<!-- \/ Yoast SEO plugin. -->","_links":{"self":[{"href":"https:\/\/www.comercialanma.es\/index.php?rest_route=\/wp\/v2\/product\/11054"}],"collection":[{"href":"https:\/\/www.comercialanma.es\/index.php?rest_route=\/wp\/v2\/product"}],"about":[{"href":"https:\/\/www.comercialanma.es\/index.php?rest_route=\/wp\/v2\/types\/product"}],"version-history":[{"count":1,"href":"https:\/\/www.comercialanma.es\/index.php?rest_route=\/wp\/v2\/product\/11054\/revisions"}],"predecessor-version":[{"id":11055,"href":"https:\/\/www.comercialanma.es\/index.php?rest_route=\/wp\/v2\/product\/11054\/revisions\/11055"}],"wp:featuredmedia":[{"embeddable":true,"href":"https:\/\/www.comercialanma.es\/index.php?rest_route=\/wp\/v2\/media\/24456"}],"wp:attachment":[{"href":"https:\/\/www.comercialanma.es\/index.php?rest_route=%2Fwp%2Fv2%2Fmedia&parent=11054"}],"curies":[{"name":"wp","href":"https:\/\/api.w.org\/{rel}","templated":true}]}}