
{"id":11510,"date":"2019-10-24T09:24:26","date_gmt":"2019-10-24T07:24:26","guid":{"rendered":"http:\/\/www.comercialanma.es\/?post_type=product&#038;p=11510"},"modified":"2023-01-03T11:29:21","modified_gmt":"2023-01-03T10:29:21","slug":"vino-ramon-bilbao-reserva-75cl","status":"publish","type":"product","link":"https:\/\/www.comercialanma.es\/?product=vino-ramon-bilbao-reserva-75cl","title":{"rendered":"Vino Ram\u00f3n Bilbao Reserva 75cl."},"content":{"rendered":"<h3>D.O.:<\/h3>\n<ul>\n<li>Rioja<\/li>\n<\/ul>\n<h3>Variedades de uva:<\/h3>\n<ul>\n<li><span class=\"tlid-translation translation\" lang=\"es\"><span title=\"\">Tempranillo.<br \/>\n<\/span><\/span><\/li>\n<\/ul>\n<h3>Graduaci\u00f3n:<\/h3>\n<ul>\n<li>Graduaci\u00f3n: 13,5% vol.<\/li>\n<\/ul>\n<h3>Nota de cata:<\/h3>\n<ul>\n<li>Vista: Ram\u00f3n Bilbao Reserva tiene un color picota con ribete granate.<\/li>\n<li>Nariz: Intensos y arom\u00e1ticos recuerdos en nariz de fruta negra (ar\u00e1ndanos) junto a un agradable tostado de sus ricas maderas. Los toques especiados juegan con los minerales como el carb\u00f3n o tinta china, el chocolate amargo y el paloduz.<\/li>\n<li>Boca: Es sabroso y de paso elegante y envolvente con apuntes a grosellas, ascua de le\u00f1a, pimienta y hojas de tabaco e infusi\u00f3n.<\/li>\n<\/ul>\n","protected":false},"excerpt":{"rendered":"<div id=\"short_description_content\">\n<p>Ram\u00f3n Bilbao Reserva\u00a0 es un vino tinto de la\u00a0denominaci\u00f3n de origen\u00a0Rioja elaborado por la Bodegas Ram\u00f3n Bilbao. Procedente adem\u00e1s de una de las tres mejores cosechas de los \u00faltimos 30 a\u00f1os seg\u00fan el Consejo Regulador.<\/p>\n<p>Las Bodegas Ram\u00f3n Bibao son fundadas en 1924 por Ram\u00f3n Bilbao en Haro (La Rioja) y se han ido transmitiendo de generaci\u00f3n en generaci\u00f3n hasta 1999 que fueron adquiridas por Diego Zamora S.A.<\/p>\n<\/div>\n","protected":false},"featured_media":22000,"template":"","meta":{"spay_email":""},"yoast_head":"<!-- This site is optimized with the Yoast SEO plugin v15.9 - https:\/\/yoast.com\/wordpress\/plugins\/seo\/ -->\n<title>Vino Ram\u00f3n Bilbao Reserva 75cl. - Comercial de Hosteleria Anma<\/title>\n<meta name=\"robots\" content=\"index, follow, max-snippet:-1, max-image-preview:large, max-video-preview:-1\" \/>\n<link rel=\"canonical\" href=\"https:\/\/www.comercialanma.es\/?product=vino-ramon-bilbao-reserva-75cl\" \/>\n<meta property=\"og:locale\" content=\"es_ES\" \/>\n<meta property=\"og:type\" content=\"article\" \/>\n<meta property=\"og:title\" content=\"Vino Ram\u00f3n Bilbao Reserva 75cl. - Comercial de Hosteleria Anma\" \/>\n<meta property=\"og:description\" content=\"Ram\u00f3n Bilbao Reserva\u00a0 es un vino tinto de la\u00a0denominaci\u00f3n de origen\u00a0Rioja elaborado por la Bodegas Ram\u00f3n Bilbao. Procedente adem\u00e1s de una de las tres mejores cosechas de los \u00faltimos 30 a\u00f1os seg\u00fan el Consejo Regulador.  Las Bodegas Ram\u00f3n Bibao son fundadas en 1924 por Ram\u00f3n Bilbao en Haro (La Rioja) y se han ido transmitiendo de generaci\u00f3n en generaci\u00f3n hasta 1999 que fueron adquiridas por Diego Zamora S.A.\" \/>\n<meta property=\"og:url\" content=\"https:\/\/www.comercialanma.es\/?product=vino-ramon-bilbao-reserva-75cl\" \/>\n<meta property=\"og:site_name\" content=\"Comercial de Hosteleria Anma\" \/>\n<meta property=\"article:publisher\" content=\"https:\/\/www.facebook.com\/AnmaHosteleria\" \/>\n<meta property=\"article:modified_time\" content=\"2023-01-03T10:29:21+00:00\" \/>\n<meta property=\"og:image\" content=\"https:\/\/i1.wp.com\/www.comercialanma.es\/wp-content\/uploads\/2019\/10\/RAMON-BILBAO-RESERVA-2022.jpg?fit=1080%2C1080&#038;ssl=1\" \/>\n\t<meta property=\"og:image:width\" content=\"1080\" \/>\n\t<meta property=\"og:image:height\" content=\"1080\" \/>\n<meta name=\"twitter:card\" content=\"summary_large_image\" \/>\n<script type=\"application\/ld+json\" class=\"yoast-schema-graph\">{\"@context\":\"https:\/\/schema.org\",\"@graph\":[{\"@type\":\"Organization\",\"@id\":\"https:\/\/www.comercialanma.es\/#organization\",\"name\":\"Comercial Anma\",\"url\":\"https:\/\/www.comercialanma.es\/\",\"sameAs\":[\"https:\/\/www.facebook.com\/AnmaHosteleria\",\"https:\/\/www.instagram.com\/anmahosteleria\/?hl=es\",\"https:\/\/www.youtube.com\/channel\/UCT2nmn08Ntks0hmpZPnDgCA\"],\"logo\":{\"@type\":\"ImageObject\",\"@id\":\"https:\/\/www.comercialanma.es\/#logo\",\"inLanguage\":\"es\",\"url\":\"https:\/\/i2.wp.com\/www.comercialanma.es\/wp-content\/uploads\/2019\/06\/logo-anma-color.png?fit=247%2C101&ssl=1\",\"width\":247,\"height\":101,\"caption\":\"Comercial Anma\"},\"image\":{\"@id\":\"https:\/\/www.comercialanma.es\/#logo\"}},{\"@type\":\"WebSite\",\"@id\":\"https:\/\/www.comercialanma.es\/#website\",\"url\":\"https:\/\/www.comercialanma.es\/\",\"name\":\"Comercial de Hosteleria Anma\",\"description\":\"\",\"publisher\":{\"@id\":\"https:\/\/www.comercialanma.es\/#organization\"},\"potentialAction\":[{\"@type\":\"SearchAction\",\"target\":\"https:\/\/www.comercialanma.es\/?s={search_term_string}\",\"query-input\":\"required name=search_term_string\"}],\"inLanguage\":\"es\"},{\"@type\":\"ImageObject\",\"@id\":\"https:\/\/www.comercialanma.es\/?product=vino-ramon-bilbao-reserva-75cl#primaryimage\",\"inLanguage\":\"es\",\"url\":\"https:\/\/i1.wp.com\/www.comercialanma.es\/wp-content\/uploads\/2019\/10\/RAMON-BILBAO-RESERVA-2022.jpg?fit=1080%2C1080&ssl=1\",\"width\":1080,\"height\":1080},{\"@type\":\"WebPage\",\"@id\":\"https:\/\/www.comercialanma.es\/?product=vino-ramon-bilbao-reserva-75cl#webpage\",\"url\":\"https:\/\/www.comercialanma.es\/?product=vino-ramon-bilbao-reserva-75cl\",\"name\":\"Vino Ram\\u00f3n Bilbao Reserva 75cl. - Comercial de Hosteleria Anma\",\"isPartOf\":{\"@id\":\"https:\/\/www.comercialanma.es\/#website\"},\"primaryImageOfPage\":{\"@id\":\"https:\/\/www.comercialanma.es\/?product=vino-ramon-bilbao-reserva-75cl#primaryimage\"},\"datePublished\":\"2019-10-24T07:24:26+00:00\",\"dateModified\":\"2023-01-03T10:29:21+00:00\",\"breadcrumb\":{\"@id\":\"https:\/\/www.comercialanma.es\/?product=vino-ramon-bilbao-reserva-75cl#breadcrumb\"},\"inLanguage\":\"es\",\"potentialAction\":[{\"@type\":\"ReadAction\",\"target\":[\"https:\/\/www.comercialanma.es\/?product=vino-ramon-bilbao-reserva-75cl\"]}]},{\"@type\":\"BreadcrumbList\",\"@id\":\"https:\/\/www.comercialanma.es\/?product=vino-ramon-bilbao-reserva-75cl#breadcrumb\",\"itemListElement\":[{\"@type\":\"ListItem\",\"position\":1,\"item\":{\"@type\":\"WebPage\",\"@id\":\"https:\/\/www.comercialanma.es\/\",\"url\":\"https:\/\/www.comercialanma.es\/\",\"name\":\"Portada\"}},{\"@type\":\"ListItem\",\"position\":2,\"item\":{\"@type\":\"WebPage\",\"@id\":\"https:\/\/www.comercialanma.es\/?page_id=3963\",\"url\":\"https:\/\/www.comercialanma.es\/?page_id=3963\",\"name\":\"Cat\\u00e1logo de Productos\"}},{\"@type\":\"ListItem\",\"position\":3,\"item\":{\"@type\":\"WebPage\",\"@id\":\"https:\/\/www.comercialanma.es\/?product=vino-ramon-bilbao-reserva-75cl\",\"url\":\"https:\/\/www.comercialanma.es\/?product=vino-ramon-bilbao-reserva-75cl\",\"name\":\"Vino Ram\\u00f3n Bilbao Reserva 75cl.\"}}]}]}<\/script>\n<!-- \/ Yoast SEO plugin. -->","_links":{"self":[{"href":"https:\/\/www.comercialanma.es\/index.php?rest_route=\/wp\/v2\/product\/11510"}],"collection":[{"href":"https:\/\/www.comercialanma.es\/index.php?rest_route=\/wp\/v2\/product"}],"about":[{"href":"https:\/\/www.comercialanma.es\/index.php?rest_route=\/wp\/v2\/types\/product"}],"version-history":[{"count":1,"href":"https:\/\/www.comercialanma.es\/index.php?rest_route=\/wp\/v2\/product\/11510\/revisions"}],"predecessor-version":[{"id":11512,"href":"https:\/\/www.comercialanma.es\/index.php?rest_route=\/wp\/v2\/product\/11510\/revisions\/11512"}],"wp:featuredmedia":[{"embeddable":true,"href":"https:\/\/www.comercialanma.es\/index.php?rest_route=\/wp\/v2\/media\/22000"}],"wp:attachment":[{"href":"https:\/\/www.comercialanma.es\/index.php?rest_route=%2Fwp%2Fv2%2Fmedia&parent=11510"}],"curies":[{"name":"wp","href":"https:\/\/api.w.org\/{rel}","templated":true}]}}