
{"id":11521,"date":"2019-10-24T09:44:14","date_gmt":"2019-10-24T07:44:14","guid":{"rendered":"http:\/\/www.comercialanma.es\/?post_type=product&#038;p=11521"},"modified":"2022-03-29T12:06:20","modified_gmt":"2022-03-29T10:06:20","slug":"marques-de-riscal-reserva","status":"publish","type":"product","link":"https:\/\/www.comercialanma.es\/?product=marques-de-riscal-reserva","title":{"rendered":"Marqu\u00e9s de Riscal Reserva 75cl."},"content":{"rendered":"<h3>D.O.:<\/h3>\n<ul>\n<li>Rioja<\/li>\n<\/ul>\n<h3>Variedades de uva:<\/h3>\n<ul>\n<li><span class=\"tlid-translation translation\" lang=\"es\"><span title=\"\">Tempranillo, Graciano, Mazuelo.<br \/>\n<\/span><\/span><\/li>\n<\/ul>\n<h3>Graduaci\u00f3n:<\/h3>\n<ul>\n<li>Graduaci\u00f3n: 14,1% vol.<\/li>\n<\/ul>\n<h3>Nota de cata:<\/h3>\n<div>\n<ul>\n<li>Vista: Vino de color cereza muy cubierto, intenso y con apenas signos de evoluci\u00f3n.<\/li>\n<li>Nariz: En nariz es muy expresivo con notas de regaliz, canela y pimienta negra, donde la larga crianza en madera apenas se percibe, gracias a su gran complejidad y concentraci\u00f3n de fruta madura.<\/li>\n<li>Boca: En boca es fresco, con taninos pulidos muy agradables, con buena estructura pero f\u00e1cil de beber. El final de boca es largo y deja unos leves recuerdos bals\u00e1micos de gran calidad.<\/li>\n<\/ul>\n<\/div>\n","protected":false},"excerpt":{"rendered":"<div id=\"short_description_content\">Tinto elaborado mayoritariamente con Tempranillo y con un peque\u00f1o porcentaje de Graciano y Mazuelo que aportan frescura y viveza. Vino que se encuadra dentro de los c\u00e1nones del clasicismo riojano, fresco, fino, elegante y con un gran potencial de envejecimiento. Tiene un periodo m\u00ednimo de afinamiento en botella de un a\u00f1o antes de salir al mercado, lo que garantiza su estado \u00f3ptimo de consumo desde el momento de la compra.<\/div>\n","protected":false},"featured_media":21068,"template":"","meta":{"spay_email":""},"yoast_head":"<!-- This site is optimized with the Yoast SEO plugin v15.9 - https:\/\/yoast.com\/wordpress\/plugins\/seo\/ -->\n<title>Marqu\u00e9s de Riscal Reserva 75cl. - Comercial de Hosteleria Anma<\/title>\n<meta name=\"description\" content=\"Marqu\u00e9s de Riscal Reserva | 75cl. | D.O Rioja | 14,1% vol.| Fresco, fino, elegante y con un gran potencial de envejecimiento.\" \/>\n<meta name=\"robots\" content=\"index, follow, max-snippet:-1, max-image-preview:large, max-video-preview:-1\" \/>\n<link rel=\"canonical\" href=\"https:\/\/www.comercialanma.es\/?product=marques-de-riscal-reserva\" \/>\n<meta property=\"og:locale\" content=\"es_ES\" \/>\n<meta property=\"og:type\" content=\"article\" \/>\n<meta property=\"og:title\" content=\"Marqu\u00e9s de Riscal Reserva 75cl. - Comercial de Hosteleria Anma\" \/>\n<meta property=\"og:description\" content=\"Marqu\u00e9s de Riscal Reserva | 75cl. | D.O Rioja | 14,1% vol.| Fresco, fino, elegante y con un gran potencial de envejecimiento.\" \/>\n<meta property=\"og:url\" content=\"https:\/\/www.comercialanma.es\/?product=marques-de-riscal-reserva\" \/>\n<meta property=\"og:site_name\" content=\"Comercial de Hosteleria Anma\" \/>\n<meta property=\"article:publisher\" content=\"https:\/\/www.facebook.com\/AnmaHosteleria\" \/>\n<meta property=\"article:modified_time\" content=\"2022-03-29T10:06:20+00:00\" \/>\n<meta property=\"og:image\" content=\"https:\/\/i1.wp.com\/www.comercialanma.es\/wp-content\/uploads\/2019\/10\/Marques-de-riscal-reserva.jpg?fit=1080%2C1080&#038;ssl=1\" \/>\n\t<meta property=\"og:image:width\" content=\"1080\" \/>\n\t<meta property=\"og:image:height\" content=\"1080\" \/>\n<meta name=\"twitter:card\" content=\"summary_large_image\" \/>\n<meta name=\"twitter:label1\" content=\"Tiempo de lectura\">\n\t<meta name=\"twitter:data1\" content=\"1 minuto\">\n<script type=\"application\/ld+json\" class=\"yoast-schema-graph\">{\"@context\":\"https:\/\/schema.org\",\"@graph\":[{\"@type\":\"Organization\",\"@id\":\"https:\/\/www.comercialanma.es\/#organization\",\"name\":\"Comercial Anma\",\"url\":\"https:\/\/www.comercialanma.es\/\",\"sameAs\":[\"https:\/\/www.facebook.com\/AnmaHosteleria\",\"https:\/\/www.instagram.com\/anmahosteleria\/?hl=es\",\"https:\/\/www.youtube.com\/channel\/UCT2nmn08Ntks0hmpZPnDgCA\"],\"logo\":{\"@type\":\"ImageObject\",\"@id\":\"https:\/\/www.comercialanma.es\/#logo\",\"inLanguage\":\"es\",\"url\":\"https:\/\/i2.wp.com\/www.comercialanma.es\/wp-content\/uploads\/2019\/06\/logo-anma-color.png?fit=247%2C101&ssl=1\",\"width\":247,\"height\":101,\"caption\":\"Comercial Anma\"},\"image\":{\"@id\":\"https:\/\/www.comercialanma.es\/#logo\"}},{\"@type\":\"WebSite\",\"@id\":\"https:\/\/www.comercialanma.es\/#website\",\"url\":\"https:\/\/www.comercialanma.es\/\",\"name\":\"Comercial de Hosteleria Anma\",\"description\":\"\",\"publisher\":{\"@id\":\"https:\/\/www.comercialanma.es\/#organization\"},\"potentialAction\":[{\"@type\":\"SearchAction\",\"target\":\"https:\/\/www.comercialanma.es\/?s={search_term_string}\",\"query-input\":\"required name=search_term_string\"}],\"inLanguage\":\"es\"},{\"@type\":\"ImageObject\",\"@id\":\"https:\/\/www.comercialanma.es\/?product=marques-de-riscal-reserva#primaryimage\",\"inLanguage\":\"es\",\"url\":\"https:\/\/i1.wp.com\/www.comercialanma.es\/wp-content\/uploads\/2019\/10\/Marques-de-riscal-reserva.jpg?fit=1080%2C1080&ssl=1\",\"width\":1080,\"height\":1080},{\"@type\":\"WebPage\",\"@id\":\"https:\/\/www.comercialanma.es\/?product=marques-de-riscal-reserva#webpage\",\"url\":\"https:\/\/www.comercialanma.es\/?product=marques-de-riscal-reserva\",\"name\":\"Marqu\\u00e9s de Riscal Reserva 75cl. - Comercial de Hosteleria Anma\",\"isPartOf\":{\"@id\":\"https:\/\/www.comercialanma.es\/#website\"},\"primaryImageOfPage\":{\"@id\":\"https:\/\/www.comercialanma.es\/?product=marques-de-riscal-reserva#primaryimage\"},\"datePublished\":\"2019-10-24T07:44:14+00:00\",\"dateModified\":\"2022-03-29T10:06:20+00:00\",\"description\":\"Marqu\\u00e9s de Riscal Reserva | 75cl. | D.O Rioja | 14,1% vol.| Fresco, fino, elegante y con un gran potencial de envejecimiento.\",\"breadcrumb\":{\"@id\":\"https:\/\/www.comercialanma.es\/?product=marques-de-riscal-reserva#breadcrumb\"},\"inLanguage\":\"es\",\"potentialAction\":[{\"@type\":\"ReadAction\",\"target\":[\"https:\/\/www.comercialanma.es\/?product=marques-de-riscal-reserva\"]}]},{\"@type\":\"BreadcrumbList\",\"@id\":\"https:\/\/www.comercialanma.es\/?product=marques-de-riscal-reserva#breadcrumb\",\"itemListElement\":[{\"@type\":\"ListItem\",\"position\":1,\"item\":{\"@type\":\"WebPage\",\"@id\":\"https:\/\/www.comercialanma.es\/\",\"url\":\"https:\/\/www.comercialanma.es\/\",\"name\":\"Portada\"}},{\"@type\":\"ListItem\",\"position\":2,\"item\":{\"@type\":\"WebPage\",\"@id\":\"https:\/\/www.comercialanma.es\/?page_id=3963\",\"url\":\"https:\/\/www.comercialanma.es\/?page_id=3963\",\"name\":\"Cat\\u00e1logo de Productos\"}},{\"@type\":\"ListItem\",\"position\":3,\"item\":{\"@type\":\"WebPage\",\"@id\":\"https:\/\/www.comercialanma.es\/?product=marques-de-riscal-reserva\",\"url\":\"https:\/\/www.comercialanma.es\/?product=marques-de-riscal-reserva\",\"name\":\"Marqu\\u00e9s de Riscal Reserva 75cl.\"}}]}]}<\/script>\n<!-- \/ Yoast SEO plugin. -->","_links":{"self":[{"href":"https:\/\/www.comercialanma.es\/index.php?rest_route=\/wp\/v2\/product\/11521"}],"collection":[{"href":"https:\/\/www.comercialanma.es\/index.php?rest_route=\/wp\/v2\/product"}],"about":[{"href":"https:\/\/www.comercialanma.es\/index.php?rest_route=\/wp\/v2\/types\/product"}],"version-history":[{"count":5,"href":"https:\/\/www.comercialanma.es\/index.php?rest_route=\/wp\/v2\/product\/11521\/revisions"}],"predecessor-version":[{"id":21069,"href":"https:\/\/www.comercialanma.es\/index.php?rest_route=\/wp\/v2\/product\/11521\/revisions\/21069"}],"wp:featuredmedia":[{"embeddable":true,"href":"https:\/\/www.comercialanma.es\/index.php?rest_route=\/wp\/v2\/media\/21068"}],"wp:attachment":[{"href":"https:\/\/www.comercialanma.es\/index.php?rest_route=%2Fwp%2Fv2%2Fmedia&parent=11521"}],"curies":[{"name":"wp","href":"https:\/\/api.w.org\/{rel}","templated":true}]}}