
{"id":11566,"date":"2019-10-24T11:19:37","date_gmt":"2019-10-24T09:19:37","guid":{"rendered":"http:\/\/www.comercialanma.es\/?post_type=product&#038;p=11566"},"modified":"2019-10-24T11:25:18","modified_gmt":"2019-10-24T09:25:18","slug":"vino-marques-de-vargas-seleccion-privada-75cl","status":"publish","type":"product","link":"https:\/\/www.comercialanma.es\/?product=vino-marques-de-vargas-seleccion-privada-75cl","title":{"rendered":"Vino Marqu\u00e9s de Vargas Selecci\u00f3n Privada 75cl."},"content":{"rendered":"<h3>D.O.:<\/h3>\n<ul>\n<li>Rioja<\/li>\n<\/ul>\n<h3>Variedades de uva:<\/h3>\n<ul>\n<li><span class=\"tlid-translation translation\" lang=\"es\"><span title=\"\">Tempranillo, Garnacha, Mazuelo, Cabernet Sauvignon.<br \/>\n<\/span><\/span><\/li>\n<\/ul>\n<h3>Graduaci\u00f3n:<\/h3>\n<ul>\n<li>Graduaci\u00f3n: 14,0% vol.<\/li>\n<\/ul>\n<h3>Nota de cata:<\/h3>\n<div>\n<div>\n<ul>\n<li class=\"col-12 col-md-4 text-center\"><span class=\"value-atr\">Vino color intenso cereza picota madura.<\/span><\/li>\n<li class=\"col-12 col-md-4 text-center\"><span class=\"value-atr\">Aromas complejos debido a su crianza en roble, nariz elegante.<\/span><\/li>\n<li class=\"col-12 col-md-4 text-center\"><span class=\"value-atr\">En boca es c\u00e1lido y muestra un perfecto ensamblaje en acidez con los nobles taninos aportados por su crianza en roble.<\/span><\/li>\n<\/ul>\n<\/div>\n<\/div>\n<div class=\"field-items\"><\/div>\n","protected":false},"excerpt":{"rendered":"<p>El tinto de Rioja Marqu\u00e9s de Vargas Selecci\u00f3n Privada es uno de los vinos m\u00e1s exclusivos de Bodegas Marqu\u00e9s de Vargas. Desde sus or\u00edgenes, estas bodegas buscan elaborar grandes vinos de Rioja con su propio sello, cultivando las cepas con un modelo de viticultura ecol\u00f3gica que permita que las varietales se mantengan lo m\u00e1s puras posibles.<\/p>\n","protected":false},"featured_media":11567,"template":"","meta":{"spay_email":""},"yoast_head":"<!-- This site is optimized with the Yoast SEO plugin v15.9 - https:\/\/yoast.com\/wordpress\/plugins\/seo\/ -->\n<title>Vino Marqu\u00e9s de Vargas Selecci\u00f3n Privada 75cl. - Comercial de Hosteleria Anma<\/title>\n<meta name=\"robots\" content=\"index, follow, max-snippet:-1, max-image-preview:large, max-video-preview:-1\" \/>\n<link rel=\"canonical\" href=\"https:\/\/www.comercialanma.es\/?product=vino-marques-de-vargas-seleccion-privada-75cl\" \/>\n<meta property=\"og:locale\" content=\"es_ES\" \/>\n<meta property=\"og:type\" content=\"article\" \/>\n<meta property=\"og:title\" content=\"Vino Marqu\u00e9s de Vargas Selecci\u00f3n Privada 75cl. - Comercial de Hosteleria Anma\" \/>\n<meta property=\"og:description\" content=\"El tinto de Rioja Marqu\u00e9s de Vargas Selecci\u00f3n Privada es uno de los vinos m\u00e1s exclusivos de Bodegas Marqu\u00e9s de Vargas. Desde sus or\u00edgenes, estas bodegas buscan elaborar grandes vinos de Rioja con su propio sello, cultivando las cepas con un modelo de viticultura ecol\u00f3gica que permita que las varietales se mantengan lo m\u00e1s puras posibles.\" \/>\n<meta property=\"og:url\" content=\"https:\/\/www.comercialanma.es\/?product=vino-marques-de-vargas-seleccion-privada-75cl\" \/>\n<meta property=\"og:site_name\" content=\"Comercial de Hosteleria Anma\" \/>\n<meta property=\"article:publisher\" content=\"https:\/\/www.facebook.com\/AnmaHosteleria\" \/>\n<meta property=\"article:modified_time\" content=\"2019-10-24T09:25:18+00:00\" \/>\n<meta property=\"og:image\" content=\"https:\/\/i1.wp.com\/www.comercialanma.es\/wp-content\/uploads\/2019\/10\/Marques-de-Vargas-Seleccion-Privada.jpg?fit=1200%2C1200&#038;ssl=1\" \/>\n\t<meta property=\"og:image:width\" content=\"1200\" \/>\n\t<meta property=\"og:image:height\" content=\"1200\" \/>\n<meta name=\"twitter:card\" content=\"summary_large_image\" \/>\n<script type=\"application\/ld+json\" class=\"yoast-schema-graph\">{\"@context\":\"https:\/\/schema.org\",\"@graph\":[{\"@type\":\"Organization\",\"@id\":\"https:\/\/www.comercialanma.es\/#organization\",\"name\":\"Comercial Anma\",\"url\":\"https:\/\/www.comercialanma.es\/\",\"sameAs\":[\"https:\/\/www.facebook.com\/AnmaHosteleria\",\"https:\/\/www.instagram.com\/anmahosteleria\/?hl=es\",\"https:\/\/www.youtube.com\/channel\/UCT2nmn08Ntks0hmpZPnDgCA\"],\"logo\":{\"@type\":\"ImageObject\",\"@id\":\"https:\/\/www.comercialanma.es\/#logo\",\"inLanguage\":\"es\",\"url\":\"https:\/\/i2.wp.com\/www.comercialanma.es\/wp-content\/uploads\/2019\/06\/logo-anma-color.png?fit=247%2C101&ssl=1\",\"width\":247,\"height\":101,\"caption\":\"Comercial Anma\"},\"image\":{\"@id\":\"https:\/\/www.comercialanma.es\/#logo\"}},{\"@type\":\"WebSite\",\"@id\":\"https:\/\/www.comercialanma.es\/#website\",\"url\":\"https:\/\/www.comercialanma.es\/\",\"name\":\"Comercial de Hosteleria Anma\",\"description\":\"\",\"publisher\":{\"@id\":\"https:\/\/www.comercialanma.es\/#organization\"},\"potentialAction\":[{\"@type\":\"SearchAction\",\"target\":\"https:\/\/www.comercialanma.es\/?s={search_term_string}\",\"query-input\":\"required name=search_term_string\"}],\"inLanguage\":\"es\"},{\"@type\":\"ImageObject\",\"@id\":\"https:\/\/www.comercialanma.es\/?product=vino-marques-de-vargas-seleccion-privada-75cl#primaryimage\",\"inLanguage\":\"es\",\"url\":\"https:\/\/i1.wp.com\/www.comercialanma.es\/wp-content\/uploads\/2019\/10\/Marques-de-Vargas-Seleccion-Privada.jpg?fit=1200%2C1200&ssl=1\",\"width\":1200,\"height\":1200},{\"@type\":\"WebPage\",\"@id\":\"https:\/\/www.comercialanma.es\/?product=vino-marques-de-vargas-seleccion-privada-75cl#webpage\",\"url\":\"https:\/\/www.comercialanma.es\/?product=vino-marques-de-vargas-seleccion-privada-75cl\",\"name\":\"Vino Marqu\\u00e9s de Vargas Selecci\\u00f3n Privada 75cl. - Comercial de Hosteleria Anma\",\"isPartOf\":{\"@id\":\"https:\/\/www.comercialanma.es\/#website\"},\"primaryImageOfPage\":{\"@id\":\"https:\/\/www.comercialanma.es\/?product=vino-marques-de-vargas-seleccion-privada-75cl#primaryimage\"},\"datePublished\":\"2019-10-24T09:19:37+00:00\",\"dateModified\":\"2019-10-24T09:25:18+00:00\",\"breadcrumb\":{\"@id\":\"https:\/\/www.comercialanma.es\/?product=vino-marques-de-vargas-seleccion-privada-75cl#breadcrumb\"},\"inLanguage\":\"es\",\"potentialAction\":[{\"@type\":\"ReadAction\",\"target\":[\"https:\/\/www.comercialanma.es\/?product=vino-marques-de-vargas-seleccion-privada-75cl\"]}]},{\"@type\":\"BreadcrumbList\",\"@id\":\"https:\/\/www.comercialanma.es\/?product=vino-marques-de-vargas-seleccion-privada-75cl#breadcrumb\",\"itemListElement\":[{\"@type\":\"ListItem\",\"position\":1,\"item\":{\"@type\":\"WebPage\",\"@id\":\"https:\/\/www.comercialanma.es\/\",\"url\":\"https:\/\/www.comercialanma.es\/\",\"name\":\"Portada\"}},{\"@type\":\"ListItem\",\"position\":2,\"item\":{\"@type\":\"WebPage\",\"@id\":\"https:\/\/www.comercialanma.es\/?page_id=3963\",\"url\":\"https:\/\/www.comercialanma.es\/?page_id=3963\",\"name\":\"Cat\\u00e1logo de Productos\"}},{\"@type\":\"ListItem\",\"position\":3,\"item\":{\"@type\":\"WebPage\",\"@id\":\"https:\/\/www.comercialanma.es\/?product=vino-marques-de-vargas-seleccion-privada-75cl\",\"url\":\"https:\/\/www.comercialanma.es\/?product=vino-marques-de-vargas-seleccion-privada-75cl\",\"name\":\"Vino Marqu\\u00e9s de Vargas Selecci\\u00f3n Privada 75cl.\"}}]}]}<\/script>\n<!-- \/ Yoast SEO plugin. -->","_links":{"self":[{"href":"https:\/\/www.comercialanma.es\/index.php?rest_route=\/wp\/v2\/product\/11566"}],"collection":[{"href":"https:\/\/www.comercialanma.es\/index.php?rest_route=\/wp\/v2\/product"}],"about":[{"href":"https:\/\/www.comercialanma.es\/index.php?rest_route=\/wp\/v2\/types\/product"}],"version-history":[{"count":1,"href":"https:\/\/www.comercialanma.es\/index.php?rest_route=\/wp\/v2\/product\/11566\/revisions"}],"predecessor-version":[{"id":11568,"href":"https:\/\/www.comercialanma.es\/index.php?rest_route=\/wp\/v2\/product\/11566\/revisions\/11568"}],"wp:featuredmedia":[{"embeddable":true,"href":"https:\/\/www.comercialanma.es\/index.php?rest_route=\/wp\/v2\/media\/11567"}],"wp:attachment":[{"href":"https:\/\/www.comercialanma.es\/index.php?rest_route=%2Fwp%2Fv2%2Fmedia&parent=11566"}],"curies":[{"name":"wp","href":"https:\/\/api.w.org\/{rel}","templated":true}]}}