
{"id":11570,"date":"2019-10-24T11:26:23","date_gmt":"2019-10-24T09:26:23","guid":{"rendered":"http:\/\/www.comercialanma.es\/?post_type=product&#038;p=11570"},"modified":"2019-10-24T11:41:04","modified_gmt":"2019-10-24T09:41:04","slug":"vino-marques-de-vargas-hacienda-pradolagar-75cl","status":"publish","type":"product","link":"https:\/\/www.comercialanma.es\/?product=vino-marques-de-vargas-hacienda-pradolagar-75cl","title":{"rendered":"Vino Marqu\u00e9s de Vargas Hacienda Pradolagar 75cl."},"content":{"rendered":"<h3>D.O.:<\/h3>\n<ul>\n<li>Rioja<\/li>\n<\/ul>\n<h3>Variedades de uva:<\/h3>\n<ul>\n<li><span class=\"tlid-translation translation\" lang=\"es\"><span title=\"\">Tempranillo y Mazuelo, con un peque\u00f1o porcentaje de Maturana y Graciano.<br \/>\n<\/span><\/span><\/li>\n<\/ul>\n<h3>Graduaci\u00f3n:<\/h3>\n<ul>\n<li>Graduaci\u00f3n: 14,0% vol.<\/li>\n<\/ul>\n<h3>Nota de cata:<\/h3>\n<ul>\n<li>Vino de color muy intenso, cereza picota madura, conteniendo en su interior un intenso y complejo aroma debido su noble crianza en barrica nueva de roble franc\u00e9s.<\/li>\n<li>Aromas elegantes y boca c\u00e1lida y compleja, perfectamente ensamblado en taninos y acidez.<\/li>\n<li>Un vino para disfrutar ya de \u00e9l o guardar.<\/li>\n<\/ul>\n<div class=\"field-items\"><\/div>\n","protected":false},"excerpt":{"rendered":"<p>Este vino se elabora s\u00f3lo en las grandes a\u00f1adas, con las mejores uvas de nuestras viejas vi\u00f1as del pago \u201cHacienda Pradolagar\u201d que le da su nombre.<br \/>\nCriado en barricas nuevas de roble franc\u00e9s de los bosques de Tron\u00e7ais entre 17-19 meses, seguido de una larga crianza en botella. El resultado es un vino de guarda con gran volumen y longitud en boca, cuyas notas bals\u00e1micas y especiadas no dejan indiferente a nadie.<\/p>\n","protected":false},"featured_media":11571,"template":"","meta":{"spay_email":""},"yoast_head":"<!-- This site is optimized with the Yoast SEO plugin v15.9 - https:\/\/yoast.com\/wordpress\/plugins\/seo\/ -->\n<title>Vino Marqu\u00e9s de Vargas Hacienda Pradolagar 75cl. - Comercial de Hosteleria Anma<\/title>\n<meta name=\"robots\" content=\"index, follow, max-snippet:-1, max-image-preview:large, max-video-preview:-1\" \/>\n<link rel=\"canonical\" href=\"https:\/\/www.comercialanma.es\/?product=vino-marques-de-vargas-hacienda-pradolagar-75cl\" \/>\n<meta property=\"og:locale\" content=\"es_ES\" \/>\n<meta property=\"og:type\" content=\"article\" \/>\n<meta property=\"og:title\" content=\"Vino Marqu\u00e9s de Vargas Hacienda Pradolagar 75cl. - Comercial de Hosteleria Anma\" \/>\n<meta property=\"og:description\" content=\"Este vino se elabora s\u00f3lo en las grandes a\u00f1adas, con las mejores uvas de nuestras viejas vi\u00f1as del pago \u201cHacienda Pradolagar\u201d que le da su nombre. Criado en barricas nuevas de roble franc\u00e9s de los bosques de Tron\u00e7ais entre 17-19 meses, seguido de una larga crianza en botella. El resultado es un vino de guarda con gran volumen y longitud en boca, cuyas notas bals\u00e1micas y especiadas no dejan indiferente a nadie.\" \/>\n<meta property=\"og:url\" content=\"https:\/\/www.comercialanma.es\/?product=vino-marques-de-vargas-hacienda-pradolagar-75cl\" \/>\n<meta property=\"og:site_name\" content=\"Comercial de Hosteleria Anma\" \/>\n<meta property=\"article:publisher\" content=\"https:\/\/www.facebook.com\/AnmaHosteleria\" \/>\n<meta property=\"article:modified_time\" content=\"2019-10-24T09:41:04+00:00\" \/>\n<meta property=\"og:image\" content=\"https:\/\/i0.wp.com\/www.comercialanma.es\/wp-content\/uploads\/2019\/10\/Marques-de-Vargas-Hacienda-Pradolagar.jpg?fit=1200%2C1200&#038;ssl=1\" \/>\n\t<meta property=\"og:image:width\" content=\"1200\" \/>\n\t<meta property=\"og:image:height\" content=\"1200\" \/>\n<meta name=\"twitter:card\" content=\"summary_large_image\" \/>\n<script type=\"application\/ld+json\" class=\"yoast-schema-graph\">{\"@context\":\"https:\/\/schema.org\",\"@graph\":[{\"@type\":\"Organization\",\"@id\":\"https:\/\/www.comercialanma.es\/#organization\",\"name\":\"Comercial Anma\",\"url\":\"https:\/\/www.comercialanma.es\/\",\"sameAs\":[\"https:\/\/www.facebook.com\/AnmaHosteleria\",\"https:\/\/www.instagram.com\/anmahosteleria\/?hl=es\",\"https:\/\/www.youtube.com\/channel\/UCT2nmn08Ntks0hmpZPnDgCA\"],\"logo\":{\"@type\":\"ImageObject\",\"@id\":\"https:\/\/www.comercialanma.es\/#logo\",\"inLanguage\":\"es\",\"url\":\"https:\/\/i2.wp.com\/www.comercialanma.es\/wp-content\/uploads\/2019\/06\/logo-anma-color.png?fit=247%2C101&ssl=1\",\"width\":247,\"height\":101,\"caption\":\"Comercial Anma\"},\"image\":{\"@id\":\"https:\/\/www.comercialanma.es\/#logo\"}},{\"@type\":\"WebSite\",\"@id\":\"https:\/\/www.comercialanma.es\/#website\",\"url\":\"https:\/\/www.comercialanma.es\/\",\"name\":\"Comercial de Hosteleria Anma\",\"description\":\"\",\"publisher\":{\"@id\":\"https:\/\/www.comercialanma.es\/#organization\"},\"potentialAction\":[{\"@type\":\"SearchAction\",\"target\":\"https:\/\/www.comercialanma.es\/?s={search_term_string}\",\"query-input\":\"required name=search_term_string\"}],\"inLanguage\":\"es\"},{\"@type\":\"ImageObject\",\"@id\":\"https:\/\/www.comercialanma.es\/?product=vino-marques-de-vargas-hacienda-pradolagar-75cl#primaryimage\",\"inLanguage\":\"es\",\"url\":\"https:\/\/i0.wp.com\/www.comercialanma.es\/wp-content\/uploads\/2019\/10\/Marques-de-Vargas-Hacienda-Pradolagar.jpg?fit=1200%2C1200&ssl=1\",\"width\":1200,\"height\":1200},{\"@type\":\"WebPage\",\"@id\":\"https:\/\/www.comercialanma.es\/?product=vino-marques-de-vargas-hacienda-pradolagar-75cl#webpage\",\"url\":\"https:\/\/www.comercialanma.es\/?product=vino-marques-de-vargas-hacienda-pradolagar-75cl\",\"name\":\"Vino Marqu\\u00e9s de Vargas Hacienda Pradolagar 75cl. - Comercial de Hosteleria Anma\",\"isPartOf\":{\"@id\":\"https:\/\/www.comercialanma.es\/#website\"},\"primaryImageOfPage\":{\"@id\":\"https:\/\/www.comercialanma.es\/?product=vino-marques-de-vargas-hacienda-pradolagar-75cl#primaryimage\"},\"datePublished\":\"2019-10-24T09:26:23+00:00\",\"dateModified\":\"2019-10-24T09:41:04+00:00\",\"breadcrumb\":{\"@id\":\"https:\/\/www.comercialanma.es\/?product=vino-marques-de-vargas-hacienda-pradolagar-75cl#breadcrumb\"},\"inLanguage\":\"es\",\"potentialAction\":[{\"@type\":\"ReadAction\",\"target\":[\"https:\/\/www.comercialanma.es\/?product=vino-marques-de-vargas-hacienda-pradolagar-75cl\"]}]},{\"@type\":\"BreadcrumbList\",\"@id\":\"https:\/\/www.comercialanma.es\/?product=vino-marques-de-vargas-hacienda-pradolagar-75cl#breadcrumb\",\"itemListElement\":[{\"@type\":\"ListItem\",\"position\":1,\"item\":{\"@type\":\"WebPage\",\"@id\":\"https:\/\/www.comercialanma.es\/\",\"url\":\"https:\/\/www.comercialanma.es\/\",\"name\":\"Portada\"}},{\"@type\":\"ListItem\",\"position\":2,\"item\":{\"@type\":\"WebPage\",\"@id\":\"https:\/\/www.comercialanma.es\/?page_id=3963\",\"url\":\"https:\/\/www.comercialanma.es\/?page_id=3963\",\"name\":\"Cat\\u00e1logo de Productos\"}},{\"@type\":\"ListItem\",\"position\":3,\"item\":{\"@type\":\"WebPage\",\"@id\":\"https:\/\/www.comercialanma.es\/?product=vino-marques-de-vargas-hacienda-pradolagar-75cl\",\"url\":\"https:\/\/www.comercialanma.es\/?product=vino-marques-de-vargas-hacienda-pradolagar-75cl\",\"name\":\"Vino Marqu\\u00e9s de Vargas Hacienda Pradolagar 75cl.\"}}]}]}<\/script>\n<!-- \/ Yoast SEO plugin. -->","_links":{"self":[{"href":"https:\/\/www.comercialanma.es\/index.php?rest_route=\/wp\/v2\/product\/11570"}],"collection":[{"href":"https:\/\/www.comercialanma.es\/index.php?rest_route=\/wp\/v2\/product"}],"about":[{"href":"https:\/\/www.comercialanma.es\/index.php?rest_route=\/wp\/v2\/types\/product"}],"version-history":[{"count":1,"href":"https:\/\/www.comercialanma.es\/index.php?rest_route=\/wp\/v2\/product\/11570\/revisions"}],"predecessor-version":[{"id":11572,"href":"https:\/\/www.comercialanma.es\/index.php?rest_route=\/wp\/v2\/product\/11570\/revisions\/11572"}],"wp:featuredmedia":[{"embeddable":true,"href":"https:\/\/www.comercialanma.es\/index.php?rest_route=\/wp\/v2\/media\/11571"}],"wp:attachment":[{"href":"https:\/\/www.comercialanma.es\/index.php?rest_route=%2Fwp%2Fv2%2Fmedia&parent=11570"}],"curies":[{"name":"wp","href":"https:\/\/api.w.org\/{rel}","templated":true}]}}