
{"id":11639,"date":"2019-10-25T10:19:28","date_gmt":"2019-10-25T08:19:28","guid":{"rendered":"http:\/\/www.comercialanma.es\/?post_type=product&#038;p=11639"},"modified":"2022-09-05T12:43:22","modified_gmt":"2022-09-05T10:43:22","slug":"nicte-rosa-palido","status":"publish","type":"product","link":"https:\/\/www.comercialanma.es\/?product=nicte-rosa-palido","title":{"rendered":"Nicte Rosa P\u00e1lido 75cl."},"content":{"rendered":"<h3>D.O.:<\/h3>\n<ul>\n<li>Tierra de Castilla y Le\u00f3n<\/li>\n<\/ul>\n<h3>Variedades de uva:<\/h3>\n<ul>\n<li><span class=\"tlid-translation translation\" lang=\"es\"><span title=\"\"><span class=\"tablaValorContenido\">Prieto picudo.<\/span><\/span><\/span><\/li>\n<\/ul>\n<h3>Graduaci\u00f3n:<\/h3>\n<ul>\n<li>Graduaci\u00f3n: 13,5% vol.<\/li>\n<\/ul>\n<h3>Nota de cata:<\/h3>\n<ul>\n<li>Su color es rosa p\u00e1lido con tonos salm\u00f3n, limpio y brillante.<\/li>\n<li>En nariz tiene aromas de buena intensidad que recuerdan a fruta blanca, y c\u00edtricos.<\/li>\n<li>En boca es fresco con buena acidez muy arom\u00e1tico y un punto goloso y refrescante<\/li>\n<li>Ideal para consumir con pescados y mariscos, arroces, pastas y como aperitivo al atardecer<\/li>\n<\/ul>\n<h3>Temperatura de servicio:<\/h3>\n<ul>\n<li>5-7\u00ba C<\/li>\n<\/ul>\n<div class=\"field\">\n<div class=\"field-items\">\n<div class=\"field-item odd \"><\/div>\n<\/div>\n<\/div>\n<div class=\"field-items\"><\/div>\n","protected":false},"excerpt":{"rendered":"<p>Bodegas Avelino Vegas<\/p>\n<p>El peque\u00f1o racimo de Prieto Picudo, madura muy lentamente ya que sufre el clima extremo de la meseta con noches muy fr\u00edas en el verano. Este vino se elabora con el primer mosto obtenido por sangrado. Despu\u00e9s fermenta a baja temperatura para mimar esos intensos y elegantes aromas a frutas blancas que le caracterizan<\/p>\n","protected":false},"featured_media":21793,"template":"","meta":{"spay_email":""},"yoast_head":"<!-- This site is optimized with the Yoast SEO plugin v15.9 - https:\/\/yoast.com\/wordpress\/plugins\/seo\/ -->\n<title>Nicte Rosa P\u00e1lido 75cl. - Comercial de Hosteleria Anma<\/title>\n<meta name=\"description\" content=\"Nicte Rosa P\u00e1lido | 75cl.| \u00danicamente se han elaborado 6.000 botellas de este excepcional rosado de aromas frescos y afrutados.\" \/>\n<meta name=\"robots\" content=\"index, follow, max-snippet:-1, max-image-preview:large, max-video-preview:-1\" \/>\n<link rel=\"canonical\" href=\"https:\/\/www.comercialanma.es\/?product=nicte-rosa-palido\" \/>\n<meta property=\"og:locale\" content=\"es_ES\" \/>\n<meta property=\"og:type\" content=\"article\" \/>\n<meta property=\"og:title\" content=\"Nicte Rosa P\u00e1lido 75cl. - Comercial de Hosteleria Anma\" \/>\n<meta property=\"og:description\" content=\"Nicte Rosa P\u00e1lido | 75cl.| \u00danicamente se han elaborado 6.000 botellas de este excepcional rosado de aromas frescos y afrutados.\" \/>\n<meta property=\"og:url\" content=\"https:\/\/www.comercialanma.es\/?product=nicte-rosa-palido\" \/>\n<meta property=\"og:site_name\" content=\"Comercial de Hosteleria Anma\" \/>\n<meta property=\"article:publisher\" content=\"https:\/\/www.facebook.com\/AnmaHosteleria\" \/>\n<meta property=\"article:modified_time\" content=\"2022-09-05T10:43:22+00:00\" \/>\n<meta property=\"og:image\" content=\"https:\/\/i1.wp.com\/www.comercialanma.es\/wp-content\/uploads\/2019\/10\/NICTE-ROSA-PALIDO-2022.jpg?fit=1080%2C1080&#038;ssl=1\" \/>\n\t<meta property=\"og:image:width\" content=\"1080\" \/>\n\t<meta property=\"og:image:height\" content=\"1080\" \/>\n<meta name=\"twitter:card\" content=\"summary_large_image\" \/>\n<meta name=\"twitter:label1\" content=\"Tiempo de lectura\">\n\t<meta name=\"twitter:data1\" content=\"1 minuto\">\n<script type=\"application\/ld+json\" class=\"yoast-schema-graph\">{\"@context\":\"https:\/\/schema.org\",\"@graph\":[{\"@type\":\"Organization\",\"@id\":\"https:\/\/www.comercialanma.es\/#organization\",\"name\":\"Comercial Anma\",\"url\":\"https:\/\/www.comercialanma.es\/\",\"sameAs\":[\"https:\/\/www.facebook.com\/AnmaHosteleria\",\"https:\/\/www.instagram.com\/anmahosteleria\/?hl=es\",\"https:\/\/www.youtube.com\/channel\/UCT2nmn08Ntks0hmpZPnDgCA\"],\"logo\":{\"@type\":\"ImageObject\",\"@id\":\"https:\/\/www.comercialanma.es\/#logo\",\"inLanguage\":\"es\",\"url\":\"https:\/\/i2.wp.com\/www.comercialanma.es\/wp-content\/uploads\/2019\/06\/logo-anma-color.png?fit=247%2C101&ssl=1\",\"width\":247,\"height\":101,\"caption\":\"Comercial Anma\"},\"image\":{\"@id\":\"https:\/\/www.comercialanma.es\/#logo\"}},{\"@type\":\"WebSite\",\"@id\":\"https:\/\/www.comercialanma.es\/#website\",\"url\":\"https:\/\/www.comercialanma.es\/\",\"name\":\"Comercial de Hosteleria Anma\",\"description\":\"\",\"publisher\":{\"@id\":\"https:\/\/www.comercialanma.es\/#organization\"},\"potentialAction\":[{\"@type\":\"SearchAction\",\"target\":\"https:\/\/www.comercialanma.es\/?s={search_term_string}\",\"query-input\":\"required name=search_term_string\"}],\"inLanguage\":\"es\"},{\"@type\":\"ImageObject\",\"@id\":\"https:\/\/www.comercialanma.es\/?product=nicte-rosa-palido#primaryimage\",\"inLanguage\":\"es\",\"url\":\"https:\/\/i1.wp.com\/www.comercialanma.es\/wp-content\/uploads\/2019\/10\/NICTE-ROSA-PALIDO-2022.jpg?fit=1080%2C1080&ssl=1\",\"width\":1080,\"height\":1080},{\"@type\":\"WebPage\",\"@id\":\"https:\/\/www.comercialanma.es\/?product=nicte-rosa-palido#webpage\",\"url\":\"https:\/\/www.comercialanma.es\/?product=nicte-rosa-palido\",\"name\":\"Nicte Rosa P\\u00e1lido 75cl. - Comercial de Hosteleria Anma\",\"isPartOf\":{\"@id\":\"https:\/\/www.comercialanma.es\/#website\"},\"primaryImageOfPage\":{\"@id\":\"https:\/\/www.comercialanma.es\/?product=nicte-rosa-palido#primaryimage\"},\"datePublished\":\"2019-10-25T08:19:28+00:00\",\"dateModified\":\"2022-09-05T10:43:22+00:00\",\"description\":\"Nicte Rosa P\\u00e1lido | 75cl.| \\u00danicamente se han elaborado 6.000 botellas de este excepcional rosado de aromas frescos y afrutados.\",\"breadcrumb\":{\"@id\":\"https:\/\/www.comercialanma.es\/?product=nicte-rosa-palido#breadcrumb\"},\"inLanguage\":\"es\",\"potentialAction\":[{\"@type\":\"ReadAction\",\"target\":[\"https:\/\/www.comercialanma.es\/?product=nicte-rosa-palido\"]}]},{\"@type\":\"BreadcrumbList\",\"@id\":\"https:\/\/www.comercialanma.es\/?product=nicte-rosa-palido#breadcrumb\",\"itemListElement\":[{\"@type\":\"ListItem\",\"position\":1,\"item\":{\"@type\":\"WebPage\",\"@id\":\"https:\/\/www.comercialanma.es\/\",\"url\":\"https:\/\/www.comercialanma.es\/\",\"name\":\"Portada\"}},{\"@type\":\"ListItem\",\"position\":2,\"item\":{\"@type\":\"WebPage\",\"@id\":\"https:\/\/www.comercialanma.es\/?page_id=3963\",\"url\":\"https:\/\/www.comercialanma.es\/?page_id=3963\",\"name\":\"Cat\\u00e1logo de Productos\"}},{\"@type\":\"ListItem\",\"position\":3,\"item\":{\"@type\":\"WebPage\",\"@id\":\"https:\/\/www.comercialanma.es\/?product=nicte-rosa-palido\",\"url\":\"https:\/\/www.comercialanma.es\/?product=nicte-rosa-palido\",\"name\":\"Nicte Rosa P\\u00e1lido 75cl.\"}}]}]}<\/script>\n<!-- \/ Yoast SEO plugin. -->","_links":{"self":[{"href":"https:\/\/www.comercialanma.es\/index.php?rest_route=\/wp\/v2\/product\/11639"}],"collection":[{"href":"https:\/\/www.comercialanma.es\/index.php?rest_route=\/wp\/v2\/product"}],"about":[{"href":"https:\/\/www.comercialanma.es\/index.php?rest_route=\/wp\/v2\/types\/product"}],"version-history":[{"count":6,"href":"https:\/\/www.comercialanma.es\/index.php?rest_route=\/wp\/v2\/product\/11639\/revisions"}],"predecessor-version":[{"id":21794,"href":"https:\/\/www.comercialanma.es\/index.php?rest_route=\/wp\/v2\/product\/11639\/revisions\/21794"}],"wp:featuredmedia":[{"embeddable":true,"href":"https:\/\/www.comercialanma.es\/index.php?rest_route=\/wp\/v2\/media\/21793"}],"wp:attachment":[{"href":"https:\/\/www.comercialanma.es\/index.php?rest_route=%2Fwp%2Fv2%2Fmedia&parent=11639"}],"curies":[{"name":"wp","href":"https:\/\/api.w.org\/{rel}","templated":true}]}}