
{"id":11731,"date":"2019-12-04T10:06:11","date_gmt":"2019-12-04T09:06:11","guid":{"rendered":"http:\/\/www.comercialanma.es\/?post_type=product&#038;p=11731"},"modified":"2019-12-04T10:18:41","modified_gmt":"2019-12-04T09:18:41","slug":"vino-barbadillo-castillo-san-diego-75cl","status":"publish","type":"product","link":"https:\/\/www.comercialanma.es\/?product=vino-barbadillo-castillo-san-diego-75cl","title":{"rendered":"Vino Barbadillo Castillo San Diego 75cl."},"content":{"rendered":"<h3>D.O.:<\/h3>\n<ul>\n<li>C\u00e1diz<\/li>\n<\/ul>\n<h3>Variedades de uva:<\/h3>\n<ul>\n<li><span class=\"tlid-translation translation\" lang=\"es\"><span title=\"\"><span class=\"tablaValorContenido\">Palomino Fina<\/span><\/span><\/span><\/li>\n<\/ul>\n<h3>Graduaci\u00f3n:<\/h3>\n<ul>\n<li>Graduaci\u00f3n: 12,0% vol.<\/li>\n<\/ul>\n<h3>Nota de cata:<\/h3>\n<ul>\n<li>Vista: Amarillo p\u00e1lido con reflejos verdosos que indican su juventud.<\/li>\n<li>Nariz: Sabroso aroma de fruta de carne blanca tipo pera acompa\u00f1ada de notas c\u00edtricas frescas.<\/li>\n<li>Boca: Suave entrada, sabrosa y elegante t\u00edpica de la uva palomino.<\/li>\n<\/ul>\n","protected":false},"excerpt":{"rendered":"<p>Castillo de San Diego es un icono para la bodega y un referente a nivel nacional. Floral, afrutado, armonioso, ligero\u2026 M\u00e1s que un vino, Castillo de San Diego es una forma de ser.<\/p>\n<p>Seg\u00fan consta en nuestros libros de contabilidad, la denominaci\u00f3n \u201cVino Blanco del Castillo\u201ddata de 1883, sin embargo hasta 1975 no empezamos a embotellarlo por a\u00f1adas, convirti\u00e9ndolo en el primer vino blanco producido en Andaluc\u00eda. Hoy d\u00eda es el vino blanco de referencia en Espa\u00f1a.<\/p>\n","protected":false},"featured_media":11732,"template":"","meta":{"spay_email":""},"yoast_head":"<!-- This site is optimized with the Yoast SEO plugin v15.9 - https:\/\/yoast.com\/wordpress\/plugins\/seo\/ -->\n<title>Vino Barbadillo Castillo San Diego 75cl. - Comercial de Hosteleria Anma<\/title>\n<meta name=\"robots\" content=\"index, follow, max-snippet:-1, max-image-preview:large, max-video-preview:-1\" \/>\n<link rel=\"canonical\" href=\"https:\/\/www.comercialanma.es\/?product=vino-barbadillo-castillo-san-diego-75cl\" \/>\n<meta property=\"og:locale\" content=\"es_ES\" \/>\n<meta property=\"og:type\" content=\"article\" \/>\n<meta property=\"og:title\" content=\"Vino Barbadillo Castillo San Diego 75cl. - Comercial de Hosteleria Anma\" \/>\n<meta property=\"og:description\" content=\"Castillo de San Diego es un icono para la bodega y un referente a nivel nacional. Floral, afrutado, armonioso, ligero\u2026 M\u00e1s que un vino, Castillo de San Diego es una forma de ser.  Seg\u00fan consta en nuestros libros de contabilidad, la denominaci\u00f3n \u201cVino Blanco del Castillo\u201ddata de 1883, sin embargo hasta 1975 no empezamos a embotellarlo por a\u00f1adas, convirti\u00e9ndolo en el primer vino blanco producido en Andaluc\u00eda. Hoy d\u00eda es el vino blanco de referencia en Espa\u00f1a.\" \/>\n<meta property=\"og:url\" content=\"https:\/\/www.comercialanma.es\/?product=vino-barbadillo-castillo-san-diego-75cl\" \/>\n<meta property=\"og:site_name\" content=\"Comercial de Hosteleria Anma\" \/>\n<meta property=\"article:publisher\" content=\"https:\/\/www.facebook.com\/AnmaHosteleria\" \/>\n<meta property=\"article:modified_time\" content=\"2019-12-04T09:18:41+00:00\" \/>\n<meta property=\"og:image\" content=\"https:\/\/i0.wp.com\/www.comercialanma.es\/wp-content\/uploads\/2019\/12\/Barbadillo-Castillo-de-San-Diego.jpg?fit=1200%2C1200&#038;ssl=1\" \/>\n\t<meta property=\"og:image:width\" content=\"1200\" \/>\n\t<meta property=\"og:image:height\" content=\"1200\" \/>\n<meta name=\"twitter:card\" content=\"summary_large_image\" \/>\n<script type=\"application\/ld+json\" class=\"yoast-schema-graph\">{\"@context\":\"https:\/\/schema.org\",\"@graph\":[{\"@type\":\"Organization\",\"@id\":\"https:\/\/www.comercialanma.es\/#organization\",\"name\":\"Comercial Anma\",\"url\":\"https:\/\/www.comercialanma.es\/\",\"sameAs\":[\"https:\/\/www.facebook.com\/AnmaHosteleria\",\"https:\/\/www.instagram.com\/anmahosteleria\/?hl=es\",\"https:\/\/www.youtube.com\/channel\/UCT2nmn08Ntks0hmpZPnDgCA\"],\"logo\":{\"@type\":\"ImageObject\",\"@id\":\"https:\/\/www.comercialanma.es\/#logo\",\"inLanguage\":\"es\",\"url\":\"https:\/\/i2.wp.com\/www.comercialanma.es\/wp-content\/uploads\/2019\/06\/logo-anma-color.png?fit=247%2C101&ssl=1\",\"width\":247,\"height\":101,\"caption\":\"Comercial Anma\"},\"image\":{\"@id\":\"https:\/\/www.comercialanma.es\/#logo\"}},{\"@type\":\"WebSite\",\"@id\":\"https:\/\/www.comercialanma.es\/#website\",\"url\":\"https:\/\/www.comercialanma.es\/\",\"name\":\"Comercial de Hosteleria Anma\",\"description\":\"\",\"publisher\":{\"@id\":\"https:\/\/www.comercialanma.es\/#organization\"},\"potentialAction\":[{\"@type\":\"SearchAction\",\"target\":\"https:\/\/www.comercialanma.es\/?s={search_term_string}\",\"query-input\":\"required name=search_term_string\"}],\"inLanguage\":\"es\"},{\"@type\":\"ImageObject\",\"@id\":\"https:\/\/www.comercialanma.es\/?product=vino-barbadillo-castillo-san-diego-75cl#primaryimage\",\"inLanguage\":\"es\",\"url\":\"https:\/\/i0.wp.com\/www.comercialanma.es\/wp-content\/uploads\/2019\/12\/Barbadillo-Castillo-de-San-Diego.jpg?fit=1200%2C1200&ssl=1\",\"width\":1200,\"height\":1200},{\"@type\":\"WebPage\",\"@id\":\"https:\/\/www.comercialanma.es\/?product=vino-barbadillo-castillo-san-diego-75cl#webpage\",\"url\":\"https:\/\/www.comercialanma.es\/?product=vino-barbadillo-castillo-san-diego-75cl\",\"name\":\"Vino Barbadillo Castillo San Diego 75cl. - Comercial de Hosteleria Anma\",\"isPartOf\":{\"@id\":\"https:\/\/www.comercialanma.es\/#website\"},\"primaryImageOfPage\":{\"@id\":\"https:\/\/www.comercialanma.es\/?product=vino-barbadillo-castillo-san-diego-75cl#primaryimage\"},\"datePublished\":\"2019-12-04T09:06:11+00:00\",\"dateModified\":\"2019-12-04T09:18:41+00:00\",\"breadcrumb\":{\"@id\":\"https:\/\/www.comercialanma.es\/?product=vino-barbadillo-castillo-san-diego-75cl#breadcrumb\"},\"inLanguage\":\"es\",\"potentialAction\":[{\"@type\":\"ReadAction\",\"target\":[\"https:\/\/www.comercialanma.es\/?product=vino-barbadillo-castillo-san-diego-75cl\"]}]},{\"@type\":\"BreadcrumbList\",\"@id\":\"https:\/\/www.comercialanma.es\/?product=vino-barbadillo-castillo-san-diego-75cl#breadcrumb\",\"itemListElement\":[{\"@type\":\"ListItem\",\"position\":1,\"item\":{\"@type\":\"WebPage\",\"@id\":\"https:\/\/www.comercialanma.es\/\",\"url\":\"https:\/\/www.comercialanma.es\/\",\"name\":\"Portada\"}},{\"@type\":\"ListItem\",\"position\":2,\"item\":{\"@type\":\"WebPage\",\"@id\":\"https:\/\/www.comercialanma.es\/?page_id=3963\",\"url\":\"https:\/\/www.comercialanma.es\/?page_id=3963\",\"name\":\"Cat\\u00e1logo de Productos\"}},{\"@type\":\"ListItem\",\"position\":3,\"item\":{\"@type\":\"WebPage\",\"@id\":\"https:\/\/www.comercialanma.es\/?product=vino-barbadillo-castillo-san-diego-75cl\",\"url\":\"https:\/\/www.comercialanma.es\/?product=vino-barbadillo-castillo-san-diego-75cl\",\"name\":\"Vino Barbadillo Castillo San Diego 75cl.\"}}]}]}<\/script>\n<!-- \/ Yoast SEO plugin. -->","_links":{"self":[{"href":"https:\/\/www.comercialanma.es\/index.php?rest_route=\/wp\/v2\/product\/11731"}],"collection":[{"href":"https:\/\/www.comercialanma.es\/index.php?rest_route=\/wp\/v2\/product"}],"about":[{"href":"https:\/\/www.comercialanma.es\/index.php?rest_route=\/wp\/v2\/types\/product"}],"version-history":[{"count":2,"href":"https:\/\/www.comercialanma.es\/index.php?rest_route=\/wp\/v2\/product\/11731\/revisions"}],"predecessor-version":[{"id":11734,"href":"https:\/\/www.comercialanma.es\/index.php?rest_route=\/wp\/v2\/product\/11731\/revisions\/11734"}],"wp:featuredmedia":[{"embeddable":true,"href":"https:\/\/www.comercialanma.es\/index.php?rest_route=\/wp\/v2\/media\/11732"}],"wp:attachment":[{"href":"https:\/\/www.comercialanma.es\/index.php?rest_route=%2Fwp%2Fv2%2Fmedia&parent=11731"}],"curies":[{"name":"wp","href":"https:\/\/api.w.org\/{rel}","templated":true}]}}