
{"id":11808,"date":"2019-12-12T17:03:24","date_gmt":"2019-12-12T16:03:24","guid":{"rendered":"http:\/\/www.comercialanma.es\/?post_type=product&#038;p=11808"},"modified":"2019-12-13T09:30:58","modified_gmt":"2019-12-13T08:30:58","slug":"vino-pazo-san-mauro-75cl","status":"publish","type":"product","link":"https:\/\/www.comercialanma.es\/?product=vino-pazo-san-mauro-75cl","title":{"rendered":"Vino Pazo San Mauro 75cl."},"content":{"rendered":"<h3>D.O.:<\/h3>\n<ul>\n<li>R\u00edas Baixas<\/li>\n<\/ul>\n<h3>Variedades de uva:<\/h3>\n<ul>\n<li><span class=\"tlid-translation translation\" lang=\"es\"><span title=\"\"><span class=\"tablaValorContenido\">Albari\u00f1o<\/span><\/span><\/span><\/li>\n<\/ul>\n<h3>Graduaci\u00f3n:<\/h3>\n<ul>\n<li>Graduaci\u00f3n: 12,5% vol.<\/li>\n<\/ul>\n<h3>Nota de cata:<\/h3>\n<div>\n<ul>\n<li>Vista: Color amarillo dorado con reflejos verdosos.<\/li>\n<li>Nariz: Intensidad arom\u00e1tica muy alta con notas muy afrutadas. Los aromas varietales se expresan de una forma muy n\u00edtida, acompa\u00f1ados de frutas y flores blancas.<\/li>\n<li>Boca: Presenta mucha frescura y fruta con recuerdos c\u00edtricos y de fruta blanca. Se define como un vino persistente con una gran expresi\u00f3n varietal. Gran acidez.<\/li>\n<\/ul>\n<\/div>\n<p>&nbsp;<\/p>\n","protected":false},"excerpt":{"rendered":"<p>Albari\u00f1o\u00a0procedente de una rigurosa selecci\u00f3n de las mejores uvas de la finca, todas plantadas en un\u00a0vi\u00f1edo propio\u00a0situado en un lugar privilegiado del Condado do Tea\u00a0sobre bancales de cantos rodados que forman un anfiteatro orientado al mediod\u00eda, con una extraordinaria insolaci\u00f3n. Se muestra muy expresivo, fresco y floral. Armoniza su generosidad arom\u00e1tica con una amplia y sedosa boca, manifestando mineralidad y estructura.<\/p>\n","protected":false},"featured_media":11812,"template":"","meta":{"spay_email":""},"yoast_head":"<!-- This site is optimized with the Yoast SEO plugin v15.9 - https:\/\/yoast.com\/wordpress\/plugins\/seo\/ -->\n<title>Vino Pazo San Mauro 75cl. - Comercial de Hosteleria Anma<\/title>\n<meta name=\"robots\" content=\"index, follow, max-snippet:-1, max-image-preview:large, max-video-preview:-1\" \/>\n<link rel=\"canonical\" href=\"https:\/\/www.comercialanma.es\/?product=vino-pazo-san-mauro-75cl\" \/>\n<meta property=\"og:locale\" content=\"es_ES\" \/>\n<meta property=\"og:type\" content=\"article\" \/>\n<meta property=\"og:title\" content=\"Vino Pazo San Mauro 75cl. - Comercial de Hosteleria Anma\" \/>\n<meta property=\"og:description\" content=\"Albari\u00f1o\u00a0procedente de una rigurosa selecci\u00f3n de las mejores uvas de la finca, todas plantadas en un\u00a0vi\u00f1edo propio\u00a0situado en un lugar privilegiado del Condado do Tea\u00a0sobre bancales de cantos rodados que forman un anfiteatro orientado al mediod\u00eda, con una extraordinaria insolaci\u00f3n. Se muestra muy expresivo, fresco y floral. Armoniza su generosidad arom\u00e1tica con una amplia y sedosa boca, manifestando mineralidad y estructura.\" \/>\n<meta property=\"og:url\" content=\"https:\/\/www.comercialanma.es\/?product=vino-pazo-san-mauro-75cl\" \/>\n<meta property=\"og:site_name\" content=\"Comercial de Hosteleria Anma\" \/>\n<meta property=\"article:publisher\" content=\"https:\/\/www.facebook.com\/AnmaHosteleria\" \/>\n<meta property=\"article:modified_time\" content=\"2019-12-13T08:30:58+00:00\" \/>\n<meta property=\"og:image\" content=\"https:\/\/i1.wp.com\/www.comercialanma.es\/wp-content\/uploads\/2019\/12\/Pazo-s-Mauro.jpg?fit=1080%2C1080&#038;ssl=1\" \/>\n\t<meta property=\"og:image:width\" content=\"1080\" \/>\n\t<meta property=\"og:image:height\" content=\"1080\" \/>\n<meta name=\"twitter:card\" content=\"summary_large_image\" \/>\n<script type=\"application\/ld+json\" class=\"yoast-schema-graph\">{\"@context\":\"https:\/\/schema.org\",\"@graph\":[{\"@type\":\"Organization\",\"@id\":\"https:\/\/www.comercialanma.es\/#organization\",\"name\":\"Comercial Anma\",\"url\":\"https:\/\/www.comercialanma.es\/\",\"sameAs\":[\"https:\/\/www.facebook.com\/AnmaHosteleria\",\"https:\/\/www.instagram.com\/anmahosteleria\/?hl=es\",\"https:\/\/www.youtube.com\/channel\/UCT2nmn08Ntks0hmpZPnDgCA\"],\"logo\":{\"@type\":\"ImageObject\",\"@id\":\"https:\/\/www.comercialanma.es\/#logo\",\"inLanguage\":\"es\",\"url\":\"https:\/\/i2.wp.com\/www.comercialanma.es\/wp-content\/uploads\/2019\/06\/logo-anma-color.png?fit=247%2C101&ssl=1\",\"width\":247,\"height\":101,\"caption\":\"Comercial Anma\"},\"image\":{\"@id\":\"https:\/\/www.comercialanma.es\/#logo\"}},{\"@type\":\"WebSite\",\"@id\":\"https:\/\/www.comercialanma.es\/#website\",\"url\":\"https:\/\/www.comercialanma.es\/\",\"name\":\"Comercial de Hosteleria Anma\",\"description\":\"\",\"publisher\":{\"@id\":\"https:\/\/www.comercialanma.es\/#organization\"},\"potentialAction\":[{\"@type\":\"SearchAction\",\"target\":\"https:\/\/www.comercialanma.es\/?s={search_term_string}\",\"query-input\":\"required name=search_term_string\"}],\"inLanguage\":\"es\"},{\"@type\":\"ImageObject\",\"@id\":\"https:\/\/www.comercialanma.es\/?product=vino-pazo-san-mauro-75cl#primaryimage\",\"inLanguage\":\"es\",\"url\":\"https:\/\/i1.wp.com\/www.comercialanma.es\/wp-content\/uploads\/2019\/12\/Pazo-s-Mauro.jpg?fit=1080%2C1080&ssl=1\",\"width\":1080,\"height\":1080},{\"@type\":\"WebPage\",\"@id\":\"https:\/\/www.comercialanma.es\/?product=vino-pazo-san-mauro-75cl#webpage\",\"url\":\"https:\/\/www.comercialanma.es\/?product=vino-pazo-san-mauro-75cl\",\"name\":\"Vino Pazo San Mauro 75cl. - Comercial de Hosteleria Anma\",\"isPartOf\":{\"@id\":\"https:\/\/www.comercialanma.es\/#website\"},\"primaryImageOfPage\":{\"@id\":\"https:\/\/www.comercialanma.es\/?product=vino-pazo-san-mauro-75cl#primaryimage\"},\"datePublished\":\"2019-12-12T16:03:24+00:00\",\"dateModified\":\"2019-12-13T08:30:58+00:00\",\"breadcrumb\":{\"@id\":\"https:\/\/www.comercialanma.es\/?product=vino-pazo-san-mauro-75cl#breadcrumb\"},\"inLanguage\":\"es\",\"potentialAction\":[{\"@type\":\"ReadAction\",\"target\":[\"https:\/\/www.comercialanma.es\/?product=vino-pazo-san-mauro-75cl\"]}]},{\"@type\":\"BreadcrumbList\",\"@id\":\"https:\/\/www.comercialanma.es\/?product=vino-pazo-san-mauro-75cl#breadcrumb\",\"itemListElement\":[{\"@type\":\"ListItem\",\"position\":1,\"item\":{\"@type\":\"WebPage\",\"@id\":\"https:\/\/www.comercialanma.es\/\",\"url\":\"https:\/\/www.comercialanma.es\/\",\"name\":\"Portada\"}},{\"@type\":\"ListItem\",\"position\":2,\"item\":{\"@type\":\"WebPage\",\"@id\":\"https:\/\/www.comercialanma.es\/?page_id=3963\",\"url\":\"https:\/\/www.comercialanma.es\/?page_id=3963\",\"name\":\"Cat\\u00e1logo de Productos\"}},{\"@type\":\"ListItem\",\"position\":3,\"item\":{\"@type\":\"WebPage\",\"@id\":\"https:\/\/www.comercialanma.es\/?product=vino-pazo-san-mauro-75cl\",\"url\":\"https:\/\/www.comercialanma.es\/?product=vino-pazo-san-mauro-75cl\",\"name\":\"Vino Pazo San Mauro 75cl.\"}}]}]}<\/script>\n<!-- \/ Yoast SEO plugin. -->","_links":{"self":[{"href":"https:\/\/www.comercialanma.es\/index.php?rest_route=\/wp\/v2\/product\/11808"}],"collection":[{"href":"https:\/\/www.comercialanma.es\/index.php?rest_route=\/wp\/v2\/product"}],"about":[{"href":"https:\/\/www.comercialanma.es\/index.php?rest_route=\/wp\/v2\/types\/product"}],"version-history":[{"count":1,"href":"https:\/\/www.comercialanma.es\/index.php?rest_route=\/wp\/v2\/product\/11808\/revisions"}],"predecessor-version":[{"id":11810,"href":"https:\/\/www.comercialanma.es\/index.php?rest_route=\/wp\/v2\/product\/11808\/revisions\/11810"}],"wp:featuredmedia":[{"embeddable":true,"href":"https:\/\/www.comercialanma.es\/index.php?rest_route=\/wp\/v2\/media\/11812"}],"wp:attachment":[{"href":"https:\/\/www.comercialanma.es\/index.php?rest_route=%2Fwp%2Fv2%2Fmedia&parent=11808"}],"curies":[{"name":"wp","href":"https:\/\/api.w.org\/{rel}","templated":true}]}}