
{"id":11851,"date":"2019-12-13T11:28:00","date_gmt":"2019-12-13T10:28:00","guid":{"rendered":"http:\/\/www.comercialanma.es\/?post_type=product&#038;p=11851"},"modified":"2019-12-13T11:29:32","modified_gmt":"2019-12-13T10:29:32","slug":"vino-santiago-ruiz-magnum-15l","status":"publish","type":"product","link":"https:\/\/www.comercialanma.es\/?product=vino-santiago-ruiz-magnum-15l","title":{"rendered":"Vino Santiago Ruiz Magnum 1,5L."},"content":{"rendered":"<h3>D.O.:<\/h3>\n<ul>\n<li>R\u00edas Baixas<\/li>\n<\/ul>\n<h3>Variedades de uva:<\/h3>\n<ul>\n<li><span class=\"tlid-translation translation\" lang=\"es\"><span title=\"\"><span class=\"tablaValorContenido\">Albari\u00f1o, Loureiro, Cai\u00f1o blanco, Treixadura, Godello. <\/span><\/span><\/span><\/li>\n<\/ul>\n<h3>Graduaci\u00f3n:<\/h3>\n<ul>\n<li>Graduaci\u00f3n: 13,0% vol.<\/li>\n<\/ul>\n<h3>Nota de cata:<\/h3>\n<div>\n<ul>\n<li>Vista: Color amarillo pajizo con reflejos verdosos.<\/li>\n<li>Nariz: En nariz es intenso, fresco y complejo, donde se combinan las notas frutales (manzana, pera, albaricoque) con toques a hierbas arom\u00e1ticas y minerales.<\/li>\n<li>Boca: En boca es complejo, de entrada golosa, con cuerpo y predominio de las notas c\u00edtricas. La combinaci\u00f3n de las cinco variedades aut\u00f3ctonas le aporta una extraordinaria complejidad.<\/li>\n<\/ul>\n<\/div>\n<p>&nbsp;<\/p>\n","protected":false},"excerpt":{"rendered":"<p>Santiago Ruiz es uno de esos albari\u00f1os que no pueden escapar a la atenci\u00f3n de cualquier aficionado a los blancos gallegos al estar elaborado por uno de los considerados padres de la variedad reina de R\u00edas Baixas. Es un vino de personalidad \u00fanica gracias a la conjunci\u00f3n de cepas aut\u00f3ctonas, al estilo de los mejores vinos de O Rosal. Se elabora siguiendo la filosof\u00eda de su fundador hasta alcanzar un blanco de excelente riqueza arom\u00e1tica y cuerpo.<\/p>\n","protected":false},"featured_media":11825,"template":"","meta":{"spay_email":""},"yoast_head":"<!-- This site is optimized with the Yoast SEO plugin v15.9 - https:\/\/yoast.com\/wordpress\/plugins\/seo\/ -->\n<title>Vino Santiago Ruiz Magnum 1,5L. - Comercial de Hosteleria Anma<\/title>\n<meta name=\"robots\" content=\"index, follow, max-snippet:-1, max-image-preview:large, max-video-preview:-1\" \/>\n<link rel=\"canonical\" href=\"https:\/\/www.comercialanma.es\/?product=vino-santiago-ruiz-magnum-15l\" \/>\n<meta property=\"og:locale\" content=\"es_ES\" \/>\n<meta property=\"og:type\" content=\"article\" \/>\n<meta property=\"og:title\" content=\"Vino Santiago Ruiz Magnum 1,5L. - Comercial de Hosteleria Anma\" \/>\n<meta property=\"og:description\" content=\"Santiago Ruiz es uno de esos albari\u00f1os que no pueden escapar a la atenci\u00f3n de cualquier aficionado a los blancos gallegos al estar elaborado por uno de los considerados padres de la variedad reina de R\u00edas Baixas. Es un vino de personalidad \u00fanica gracias a la conjunci\u00f3n de cepas aut\u00f3ctonas, al estilo de los mejores vinos de O Rosal. Se elabora siguiendo la filosof\u00eda de su fundador hasta alcanzar un blanco de excelente riqueza arom\u00e1tica y cuerpo.\" \/>\n<meta property=\"og:url\" content=\"https:\/\/www.comercialanma.es\/?product=vino-santiago-ruiz-magnum-15l\" \/>\n<meta property=\"og:site_name\" content=\"Comercial de Hosteleria Anma\" \/>\n<meta property=\"article:publisher\" content=\"https:\/\/www.facebook.com\/AnmaHosteleria\" \/>\n<meta property=\"article:modified_time\" content=\"2019-12-13T10:29:32+00:00\" \/>\n<meta property=\"og:image\" content=\"https:\/\/i0.wp.com\/www.comercialanma.es\/wp-content\/uploads\/2019\/12\/Santiago-Ruiz.jpg?fit=1080%2C1080&#038;ssl=1\" \/>\n\t<meta property=\"og:image:width\" content=\"1080\" \/>\n\t<meta property=\"og:image:height\" content=\"1080\" \/>\n<meta name=\"twitter:card\" content=\"summary_large_image\" \/>\n<script type=\"application\/ld+json\" class=\"yoast-schema-graph\">{\"@context\":\"https:\/\/schema.org\",\"@graph\":[{\"@type\":\"Organization\",\"@id\":\"https:\/\/www.comercialanma.es\/#organization\",\"name\":\"Comercial Anma\",\"url\":\"https:\/\/www.comercialanma.es\/\",\"sameAs\":[\"https:\/\/www.facebook.com\/AnmaHosteleria\",\"https:\/\/www.instagram.com\/anmahosteleria\/?hl=es\",\"https:\/\/www.youtube.com\/channel\/UCT2nmn08Ntks0hmpZPnDgCA\"],\"logo\":{\"@type\":\"ImageObject\",\"@id\":\"https:\/\/www.comercialanma.es\/#logo\",\"inLanguage\":\"es\",\"url\":\"https:\/\/i2.wp.com\/www.comercialanma.es\/wp-content\/uploads\/2019\/06\/logo-anma-color.png?fit=247%2C101&ssl=1\",\"width\":247,\"height\":101,\"caption\":\"Comercial Anma\"},\"image\":{\"@id\":\"https:\/\/www.comercialanma.es\/#logo\"}},{\"@type\":\"WebSite\",\"@id\":\"https:\/\/www.comercialanma.es\/#website\",\"url\":\"https:\/\/www.comercialanma.es\/\",\"name\":\"Comercial de Hosteleria Anma\",\"description\":\"\",\"publisher\":{\"@id\":\"https:\/\/www.comercialanma.es\/#organization\"},\"potentialAction\":[{\"@type\":\"SearchAction\",\"target\":\"https:\/\/www.comercialanma.es\/?s={search_term_string}\",\"query-input\":\"required name=search_term_string\"}],\"inLanguage\":\"es\"},{\"@type\":\"ImageObject\",\"@id\":\"https:\/\/www.comercialanma.es\/?product=vino-santiago-ruiz-magnum-15l#primaryimage\",\"inLanguage\":\"es\",\"url\":\"https:\/\/i0.wp.com\/www.comercialanma.es\/wp-content\/uploads\/2019\/12\/Santiago-Ruiz.jpg?fit=1080%2C1080&ssl=1\",\"width\":1080,\"height\":1080},{\"@type\":\"WebPage\",\"@id\":\"https:\/\/www.comercialanma.es\/?product=vino-santiago-ruiz-magnum-15l#webpage\",\"url\":\"https:\/\/www.comercialanma.es\/?product=vino-santiago-ruiz-magnum-15l\",\"name\":\"Vino Santiago Ruiz Magnum 1,5L. - Comercial de Hosteleria Anma\",\"isPartOf\":{\"@id\":\"https:\/\/www.comercialanma.es\/#website\"},\"primaryImageOfPage\":{\"@id\":\"https:\/\/www.comercialanma.es\/?product=vino-santiago-ruiz-magnum-15l#primaryimage\"},\"datePublished\":\"2019-12-13T10:28:00+00:00\",\"dateModified\":\"2019-12-13T10:29:32+00:00\",\"breadcrumb\":{\"@id\":\"https:\/\/www.comercialanma.es\/?product=vino-santiago-ruiz-magnum-15l#breadcrumb\"},\"inLanguage\":\"es\",\"potentialAction\":[{\"@type\":\"ReadAction\",\"target\":[\"https:\/\/www.comercialanma.es\/?product=vino-santiago-ruiz-magnum-15l\"]}]},{\"@type\":\"BreadcrumbList\",\"@id\":\"https:\/\/www.comercialanma.es\/?product=vino-santiago-ruiz-magnum-15l#breadcrumb\",\"itemListElement\":[{\"@type\":\"ListItem\",\"position\":1,\"item\":{\"@type\":\"WebPage\",\"@id\":\"https:\/\/www.comercialanma.es\/\",\"url\":\"https:\/\/www.comercialanma.es\/\",\"name\":\"Portada\"}},{\"@type\":\"ListItem\",\"position\":2,\"item\":{\"@type\":\"WebPage\",\"@id\":\"https:\/\/www.comercialanma.es\/?page_id=3963\",\"url\":\"https:\/\/www.comercialanma.es\/?page_id=3963\",\"name\":\"Cat\\u00e1logo de Productos\"}},{\"@type\":\"ListItem\",\"position\":3,\"item\":{\"@type\":\"WebPage\",\"@id\":\"https:\/\/www.comercialanma.es\/?product=vino-santiago-ruiz-magnum-15l\",\"url\":\"https:\/\/www.comercialanma.es\/?product=vino-santiago-ruiz-magnum-15l\",\"name\":\"Vino Santiago Ruiz Magnum 1,5L.\"}}]}]}<\/script>\n<!-- \/ Yoast SEO plugin. -->","_links":{"self":[{"href":"https:\/\/www.comercialanma.es\/index.php?rest_route=\/wp\/v2\/product\/11851"}],"collection":[{"href":"https:\/\/www.comercialanma.es\/index.php?rest_route=\/wp\/v2\/product"}],"about":[{"href":"https:\/\/www.comercialanma.es\/index.php?rest_route=\/wp\/v2\/types\/product"}],"version-history":[{"count":1,"href":"https:\/\/www.comercialanma.es\/index.php?rest_route=\/wp\/v2\/product\/11851\/revisions"}],"predecessor-version":[{"id":11852,"href":"https:\/\/www.comercialanma.es\/index.php?rest_route=\/wp\/v2\/product\/11851\/revisions\/11852"}],"wp:featuredmedia":[{"embeddable":true,"href":"https:\/\/www.comercialanma.es\/index.php?rest_route=\/wp\/v2\/media\/11825"}],"wp:attachment":[{"href":"https:\/\/www.comercialanma.es\/index.php?rest_route=%2Fwp%2Fv2%2Fmedia&parent=11851"}],"curies":[{"name":"wp","href":"https:\/\/api.w.org\/{rel}","templated":true}]}}