
{"id":11888,"date":"2019-12-13T16:08:38","date_gmt":"2019-12-13T15:08:38","guid":{"rendered":"http:\/\/www.comercialanma.es\/?post_type=product&#038;p=11888"},"modified":"2019-12-13T16:16:04","modified_gmt":"2019-12-13T15:16:04","slug":"vino-jerez-sanchez-romate-cream-70cl","status":"publish","type":"product","link":"https:\/\/www.comercialanma.es\/?product=vino-jerez-sanchez-romate-cream-70cl","title":{"rendered":"Vino Jer\u00e9z Sanchez Romate Cream 70cl."},"content":{"rendered":"<h3>D.O.:<\/h3>\n<ul>\n<li>Jerez-X\u00e9r\u00e8s-Sherry.<\/li>\n<\/ul>\n<h3>Variedades de uva:<\/h3>\n<ul>\n<li><span class=\"tlid-translation translation\" lang=\"es\"><span title=\"\"><span class=\"tablaValorContenido\">Palomino Fino, Pedro Ximenez.<br \/>\n<\/span><\/span><\/span><\/li>\n<\/ul>\n<h3>Graduaci\u00f3n:<\/h3>\n<ul>\n<li>Graduaci\u00f3n: 17,0% vol.<\/li>\n<\/ul>\n<h3>Nota de cata:<\/h3>\n<ul>\n<li>Caoba, brillante, denso, con mucha lagrima.<\/li>\n<li>En nariz notas dulces de pasas, ciruelas negras, cremosidad de toffes,.<\/li>\n<li>En boca se muestra sedoso, potente y de muy agradable final.<\/li>\n<\/ul>\n<p>&nbsp;<\/p>\n","protected":false},"excerpt":{"rendered":"<p>Cream es un vino de mezcla o cabeceo, como se dice en Jerez, entre un vino seco (oloroso, a veces tambien amontillado) y un poco de vino dulce Pedro Xim\u00e9nez o tambien Moscatel). En este caso se trata de Cream Romate, de Bodegas Romate, dentro de su gama b\u00e1sica o gama de entrada que contiene un peque\u00f1o porcentaje de Pedro Xim\u00e9nez.<\/p>\n","protected":false},"featured_media":11889,"template":"","meta":{"spay_email":""},"yoast_head":"<!-- This site is optimized with the Yoast SEO plugin v15.9 - https:\/\/yoast.com\/wordpress\/plugins\/seo\/ -->\n<title>Vino Jer\u00e9z Sanchez Romate Cream 70cl. - Comercial de Hosteleria Anma<\/title>\n<meta name=\"robots\" content=\"index, follow, max-snippet:-1, max-image-preview:large, max-video-preview:-1\" \/>\n<link rel=\"canonical\" href=\"https:\/\/www.comercialanma.es\/?product=vino-jerez-sanchez-romate-cream-70cl\" \/>\n<meta property=\"og:locale\" content=\"es_ES\" \/>\n<meta property=\"og:type\" content=\"article\" \/>\n<meta property=\"og:title\" content=\"Vino Jer\u00e9z Sanchez Romate Cream 70cl. - Comercial de Hosteleria Anma\" \/>\n<meta property=\"og:description\" content=\"Cream es un vino de mezcla o cabeceo, como se dice en Jerez, entre un vino seco (oloroso, a veces tambien amontillado) y un poco de vino dulce Pedro Xim\u00e9nez o tambien Moscatel). En este caso se trata de Cream Romate, de Bodegas Romate, dentro de su gama b\u00e1sica o gama de entrada que contiene un peque\u00f1o porcentaje de Pedro Xim\u00e9nez.\" \/>\n<meta property=\"og:url\" content=\"https:\/\/www.comercialanma.es\/?product=vino-jerez-sanchez-romate-cream-70cl\" \/>\n<meta property=\"og:site_name\" content=\"Comercial de Hosteleria Anma\" \/>\n<meta property=\"article:publisher\" content=\"https:\/\/www.facebook.com\/AnmaHosteleria\" \/>\n<meta property=\"article:modified_time\" content=\"2019-12-13T15:16:04+00:00\" \/>\n<meta property=\"og:image\" content=\"https:\/\/i2.wp.com\/www.comercialanma.es\/wp-content\/uploads\/2019\/12\/Jerez-Sanchez-Romate-Cream.jpg?fit=1080%2C1080&#038;ssl=1\" \/>\n\t<meta property=\"og:image:width\" content=\"1080\" \/>\n\t<meta property=\"og:image:height\" content=\"1080\" \/>\n<meta name=\"twitter:card\" content=\"summary_large_image\" \/>\n<script type=\"application\/ld+json\" class=\"yoast-schema-graph\">{\"@context\":\"https:\/\/schema.org\",\"@graph\":[{\"@type\":\"Organization\",\"@id\":\"https:\/\/www.comercialanma.es\/#organization\",\"name\":\"Comercial Anma\",\"url\":\"https:\/\/www.comercialanma.es\/\",\"sameAs\":[\"https:\/\/www.facebook.com\/AnmaHosteleria\",\"https:\/\/www.instagram.com\/anmahosteleria\/?hl=es\",\"https:\/\/www.youtube.com\/channel\/UCT2nmn08Ntks0hmpZPnDgCA\"],\"logo\":{\"@type\":\"ImageObject\",\"@id\":\"https:\/\/www.comercialanma.es\/#logo\",\"inLanguage\":\"es\",\"url\":\"https:\/\/i2.wp.com\/www.comercialanma.es\/wp-content\/uploads\/2019\/06\/logo-anma-color.png?fit=247%2C101&ssl=1\",\"width\":247,\"height\":101,\"caption\":\"Comercial Anma\"},\"image\":{\"@id\":\"https:\/\/www.comercialanma.es\/#logo\"}},{\"@type\":\"WebSite\",\"@id\":\"https:\/\/www.comercialanma.es\/#website\",\"url\":\"https:\/\/www.comercialanma.es\/\",\"name\":\"Comercial de Hosteleria Anma\",\"description\":\"\",\"publisher\":{\"@id\":\"https:\/\/www.comercialanma.es\/#organization\"},\"potentialAction\":[{\"@type\":\"SearchAction\",\"target\":\"https:\/\/www.comercialanma.es\/?s={search_term_string}\",\"query-input\":\"required name=search_term_string\"}],\"inLanguage\":\"es\"},{\"@type\":\"ImageObject\",\"@id\":\"https:\/\/www.comercialanma.es\/?product=vino-jerez-sanchez-romate-cream-70cl#primaryimage\",\"inLanguage\":\"es\",\"url\":\"https:\/\/i2.wp.com\/www.comercialanma.es\/wp-content\/uploads\/2019\/12\/Jerez-Sanchez-Romate-Cream.jpg?fit=1080%2C1080&ssl=1\",\"width\":1080,\"height\":1080},{\"@type\":\"WebPage\",\"@id\":\"https:\/\/www.comercialanma.es\/?product=vino-jerez-sanchez-romate-cream-70cl#webpage\",\"url\":\"https:\/\/www.comercialanma.es\/?product=vino-jerez-sanchez-romate-cream-70cl\",\"name\":\"Vino Jer\\u00e9z Sanchez Romate Cream 70cl. - Comercial de Hosteleria Anma\",\"isPartOf\":{\"@id\":\"https:\/\/www.comercialanma.es\/#website\"},\"primaryImageOfPage\":{\"@id\":\"https:\/\/www.comercialanma.es\/?product=vino-jerez-sanchez-romate-cream-70cl#primaryimage\"},\"datePublished\":\"2019-12-13T15:08:38+00:00\",\"dateModified\":\"2019-12-13T15:16:04+00:00\",\"breadcrumb\":{\"@id\":\"https:\/\/www.comercialanma.es\/?product=vino-jerez-sanchez-romate-cream-70cl#breadcrumb\"},\"inLanguage\":\"es\",\"potentialAction\":[{\"@type\":\"ReadAction\",\"target\":[\"https:\/\/www.comercialanma.es\/?product=vino-jerez-sanchez-romate-cream-70cl\"]}]},{\"@type\":\"BreadcrumbList\",\"@id\":\"https:\/\/www.comercialanma.es\/?product=vino-jerez-sanchez-romate-cream-70cl#breadcrumb\",\"itemListElement\":[{\"@type\":\"ListItem\",\"position\":1,\"item\":{\"@type\":\"WebPage\",\"@id\":\"https:\/\/www.comercialanma.es\/\",\"url\":\"https:\/\/www.comercialanma.es\/\",\"name\":\"Portada\"}},{\"@type\":\"ListItem\",\"position\":2,\"item\":{\"@type\":\"WebPage\",\"@id\":\"https:\/\/www.comercialanma.es\/?page_id=3963\",\"url\":\"https:\/\/www.comercialanma.es\/?page_id=3963\",\"name\":\"Cat\\u00e1logo de Productos\"}},{\"@type\":\"ListItem\",\"position\":3,\"item\":{\"@type\":\"WebPage\",\"@id\":\"https:\/\/www.comercialanma.es\/?product=vino-jerez-sanchez-romate-cream-70cl\",\"url\":\"https:\/\/www.comercialanma.es\/?product=vino-jerez-sanchez-romate-cream-70cl\",\"name\":\"Vino Jer\\u00e9z Sanchez Romate Cream 70cl.\"}}]}]}<\/script>\n<!-- \/ Yoast SEO plugin. -->","_links":{"self":[{"href":"https:\/\/www.comercialanma.es\/index.php?rest_route=\/wp\/v2\/product\/11888"}],"collection":[{"href":"https:\/\/www.comercialanma.es\/index.php?rest_route=\/wp\/v2\/product"}],"about":[{"href":"https:\/\/www.comercialanma.es\/index.php?rest_route=\/wp\/v2\/types\/product"}],"version-history":[{"count":1,"href":"https:\/\/www.comercialanma.es\/index.php?rest_route=\/wp\/v2\/product\/11888\/revisions"}],"predecessor-version":[{"id":11890,"href":"https:\/\/www.comercialanma.es\/index.php?rest_route=\/wp\/v2\/product\/11888\/revisions\/11890"}],"wp:featuredmedia":[{"embeddable":true,"href":"https:\/\/www.comercialanma.es\/index.php?rest_route=\/wp\/v2\/media\/11889"}],"wp:attachment":[{"href":"https:\/\/www.comercialanma.es\/index.php?rest_route=%2Fwp%2Fv2%2Fmedia&parent=11888"}],"curies":[{"name":"wp","href":"https:\/\/api.w.org\/{rel}","templated":true}]}}