
{"id":11901,"date":"2019-12-13T16:45:47","date_gmt":"2019-12-13T15:45:47","guid":{"rendered":"http:\/\/www.comercialanma.es\/?post_type=product&#038;p=11901"},"modified":"2019-12-13T16:56:10","modified_gmt":"2019-12-13T15:56:10","slug":"vino-jose-pariente-verdejo-75cl","status":"publish","type":"product","link":"https:\/\/www.comercialanma.es\/?product=vino-jose-pariente-verdejo-75cl","title":{"rendered":"Vino Jos\u00e9 Pariente Verdejo 75cl."},"content":{"rendered":"<h3>D.O.:<\/h3>\n<ul>\n<li>Rueda<\/li>\n<\/ul>\n<h3>Variedades de uva:<\/h3>\n<ul>\n<li><span class=\"tlid-translation translation\" lang=\"es\"><span title=\"\"><span class=\"tablaValorContenido\">Verdejo.<br \/>\n<\/span><\/span><\/span><\/li>\n<\/ul>\n<h3>Graduaci\u00f3n:<\/h3>\n<ul>\n<li>Graduaci\u00f3n: 13,0% vol.<\/li>\n<\/ul>\n<h3>Nota de cata:<\/h3>\n<div>\n<ul>\n<li>Vista: Color amarillo pajizo brillante, con reflejos verdosos.<\/li>\n<li>Nariz: El aroma, de gran intensidad, es elegante, fresco y complejo. Muestra un marcado tono afrutado, que abarca la gama de frutas blancas (pera, melocot\u00f3n), los c\u00edtricos y la fruta de la pasi\u00f3n. Se aprecian aromas de hinojo, de monte bajo y un fondo anisado, bals\u00e1mico.<\/li>\n<li>Boca: Aparecen de nuevo las notas de fruta fresca. Untuoso, goloso y elegante con un suave toque de amargor final.<\/li>\n<\/ul>\n<\/div>\n<p>&nbsp;<\/p>\n","protected":false},"excerpt":{"rendered":"<p>El vino insignia de la casa se elabora con uvas procedentes de vi\u00f1edos propiedad de la familia y de viejas vi\u00f1as de peque\u00f1os viticultores. Es la afirmaci\u00f3n m\u00e1s fresca y elegante de su mimada Verdejo. Se caracteriza por su untuosidad y elegancia, con un suave amargor t\u00edpico de la variedad.<\/p>\n","protected":false},"featured_media":11902,"template":"","meta":{"spay_email":""},"yoast_head":"<!-- This site is optimized with the Yoast SEO plugin v15.9 - https:\/\/yoast.com\/wordpress\/plugins\/seo\/ -->\n<title>Vino Jos\u00e9 Pariente Verdejo 75cl. - Comercial de Hosteleria Anma<\/title>\n<meta name=\"robots\" content=\"index, follow, max-snippet:-1, max-image-preview:large, max-video-preview:-1\" \/>\n<link rel=\"canonical\" href=\"https:\/\/www.comercialanma.es\/?product=vino-jose-pariente-verdejo-75cl\" \/>\n<meta property=\"og:locale\" content=\"es_ES\" \/>\n<meta property=\"og:type\" content=\"article\" \/>\n<meta property=\"og:title\" content=\"Vino Jos\u00e9 Pariente Verdejo 75cl. - Comercial de Hosteleria Anma\" \/>\n<meta property=\"og:description\" content=\"El vino insignia de la casa se elabora con uvas procedentes de vi\u00f1edos propiedad de la familia y de viejas vi\u00f1as de peque\u00f1os viticultores. Es la afirmaci\u00f3n m\u00e1s fresca y elegante de su mimada Verdejo. Se caracteriza por su untuosidad y elegancia, con un suave amargor t\u00edpico de la variedad.\" \/>\n<meta property=\"og:url\" content=\"https:\/\/www.comercialanma.es\/?product=vino-jose-pariente-verdejo-75cl\" \/>\n<meta property=\"og:site_name\" content=\"Comercial de Hosteleria Anma\" \/>\n<meta property=\"article:publisher\" content=\"https:\/\/www.facebook.com\/AnmaHosteleria\" \/>\n<meta property=\"article:modified_time\" content=\"2019-12-13T15:56:10+00:00\" \/>\n<meta property=\"og:image\" content=\"https:\/\/i1.wp.com\/www.comercialanma.es\/wp-content\/uploads\/2019\/12\/Jose-Pariente-Verdejo.jpg?fit=1080%2C1080&#038;ssl=1\" \/>\n\t<meta property=\"og:image:width\" content=\"1080\" \/>\n\t<meta property=\"og:image:height\" content=\"1080\" \/>\n<meta name=\"twitter:card\" content=\"summary_large_image\" \/>\n<script type=\"application\/ld+json\" class=\"yoast-schema-graph\">{\"@context\":\"https:\/\/schema.org\",\"@graph\":[{\"@type\":\"Organization\",\"@id\":\"https:\/\/www.comercialanma.es\/#organization\",\"name\":\"Comercial Anma\",\"url\":\"https:\/\/www.comercialanma.es\/\",\"sameAs\":[\"https:\/\/www.facebook.com\/AnmaHosteleria\",\"https:\/\/www.instagram.com\/anmahosteleria\/?hl=es\",\"https:\/\/www.youtube.com\/channel\/UCT2nmn08Ntks0hmpZPnDgCA\"],\"logo\":{\"@type\":\"ImageObject\",\"@id\":\"https:\/\/www.comercialanma.es\/#logo\",\"inLanguage\":\"es\",\"url\":\"https:\/\/i2.wp.com\/www.comercialanma.es\/wp-content\/uploads\/2019\/06\/logo-anma-color.png?fit=247%2C101&ssl=1\",\"width\":247,\"height\":101,\"caption\":\"Comercial Anma\"},\"image\":{\"@id\":\"https:\/\/www.comercialanma.es\/#logo\"}},{\"@type\":\"WebSite\",\"@id\":\"https:\/\/www.comercialanma.es\/#website\",\"url\":\"https:\/\/www.comercialanma.es\/\",\"name\":\"Comercial de Hosteleria Anma\",\"description\":\"\",\"publisher\":{\"@id\":\"https:\/\/www.comercialanma.es\/#organization\"},\"potentialAction\":[{\"@type\":\"SearchAction\",\"target\":\"https:\/\/www.comercialanma.es\/?s={search_term_string}\",\"query-input\":\"required name=search_term_string\"}],\"inLanguage\":\"es\"},{\"@type\":\"ImageObject\",\"@id\":\"https:\/\/www.comercialanma.es\/?product=vino-jose-pariente-verdejo-75cl#primaryimage\",\"inLanguage\":\"es\",\"url\":\"https:\/\/i1.wp.com\/www.comercialanma.es\/wp-content\/uploads\/2019\/12\/Jose-Pariente-Verdejo.jpg?fit=1080%2C1080&ssl=1\",\"width\":1080,\"height\":1080},{\"@type\":\"WebPage\",\"@id\":\"https:\/\/www.comercialanma.es\/?product=vino-jose-pariente-verdejo-75cl#webpage\",\"url\":\"https:\/\/www.comercialanma.es\/?product=vino-jose-pariente-verdejo-75cl\",\"name\":\"Vino Jos\\u00e9 Pariente Verdejo 75cl. - Comercial de Hosteleria Anma\",\"isPartOf\":{\"@id\":\"https:\/\/www.comercialanma.es\/#website\"},\"primaryImageOfPage\":{\"@id\":\"https:\/\/www.comercialanma.es\/?product=vino-jose-pariente-verdejo-75cl#primaryimage\"},\"datePublished\":\"2019-12-13T15:45:47+00:00\",\"dateModified\":\"2019-12-13T15:56:10+00:00\",\"breadcrumb\":{\"@id\":\"https:\/\/www.comercialanma.es\/?product=vino-jose-pariente-verdejo-75cl#breadcrumb\"},\"inLanguage\":\"es\",\"potentialAction\":[{\"@type\":\"ReadAction\",\"target\":[\"https:\/\/www.comercialanma.es\/?product=vino-jose-pariente-verdejo-75cl\"]}]},{\"@type\":\"BreadcrumbList\",\"@id\":\"https:\/\/www.comercialanma.es\/?product=vino-jose-pariente-verdejo-75cl#breadcrumb\",\"itemListElement\":[{\"@type\":\"ListItem\",\"position\":1,\"item\":{\"@type\":\"WebPage\",\"@id\":\"https:\/\/www.comercialanma.es\/\",\"url\":\"https:\/\/www.comercialanma.es\/\",\"name\":\"Portada\"}},{\"@type\":\"ListItem\",\"position\":2,\"item\":{\"@type\":\"WebPage\",\"@id\":\"https:\/\/www.comercialanma.es\/?page_id=3963\",\"url\":\"https:\/\/www.comercialanma.es\/?page_id=3963\",\"name\":\"Cat\\u00e1logo de Productos\"}},{\"@type\":\"ListItem\",\"position\":3,\"item\":{\"@type\":\"WebPage\",\"@id\":\"https:\/\/www.comercialanma.es\/?product=vino-jose-pariente-verdejo-75cl\",\"url\":\"https:\/\/www.comercialanma.es\/?product=vino-jose-pariente-verdejo-75cl\",\"name\":\"Vino Jos\\u00e9 Pariente Verdejo 75cl.\"}}]}]}<\/script>\n<!-- \/ Yoast SEO plugin. -->","_links":{"self":[{"href":"https:\/\/www.comercialanma.es\/index.php?rest_route=\/wp\/v2\/product\/11901"}],"collection":[{"href":"https:\/\/www.comercialanma.es\/index.php?rest_route=\/wp\/v2\/product"}],"about":[{"href":"https:\/\/www.comercialanma.es\/index.php?rest_route=\/wp\/v2\/types\/product"}],"version-history":[{"count":1,"href":"https:\/\/www.comercialanma.es\/index.php?rest_route=\/wp\/v2\/product\/11901\/revisions"}],"predecessor-version":[{"id":11903,"href":"https:\/\/www.comercialanma.es\/index.php?rest_route=\/wp\/v2\/product\/11901\/revisions\/11903"}],"wp:featuredmedia":[{"embeddable":true,"href":"https:\/\/www.comercialanma.es\/index.php?rest_route=\/wp\/v2\/media\/11902"}],"wp:attachment":[{"href":"https:\/\/www.comercialanma.es\/index.php?rest_route=%2Fwp%2Fv2%2Fmedia&parent=11901"}],"curies":[{"name":"wp","href":"https:\/\/api.w.org\/{rel}","templated":true}]}}