
{"id":11937,"date":"2019-12-16T10:03:56","date_gmt":"2019-12-16T09:03:56","guid":{"rendered":"http:\/\/www.comercialanma.es\/?post_type=product&#038;p=11937"},"modified":"2023-04-27T15:57:23","modified_gmt":"2023-04-27T13:57:23","slug":"vino-montespina-blanco-75cl","status":"publish","type":"product","link":"https:\/\/www.comercialanma.es\/?product=vino-montespina-blanco-75cl","title":{"rendered":"Vino Montespina Blanco 75cl."},"content":{"rendered":"<h3>D.O.:<\/h3>\n<ul>\n<li>Rueda<\/li>\n<\/ul>\n<h3>Variedades de uva:<\/h3>\n<ul>\n<li><span class=\"tlid-translation translation\" lang=\"es\"><span title=\"\"><span class=\"tablaValorContenido\">Verdejo.<br \/>\n<\/span><\/span><\/span><\/li>\n<\/ul>\n<h3>Graduaci\u00f3n:<\/h3>\n<ul>\n<li>Graduaci\u00f3n: 13,0% vol.<\/li>\n<\/ul>\n<h3>Nota de cata:<\/h3>\n<ul>\n<li>Es brillante y limpio, de un tenue color amarillo pajizo con destellos verdosos.<\/li>\n<li>Fresca expresi\u00f3n arom\u00e1tica definida por el car\u00e1cter varietal de la Verdejo, con marcados aromas vegetales de heno reci\u00e9n cortado.<\/li>\n<li>De entrada fresca, muy sabrosa y vivaz.\u00a0 Este vino blanco de las Bodegas Avelino Vegas tiene un paso envolvente, sedoso, de marcado car\u00e1cter afrutado y con un retorno arom\u00e1tico vegetal; acidez equilibrada, dando sensaci\u00f3n de frescor de principio a fin; final agradable, suave y aterciopelado, con una peque\u00f1a sensaci\u00f3n de amargor, pero muy leve..<\/li>\n<\/ul>\n<p>&nbsp;<\/p>\n","protected":false},"excerpt":{"rendered":"<div>\n<p>La bodega Fuentespina de\u00a0Avelino Vegas elabora este vino blanco joven a partir de las 400 Ha. de vi\u00f1edos propios repartidos en peque\u00f1as parcelas que posee en la provincia de Segovia. Unas 100 Ha. son vi\u00f1as casi centenarias.<\/p>\n<p>El vino Montespina Verdejo es una expresi\u00f3n honesta de la variedad reina de la DO Rueda.<\/p>\n<p>Para la elaboraci\u00f3n de este Verdejo, la uva despalillada realiza una maceraci\u00f3n pelicular (con las pieles de las bayas) en fr\u00edo. Suavemente prensado, el mosto fermenta durante 3-4 semanas en dep\u00f3sitos de acero inoxidable. El vino blanco Montespina Verdejo 2018\u00a0permanece unas semanas m\u00e1s con sus l\u00edas finas para adquirir un mayor volumen y complejidad.<\/p>\n<p>Un fresco y arom\u00e1tico vino de Rueda.<\/p>\n<\/div>\n","protected":false},"featured_media":22189,"template":"","meta":{"spay_email":""},"yoast_head":"<!-- This site is optimized with the Yoast SEO plugin v15.9 - https:\/\/yoast.com\/wordpress\/plugins\/seo\/ -->\n<title>Vino Montespina Blanco 75cl. - Comercial de Hosteleria Anma<\/title>\n<meta name=\"robots\" content=\"index, follow, max-snippet:-1, max-image-preview:large, max-video-preview:-1\" \/>\n<link rel=\"canonical\" href=\"https:\/\/www.comercialanma.es\/?product=vino-montespina-blanco-75cl\" \/>\n<meta property=\"og:locale\" content=\"es_ES\" \/>\n<meta property=\"og:type\" content=\"article\" \/>\n<meta property=\"og:title\" content=\"Vino Montespina Blanco 75cl. - Comercial de Hosteleria Anma\" \/>\n<meta property=\"og:description\" content=\"La bodega Fuentespina de\u00a0Avelino Vegas elabora este vino blanco joven a partir de las 400 Ha. de vi\u00f1edos propios repartidos en peque\u00f1as parcelas que posee en la provincia de Segovia. Unas 100 Ha. son vi\u00f1as casi centenarias.  El vino Montespina Verdejo es una expresi\u00f3n honesta de la variedad reina de la DO Rueda.  Para la elaboraci\u00f3n de este Verdejo, la uva despalillada realiza una maceraci\u00f3n pelicular (con las pieles de las bayas) en fr\u00edo. Suavemente prensado, el mosto fermenta durante 3-4 semanas en dep\u00f3sitos de acero inoxidable. El vino blanco Montespina Verdejo 2018\u00a0permanece unas semanas m\u00e1s con sus l\u00edas finas para adquirir un mayor volumen y complejidad.  Un fresco y arom\u00e1tico vino de Rueda.\" \/>\n<meta property=\"og:url\" content=\"https:\/\/www.comercialanma.es\/?product=vino-montespina-blanco-75cl\" \/>\n<meta property=\"og:site_name\" content=\"Comercial de Hosteleria Anma\" \/>\n<meta property=\"article:publisher\" content=\"https:\/\/www.facebook.com\/AnmaHosteleria\" \/>\n<meta property=\"article:modified_time\" content=\"2023-04-27T13:57:23+00:00\" \/>\n<meta property=\"og:image\" content=\"https:\/\/i2.wp.com\/www.comercialanma.es\/wp-content\/uploads\/2019\/12\/MONTESPINA-VERDEJO-SOBRE-LIAS.jpg?fit=1080%2C1080&#038;ssl=1\" \/>\n\t<meta property=\"og:image:width\" content=\"1080\" \/>\n\t<meta property=\"og:image:height\" content=\"1080\" \/>\n<meta name=\"twitter:card\" content=\"summary_large_image\" \/>\n<meta name=\"twitter:label1\" content=\"Tiempo de lectura\">\n\t<meta name=\"twitter:data1\" content=\"1 minuto\">\n<script type=\"application\/ld+json\" class=\"yoast-schema-graph\">{\"@context\":\"https:\/\/schema.org\",\"@graph\":[{\"@type\":\"Organization\",\"@id\":\"https:\/\/www.comercialanma.es\/#organization\",\"name\":\"Comercial Anma\",\"url\":\"https:\/\/www.comercialanma.es\/\",\"sameAs\":[\"https:\/\/www.facebook.com\/AnmaHosteleria\",\"https:\/\/www.instagram.com\/anmahosteleria\/?hl=es\",\"https:\/\/www.youtube.com\/channel\/UCT2nmn08Ntks0hmpZPnDgCA\"],\"logo\":{\"@type\":\"ImageObject\",\"@id\":\"https:\/\/www.comercialanma.es\/#logo\",\"inLanguage\":\"es\",\"url\":\"https:\/\/i2.wp.com\/www.comercialanma.es\/wp-content\/uploads\/2019\/06\/logo-anma-color.png?fit=247%2C101&ssl=1\",\"width\":247,\"height\":101,\"caption\":\"Comercial Anma\"},\"image\":{\"@id\":\"https:\/\/www.comercialanma.es\/#logo\"}},{\"@type\":\"WebSite\",\"@id\":\"https:\/\/www.comercialanma.es\/#website\",\"url\":\"https:\/\/www.comercialanma.es\/\",\"name\":\"Comercial de Hosteleria Anma\",\"description\":\"\",\"publisher\":{\"@id\":\"https:\/\/www.comercialanma.es\/#organization\"},\"potentialAction\":[{\"@type\":\"SearchAction\",\"target\":\"https:\/\/www.comercialanma.es\/?s={search_term_string}\",\"query-input\":\"required name=search_term_string\"}],\"inLanguage\":\"es\"},{\"@type\":\"ImageObject\",\"@id\":\"https:\/\/www.comercialanma.es\/?product=vino-montespina-blanco-75cl#primaryimage\",\"inLanguage\":\"es\",\"url\":\"https:\/\/i2.wp.com\/www.comercialanma.es\/wp-content\/uploads\/2019\/12\/MONTESPINA-VERDEJO-SOBRE-LIAS.jpg?fit=1080%2C1080&ssl=1\",\"width\":1080,\"height\":1080},{\"@type\":\"WebPage\",\"@id\":\"https:\/\/www.comercialanma.es\/?product=vino-montespina-blanco-75cl#webpage\",\"url\":\"https:\/\/www.comercialanma.es\/?product=vino-montespina-blanco-75cl\",\"name\":\"Vino Montespina Blanco 75cl. - Comercial de Hosteleria Anma\",\"isPartOf\":{\"@id\":\"https:\/\/www.comercialanma.es\/#website\"},\"primaryImageOfPage\":{\"@id\":\"https:\/\/www.comercialanma.es\/?product=vino-montespina-blanco-75cl#primaryimage\"},\"datePublished\":\"2019-12-16T09:03:56+00:00\",\"dateModified\":\"2023-04-27T13:57:23+00:00\",\"breadcrumb\":{\"@id\":\"https:\/\/www.comercialanma.es\/?product=vino-montespina-blanco-75cl#breadcrumb\"},\"inLanguage\":\"es\",\"potentialAction\":[{\"@type\":\"ReadAction\",\"target\":[\"https:\/\/www.comercialanma.es\/?product=vino-montespina-blanco-75cl\"]}]},{\"@type\":\"BreadcrumbList\",\"@id\":\"https:\/\/www.comercialanma.es\/?product=vino-montespina-blanco-75cl#breadcrumb\",\"itemListElement\":[{\"@type\":\"ListItem\",\"position\":1,\"item\":{\"@type\":\"WebPage\",\"@id\":\"https:\/\/www.comercialanma.es\/\",\"url\":\"https:\/\/www.comercialanma.es\/\",\"name\":\"Portada\"}},{\"@type\":\"ListItem\",\"position\":2,\"item\":{\"@type\":\"WebPage\",\"@id\":\"https:\/\/www.comercialanma.es\/?page_id=3963\",\"url\":\"https:\/\/www.comercialanma.es\/?page_id=3963\",\"name\":\"Cat\\u00e1logo de Productos\"}},{\"@type\":\"ListItem\",\"position\":3,\"item\":{\"@type\":\"WebPage\",\"@id\":\"https:\/\/www.comercialanma.es\/?product=vino-montespina-blanco-75cl\",\"url\":\"https:\/\/www.comercialanma.es\/?product=vino-montespina-blanco-75cl\",\"name\":\"Vino Montespina Blanco 75cl.\"}}]}]}<\/script>\n<!-- \/ Yoast SEO plugin. -->","_links":{"self":[{"href":"https:\/\/www.comercialanma.es\/index.php?rest_route=\/wp\/v2\/product\/11937"}],"collection":[{"href":"https:\/\/www.comercialanma.es\/index.php?rest_route=\/wp\/v2\/product"}],"about":[{"href":"https:\/\/www.comercialanma.es\/index.php?rest_route=\/wp\/v2\/types\/product"}],"version-history":[{"count":1,"href":"https:\/\/www.comercialanma.es\/index.php?rest_route=\/wp\/v2\/product\/11937\/revisions"}],"predecessor-version":[{"id":11939,"href":"https:\/\/www.comercialanma.es\/index.php?rest_route=\/wp\/v2\/product\/11937\/revisions\/11939"}],"wp:featuredmedia":[{"embeddable":true,"href":"https:\/\/www.comercialanma.es\/index.php?rest_route=\/wp\/v2\/media\/22189"}],"wp:attachment":[{"href":"https:\/\/www.comercialanma.es\/index.php?rest_route=%2Fwp%2Fv2%2Fmedia&parent=11937"}],"curies":[{"name":"wp","href":"https:\/\/api.w.org\/{rel}","templated":true}]}}