
{"id":11957,"date":"2019-12-16T11:56:27","date_gmt":"2019-12-16T10:56:27","guid":{"rendered":"http:\/\/www.comercialanma.es\/?post_type=product&#038;p=11957"},"modified":"2019-12-16T12:14:07","modified_gmt":"2019-12-16T11:14:07","slug":"vino-finca-real-75cl","status":"publish","type":"product","link":"https:\/\/www.comercialanma.es\/?product=vino-finca-real-75cl","title":{"rendered":"Vino Finca Real 75cl."},"content":{"rendered":"<h3>D.O.:<\/h3>\n<ul>\n<li>Rueda<\/li>\n<\/ul>\n<h3>Variedades de uva:<\/h3>\n<ul>\n<li><span class=\"tlid-translation translation\" lang=\"es\"><span title=\"\"><span class=\"tablaValorContenido\">Viura, Verdejo.<br \/>\n<\/span><\/span><\/span><\/li>\n<\/ul>\n<h3>Graduaci\u00f3n:<\/h3>\n<ul>\n<li>Graduaci\u00f3n: 12,5% vol.<\/li>\n<\/ul>\n<h3>Nota de cata:<\/h3>\n<ul>\n<li>Amarillo, paja, aroma intenso, limpio y brillante.<\/li>\n<li>La nariz combina varietales, apareciendo los primeros aromas c\u00edtricos entremezclados con aromas a heno reci\u00e9n cortado.<\/li>\n<li>En boca es amplio, con una frescura agradable y final afrutado.<\/li>\n<\/ul>\n<div class=\"product-cata__content\"><\/div>\n","protected":false},"excerpt":{"rendered":"<p>Finca Real es un vino dise\u00f1ado por Avelino Vegas de la mano de nuestro en\u00f3logo Jos\u00e9 Manuel Corrales con vi\u00f1edos de la variedades Verdejo y Viura de la zona de vinos blancos m\u00e1s pujantes de Espa\u00f1a: RUEDA. La vinificaci\u00f3n de ambas variedades tiene lugar por separado. Tras el despalillado, se efect\u00faa una ligera maceraci\u00f3n pelicular en fr\u00edo para incrementar la intensidad arom\u00e1tica del mosto. La uva es prensada suavemente y el mosto limpio fermenta a temperatura controlada durante un periodo de 20 d\u00edas. A continuaci\u00f3n el vino nuevo es trasegado y permanece en contacto con las l\u00edas finas que le aportar\u00e1n volumen y complejidad. Posteriormente se realiza el copuage y estabilizaci\u00f3n de los vino.<\/p>\n","protected":false},"featured_media":11958,"template":"","meta":{"spay_email":""},"yoast_head":"<!-- This site is optimized with the Yoast SEO plugin v15.9 - https:\/\/yoast.com\/wordpress\/plugins\/seo\/ -->\n<title>Vino Finca Real 75cl. - Comercial de Hosteleria Anma<\/title>\n<meta name=\"robots\" content=\"index, follow, max-snippet:-1, max-image-preview:large, max-video-preview:-1\" \/>\n<link rel=\"canonical\" href=\"https:\/\/www.comercialanma.es\/?product=vino-finca-real-75cl\" \/>\n<meta property=\"og:locale\" content=\"es_ES\" \/>\n<meta property=\"og:type\" content=\"article\" \/>\n<meta property=\"og:title\" content=\"Vino Finca Real 75cl. - Comercial de Hosteleria Anma\" \/>\n<meta property=\"og:description\" content=\"Finca Real es un vino dise\u00f1ado por Avelino Vegas de la mano de nuestro en\u00f3logo Jos\u00e9 Manuel Corrales con vi\u00f1edos de la variedades Verdejo y Viura de la zona de vinos blancos m\u00e1s pujantes de Espa\u00f1a: RUEDA. La vinificaci\u00f3n de ambas variedades tiene lugar por separado. Tras el despalillado, se efect\u00faa una ligera maceraci\u00f3n pelicular en fr\u00edo para incrementar la intensidad arom\u00e1tica del mosto. La uva es prensada suavemente y el mosto limpio fermenta a temperatura controlada durante un periodo de 20 d\u00edas. A continuaci\u00f3n el vino nuevo es trasegado y permanece en contacto con las l\u00edas finas que le aportar\u00e1n volumen y complejidad. Posteriormente se realiza el copuage y estabilizaci\u00f3n de los vino.\" \/>\n<meta property=\"og:url\" content=\"https:\/\/www.comercialanma.es\/?product=vino-finca-real-75cl\" \/>\n<meta property=\"og:site_name\" content=\"Comercial de Hosteleria Anma\" \/>\n<meta property=\"article:publisher\" content=\"https:\/\/www.facebook.com\/AnmaHosteleria\" \/>\n<meta property=\"article:modified_time\" content=\"2019-12-16T11:14:07+00:00\" \/>\n<meta property=\"og:image\" content=\"https:\/\/i0.wp.com\/www.comercialanma.es\/wp-content\/uploads\/2019\/12\/Finca-Real.jpg?fit=1080%2C1080&#038;ssl=1\" \/>\n\t<meta property=\"og:image:width\" content=\"1080\" \/>\n\t<meta property=\"og:image:height\" content=\"1080\" \/>\n<meta name=\"twitter:card\" content=\"summary_large_image\" \/>\n<script type=\"application\/ld+json\" class=\"yoast-schema-graph\">{\"@context\":\"https:\/\/schema.org\",\"@graph\":[{\"@type\":\"Organization\",\"@id\":\"https:\/\/www.comercialanma.es\/#organization\",\"name\":\"Comercial Anma\",\"url\":\"https:\/\/www.comercialanma.es\/\",\"sameAs\":[\"https:\/\/www.facebook.com\/AnmaHosteleria\",\"https:\/\/www.instagram.com\/anmahosteleria\/?hl=es\",\"https:\/\/www.youtube.com\/channel\/UCT2nmn08Ntks0hmpZPnDgCA\"],\"logo\":{\"@type\":\"ImageObject\",\"@id\":\"https:\/\/www.comercialanma.es\/#logo\",\"inLanguage\":\"es\",\"url\":\"https:\/\/i2.wp.com\/www.comercialanma.es\/wp-content\/uploads\/2019\/06\/logo-anma-color.png?fit=247%2C101&ssl=1\",\"width\":247,\"height\":101,\"caption\":\"Comercial Anma\"},\"image\":{\"@id\":\"https:\/\/www.comercialanma.es\/#logo\"}},{\"@type\":\"WebSite\",\"@id\":\"https:\/\/www.comercialanma.es\/#website\",\"url\":\"https:\/\/www.comercialanma.es\/\",\"name\":\"Comercial de Hosteleria Anma\",\"description\":\"\",\"publisher\":{\"@id\":\"https:\/\/www.comercialanma.es\/#organization\"},\"potentialAction\":[{\"@type\":\"SearchAction\",\"target\":\"https:\/\/www.comercialanma.es\/?s={search_term_string}\",\"query-input\":\"required name=search_term_string\"}],\"inLanguage\":\"es\"},{\"@type\":\"ImageObject\",\"@id\":\"https:\/\/www.comercialanma.es\/?product=vino-finca-real-75cl#primaryimage\",\"inLanguage\":\"es\",\"url\":\"https:\/\/i0.wp.com\/www.comercialanma.es\/wp-content\/uploads\/2019\/12\/Finca-Real.jpg?fit=1080%2C1080&ssl=1\",\"width\":1080,\"height\":1080},{\"@type\":\"WebPage\",\"@id\":\"https:\/\/www.comercialanma.es\/?product=vino-finca-real-75cl#webpage\",\"url\":\"https:\/\/www.comercialanma.es\/?product=vino-finca-real-75cl\",\"name\":\"Vino Finca Real 75cl. - Comercial de Hosteleria Anma\",\"isPartOf\":{\"@id\":\"https:\/\/www.comercialanma.es\/#website\"},\"primaryImageOfPage\":{\"@id\":\"https:\/\/www.comercialanma.es\/?product=vino-finca-real-75cl#primaryimage\"},\"datePublished\":\"2019-12-16T10:56:27+00:00\",\"dateModified\":\"2019-12-16T11:14:07+00:00\",\"breadcrumb\":{\"@id\":\"https:\/\/www.comercialanma.es\/?product=vino-finca-real-75cl#breadcrumb\"},\"inLanguage\":\"es\",\"potentialAction\":[{\"@type\":\"ReadAction\",\"target\":[\"https:\/\/www.comercialanma.es\/?product=vino-finca-real-75cl\"]}]},{\"@type\":\"BreadcrumbList\",\"@id\":\"https:\/\/www.comercialanma.es\/?product=vino-finca-real-75cl#breadcrumb\",\"itemListElement\":[{\"@type\":\"ListItem\",\"position\":1,\"item\":{\"@type\":\"WebPage\",\"@id\":\"https:\/\/www.comercialanma.es\/\",\"url\":\"https:\/\/www.comercialanma.es\/\",\"name\":\"Portada\"}},{\"@type\":\"ListItem\",\"position\":2,\"item\":{\"@type\":\"WebPage\",\"@id\":\"https:\/\/www.comercialanma.es\/?page_id=3963\",\"url\":\"https:\/\/www.comercialanma.es\/?page_id=3963\",\"name\":\"Cat\\u00e1logo de Productos\"}},{\"@type\":\"ListItem\",\"position\":3,\"item\":{\"@type\":\"WebPage\",\"@id\":\"https:\/\/www.comercialanma.es\/?product=vino-finca-real-75cl\",\"url\":\"https:\/\/www.comercialanma.es\/?product=vino-finca-real-75cl\",\"name\":\"Vino Finca Real 75cl.\"}}]}]}<\/script>\n<!-- \/ Yoast SEO plugin. -->","_links":{"self":[{"href":"https:\/\/www.comercialanma.es\/index.php?rest_route=\/wp\/v2\/product\/11957"}],"collection":[{"href":"https:\/\/www.comercialanma.es\/index.php?rest_route=\/wp\/v2\/product"}],"about":[{"href":"https:\/\/www.comercialanma.es\/index.php?rest_route=\/wp\/v2\/types\/product"}],"version-history":[{"count":1,"href":"https:\/\/www.comercialanma.es\/index.php?rest_route=\/wp\/v2\/product\/11957\/revisions"}],"predecessor-version":[{"id":11959,"href":"https:\/\/www.comercialanma.es\/index.php?rest_route=\/wp\/v2\/product\/11957\/revisions\/11959"}],"wp:featuredmedia":[{"embeddable":true,"href":"https:\/\/www.comercialanma.es\/index.php?rest_route=\/wp\/v2\/media\/11958"}],"wp:attachment":[{"href":"https:\/\/www.comercialanma.es\/index.php?rest_route=%2Fwp%2Fv2%2Fmedia&parent=11957"}],"curies":[{"name":"wp","href":"https:\/\/api.w.org\/{rel}","templated":true}]}}