
{"id":11967,"date":"2019-12-16T12:31:00","date_gmt":"2019-12-16T11:31:00","guid":{"rendered":"http:\/\/www.comercialanma.es\/?post_type=product&#038;p=11967"},"modified":"2019-12-16T12:37:32","modified_gmt":"2019-12-16T11:37:32","slug":"vino-vega-sicilia-unico-2005-75cl","status":"publish","type":"product","link":"https:\/\/www.comercialanma.es\/?product=vino-vega-sicilia-unico-2005-75cl","title":{"rendered":"Vino Vega Sic\u00edlia \u00danico 2005  75cl."},"content":{"rendered":"<h3>D.O.:<\/h3>\n<ul>\n<li>Ribera del Duero<\/li>\n<\/ul>\n<h3>Variedades de uva:<\/h3>\n<ul>\n<li><span class=\"tlid-translation translation\" lang=\"es\"><span title=\"\"><span class=\"tablaValorContenido\">Tinto fino, Cabernet Sauvignon.<br \/>\n<\/span><\/span><\/span><\/li>\n<\/ul>\n<h3>Graduaci\u00f3n:<\/h3>\n<ul>\n<li>Graduaci\u00f3n: 14,0% vol.<\/li>\n<\/ul>\n<h3>Nota de cata:<\/h3>\n<div>\n<ul>\n<li>Vista: Profundo color rub\u00ed.<\/li>\n<li>Nariz: Estamos ante una a\u00f1ada de corte atl\u00e1ntico que sugiere notas frescas en nariz, enmarcadas en el bouquet cl\u00e1sico de este vino.<\/li>\n<li>Boca: Se presenta con un ataque fino, paso de boca firme sin estridencias y final marcado por la mineralidad. La prolongada crianza en barrica regala elegantes matices s\u00e1pidos en todo el recorrido.<\/li>\n<\/ul>\n<\/div>\n<div class=\"product-cata__content\"><\/div>\n","protected":false},"excerpt":{"rendered":"<p>\u00danico es la gran referencia de Vega Sicilia. Uno de\u00a0los vinos espa\u00f1oles\u00a0que todo aficionado deber\u00eda probar a lo largo de su vida. Procede de las\u00a0vi\u00f1as m\u00e1s viejas\u00a0de la propiedad y es ideal para su guarda, ya que en \u00f3ptimas condiciones puede degustarse hasta 60 a\u00f1os despu\u00e9s de su elaboraci\u00f3n. Su estilo se rige por tres descriptores: elegancia, firmeza y capacidad de envejecimiento. En esta a\u00f1ada, Vega Sicilia ha querido adem\u00e1s darle\u00a0dos a\u00f1os m\u00e1s de botella que de costumbre\u00a0poder sacarlo en un momento \u00f3ptimo de consumo, aunque su potencial de guarda siga siendo enorme.<\/p>\n","protected":false},"featured_media":11968,"template":"","meta":{"spay_email":""},"yoast_head":"<!-- This site is optimized with the Yoast SEO plugin v15.9 - https:\/\/yoast.com\/wordpress\/plugins\/seo\/ -->\n<title>Vino Vega Sic\u00edlia \u00danico 2005 75cl. - Comercial de Hosteleria Anma<\/title>\n<meta name=\"robots\" content=\"index, follow, max-snippet:-1, max-image-preview:large, max-video-preview:-1\" \/>\n<link rel=\"canonical\" href=\"https:\/\/www.comercialanma.es\/?product=vino-vega-sicilia-unico-2005-75cl\" \/>\n<meta property=\"og:locale\" content=\"es_ES\" \/>\n<meta property=\"og:type\" content=\"article\" \/>\n<meta property=\"og:title\" content=\"Vino Vega Sic\u00edlia \u00danico 2005 75cl. - Comercial de Hosteleria Anma\" \/>\n<meta property=\"og:description\" content=\"\u00danico es la gran referencia de Vega Sicilia. Uno de\u00a0los vinos espa\u00f1oles\u00a0que todo aficionado deber\u00eda probar a lo largo de su vida. Procede de las\u00a0vi\u00f1as m\u00e1s viejas\u00a0de la propiedad y es ideal para su guarda, ya que en \u00f3ptimas condiciones puede degustarse hasta 60 a\u00f1os despu\u00e9s de su elaboraci\u00f3n. Su estilo se rige por tres descriptores: elegancia, firmeza y capacidad de envejecimiento. En esta a\u00f1ada, Vega Sicilia ha querido adem\u00e1s darle\u00a0dos a\u00f1os m\u00e1s de botella que de costumbre\u00a0poder sacarlo en un momento \u00f3ptimo de consumo, aunque su potencial de guarda siga siendo enorme.\" \/>\n<meta property=\"og:url\" content=\"https:\/\/www.comercialanma.es\/?product=vino-vega-sicilia-unico-2005-75cl\" \/>\n<meta property=\"og:site_name\" content=\"Comercial de Hosteleria Anma\" \/>\n<meta property=\"article:publisher\" content=\"https:\/\/www.facebook.com\/AnmaHosteleria\" \/>\n<meta property=\"article:modified_time\" content=\"2019-12-16T11:37:32+00:00\" \/>\n<meta property=\"og:image\" content=\"https:\/\/i2.wp.com\/www.comercialanma.es\/wp-content\/uploads\/2019\/12\/Vega-Sicilia-Unico.jpg?fit=1080%2C1080&#038;ssl=1\" \/>\n\t<meta property=\"og:image:width\" content=\"1080\" \/>\n\t<meta property=\"og:image:height\" content=\"1080\" \/>\n<meta name=\"twitter:card\" content=\"summary_large_image\" \/>\n<script type=\"application\/ld+json\" class=\"yoast-schema-graph\">{\"@context\":\"https:\/\/schema.org\",\"@graph\":[{\"@type\":\"Organization\",\"@id\":\"https:\/\/www.comercialanma.es\/#organization\",\"name\":\"Comercial Anma\",\"url\":\"https:\/\/www.comercialanma.es\/\",\"sameAs\":[\"https:\/\/www.facebook.com\/AnmaHosteleria\",\"https:\/\/www.instagram.com\/anmahosteleria\/?hl=es\",\"https:\/\/www.youtube.com\/channel\/UCT2nmn08Ntks0hmpZPnDgCA\"],\"logo\":{\"@type\":\"ImageObject\",\"@id\":\"https:\/\/www.comercialanma.es\/#logo\",\"inLanguage\":\"es\",\"url\":\"https:\/\/i2.wp.com\/www.comercialanma.es\/wp-content\/uploads\/2019\/06\/logo-anma-color.png?fit=247%2C101&ssl=1\",\"width\":247,\"height\":101,\"caption\":\"Comercial Anma\"},\"image\":{\"@id\":\"https:\/\/www.comercialanma.es\/#logo\"}},{\"@type\":\"WebSite\",\"@id\":\"https:\/\/www.comercialanma.es\/#website\",\"url\":\"https:\/\/www.comercialanma.es\/\",\"name\":\"Comercial de Hosteleria Anma\",\"description\":\"\",\"publisher\":{\"@id\":\"https:\/\/www.comercialanma.es\/#organization\"},\"potentialAction\":[{\"@type\":\"SearchAction\",\"target\":\"https:\/\/www.comercialanma.es\/?s={search_term_string}\",\"query-input\":\"required name=search_term_string\"}],\"inLanguage\":\"es\"},{\"@type\":\"ImageObject\",\"@id\":\"https:\/\/www.comercialanma.es\/?product=vino-vega-sicilia-unico-2005-75cl#primaryimage\",\"inLanguage\":\"es\",\"url\":\"https:\/\/i2.wp.com\/www.comercialanma.es\/wp-content\/uploads\/2019\/12\/Vega-Sicilia-Unico.jpg?fit=1080%2C1080&ssl=1\",\"width\":1080,\"height\":1080},{\"@type\":\"WebPage\",\"@id\":\"https:\/\/www.comercialanma.es\/?product=vino-vega-sicilia-unico-2005-75cl#webpage\",\"url\":\"https:\/\/www.comercialanma.es\/?product=vino-vega-sicilia-unico-2005-75cl\",\"name\":\"Vino Vega Sic\\u00edlia \\u00danico 2005 75cl. - Comercial de Hosteleria Anma\",\"isPartOf\":{\"@id\":\"https:\/\/www.comercialanma.es\/#website\"},\"primaryImageOfPage\":{\"@id\":\"https:\/\/www.comercialanma.es\/?product=vino-vega-sicilia-unico-2005-75cl#primaryimage\"},\"datePublished\":\"2019-12-16T11:31:00+00:00\",\"dateModified\":\"2019-12-16T11:37:32+00:00\",\"breadcrumb\":{\"@id\":\"https:\/\/www.comercialanma.es\/?product=vino-vega-sicilia-unico-2005-75cl#breadcrumb\"},\"inLanguage\":\"es\",\"potentialAction\":[{\"@type\":\"ReadAction\",\"target\":[\"https:\/\/www.comercialanma.es\/?product=vino-vega-sicilia-unico-2005-75cl\"]}]},{\"@type\":\"BreadcrumbList\",\"@id\":\"https:\/\/www.comercialanma.es\/?product=vino-vega-sicilia-unico-2005-75cl#breadcrumb\",\"itemListElement\":[{\"@type\":\"ListItem\",\"position\":1,\"item\":{\"@type\":\"WebPage\",\"@id\":\"https:\/\/www.comercialanma.es\/\",\"url\":\"https:\/\/www.comercialanma.es\/\",\"name\":\"Portada\"}},{\"@type\":\"ListItem\",\"position\":2,\"item\":{\"@type\":\"WebPage\",\"@id\":\"https:\/\/www.comercialanma.es\/?page_id=3963\",\"url\":\"https:\/\/www.comercialanma.es\/?page_id=3963\",\"name\":\"Cat\\u00e1logo de Productos\"}},{\"@type\":\"ListItem\",\"position\":3,\"item\":{\"@type\":\"WebPage\",\"@id\":\"https:\/\/www.comercialanma.es\/?product=vino-vega-sicilia-unico-2005-75cl\",\"url\":\"https:\/\/www.comercialanma.es\/?product=vino-vega-sicilia-unico-2005-75cl\",\"name\":\"Vino Vega Sic\\u00edlia \\u00danico 2005 75cl.\"}}]}]}<\/script>\n<!-- \/ Yoast SEO plugin. -->","_links":{"self":[{"href":"https:\/\/www.comercialanma.es\/index.php?rest_route=\/wp\/v2\/product\/11967"}],"collection":[{"href":"https:\/\/www.comercialanma.es\/index.php?rest_route=\/wp\/v2\/product"}],"about":[{"href":"https:\/\/www.comercialanma.es\/index.php?rest_route=\/wp\/v2\/types\/product"}],"version-history":[{"count":1,"href":"https:\/\/www.comercialanma.es\/index.php?rest_route=\/wp\/v2\/product\/11967\/revisions"}],"predecessor-version":[{"id":11969,"href":"https:\/\/www.comercialanma.es\/index.php?rest_route=\/wp\/v2\/product\/11967\/revisions\/11969"}],"wp:featuredmedia":[{"embeddable":true,"href":"https:\/\/www.comercialanma.es\/index.php?rest_route=\/wp\/v2\/media\/11968"}],"wp:attachment":[{"href":"https:\/\/www.comercialanma.es\/index.php?rest_route=%2Fwp%2Fv2%2Fmedia&parent=11967"}],"curies":[{"name":"wp","href":"https:\/\/api.w.org\/{rel}","templated":true}]}}