
{"id":12026,"date":"2019-12-17T17:23:07","date_gmt":"2019-12-17T16:23:07","guid":{"rendered":"http:\/\/www.comercialanma.es\/?post_type=product&#038;p=12026"},"modified":"2019-12-17T17:29:43","modified_gmt":"2019-12-17T16:29:43","slug":"vino-pesquera-reserva-75cl","status":"publish","type":"product","link":"https:\/\/www.comercialanma.es\/?product=vino-pesquera-reserva-75cl","title":{"rendered":"Vino Pesquera Reserva 75cl."},"content":{"rendered":"<h3>D.O.:<\/h3>\n<ul>\n<li>Ribera del Duero<\/li>\n<\/ul>\n<h3>Variedades de uva:<\/h3>\n<ul>\n<li><span class=\"tlid-translation translation\" lang=\"es\"><span title=\"\"><span class=\"tablaValorContenido\">Tempranillo.<br \/>\n<\/span><\/span><\/span><\/li>\n<\/ul>\n<h3>Graduaci\u00f3n:<\/h3>\n<ul>\n<li>Graduaci\u00f3n: 14,0% vol.<\/li>\n<\/ul>\n<h3>Nota de cata:<\/h3>\n<div class=\"field\">\n<ul>\n<li class=\"field-item odd \">Vista: Color burdeos con ribete rojo picota intenso, limpio y brillante.<\/li>\n<li class=\"field-item odd \">Nariz: Presenta una nariz muy profunda y elegante. Intenso y frutal, aparecen notas de zarzamora, regaliz y toques de madera bien ensamblados.<\/li>\n<li class=\"field-item odd \">Boca: Es un vino muy elegante, con una finura y sedosidad impresionantes que reaparecen una y otra vez despue\u0301s de cada trago. Buenos taninos bien redondeados y una acidez perfecta bajo la lengua dan a este vino frescor y viveza de cara un largo envejecimiento en botella. Final intenso y largo.<\/li>\n<\/ul>\n<\/div>\n","protected":false},"excerpt":{"rendered":"<p>Un cl\u00e1sico, un valor seguro y toda una leyenda entre las bodegas de nuestro pa\u00eds. Uno de los vinos de Alejandro Fern\u00e1ndez m\u00e1s consumido, que se muestra elegante, con una gran finura y sedosidad, buenos taninos y un final intenso y largo. Se aprecian en \u00e9l\u00a0notas de zarzamora, regaliz y toques de madera bien ensamblados.<\/p>\n","protected":false},"featured_media":12027,"template":"","meta":{"spay_email":""},"yoast_head":"<!-- This site is optimized with the Yoast SEO plugin v15.9 - https:\/\/yoast.com\/wordpress\/plugins\/seo\/ -->\n<title>Vino Pesquera Reserva 75cl. - Comercial de Hosteleria Anma<\/title>\n<meta name=\"robots\" content=\"index, follow, max-snippet:-1, max-image-preview:large, max-video-preview:-1\" \/>\n<link rel=\"canonical\" href=\"https:\/\/www.comercialanma.es\/?product=vino-pesquera-reserva-75cl\" \/>\n<meta property=\"og:locale\" content=\"es_ES\" \/>\n<meta property=\"og:type\" content=\"article\" \/>\n<meta property=\"og:title\" content=\"Vino Pesquera Reserva 75cl. - Comercial de Hosteleria Anma\" \/>\n<meta property=\"og:description\" content=\"Un cl\u00e1sico, un valor seguro y toda una leyenda entre las bodegas de nuestro pa\u00eds. Uno de los vinos de Alejandro Fern\u00e1ndez m\u00e1s consumido, que se muestra elegante, con una gran finura y sedosidad, buenos taninos y un final intenso y largo. Se aprecian en \u00e9l\u00a0notas de zarzamora, regaliz y toques de madera bien ensamblados.\" \/>\n<meta property=\"og:url\" content=\"https:\/\/www.comercialanma.es\/?product=vino-pesquera-reserva-75cl\" \/>\n<meta property=\"og:site_name\" content=\"Comercial de Hosteleria Anma\" \/>\n<meta property=\"article:publisher\" content=\"https:\/\/www.facebook.com\/AnmaHosteleria\" \/>\n<meta property=\"article:modified_time\" content=\"2019-12-17T16:29:43+00:00\" \/>\n<meta property=\"og:image\" content=\"https:\/\/i1.wp.com\/www.comercialanma.es\/wp-content\/uploads\/2019\/12\/Pesquera-Reserva.jpg?fit=1080%2C1080&#038;ssl=1\" \/>\n\t<meta property=\"og:image:width\" content=\"1080\" \/>\n\t<meta property=\"og:image:height\" content=\"1080\" \/>\n<meta name=\"twitter:card\" content=\"summary_large_image\" \/>\n<meta name=\"twitter:label1\" content=\"Tiempo de lectura\">\n\t<meta name=\"twitter:data1\" content=\"1 minuto\">\n<script type=\"application\/ld+json\" class=\"yoast-schema-graph\">{\"@context\":\"https:\/\/schema.org\",\"@graph\":[{\"@type\":\"Organization\",\"@id\":\"https:\/\/www.comercialanma.es\/#organization\",\"name\":\"Comercial Anma\",\"url\":\"https:\/\/www.comercialanma.es\/\",\"sameAs\":[\"https:\/\/www.facebook.com\/AnmaHosteleria\",\"https:\/\/www.instagram.com\/anmahosteleria\/?hl=es\",\"https:\/\/www.youtube.com\/channel\/UCT2nmn08Ntks0hmpZPnDgCA\"],\"logo\":{\"@type\":\"ImageObject\",\"@id\":\"https:\/\/www.comercialanma.es\/#logo\",\"inLanguage\":\"es\",\"url\":\"https:\/\/i2.wp.com\/www.comercialanma.es\/wp-content\/uploads\/2019\/06\/logo-anma-color.png?fit=247%2C101&ssl=1\",\"width\":247,\"height\":101,\"caption\":\"Comercial Anma\"},\"image\":{\"@id\":\"https:\/\/www.comercialanma.es\/#logo\"}},{\"@type\":\"WebSite\",\"@id\":\"https:\/\/www.comercialanma.es\/#website\",\"url\":\"https:\/\/www.comercialanma.es\/\",\"name\":\"Comercial de Hosteleria Anma\",\"description\":\"\",\"publisher\":{\"@id\":\"https:\/\/www.comercialanma.es\/#organization\"},\"potentialAction\":[{\"@type\":\"SearchAction\",\"target\":\"https:\/\/www.comercialanma.es\/?s={search_term_string}\",\"query-input\":\"required name=search_term_string\"}],\"inLanguage\":\"es\"},{\"@type\":\"ImageObject\",\"@id\":\"https:\/\/www.comercialanma.es\/?product=vino-pesquera-reserva-75cl#primaryimage\",\"inLanguage\":\"es\",\"url\":\"https:\/\/i1.wp.com\/www.comercialanma.es\/wp-content\/uploads\/2019\/12\/Pesquera-Reserva.jpg?fit=1080%2C1080&ssl=1\",\"width\":1080,\"height\":1080},{\"@type\":\"WebPage\",\"@id\":\"https:\/\/www.comercialanma.es\/?product=vino-pesquera-reserva-75cl#webpage\",\"url\":\"https:\/\/www.comercialanma.es\/?product=vino-pesquera-reserva-75cl\",\"name\":\"Vino Pesquera Reserva 75cl. - Comercial de Hosteleria Anma\",\"isPartOf\":{\"@id\":\"https:\/\/www.comercialanma.es\/#website\"},\"primaryImageOfPage\":{\"@id\":\"https:\/\/www.comercialanma.es\/?product=vino-pesquera-reserva-75cl#primaryimage\"},\"datePublished\":\"2019-12-17T16:23:07+00:00\",\"dateModified\":\"2019-12-17T16:29:43+00:00\",\"breadcrumb\":{\"@id\":\"https:\/\/www.comercialanma.es\/?product=vino-pesquera-reserva-75cl#breadcrumb\"},\"inLanguage\":\"es\",\"potentialAction\":[{\"@type\":\"ReadAction\",\"target\":[\"https:\/\/www.comercialanma.es\/?product=vino-pesquera-reserva-75cl\"]}]},{\"@type\":\"BreadcrumbList\",\"@id\":\"https:\/\/www.comercialanma.es\/?product=vino-pesquera-reserva-75cl#breadcrumb\",\"itemListElement\":[{\"@type\":\"ListItem\",\"position\":1,\"item\":{\"@type\":\"WebPage\",\"@id\":\"https:\/\/www.comercialanma.es\/\",\"url\":\"https:\/\/www.comercialanma.es\/\",\"name\":\"Portada\"}},{\"@type\":\"ListItem\",\"position\":2,\"item\":{\"@type\":\"WebPage\",\"@id\":\"https:\/\/www.comercialanma.es\/?page_id=3963\",\"url\":\"https:\/\/www.comercialanma.es\/?page_id=3963\",\"name\":\"Cat\\u00e1logo de Productos\"}},{\"@type\":\"ListItem\",\"position\":3,\"item\":{\"@type\":\"WebPage\",\"@id\":\"https:\/\/www.comercialanma.es\/?product=vino-pesquera-reserva-75cl\",\"url\":\"https:\/\/www.comercialanma.es\/?product=vino-pesquera-reserva-75cl\",\"name\":\"Vino Pesquera Reserva 75cl.\"}}]}]}<\/script>\n<!-- \/ Yoast SEO plugin. -->","_links":{"self":[{"href":"https:\/\/www.comercialanma.es\/index.php?rest_route=\/wp\/v2\/product\/12026"}],"collection":[{"href":"https:\/\/www.comercialanma.es\/index.php?rest_route=\/wp\/v2\/product"}],"about":[{"href":"https:\/\/www.comercialanma.es\/index.php?rest_route=\/wp\/v2\/types\/product"}],"version-history":[{"count":1,"href":"https:\/\/www.comercialanma.es\/index.php?rest_route=\/wp\/v2\/product\/12026\/revisions"}],"predecessor-version":[{"id":12028,"href":"https:\/\/www.comercialanma.es\/index.php?rest_route=\/wp\/v2\/product\/12026\/revisions\/12028"}],"wp:featuredmedia":[{"embeddable":true,"href":"https:\/\/www.comercialanma.es\/index.php?rest_route=\/wp\/v2\/media\/12027"}],"wp:attachment":[{"href":"https:\/\/www.comercialanma.es\/index.php?rest_route=%2Fwp%2Fv2%2Fmedia&parent=12026"}],"curies":[{"name":"wp","href":"https:\/\/api.w.org\/{rel}","templated":true}]}}